{"id":553,"date":"2025-12-28T11:18:36","date_gmt":"2025-12-28T11:18:36","guid":{"rendered":"https:\/\/www.lianmeithermos.com\/?post_type=product&#038;p=553"},"modified":"2025-12-30T00:59:40","modified_gmt":"2025-12-30T00:59:40","slug":"bulk-stainless-steel-milk-tea-buckets-for-commercial-use","status":"publish","type":"product","link":"https:\/\/www.lianmeithermos.com\/de\/produkt\/bulk-stainless-steel-milk-tea-buckets-for-commercial-use\/","title":{"rendered":"Edelstahl-Milchteeeimer in Gro\u00dfpackungen f\u00fcr den gewerblichen Gebrauch"},"content":{"rendered":"<h2 class=\"wp-block-heading\">Merkmale von Edelstahl-Milchteeeimern f\u00fcr den Gro\u00dfhandel<\/h2>\n\n\n\n<div class=\"wp-block-columns is-layout-flex wp-container-core-columns-is-layout-9d6595d7 wp-block-columns-is-layout-flex\">\n<div class=\"wp-block-column is-vertically-aligned-center is-layout-flow wp-block-column-is-layout-flow\">\n<div class=\"wp-block-columns is-layout-flex wp-container-core-columns-is-layout-9d6595d7 wp-block-columns-is-layout-flex\">\n<div class=\"wp-block-column is-vertically-aligned-top is-layout-flow wp-block-column-is-layout-flow\">\n<p><strong>Lebensmittelechtes Edelstahl 304<\/strong>Zertifiziertes Innenleben in Lebensmittelqualit\u00e4t \u2013 ungiftig, korrosionsbest\u00e4ndig und konform mit den FDA-\/LFGB-Standards.<\/p>\n\n\n\n<p><strong>24+ Stunden Temperaturerhaltung<\/strong>\uff1a Dreifachisolierung (Vakuum + PU-Schaum) h\u00e4lt Getr\u00e4nke den ganzen Tag lang hei\u00df oder kalt \u2013 das reduziert Abfall und sorgt f\u00fcr gleichbleibende Qualit\u00e4t.<\/p>\n\n\n\n<p><strong>Tropffreier Harz-Hahn<\/strong>\uff1a Hitzebest\u00e4ndiger, ergonomischer Wasserhahn f\u00fcr reibungsloses, einh\u00e4ndiges Ausgie\u00dfen \u2013 ohne Tropfen und Verschmutzungen.<\/p>\n\n\n\n<p><strong>Klappbare Beine, stapelbares Design <\/strong>\uff1aUm 7 cm anheben, um bequem auszugie\u00dfen; flach zusammenklappen, um Platz bei der Lagerung oder beim Transport zu sparen.<\/p>\n\n\n\n<p><strong>Ein Eimer, vielf\u00e4ltige Verwendungsm\u00f6glichkeiten<\/strong>\uff1aIdeal f\u00fcr Boba-Tee, Kaffee, Milch, Sirup oder Wasser \u2013 reduzieren Sie Einwegplastik und vereinfachen Sie Ihre Abl\u00e4ufe.<\/p>\n\n\n\n<p><strong>6 l bis 20 l Skalieren Sie mit Ihrem Unternehmen<\/strong>Kompakt f\u00fcr Kioske, gro\u00df f\u00fcr Caf\u00e9s \u2013 gleiche zuverl\u00e4ssige Bauweise bei allen Gr\u00f6\u00dfen.<\/p>\n<\/div>\n\n\n\n<div class=\"wp-block-column is-layout-flow wp-block-column-is-layout-flow\">\n<figure class=\"wp-block-image size-full\"><img decoding=\"async\" width=\"800\" height=\"800\" src=\"https:\/\/www.lianmeithermos.com\/wp-content\/uploads\/2025\/12\/Bulk-Stainless-Steel-Milk-Tea-Buckets-4.webp\" alt=\"Edelstahl-Milchteeeimer, Gro\u00dfpackung, 4 St\u00fcck\" class=\"wp-image-554\" srcset=\"https:\/\/www.lianmeithermos.com\/wp-content\/uploads\/2025\/12\/Bulk-Stainless-Steel-Milk-Tea-Buckets-4.webp 800w, https:\/\/www.lianmeithermos.com\/wp-content\/uploads\/2025\/12\/Bulk-Stainless-Steel-Milk-Tea-Buckets-4-300x300.webp 300w, https:\/\/www.lianmeithermos.com\/wp-content\/uploads\/2025\/12\/Bulk-Stainless-Steel-Milk-Tea-Buckets-4-150x150.webp 150w, https:\/\/www.lianmeithermos.com\/wp-content\/uploads\/2025\/12\/Bulk-Stainless-Steel-Milk-Tea-Buckets-4-768x768.webp 768w, https:\/\/www.lianmeithermos.com\/wp-content\/uploads\/2025\/12\/Bulk-Stainless-Steel-Milk-Tea-Buckets-4-600x600.webp 600w, https:\/\/www.lianmeithermos.com\/wp-content\/uploads\/2025\/12\/Bulk-Stainless-Steel-Milk-Tea-Buckets-4-100x100.webp 100w\" sizes=\"(max-width: 800px) 100vw, 800px\" \/><\/figure>\n<\/div>\n<\/div>\n<\/div>\n<\/div>","protected":false},"excerpt":{"rendered":"<p>Hochwertige Milchtee-Eimer f\u00fcr Caf\u00e9s, Boba-Shops und Gastronomie-Zulieferer. Hergestellt aus FDA-konformem Edelstahl 304, mit dreifacher Isolierung und auslaufsicherem Zapfhahn \u2013 entwickelt f\u00fcr die Ausgabe gro\u00dfer Mengen, Temperaturerhaltung und einfaches Stapeln. OEM verf\u00fcgbar.<\/p>\n<h2>Spezifikationen f\u00fcr Edelstahl-Milchteeeimer in Gro\u00dfpackungen<\/h2>\n<div class=\"tongyi-markdown-table-wrapper\">\n<table style=\"height: 256px;\" width=\"714\">\n<thead>\n<tr>\n<th data-spm-anchor-id=\"5176.28103460.0.i39.f80475513I0AEr\">Gr\u00f6\u00dfe (L)<\/th>\n<th>Innenma\u00dfe (T\u00d7H, cm)<\/th>\n<th>Nettogewicht (kg)<\/th>\n<th>Bruttogewicht (kg)<\/th>\n<th>Einzelverpackung (cm)<\/th>\n<th>Au\u00dfenkarton (cm)<\/th>\n<th>Einheiten pro Karton<\/th>\n<\/tr>\n<\/thead>\n<tbody>\n<tr>\n<td>6<\/td>\n<td>18 \u00d7 19,5<\/td>\n<td>1.24<\/td>\n<td>1.62<\/td>\n<td>23,5 \u00d7 25 \u00d7 30,5<\/td>\n<td>76 \u00d7 51 \u00d7 33<\/td>\n<td>6<\/td>\n<\/tr>\n<tr>\n<td>8<\/td>\n<td>18 \u00d7 24,5<\/td>\n<td>1.36<\/td>\n<td>1.78<\/td>\n<td>23,5 \u00d7 25 \u00d7 35,5<\/td>\n<td>51 \u00d7 38 \u00d7 35<\/td>\n<td>6<\/td>\n<\/tr>\n<tr>\n<td>10<\/td>\n<td>18 \u00d7 29,5<\/td>\n<td>1.53<\/td>\n<td>1.96<\/td>\n<td>23,5 \u00d7 25 \u00d7 40,5<\/td>\n<td>51 \u00d7 43 \u00d7 39<\/td>\n<td>6<\/td>\n<\/tr>\n<tr>\n<td>12<\/td>\n<td>18 \u00d7 34,5<\/td>\n<td>1.63<\/td>\n<td>2.11<\/td>\n<td>23,5 \u00d7 25 \u00d7 45,5<\/td>\n<td>51 \u00d7 48 \u00d7 43<\/td>\n<td>6<\/td>\n<\/tr>\n<tr>\n<td>14<\/td>\n<td>\u2014<\/td>\n<td>\u2014<\/td>\n<td>\u2014<\/td>\n<td>\u2014<\/td>\n<td>\u2014<\/td>\n<td>6<\/td>\n<\/tr>\n<tr>\n<td>16<\/td>\n<td>22 \u00d7 30,5<\/td>\n<td>2.03<\/td>\n<td>2.77<\/td>\n<td>35 \u00d7 35 \u00d7 47<\/td>\n<td>60 \u00d7 48 \u00d7 57<\/td>\n<td>6<\/td>\n<\/tr>\n<tr>\n<td data-spm-anchor-id=\"5176.28103460.0.i32.f80475513I0AEr\">18<\/td>\n<td>\u2014<\/td>\n<td>\u2014<\/td>\n<td>\u2014<\/td>\n<td>\u2014<\/td>\n<td>\u2014<\/td>\n<td>6<\/td>\n<\/tr>\n<tr>\n<td data-spm-anchor-id=\"5176.28103460.0.i31.f80475513I0AEr\">20<\/td>\n<td>22 \u00d7 38,5<\/td>\n<td>2.35<\/td>\n<td>3.17<\/td>\n<td>35 \u00d7 35 \u00d7 56<\/td>\n<td>60 \u00d7 56 \u00d7 70<\/td>\n<td>6<\/td>\n<\/tr>\n<\/tbody>\n<\/table>\n<\/div>","protected":false},"featured_media":555,"comment_status":"closed","ping_status":"closed","template":"","meta":{"_acf_changed":false},"product_brand":[],"product_cat":[18],"product_tag":[25],"class_list":{"0":"post-553","1":"product","2":"type-product","3":"status-publish","4":"has-post-thumbnail","6":"product_cat-wholesale-milk-tea-buckets","7":"product_tag-restaurant","9":"first","10":"instock","11":"shipping-taxable","12":"product-type-simple"},"acf":[],"_links":{"self":[{"href":"https:\/\/www.lianmeithermos.com\/de\/wp-json\/wp\/v2\/product\/553","targetHints":{"allow":["GET"]}}],"collection":[{"href":"https:\/\/www.lianmeithermos.com\/de\/wp-json\/wp\/v2\/product"}],"about":[{"href":"https:\/\/www.lianmeithermos.com\/de\/wp-json\/wp\/v2\/types\/product"}],"replies":[{"embeddable":true,"href":"https:\/\/www.lianmeithermos.com\/de\/wp-json\/wp\/v2\/comments?post=553"}],"wp:featuredmedia":[{"embeddable":true,"href":"https:\/\/www.lianmeithermos.com\/de\/wp-json\/wp\/v2\/media\/555"}],"wp:attachment":[{"href":"https:\/\/www.lianmeithermos.com\/de\/wp-json\/wp\/v2\/media?parent=553"}],"wp:term":[{"taxonomy":"product_brand","embeddable":true,"href":"https:\/\/www.lianmeithermos.com\/de\/wp-json\/wp\/v2\/product_brand?post=553"},{"taxonomy":"product_cat","embeddable":true,"href":"https:\/\/www.lianmeithermos.com\/de\/wp-json\/wp\/v2\/product_cat?post=553"},{"taxonomy":"product_tag","embeddable":true,"href":"https:\/\/www.lianmeithermos.com\/de\/wp-json\/wp\/v2\/product_tag?post=553"}],"curies":[{"name":"wp","href":"https:\/\/api.w.org\/{rel}","templated":true}]}}