{"id":558,"date":"2025-12-28T11:22:53","date_gmt":"2025-12-28T11:22:53","guid":{"rendered":"https:\/\/www.lianmeithermos.com\/?post_type=product&#038;p=558"},"modified":"2025-12-30T00:59:24","modified_gmt":"2025-12-30T00:59:24","slug":"commercial-milk-tea-buckets-in-bulk","status":"publish","type":"product","link":"https:\/\/www.lianmeithermos.com\/de\/produkt\/commercial-milk-tea-buckets-in-bulk\/","title":{"rendered":"Milchtee-Eimer in Gro\u00dfpackungen in Handelsqualit\u00e4t"},"content":{"rendered":"<h2 class=\"wp-block-heading\">Eigenschaften von Milchtee-Eimern in Gro\u00dfpackungen<\/h2>\n\n\n\n<div class=\"wp-block-columns is-layout-flex wp-container-core-columns-is-layout-9d6595d7 wp-block-columns-is-layout-flex\">\n<div class=\"wp-block-column is-vertically-aligned-center is-layout-flow wp-block-column-is-layout-flow\">\n<div class=\"wp-block-columns is-layout-flex wp-container-core-columns-is-layout-9d6595d7 wp-block-columns-is-layout-flex\">\n<div class=\"wp-block-column is-vertically-aligned-top is-layout-flow wp-block-column-is-layout-flow\">\n<p><strong>Lebensmittelechte Einlage<\/strong>\uff1a<br>Hergestellt aus sorgf\u00e4ltig ausgew\u00e4hltem \u201clebensmitteltauglichem Edelstahl\u201d, der frei von Schwermetallen und korrosionsbest\u00e4ndig ist und somit Gesundheit und Sicherheit gew\u00e4hrleistet und die Sicherheit der Getr\u00e4nke von der Quelle an garantiert.<br><strong>Hervorragende D\u00e4mmleistung<\/strong>\uff1a<br>Verf\u00fcgt \u00fcber eine 2,5 cm dicke Isolierschicht, die bis zu 24 Stunden lang W\u00e4rme und K\u00e4lte speichert und somit den Anforderungen des ganzt\u00e4gigen Gesch\u00e4ftsbetriebs gerecht wird.<br><strong>Leicht zu reinigen und langlebig<\/strong>\uff1a<br>Die Innenauskleidung hat eine glatte, nahtlose Oberfl\u00e4che, die die Ansammlung von Schmutz und Verunreinigungen verhindert, wodurch die Reinigung schnell und einfach ist und die Hygieneanforderungen f\u00fcr den h\u00e4ufigen gewerblichen Gebrauch erf\u00fcllt werden.<br><strong>Verbessertes auslaufsicheres Design<\/strong>\uff1a<br>Das Produkt wurde neu aufger\u00fcstet, wobei der Schwerpunkt auf der strukturellen Optimierung lag, wodurch Probleme mit Undichtigkeiten am Boden vollst\u00e4ndig beseitigt wurden, sodass eine sicherere und sorgenfreie Verwendung gew\u00e4hrleistet ist.<br><strong>Professionelle Szenenanpassung<\/strong>\uff1a<br>Speziell f\u00fcr gewerbliche Umgebungen wie Teestuben und Caf\u00e9s entwickelt, ausgestattet mit einem praktischen Wasserhahn und einem praktischen Griff, um die Effizienz und Benutzerfreundlichkeit zu verbessern.<\/p>\n<\/div>\n\n\n\n<div class=\"wp-block-column is-layout-flow wp-block-column-is-layout-flow\">\n<figure class=\"wp-block-image size-full\"><img decoding=\"async\" width=\"800\" height=\"800\" src=\"https:\/\/www.lianmeithermos.com\/wp-content\/uploads\/2025\/12\/Milk-Tea-Buckets-in-Bulk3.webp\" alt=\"Milchtee-Eimer in Gro\u00dfpackungen3\" class=\"wp-image-561\" srcset=\"https:\/\/www.lianmeithermos.com\/wp-content\/uploads\/2025\/12\/Milk-Tea-Buckets-in-Bulk3.webp 800w, https:\/\/www.lianmeithermos.com\/wp-content\/uploads\/2025\/12\/Milk-Tea-Buckets-in-Bulk3-300x300.webp 300w, https:\/\/www.lianmeithermos.com\/wp-content\/uploads\/2025\/12\/Milk-Tea-Buckets-in-Bulk3-150x150.webp 150w, https:\/\/www.lianmeithermos.com\/wp-content\/uploads\/2025\/12\/Milk-Tea-Buckets-in-Bulk3-768x768.webp 768w, https:\/\/www.lianmeithermos.com\/wp-content\/uploads\/2025\/12\/Milk-Tea-Buckets-in-Bulk3-600x600.webp 600w, https:\/\/www.lianmeithermos.com\/wp-content\/uploads\/2025\/12\/Milk-Tea-Buckets-in-Bulk3-100x100.webp 100w\" sizes=\"(max-width: 800px) 100vw, 800px\" \/><\/figure>\n<\/div>\n<\/div>\n<\/div>\n<\/div>","protected":false},"excerpt":{"rendered":"<p data-start=\"452\" data-end=\"647\">Milchtee-Eimer in Gro\u00dfhandelsqualit\u00e4t f\u00fcr Milchtee-L\u00e4den und Catering-Zwecke, hergestellt aus lebensmittelechtem Edelstahl, mit zuverl\u00e4ssiger Isolierung und flexibler Gro\u00dfhandels- und OEM\/ODM-Unterst\u00fctzung.<\/p>\n<h2>Spezifikationen f\u00fcr Milchtee-Eimer in Gro\u00dfmengen<\/h2>\n<table style=\"height: 251px;\" width=\"635\">\n<thead>\n<tr>\n<th>Fassungsverm\u00f6gen (l)<\/th>\n<th>Innendurchmesser \u00d7 Innenh\u00f6he (cm)<\/th>\n<th>Bruttogewicht (kg)<\/th>\n<th>Einzelverpackungsgr\u00f6\u00dfe (cm)<\/th>\n<th>Kartongr\u00f6\u00dfe (cm)<\/th>\n<th>Menge \/ Karton<\/th>\n<\/tr>\n<\/thead>\n<tbody>\n<tr>\n<td>6<\/td>\n<td>19,5 \u00d7 17<\/td>\n<td>1.62<\/td>\n<td>35 \u00d7 25 \u00d7 30,5<\/td>\n<td>76 \u00d7 51 \u00d7 33<\/td>\n<td>6<\/td>\n<\/tr>\n<tr>\n<td>8<\/td>\n<td>19,5 \u00d7 22<\/td>\n<td>1.86<\/td>\n<td>35 \u00d7 25 \u00d7 35,5<\/td>\n<td>51 \u00d7 38 \u00d7 35<\/td>\n<td>6<\/td>\n<\/tr>\n<tr>\n<td>10<\/td>\n<td>19,5 \u00d7 27,5<\/td>\n<td>2.05<\/td>\n<td>35 \u00d7 25 \u00d7 40,5<\/td>\n<td>51 \u00d7 43 \u00d7 39<\/td>\n<td>6<\/td>\n<\/tr>\n<tr>\n<td>12<\/td>\n<td>19,5 \u00d7 32<\/td>\n<td>2.17<\/td>\n<td>35 \u00d7 25 \u00d7 45,5<\/td>\n<td>51 \u00d7 48 \u00d7 43<\/td>\n<td>6<\/td>\n<\/tr>\n<tr>\n<td>14<\/td>\n<td>25 \u00d7 22<\/td>\n<td>3.00<\/td>\n<td>35 \u00d7 35 \u00d7 43<\/td>\n<td>\u2014<\/td>\n<td>6<\/td>\n<\/tr>\n<tr>\n<td>16<\/td>\n<td>25 \u00d7 26,5<\/td>\n<td>3.23<\/td>\n<td>35 \u00d7 35 \u00d7 47<\/td>\n<td>60 \u00d7 48 \u00d7 57<\/td>\n<td>6<\/td>\n<\/tr>\n<tr>\n<td>18<\/td>\n<td>25 \u00d7 29<\/td>\n<td>3.30<\/td>\n<td>35 \u00d7 35 \u00d7 50<\/td>\n<td>\u2014<\/td>\n<td>6<\/td>\n<\/tr>\n<tr>\n<td>20<\/td>\n<td>25 \u00d7 33,5<\/td>\n<td>3.73<\/td>\n<td>35 \u00d7 35 \u00d7 56<\/td>\n<td>60 \u00d7 56 \u00d7 70<\/td>\n<td>6<\/td>\n<\/tr>\n<\/tbody>\n<\/table>","protected":false},"featured_media":562,"comment_status":"closed","ping_status":"closed","template":"","meta":{"_acf_changed":false},"product_brand":[],"product_cat":[18],"product_tag":[25],"class_list":{"0":"post-558","1":"product","2":"type-product","3":"status-publish","4":"has-post-thumbnail","6":"product_cat-wholesale-milk-tea-buckets","7":"product_tag-restaurant","9":"first","10":"instock","11":"shipping-taxable","12":"product-type-simple"},"acf":[],"_links":{"self":[{"href":"https:\/\/www.lianmeithermos.com\/de\/wp-json\/wp\/v2\/product\/558","targetHints":{"allow":["GET"]}}],"collection":[{"href":"https:\/\/www.lianmeithermos.com\/de\/wp-json\/wp\/v2\/product"}],"about":[{"href":"https:\/\/www.lianmeithermos.com\/de\/wp-json\/wp\/v2\/types\/product"}],"replies":[{"embeddable":true,"href":"https:\/\/www.lianmeithermos.com\/de\/wp-json\/wp\/v2\/comments?post=558"}],"wp:featuredmedia":[{"embeddable":true,"href":"https:\/\/www.lianmeithermos.com\/de\/wp-json\/wp\/v2\/media\/562"}],"wp:attachment":[{"href":"https:\/\/www.lianmeithermos.com\/de\/wp-json\/wp\/v2\/media?parent=558"}],"wp:term":[{"taxonomy":"product_brand","embeddable":true,"href":"https:\/\/www.lianmeithermos.com\/de\/wp-json\/wp\/v2\/product_brand?post=558"},{"taxonomy":"product_cat","embeddable":true,"href":"https:\/\/www.lianmeithermos.com\/de\/wp-json\/wp\/v2\/product_cat?post=558"},{"taxonomy":"product_tag","embeddable":true,"href":"https:\/\/www.lianmeithermos.com\/de\/wp-json\/wp\/v2\/product_tag?post=558"}],"curies":[{"name":"wp","href":"https:\/\/api.w.org\/{rel}","templated":true}]}}