{"id":565,"date":"2025-12-28T11:54:45","date_gmt":"2025-12-28T11:54:45","guid":{"rendered":"https:\/\/www.lianmeithermos.com\/?post_type=product&#038;p=565"},"modified":"2025-12-30T00:59:09","modified_gmt":"2025-12-30T00:59:09","slug":"wholesale-commercial-stainless-steel-insulated-barrel","status":"publish","type":"product","link":"https:\/\/www.lianmeithermos.com\/de\/produkt\/wholesale-commercial-stainless-steel-insulated-barrel\/","title":{"rendered":"Gro\u00dfhandel f\u00fcr gewerbliche Edelstahl-Isolierf\u00e4sser"},"content":{"rendered":"<h2 class=\"wp-block-heading\">Merkmale von gewerblichen Edelstahl-Isolierf\u00e4ssern f\u00fcr den Gro\u00dfhandel <\/h2>\n\n\n\n<div class=\"wp-block-columns is-layout-flex wp-container-core-columns-is-layout-9d6595d7 wp-block-columns-is-layout-flex\">\n<div class=\"wp-block-column is-vertically-aligned-center is-layout-flow wp-block-column-is-layout-flow\">\n<div class=\"wp-block-columns is-layout-flex wp-container-core-columns-is-layout-9d6595d7 wp-block-columns-is-layout-flex\">\n<div class=\"wp-block-column is-vertically-aligned-top is-layout-flow wp-block-column-is-layout-flow\">\n<p><strong>Lebensmitteltauglicher Edelstahl: <\/strong>Die Innenauskleidung besteht aus lebensmittelechtem Edelstahl, der hochtemperaturbest\u00e4ndig ist, keine sch\u00e4dlichen Substanzen freisetzt, korrosionsbest\u00e4ndig und rostfrei ist und somit die Sicherheit und Reinheit von Getr\u00e4nken gew\u00e4hrleistet. Die glatte Innenwand ist leicht zu reinigen und verhindert die Ansammlung von Schmutz und Ablagerungen, wodurch sie den hohen hygienischen Anforderungen im gewerblichen Bereich gerecht wird.<br><strong>Verdickte Voll-PU-Isolierschicht, 24 Stunden lang anhaltende Temperaturerhaltung: <\/strong>Durch die Verwendung von umweltfreundlichem PU-Material f\u00fcr die mehrschichtige, verdickte Schaumstofff\u00fcllung bietet es eine hervorragende Isolierleistung und erreicht eine bis zu 24 Stunden lange W\u00e4rme- oder K\u00e4lteerhaltung, wodurch es den ganzt\u00e4gigen Betriebsanforderungen von Tee- und Kaffeegesch\u00e4ften effektiv gerecht wird.<br><strong>Stabile Schnallenkonstruktion, sicher und auslaufsicher: <\/strong>Der Deckel ist mit einer verst\u00e4rkten Schnallenkonstruktion ausgestattet, die sicher verschlie\u00dft und so ein Versch\u00fctten und Auslaufen w\u00e4hrend der Handhabung und des Transports verhindert und eine saubere und sichere Benutzererfahrung gew\u00e4hrleistet.<br><strong>Stabile Struktur und einfache Bedienung, geeignet f\u00fcr den gewerblichen Einsatz: <\/strong>Das robuste Fassdesign mit seitlichen Griffen und einem zentralen Knauf am Deckel erm\u00f6glicht ein bequemes und m\u00fcheloses Bewegen und Ausgie\u00dfen und ist f\u00fcr den h\u00e4ufigen und effizienten Einsatz in gewerblichen Umgebungen optimiert.<br><strong>Markenqualit\u00e4tssicherung, professionell und zuverl\u00e4ssig:<\/strong> Hergestellt von der Marke \u201cLianMei\u201d, die sich auf Material- und Verarbeitungsdetails konzentriert, erf\u00fcllt es umfassend die kombinierten Anforderungen von Unternehmen an Haltbarkeit, Hygiene und Effizienz, von der Isolierung und Abdichtung bis hin zur Reinigung und Wartung.<\/p>\n<\/div>\n\n\n\n<div class=\"wp-block-column is-layout-flow wp-block-column-is-layout-flow\">\n<figure class=\"wp-block-image size-full\"><img decoding=\"async\" width=\"4480\" height=\"4480\" src=\"https:\/\/www.lianmeithermos.com\/wp-content\/uploads\/2025\/12\/Wholesale-Commercial-Stainless-Steel-Insulated-Barrel3.webp\" alt=\"Gro\u00dfhandel Gewerblicher Edelstahl-Isolierbeh\u00e4lter3\" class=\"wp-image-568\" srcset=\"https:\/\/www.lianmeithermos.com\/wp-content\/uploads\/2025\/12\/Wholesale-Commercial-Stainless-Steel-Insulated-Barrel3.webp 4480w, https:\/\/www.lianmeithermos.com\/wp-content\/uploads\/2025\/12\/Wholesale-Commercial-Stainless-Steel-Insulated-Barrel3-300x300.webp 300w, https:\/\/www.lianmeithermos.com\/wp-content\/uploads\/2025\/12\/Wholesale-Commercial-Stainless-Steel-Insulated-Barrel3-150x150.webp 150w, https:\/\/www.lianmeithermos.com\/wp-content\/uploads\/2025\/12\/Wholesale-Commercial-Stainless-Steel-Insulated-Barrel3-768x768.webp 768w, https:\/\/www.lianmeithermos.com\/wp-content\/uploads\/2025\/12\/Wholesale-Commercial-Stainless-Steel-Insulated-Barrel3-1200x1200.webp 1200w, https:\/\/www.lianmeithermos.com\/wp-content\/uploads\/2025\/12\/Wholesale-Commercial-Stainless-Steel-Insulated-Barrel3-600x600.webp 600w, https:\/\/www.lianmeithermos.com\/wp-content\/uploads\/2025\/12\/Wholesale-Commercial-Stainless-Steel-Insulated-Barrel3-100x100.webp 100w\" sizes=\"(max-width: 4480px) 100vw, 4480px\" \/><\/figure>\n<\/div>\n<\/div>\n<\/div>\n<\/div>","protected":false},"excerpt":{"rendered":"<p data-start=\"452\" data-end=\"647\">Gro\u00dfhandels-Edelstahl-Isolierfass f\u00fcr Catering, Restaurants und Gastronomie, mit lebensmittelechter Edelstahlkonstruktion und zuverl\u00e4ssiger Isolierung zur Aufrechterhaltung der idealen Temperatur von Speisen und Getr\u00e4nken.<\/p>\n<h2>Spezifikationen f\u00fcr den Gro\u00dfhandel mit kommerziellen isolierten Edelstahlf\u00e4ssern<\/h2>\n<table style=\"height: 397px;\" width=\"576\">\n<thead>\n<tr>\n<th>Fassungsverm\u00f6gen (l)<\/th>\n<th>Innendurchmesser \u00d7 Innenh\u00f6he (cm)<\/th>\n<th>Nettogewicht (kg)<\/th>\n<th>Bruttogewicht (kg)<\/th>\n<th>Einzelverpackungsgr\u00f6\u00dfe (cm)<\/th>\n<th>Kartongr\u00f6\u00dfe (cm)<\/th>\n<th>Menge \/ Karton<\/th>\n<\/tr>\n<\/thead>\n<tbody>\n<tr>\n<td>10<\/td>\n<td>19,5 \u00d7 23<\/td>\n<td>1.50<\/td>\n<td>1.90<\/td>\n<td>25 \u00d7 25 \u00d7 31<\/td>\n<td>53 \u00d7 53 \u00d7 65<\/td>\n<td>8<\/td>\n<\/tr>\n<tr>\n<td>15<\/td>\n<td>25 \u00d7 20<\/td>\n<td>1.75<\/td>\n<td>2.52<\/td>\n<td>32 \u00d7 32 \u00d7 29,5<\/td>\n<td>63 \u00d7 63 \u00d7 61<\/td>\n<td>8<\/td>\n<\/tr>\n<tr>\n<td>20<\/td>\n<td>25 \u00d7 25<\/td>\n<td>2.05<\/td>\n<td>2.65<\/td>\n<td>31 \u00d7 31 \u00d7 34<\/td>\n<td>94 \u00d7 63 \u00d7 36<\/td>\n<td>6<\/td>\n<\/tr>\n<tr>\n<td>25<\/td>\n<td>25 \u00d7 29<\/td>\n<td>2.20<\/td>\n<td>2.84<\/td>\n<td>32 \u00d7 32 \u00d7 40<\/td>\n<td>94 \u00d7 63 \u00d7 42<\/td>\n<td>6<\/td>\n<\/tr>\n<tr>\n<td>30<\/td>\n<td>25 \u00d7 35<\/td>\n<td>2.45<\/td>\n<td>3.20<\/td>\n<td>31 \u00d7 31 \u00d7 44<\/td>\n<td>94 \u00d7 63 \u00d7 47<\/td>\n<td>6<\/td>\n<\/tr>\n<tr>\n<td>40<\/td>\n<td>30 \u00d7 30<\/td>\n<td>2.77<\/td>\n<td>3.63<\/td>\n<td>37,5 \u00d7 36 \u00d7 42<\/td>\n<td>106 \u00d7 71 \u00d7 42<\/td>\n<td>6<\/td>\n<\/tr>\n<tr>\n<td>45<\/td>\n<td>30 \u00d7 40<\/td>\n<td>3.40<\/td>\n<td>4.13<\/td>\n<td>37,5 \u00d7 36 \u00d7 52<\/td>\n<td>106 \u00d7 71 \u00d7 52<\/td>\n<td>6<\/td>\n<\/tr>\n<tr>\n<td>50<\/td>\n<td>35 \u00d7 34,6<\/td>\n<td>3.69<\/td>\n<td>4.90<\/td>\n<td>41,5 \u00d7 41 \u00d7 48,5<\/td>\n<td>83 \u00d7 83 \u00d7 48<\/td>\n<td>4<\/td>\n<\/tr>\n<tr>\n<td>60<\/td>\n<td>35 \u00d7 39<\/td>\n<td>4.00<\/td>\n<td>5.39<\/td>\n<td>41,5 \u00d7 41 \u00d7 52<\/td>\n<td>83 \u00d7 83 \u00d7 53<\/td>\n<td>4<\/td>\n<\/tr>\n<tr>\n<td>70<\/td>\n<td>40 \u00d7 39<\/td>\n<td>4.55<\/td>\n<td>5.74<\/td>\n<td>49 \u00d7 49 \u00d7 53<\/td>\n<td>48 \u00d7 95 \u00d7 53<\/td>\n<td>2<\/td>\n<\/tr>\n<tr>\n<td>80<\/td>\n<td>40 \u00d7 46<\/td>\n<td>5.15<\/td>\n<td>6.61<\/td>\n<td>49 \u00d7 49 \u00d7 61<\/td>\n<td>50 \u00d7 99 \u00d7 61<\/td>\n<td>2<\/td>\n<\/tr>\n<tr>\n<td>90<\/td>\n<td>40 \u00d7 54,5<\/td>\n<td>6.45<\/td>\n<td>8.00<\/td>\n<td>49 \u00d7 49 \u00d7 69<\/td>\n<td>50 \u00d7 99 \u00d7 70<\/td>\n<td>2<\/td>\n<\/tr>\n<tr>\n<td>100<\/td>\n<td>45 \u00d7 54,5<\/td>\n<td>6.52<\/td>\n<td>9.84<\/td>\n<td>54 \u00d7 54 \u00d7 66<\/td>\n<td>55 \u00d7 109 \u00d7 70<\/td>\n<td>2<\/td>\n<\/tr>\n<\/tbody>\n<\/table>","protected":false},"featured_media":567,"comment_status":"closed","ping_status":"closed","template":"","meta":{"_acf_changed":false},"product_brand":[],"product_cat":[17],"product_tag":[25],"class_list":{"0":"post-565","1":"product","2":"type-product","3":"status-publish","4":"has-post-thumbnail","6":"product_cat-wholesale-stainless-steel-insulated-barrels","7":"product_tag-restaurant","9":"first","10":"instock","11":"shipping-taxable","12":"product-type-simple"},"acf":[],"_links":{"self":[{"href":"https:\/\/www.lianmeithermos.com\/de\/wp-json\/wp\/v2\/product\/565","targetHints":{"allow":["GET"]}}],"collection":[{"href":"https:\/\/www.lianmeithermos.com\/de\/wp-json\/wp\/v2\/product"}],"about":[{"href":"https:\/\/www.lianmeithermos.com\/de\/wp-json\/wp\/v2\/types\/product"}],"replies":[{"embeddable":true,"href":"https:\/\/www.lianmeithermos.com\/de\/wp-json\/wp\/v2\/comments?post=565"}],"wp:featuredmedia":[{"embeddable":true,"href":"https:\/\/www.lianmeithermos.com\/de\/wp-json\/wp\/v2\/media\/567"}],"wp:attachment":[{"href":"https:\/\/www.lianmeithermos.com\/de\/wp-json\/wp\/v2\/media?parent=565"}],"wp:term":[{"taxonomy":"product_brand","embeddable":true,"href":"https:\/\/www.lianmeithermos.com\/de\/wp-json\/wp\/v2\/product_brand?post=565"},{"taxonomy":"product_cat","embeddable":true,"href":"https:\/\/www.lianmeithermos.com\/de\/wp-json\/wp\/v2\/product_cat?post=565"},{"taxonomy":"product_tag","embeddable":true,"href":"https:\/\/www.lianmeithermos.com\/de\/wp-json\/wp\/v2\/product_tag?post=565"}],"curies":[{"name":"wp","href":"https:\/\/api.w.org\/{rel}","templated":true}]}}