{"id":569,"date":"2025-12-28T12:13:15","date_gmt":"2025-12-28T12:13:15","guid":{"rendered":"https:\/\/www.lianmeithermos.com\/?post_type=product&#038;p=569"},"modified":"2025-12-30T00:52:55","modified_gmt":"2025-12-30T00:52:55","slug":"wholesale-304-stainless-steel-insulated-barrel","status":"publish","type":"product","link":"https:\/\/www.lianmeithermos.com\/de\/produkt\/wholesale-304-stainless-steel-insulated-barrel\/","title":{"rendered":"Gro\u00dfhandel 304 Edelstahl isolierter Fass"},"content":{"rendered":"<h2 class=\"wp-block-heading\">Merkmale des isolierten Fasses aus Edelstahl 304 f\u00fcr den Gro\u00dfhandel<\/h2>\n\n\n\n<div class=\"wp-block-columns is-layout-flex wp-container-core-columns-is-layout-9d6595d7 wp-block-columns-is-layout-flex\">\n<div class=\"wp-block-column is-vertically-aligned-center is-layout-flow wp-block-column-is-layout-flow\">\n<div class=\"wp-block-columns is-layout-flex wp-container-core-columns-is-layout-9d6595d7 wp-block-columns-is-layout-flex\">\n<div class=\"wp-block-column is-vertically-aligned-top is-layout-flow wp-block-column-is-layout-flow\">\n<p><strong>Dreischichtige Temperatur-Lock-Struktur, h\u00e4lt bis zu 24 Stunden warm<\/strong><br>Mit einer dreischichtigen Pr\u00e4zisionsstruktur aus \u201c304er Edelstahl-Innenschicht + vollst\u00e4ndiger PU-Schaumisolierungsschicht + verdickter Edelstahl-Au\u00dfenschicht\u201d h\u00e4lt es die Temperatur effizient konstant und sorgt f\u00fcr eine lang anhaltende W\u00e4rme- und K\u00e4lteisolierung von bis zu 24 Stunden, sodass es den ganzen Tag \u00fcber verwendet werden kann.<\/p>\n\n\n\n<p><strong>Lebensmitteltaugliche Innenauskleidung aus Edelstahl 304, sicher und leicht zu reinigen<\/strong><br>Die innere Schicht besteht aus lebensmittelechtem Edelstahl 304, der gesund, sicher, korrosionsbest\u00e4ndig und rostfrei ist. Die glatte, nahtlose Innenwand verhindert die Bildung von Flecken, erleichtert die Reinigung und erf\u00fcllt strenge gewerbliche Hygienestandards.<\/p>\n\n\n\n<p><strong>Starke und auslaufsichere Dichtung, widersteht St\u00f6\u00dfen und Ersch\u00fctterungen<\/strong><br>Der Eimerk\u00f6rper und der Deckel weisen eine hervorragende Dichtungsleistung auf. Dank einer speziellen Konstruktion ist auch bei Transport, St\u00f6\u00dfen oder Ersch\u00fctterungen keine Leckage zu bef\u00fcrchten, sodass Sie sich auf die Zuverl\u00e4ssigkeit des Produkts verlassen k\u00f6nnen.<\/p>\n\n\n\n<p><strong>Aufh\u00e4ngbarer Deckel, hygienisch und praktisch<\/strong><br>Der Deckel ist abnehmbar und kann aufgeh\u00e4ngt werden, sodass Sie w\u00e4hrend der Benutzung weder den Boden noch andere unsaubere Oberfl\u00e4chen ber\u00fchren m\u00fcssen. Dadurch wird eine Sekund\u00e4rkontamination wirksam verhindert und die Hygiene und Benutzerfreundlichkeit erheblich verbessert.<\/p>\n\n\n\n<p><strong>In verschiedenen Gr\u00f6\u00dfen erh\u00e4ltlich, anpassungsf\u00e4hig an verschiedene Szenarien<\/strong><br>Erh\u00e4ltlich in verschiedenen Gr\u00f6\u00dfen von 10 bis 100 Litern, erf\u00fcllt er flexibel die Anforderungen verschiedener Szenarien und Gr\u00f6\u00dfenordnungen, darunter Heimgebrauch, Teestuben, Restaurants und Outdoor-Aktivit\u00e4ten.<\/p>\n<\/div>\n\n\n\n<div class=\"wp-block-column is-layout-flow wp-block-column-is-layout-flow\">\n<figure class=\"wp-block-image size-full\"><img decoding=\"async\" width=\"900\" height=\"900\" src=\"https:\/\/www.lianmeithermos.com\/wp-content\/uploads\/2025\/12\/Wholesale-304-Stainless-Steel-Insulated-Barrel1.webp\" alt=\"Gro\u00dfhandel 304 Edelstahl isolierter Fass1\" class=\"wp-image-570\" srcset=\"https:\/\/www.lianmeithermos.com\/wp-content\/uploads\/2025\/12\/Wholesale-304-Stainless-Steel-Insulated-Barrel1.webp 900w, https:\/\/www.lianmeithermos.com\/wp-content\/uploads\/2025\/12\/Wholesale-304-Stainless-Steel-Insulated-Barrel1-300x300.webp 300w, https:\/\/www.lianmeithermos.com\/wp-content\/uploads\/2025\/12\/Wholesale-304-Stainless-Steel-Insulated-Barrel1-150x150.webp 150w, https:\/\/www.lianmeithermos.com\/wp-content\/uploads\/2025\/12\/Wholesale-304-Stainless-Steel-Insulated-Barrel1-768x768.webp 768w, https:\/\/www.lianmeithermos.com\/wp-content\/uploads\/2025\/12\/Wholesale-304-Stainless-Steel-Insulated-Barrel1-600x600.webp 600w, https:\/\/www.lianmeithermos.com\/wp-content\/uploads\/2025\/12\/Wholesale-304-Stainless-Steel-Insulated-Barrel1-100x100.webp 100w\" sizes=\"(max-width: 900px) 100vw, 900px\" \/><\/figure>\n<\/div>\n<\/div>\n<\/div>\n<\/div>","protected":false},"excerpt":{"rendered":"<p data-start=\"452\" data-end=\"647\">Gro\u00dfhandels-Isolierfass aus Edelstahl 304 f\u00fcr Catering, Restaurants und Gastronomie, mit lebensmittelechter Edelstahlkonstruktion 304 und zuverl\u00e4ssiger Isolierung zur Aufrechterhaltung der idealen Temperatur von Speisen und Getr\u00e4nken.<\/p>\n<h2>Spezifikationen f\u00fcr den Gro\u00dfhandel mit isolierten F\u00e4ssern aus Edelstahl 304<\/h2>\n<table style=\"height: 405px;\" width=\"645\">\n<thead>\n<tr>\n<th>Modell<\/th>\n<th>Innendurchmesser \u00d7 Innenh\u00f6he (cm)<\/th>\n<th>Nettogewicht (kg)<\/th>\n<th>Bruttogewicht (kg)<\/th>\n<th>Einzelverpackungsgr\u00f6\u00dfe (cm)<\/th>\n<th>Kartongr\u00f6\u00dfe (cm)<\/th>\n<th>Verpackungsmenge<\/th>\n<\/tr>\n<\/thead>\n<tbody>\n<tr>\n<td>10 lm<\/td>\n<td>19,5 \u00d7 23<\/td>\n<td>1.50<\/td>\n<td>1.90<\/td>\n<td>25 \u00d7 25 \u00d7 31<\/td>\n<td>53 \u00d7 53 \u00d7 65<\/td>\n<td>8<\/td>\n<\/tr>\n<tr>\n<td>15LM<\/td>\n<td>25 \u00d7 20<\/td>\n<td>1.75<\/td>\n<td>2.52<\/td>\n<td>32 \u00d7 32 \u00d7 29,5<\/td>\n<td>63 \u00d7 63 \u00d7 61<\/td>\n<td>8<\/td>\n<\/tr>\n<tr>\n<td>20 lm<\/td>\n<td>25 \u00d7 25<\/td>\n<td>2.05<\/td>\n<td>2.65<\/td>\n<td>31 \u00d7 31 \u00d7 34<\/td>\n<td>94 \u00d7 63 \u00d7 36<\/td>\n<td>6<\/td>\n<\/tr>\n<tr>\n<td>25LM<\/td>\n<td>25 \u00d7 29<\/td>\n<td>2.20<\/td>\n<td>2.84<\/td>\n<td>32 \u00d7 32 \u00d7 40<\/td>\n<td>94 \u00d7 63 \u00d7 42<\/td>\n<td>6<\/td>\n<\/tr>\n<tr>\n<td>30 lm<\/td>\n<td>25 \u00d7 35<\/td>\n<td>2.45<\/td>\n<td>3.20<\/td>\n<td>31 \u00d7 31 \u00d7 44<\/td>\n<td>94 \u00d7 63 \u00d7 47<\/td>\n<td>6<\/td>\n<\/tr>\n<tr>\n<td>40 lm<\/td>\n<td>30 \u00d7 28,5<\/td>\n<td>2.77<\/td>\n<td>3.63<\/td>\n<td>37,5 \u00d7 36 \u00d7 42<\/td>\n<td>106 \u00d7 71 \u00d7 42<\/td>\n<td>6<\/td>\n<\/tr>\n<tr>\n<td>50 lm<\/td>\n<td>35 \u00d7 34,6<\/td>\n<td>3.69<\/td>\n<td>4.90<\/td>\n<td>41,5 \u00d7 41 \u00d7 48,5<\/td>\n<td>83 \u00d7 83 \u00d7 48<\/td>\n<td>4<\/td>\n<\/tr>\n<tr>\n<td>60 lm<\/td>\n<td>35 \u00d7 39<\/td>\n<td>4.00<\/td>\n<td>5.39<\/td>\n<td>41,5 \u00d7 41 \u00d7 52<\/td>\n<td>83 \u00d7 83 \u00d7 53<\/td>\n<td>4<\/td>\n<\/tr>\n<tr>\n<td>70 lm<\/td>\n<td>40 \u00d7 39<\/td>\n<td>4.55<\/td>\n<td>5.74<\/td>\n<td>49 \u00d7 49 \u00d7 53<\/td>\n<td>48 \u00d7 95 \u00d7 53<\/td>\n<td>2<\/td>\n<\/tr>\n<tr>\n<td>80 lm<\/td>\n<td>40 \u00d7 46<\/td>\n<td>5.15<\/td>\n<td>6.61<\/td>\n<td>49 \u00d7 49 \u00d7 61<\/td>\n<td>50 \u00d7 99 \u00d7 61<\/td>\n<td>2<\/td>\n<\/tr>\n<tr>\n<td>90 lm<\/td>\n<td>45 \u00d7 44,5<\/td>\n<td>6.45<\/td>\n<td>8.00<\/td>\n<td>54 \u00d7 54 \u00d7 57<\/td>\n<td>50 \u00d7 99 \u00d7 70<\/td>\n<td>2<\/td>\n<\/tr>\n<tr>\n<td>100 lm<\/td>\n<td>45 \u00d7 54,5<\/td>\n<td>6.52<\/td>\n<td>9.84<\/td>\n<td>54 \u00d7 54 \u00d7 68<\/td>\n<td>55 \u00d7 109 \u00d7 70<\/td>\n<td>2<\/td>\n<\/tr>\n<\/tbody>\n<\/table>","protected":false},"featured_media":571,"comment_status":"closed","ping_status":"closed","template":"","meta":{"_acf_changed":false},"product_brand":[],"product_cat":[17],"product_tag":[25],"class_list":{"0":"post-569","1":"product","2":"type-product","3":"status-publish","4":"has-post-thumbnail","6":"product_cat-wholesale-stainless-steel-insulated-barrels","7":"product_tag-restaurant","9":"first","10":"instock","11":"shipping-taxable","12":"product-type-simple"},"acf":[],"_links":{"self":[{"href":"https:\/\/www.lianmeithermos.com\/de\/wp-json\/wp\/v2\/product\/569","targetHints":{"allow":["GET"]}}],"collection":[{"href":"https:\/\/www.lianmeithermos.com\/de\/wp-json\/wp\/v2\/product"}],"about":[{"href":"https:\/\/www.lianmeithermos.com\/de\/wp-json\/wp\/v2\/types\/product"}],"replies":[{"embeddable":true,"href":"https:\/\/www.lianmeithermos.com\/de\/wp-json\/wp\/v2\/comments?post=569"}],"wp:featuredmedia":[{"embeddable":true,"href":"https:\/\/www.lianmeithermos.com\/de\/wp-json\/wp\/v2\/media\/571"}],"wp:attachment":[{"href":"https:\/\/www.lianmeithermos.com\/de\/wp-json\/wp\/v2\/media?parent=569"}],"wp:term":[{"taxonomy":"product_brand","embeddable":true,"href":"https:\/\/www.lianmeithermos.com\/de\/wp-json\/wp\/v2\/product_brand?post=569"},{"taxonomy":"product_cat","embeddable":true,"href":"https:\/\/www.lianmeithermos.com\/de\/wp-json\/wp\/v2\/product_cat?post=569"},{"taxonomy":"product_tag","embeddable":true,"href":"https:\/\/www.lianmeithermos.com\/de\/wp-json\/wp\/v2\/product_tag?post=569"}],"curies":[{"name":"wp","href":"https:\/\/api.w.org\/{rel}","templated":true}]}}