{"id":573,"date":"2025-12-28T12:35:27","date_gmt":"2025-12-28T12:35:27","guid":{"rendered":"https:\/\/www.lianmeithermos.com\/?post_type=product&#038;p=573"},"modified":"2025-12-30T00:51:40","modified_gmt":"2025-12-30T00:51:40","slug":"wholesale-round-insulated-cooler-box","status":"publish","type":"product","link":"https:\/\/www.lianmeithermos.com\/de\/produkt\/wholesale-round-insulated-cooler-box\/","title":{"rendered":"Gro\u00dfhandel Runde isolierte K\u00fchlbox f\u00fcr den gewerblichen Gebrauch"},"content":{"rendered":"<h2 class=\"wp-block-heading\">Merkmale der runden Isolierk\u00fchlbox f\u00fcr den Gro\u00dfhandel<\/h2>\n\n\n\n<div class=\"wp-block-columns is-layout-flex wp-container-core-columns-is-layout-9d6595d7 wp-block-columns-is-layout-flex\">\n<div class=\"wp-block-column is-vertically-aligned-center is-layout-flow wp-block-column-is-layout-flow\">\n<div class=\"wp-block-columns is-layout-flex wp-container-core-columns-is-layout-9d6595d7 wp-block-columns-is-layout-flex\">\n<div class=\"wp-block-column is-vertically-aligned-top is-layout-flow wp-block-column-is-layout-flow\">\n<p><strong>1. Verstellbarer Verschlussdeckel f\u00fcr einfaches Verschlie\u00dfen<\/strong><br>Der Deckel verf\u00fcgt \u00fcber einen benutzerfreundlichen, einstellbaren Verschlussmechanismus, mit dem Sie die Festigkeit und H\u00f6he ganz einfach mit einem Schraubendreher regulieren k\u00f6nnen. Er passt sich an unterschiedliche F\u00fcllmengen an und verhindert ein Auslaufen oder Schwierigkeiten beim Verschlie\u00dfen.<\/p>\n\n\n\n<p><strong>2. Dreifach-Isolierung f\u00fcr lang anhaltende Temperaturerhaltung<\/strong><br>Mit einer Innenauskleidung aus Edelstahl, einer vollst\u00e4ndigen PU-Schaumisolierung und einer Au\u00dfenh\u00fclle aus PP f\u00fcr eine stabile Temperaturleistung im professionellen und gewerblichen Einsatz.<\/p>\n\n\n\n<p><strong>3. Robuste PP-Au\u00dfenh\u00fclle mit hoher Schlagfestigkeit<\/strong><br>Das robuste Geh\u00e4use aus technischem PP-Kunststoff ist leicht und dennoch \u00e4u\u00dferst widerstandsf\u00e4hig gegen St\u00fcrze und St\u00f6\u00dfe, sch\u00fctzt die Innenauskleidung und verl\u00e4ngert die Lebensdauer des Produkts.<\/p>\n\n\n\n<p><strong>4. Innenauskleidung aus lebensmittelechtem Edelstahl<\/strong><br>Dieses Produkt aus verdicktem, lebensmittelechtem Edelstahl ist korrosionsbest\u00e4ndig, rostfrei und leicht zu reinigen, wodurch die Lebensmittelsicherheit gew\u00e4hrleistet und der urspr\u00fcngliche Geschmack bewahrt wird.<\/p>\n\n\n\n<p><strong>5. Praktisches Design f\u00fcr den gewerblichen und privaten Gebrauch<\/strong><br>Mit einem robusten Griff und einem sicheren Deckel ausgestattet, vereint dieses Produkt einfache Handhabung mit zuverl\u00e4ssiger Aufbewahrung f\u00fcr Restaurants, Catering und den t\u00e4glichen Gebrauch im Haushalt.<\/p>\n<\/div>\n\n\n\n<div class=\"wp-block-column is-layout-flow wp-block-column-is-layout-flow\">\n<figure class=\"wp-block-image size-full\"><img decoding=\"async\" width=\"1390\" height=\"1390\" src=\"https:\/\/www.lianmeithermos.com\/wp-content\/uploads\/2025\/12\/Wholesale-Round-Insulated-Cooler-Box2.webp\" alt=\"Gro\u00dfhandel Runde isolierte K\u00fchlbox2\" class=\"wp-image-575\" srcset=\"https:\/\/www.lianmeithermos.com\/wp-content\/uploads\/2025\/12\/Wholesale-Round-Insulated-Cooler-Box2.webp 1390w, https:\/\/www.lianmeithermos.com\/wp-content\/uploads\/2025\/12\/Wholesale-Round-Insulated-Cooler-Box2-300x300.webp 300w, https:\/\/www.lianmeithermos.com\/wp-content\/uploads\/2025\/12\/Wholesale-Round-Insulated-Cooler-Box2-150x150.webp 150w, https:\/\/www.lianmeithermos.com\/wp-content\/uploads\/2025\/12\/Wholesale-Round-Insulated-Cooler-Box2-768x768.webp 768w, https:\/\/www.lianmeithermos.com\/wp-content\/uploads\/2025\/12\/Wholesale-Round-Insulated-Cooler-Box2-1200x1200.webp 1200w, https:\/\/www.lianmeithermos.com\/wp-content\/uploads\/2025\/12\/Wholesale-Round-Insulated-Cooler-Box2-600x600.webp 600w, https:\/\/www.lianmeithermos.com\/wp-content\/uploads\/2025\/12\/Wholesale-Round-Insulated-Cooler-Box2-100x100.webp 100w\" sizes=\"(max-width: 1390px) 100vw, 1390px\" \/><\/figure>\n<\/div>\n<\/div>\n<\/div>\n<\/div>","protected":false},"excerpt":{"rendered":"<p data-start=\"452\" data-end=\"647\">Gro\u00dfhandels-K\u00fchlbox mit Rundform zur Aufbewahrung von Lebensmitteln und Getr\u00e4nken, mit langlebiger Isolierung und in verschiedenen Gr\u00f6\u00dfen f\u00fcr Restaurants, Catering und den gewerblichen Gro\u00dfverbrauch.<\/p>\n<h2>Spezifikationen der runden isolierten K\u00fchlbox f\u00fcr den Gro\u00dfhandel<\/h2>\n<table style=\"height: 360px;\" width=\"694\">\n<thead>\n<tr>\n<th>Fassungsverm\u00f6gen (l)<\/th>\n<th>Innendurchmesser \u00d7 Innenh\u00f6he (cm)<\/th>\n<th>Nettogewicht (kg)<\/th>\n<th>Bruttogewicht (kg)<\/th>\n<th>Einzelverpackungsgr\u00f6\u00dfe (cm)<\/th>\n<th>Kartongr\u00f6\u00dfe (cm)<\/th>\n<th>Menge \/ Karton<\/th>\n<\/tr>\n<\/thead>\n<tbody>\n<tr>\n<td>10<\/td>\n<td>19,5 \u00d7 20<\/td>\n<td>1.19<\/td>\n<td>1.52<\/td>\n<td>27 \u00d7 27 \u00d7 28<\/td>\n<td>55 \u00d7 55 \u00d7 57<\/td>\n<td>8<\/td>\n<\/tr>\n<tr>\n<td>20<\/td>\n<td>25 \u00d7 25<\/td>\n<td>1.55<\/td>\n<td>2.19<\/td>\n<td>31 \u00d7 31 \u00d7 33<\/td>\n<td>63 \u00d7 63 \u00d7 57<\/td>\n<td>8<\/td>\n<\/tr>\n<tr>\n<td>30<\/td>\n<td>25 \u00d7 35<\/td>\n<td>1.74<\/td>\n<td>2.67<\/td>\n<td>31 \u00d7 31 \u00d7 43<\/td>\n<td>63 \u00d7 94 \u00d7 34<\/td>\n<td>6<\/td>\n<\/tr>\n<tr>\n<td>15<\/td>\n<td>25 \u00d7 18<\/td>\n<td>1.98<\/td>\n<td>1.94<\/td>\n<td>31 \u00d7 31 \u00d7 28<\/td>\n<td>63 \u00d7 94 \u00d7 39<\/td>\n<td>6<\/td>\n<\/tr>\n<tr>\n<td>25<\/td>\n<td>25 \u00d7 29<\/td>\n<td>2.18<\/td>\n<td>2.38<\/td>\n<td>31 \u00d7 31 \u00d7 38<\/td>\n<td>63 \u00d7 94 \u00d7 44<\/td>\n<td>6<\/td>\n<\/tr>\n<tr>\n<td>40<\/td>\n<td>30 \u00d7 28,5<\/td>\n<td>2.58<\/td>\n<td>3.23<\/td>\n<td>38 \u00d7 38 \u00d7 39,5<\/td>\n<td>73 \u00d7 73 \u00d7 40<\/td>\n<td>4<\/td>\n<\/tr>\n<tr>\n<td>50<\/td>\n<td>30 \u00d7 41<\/td>\n<td>2.88<\/td>\n<td>3.94<\/td>\n<td>38 \u00d7 38 \u00d7 49,5<\/td>\n<td>73 \u00d7 73 \u00d7 50<\/td>\n<td>4<\/td>\n<\/tr>\n<tr>\n<td>60<\/td>\n<td>40 \u00d7 43<\/td>\n<td>4.32<\/td>\n<td>5.68<\/td>\n<td>49 \u00d7 49 \u00d7 53<\/td>\n<td>48 \u00d7 95 \u00d7 52<\/td>\n<td>2<\/td>\n<\/tr>\n<tr>\n<td>70<\/td>\n<td>40 \u00d7 48<\/td>\n<td>4.85<\/td>\n<td>6.40<\/td>\n<td>49 \u00d7 49 \u00d7 58<\/td>\n<td>48 \u00d7 95 \u00d7 57<\/td>\n<td>2<\/td>\n<\/tr>\n<tr>\n<td>80<\/td>\n<td>40 \u00d7 53<\/td>\n<td>5.04<\/td>\n<td>6.65<\/td>\n<td>49 \u00d7 49 \u00d7 62<\/td>\n<td>48 \u00d7 95 \u00d7 62<\/td>\n<td>2<\/td>\n<\/tr>\n<\/tbody>\n<\/table>","protected":false},"featured_media":574,"comment_status":"closed","ping_status":"closed","template":"","meta":{"_acf_changed":false},"product_brand":[],"product_cat":[19],"product_tag":[24],"class_list":{"0":"post-573","1":"product","2":"type-product","3":"status-publish","4":"has-post-thumbnail","6":"product_cat-wholesale-insulated-cooler-boxes","7":"product_tag-outdoor","9":"first","10":"instock","11":"shipping-taxable","12":"product-type-simple"},"acf":[],"_links":{"self":[{"href":"https:\/\/www.lianmeithermos.com\/de\/wp-json\/wp\/v2\/product\/573","targetHints":{"allow":["GET"]}}],"collection":[{"href":"https:\/\/www.lianmeithermos.com\/de\/wp-json\/wp\/v2\/product"}],"about":[{"href":"https:\/\/www.lianmeithermos.com\/de\/wp-json\/wp\/v2\/types\/product"}],"replies":[{"embeddable":true,"href":"https:\/\/www.lianmeithermos.com\/de\/wp-json\/wp\/v2\/comments?post=573"}],"wp:featuredmedia":[{"embeddable":true,"href":"https:\/\/www.lianmeithermos.com\/de\/wp-json\/wp\/v2\/media\/574"}],"wp:attachment":[{"href":"https:\/\/www.lianmeithermos.com\/de\/wp-json\/wp\/v2\/media?parent=573"}],"wp:term":[{"taxonomy":"product_brand","embeddable":true,"href":"https:\/\/www.lianmeithermos.com\/de\/wp-json\/wp\/v2\/product_brand?post=573"},{"taxonomy":"product_cat","embeddable":true,"href":"https:\/\/www.lianmeithermos.com\/de\/wp-json\/wp\/v2\/product_cat?post=573"},{"taxonomy":"product_tag","embeddable":true,"href":"https:\/\/www.lianmeithermos.com\/de\/wp-json\/wp\/v2\/product_tag?post=573"}],"curies":[{"name":"wp","href":"https:\/\/api.w.org\/{rel}","templated":true}]}}