{"id":577,"date":"2025-12-29T01:20:31","date_gmt":"2025-12-29T01:20:31","guid":{"rendered":"https:\/\/www.lianmeithermos.com\/?post_type=product&#038;p=577"},"modified":"2025-12-30T00:51:10","modified_gmt":"2025-12-30T00:51:10","slug":"wholesale-red-insulated-cooler-box-for-food-beverage-storage","status":"publish","type":"product","link":"https:\/\/www.lianmeithermos.com\/de\/produkt\/wholesale-red-insulated-cooler-box-for-food-beverage-storage\/","title":{"rendered":"Gro\u00dfhandel rote isolierte K\u00fchlbox f\u00fcr die Lagerung von Lebensmitteln und Getr\u00e4nken"},"content":{"rendered":"<h2 class=\"wp-block-heading\">Merkmale der roten isolierten K\u00fchlbox f\u00fcr den Gro\u00dfhandel<\/h2>\n\n\n\n<div class=\"wp-block-columns is-layout-flex wp-container-core-columns-is-layout-9d6595d7 wp-block-columns-is-layout-flex\">\n<div class=\"wp-block-column is-vertically-aligned-center is-layout-flow wp-block-column-is-layout-flow\">\n<div class=\"wp-block-columns is-layout-flex wp-container-core-columns-is-layout-9d6595d7 wp-block-columns-is-layout-flex\">\n<div class=\"wp-block-column is-vertically-aligned-top is-layout-flow wp-block-column-is-layout-flow\">\n<p><strong>1. Verstellbarer Verschlussdeckel f\u00fcr einfaches Verschlie\u00dfen<\/strong><br>Der Deckel verf\u00fcgt \u00fcber einen benutzerfreundlichen, einstellbaren Verschlussmechanismus, mit dem Sie die Festigkeit und H\u00f6he ganz einfach mit einem Schraubendreher regulieren k\u00f6nnen. Er passt sich an unterschiedliche F\u00fcllmengen an und verhindert ein Auslaufen oder Schwierigkeiten beim Verschlie\u00dfen.<\/p>\n\n\n\n<p><strong>2. Dreifach-Isolierung f\u00fcr lang anhaltende Temperaturerhaltung<\/strong><br>Mit einer Innenauskleidung aus Edelstahl, einer vollst\u00e4ndigen PU-Schaumisolierung und einer Au\u00dfenh\u00fclle aus PP f\u00fcr eine stabile Temperaturleistung im professionellen und gewerblichen Einsatz.<\/p>\n\n\n\n<p><strong>3. Robuste PP-Au\u00dfenh\u00fclle mit hoher Schlagfestigkeit<\/strong><br>Das robuste Geh\u00e4use aus technischem PP-Kunststoff ist leicht und dennoch \u00e4u\u00dferst widerstandsf\u00e4hig gegen St\u00fcrze und St\u00f6\u00dfe, sch\u00fctzt die Innenauskleidung und verl\u00e4ngert die Lebensdauer des Produkts.<\/p>\n\n\n\n<p><strong>4. Innenauskleidung aus lebensmittelechtem Edelstahl<\/strong><br>Dieses Produkt aus verdicktem, lebensmittelechtem Edelstahl ist korrosionsbest\u00e4ndig, rostfrei und leicht zu reinigen, wodurch die Lebensmittelsicherheit gew\u00e4hrleistet und der urspr\u00fcngliche Geschmack bewahrt wird.<\/p>\n\n\n\n<p><strong>5. Praktisches Design f\u00fcr den gewerblichen und privaten Gebrauch<\/strong><br>Mit einem robusten Griff und einem sicheren Deckel ausgestattet, vereint dieses Produkt einfache Handhabung mit zuverl\u00e4ssiger Aufbewahrung f\u00fcr Restaurants, Catering und den t\u00e4glichen Gebrauch im Haushalt.<\/p>\n<\/div>\n\n\n\n<div class=\"wp-block-column is-layout-flow wp-block-column-is-layout-flow\">\n<figure class=\"wp-block-image size-full\"><img decoding=\"async\" width=\"3975\" height=\"3975\" src=\"https:\/\/www.lianmeithermos.com\/wp-content\/uploads\/2025\/12\/Wholesale-Red-Insulated-Cooler-Box-for-Food-Beverage-Storage2.webp\" alt=\"Gro\u00dfhandel Rote isolierte K\u00fchlbox f\u00fcr die Lagerung von Lebensmitteln und Getr\u00e4nken2\" class=\"wp-image-579\" srcset=\"https:\/\/www.lianmeithermos.com\/wp-content\/uploads\/2025\/12\/Wholesale-Red-Insulated-Cooler-Box-for-Food-Beverage-Storage2.webp 3975w, https:\/\/www.lianmeithermos.com\/wp-content\/uploads\/2025\/12\/Wholesale-Red-Insulated-Cooler-Box-for-Food-Beverage-Storage2-300x300.webp 300w, https:\/\/www.lianmeithermos.com\/wp-content\/uploads\/2025\/12\/Wholesale-Red-Insulated-Cooler-Box-for-Food-Beverage-Storage2-150x150.webp 150w, https:\/\/www.lianmeithermos.com\/wp-content\/uploads\/2025\/12\/Wholesale-Red-Insulated-Cooler-Box-for-Food-Beverage-Storage2-768x768.webp 768w, https:\/\/www.lianmeithermos.com\/wp-content\/uploads\/2025\/12\/Wholesale-Red-Insulated-Cooler-Box-for-Food-Beverage-Storage2-1200x1200.webp 1200w, https:\/\/www.lianmeithermos.com\/wp-content\/uploads\/2025\/12\/Wholesale-Red-Insulated-Cooler-Box-for-Food-Beverage-Storage2-600x600.webp 600w, https:\/\/www.lianmeithermos.com\/wp-content\/uploads\/2025\/12\/Wholesale-Red-Insulated-Cooler-Box-for-Food-Beverage-Storage2-100x100.webp 100w\" sizes=\"(max-width: 3975px) 100vw, 3975px\" \/><\/figure>\n<\/div>\n<\/div>\n<\/div>\n<\/div>","protected":false},"excerpt":{"rendered":"<p data-start=\"452\" data-end=\"647\">Gro\u00dfhandels-K\u00fchlbox in Rot mit langlebiger Isolierung, um Speisen und Getr\u00e4nke stundenlang warm oder kalt zu halten. Ideal f\u00fcr Catering, Lieferungen und den Gro\u00dfhandel.<\/p>\n<h2>Spezifikationen der roten isolierten K\u00fchlbox f\u00fcr den Gro\u00dfhandel<\/h2>\n<table style=\"height: 92px;\" width=\"548\">\n<thead>\n<tr>\n<th>Fassungsverm\u00f6gen (l)<\/th>\n<th>Innenma\u00dfe (Durchmesser \u00d7 H\u00f6he, cm)<\/th>\n<th>Nettogewicht (kg)<\/th>\n<th>Bruttogewicht (kg)<\/th>\n<th>Einzelverpackungsgr\u00f6\u00dfe (cm)<\/th>\n<th>Kartongr\u00f6\u00dfe (cm)<\/th>\n<th>Menge \/ Karton<\/th>\n<\/tr>\n<\/thead>\n<tbody>\n<tr>\n<td>25<\/td>\n<td>24,5 \u00d7 27<\/td>\n<td>2.4<\/td>\n<td>2.9<\/td>\n<td>32 \u00d7 32 \u00d7 34<\/td>\n<td>64 \u00d7 64 \u00d7 34<\/td>\n<td>4<\/td>\n<\/tr>\n<tr>\n<td>40<\/td>\n<td>24,5 \u00d7 37<\/td>\n<td>3.1<\/td>\n<td>3.6<\/td>\n<td>32 \u00d7 32 \u00d7 44<\/td>\n<td>64 \u00d7 64 \u00d7 44<\/td>\n<td>4<\/td>\n<\/tr>\n<\/tbody>\n<\/table>","protected":false},"featured_media":578,"comment_status":"closed","ping_status":"closed","template":"","meta":{"_acf_changed":false},"product_brand":[],"product_cat":[19],"product_tag":[24],"class_list":{"0":"post-577","1":"product","2":"type-product","3":"status-publish","4":"has-post-thumbnail","6":"product_cat-wholesale-insulated-cooler-boxes","7":"product_tag-outdoor","9":"first","10":"instock","11":"shipping-taxable","12":"product-type-simple"},"acf":[],"_links":{"self":[{"href":"https:\/\/www.lianmeithermos.com\/de\/wp-json\/wp\/v2\/product\/577","targetHints":{"allow":["GET"]}}],"collection":[{"href":"https:\/\/www.lianmeithermos.com\/de\/wp-json\/wp\/v2\/product"}],"about":[{"href":"https:\/\/www.lianmeithermos.com\/de\/wp-json\/wp\/v2\/types\/product"}],"replies":[{"embeddable":true,"href":"https:\/\/www.lianmeithermos.com\/de\/wp-json\/wp\/v2\/comments?post=577"}],"wp:featuredmedia":[{"embeddable":true,"href":"https:\/\/www.lianmeithermos.com\/de\/wp-json\/wp\/v2\/media\/578"}],"wp:attachment":[{"href":"https:\/\/www.lianmeithermos.com\/de\/wp-json\/wp\/v2\/media?parent=577"}],"wp:term":[{"taxonomy":"product_brand","embeddable":true,"href":"https:\/\/www.lianmeithermos.com\/de\/wp-json\/wp\/v2\/product_brand?post=577"},{"taxonomy":"product_cat","embeddable":true,"href":"https:\/\/www.lianmeithermos.com\/de\/wp-json\/wp\/v2\/product_cat?post=577"},{"taxonomy":"product_tag","embeddable":true,"href":"https:\/\/www.lianmeithermos.com\/de\/wp-json\/wp\/v2\/product_tag?post=577"}],"curies":[{"name":"wp","href":"https:\/\/api.w.org\/{rel}","templated":true}]}}