{"id":582,"date":"2025-12-29T01:44:39","date_gmt":"2025-12-29T01:44:39","guid":{"rendered":"https:\/\/www.lianmeithermos.com\/?post_type=product&#038;p=582"},"modified":"2025-12-30T00:50:41","modified_gmt":"2025-12-30T00:50:41","slug":"wholesale-rectangular-insulated-cooler-box-for-food-storage","status":"publish","type":"product","link":"https:\/\/www.lianmeithermos.com\/de\/produkt\/wholesale-rectangular-insulated-cooler-box-for-food-storage\/","title":{"rendered":"Gro\u00dfhandel Rechteckige isolierte K\u00fchlbox f\u00fcr die Aufbewahrung von Lebensmitteln"},"content":{"rendered":"<h2 class=\"wp-block-heading\">Merkmale der rechteckigen Isolierk\u00fchlbox f\u00fcr den Gro\u00dfhandel<\/h2>\n\n\n\n<div class=\"wp-block-columns is-layout-flex wp-container-core-columns-is-layout-9d6595d7 wp-block-columns-is-layout-flex\">\n<div class=\"wp-block-column is-vertically-aligned-center is-layout-flow wp-block-column-is-layout-flow\">\n<div class=\"wp-block-columns is-layout-flex wp-container-core-columns-is-layout-9d6595d7 wp-block-columns-is-layout-flex\">\n<div class=\"wp-block-column is-vertically-aligned-top is-layout-flow wp-block-column-is-layout-flow\">\n<p><strong>Isolierung in Handelsqualit\u00e4t<\/strong><br>Die dick isolierte Struktur h\u00e4lt hei\u00dfe oder kalte Temperaturen \u00fcber l\u00e4ngere Zeitr\u00e4ume aufrecht.<\/p>\n\n\n\n<p><strong>Rechteckiges Design f\u00fcr effiziente Lagerung<\/strong><br>Die platzsparende Form passt problemlos in K\u00fcchen, Transportfahrzeuge und Lagerr\u00e4ume.<\/p>\n\n\n\n<p><strong>Robustes und sto\u00dffestes Geh\u00e4use<\/strong><br>Aus robusten Materialien f\u00fcr den langfristigen gewerblichen Einsatz und hohe Beanspruchung gefertigt.<\/p>\n\n\n\n<p><strong>Lebensmittelecht und leicht zu reinigen<\/strong><br>Die glatte Innenfl\u00e4che sorgt f\u00fcr Hygiene und eine schnelle Reinigung zwischen den Anwendungen.<\/p>\n\n\n\n<p><strong>Gro\u00dfhandel Bereit f\u00fcr B2B-Lieferung<\/strong><br>Stabile Qualit\u00e4t, in verschiedenen Gr\u00f6\u00dfen erh\u00e4ltlich, geeignet f\u00fcr den Gro\u00dfeinkauf und den Vertrieb.<\/p>\n<\/div>\n\n\n\n<div class=\"wp-block-column is-layout-flow wp-block-column-is-layout-flow\">\n<figure class=\"wp-block-image size-full\"><img decoding=\"async\" width=\"2048\" height=\"2048\" src=\"https:\/\/www.lianmeithermos.com\/wp-content\/uploads\/2025\/12\/Wholesale-Rectangular-Insulated-Cooler-Box.webp\" alt=\"Gro\u00dfhandel Rechteckige Isolierte K\u00fchlbox\" class=\"wp-image-583\" srcset=\"https:\/\/www.lianmeithermos.com\/wp-content\/uploads\/2025\/12\/Wholesale-Rectangular-Insulated-Cooler-Box.webp 2048w, https:\/\/www.lianmeithermos.com\/wp-content\/uploads\/2025\/12\/Wholesale-Rectangular-Insulated-Cooler-Box-300x300.webp 300w, https:\/\/www.lianmeithermos.com\/wp-content\/uploads\/2025\/12\/Wholesale-Rectangular-Insulated-Cooler-Box-150x150.webp 150w, https:\/\/www.lianmeithermos.com\/wp-content\/uploads\/2025\/12\/Wholesale-Rectangular-Insulated-Cooler-Box-768x768.webp 768w, https:\/\/www.lianmeithermos.com\/wp-content\/uploads\/2025\/12\/Wholesale-Rectangular-Insulated-Cooler-Box-1200x1200.webp 1200w, https:\/\/www.lianmeithermos.com\/wp-content\/uploads\/2025\/12\/Wholesale-Rectangular-Insulated-Cooler-Box-600x600.webp 600w, https:\/\/www.lianmeithermos.com\/wp-content\/uploads\/2025\/12\/Wholesale-Rectangular-Insulated-Cooler-Box-100x100.webp 100w\" sizes=\"(max-width: 2048px) 100vw, 2048px\" \/><\/figure>\n<\/div>\n<\/div>\n<\/div>\n<\/div>","protected":false},"excerpt":{"rendered":"<p data-start=\"452\" data-end=\"647\">Gro\u00dfhandels-K\u00fchlbox in rechteckiger Form zur Aufbewahrung von Lebensmitteln, entwickelt f\u00fcr Catering, Restaurants und gewerbliche Gastronomie. Die robuste Konstruktion mit starker Isolierung h\u00e4lt Lebensmittel frisch und bei stabilen Temperaturen und eignet sich ideal f\u00fcr Gro\u00dfbestellungen und den Gro\u00dfhandel.<\/p>\n<h2>\u00a0<\/h2>\n<p>&nbsp;<\/p>","protected":false},"featured_media":583,"comment_status":"closed","ping_status":"closed","template":"","meta":{"_acf_changed":false},"product_brand":[],"product_cat":[19],"product_tag":[24],"class_list":{"0":"post-582","1":"product","2":"type-product","3":"status-publish","4":"has-post-thumbnail","6":"product_cat-wholesale-insulated-cooler-boxes","7":"product_tag-outdoor","9":"first","10":"instock","11":"shipping-taxable","12":"product-type-simple"},"acf":[],"_links":{"self":[{"href":"https:\/\/www.lianmeithermos.com\/de\/wp-json\/wp\/v2\/product\/582","targetHints":{"allow":["GET"]}}],"collection":[{"href":"https:\/\/www.lianmeithermos.com\/de\/wp-json\/wp\/v2\/product"}],"about":[{"href":"https:\/\/www.lianmeithermos.com\/de\/wp-json\/wp\/v2\/types\/product"}],"replies":[{"embeddable":true,"href":"https:\/\/www.lianmeithermos.com\/de\/wp-json\/wp\/v2\/comments?post=582"}],"wp:featuredmedia":[{"embeddable":true,"href":"https:\/\/www.lianmeithermos.com\/de\/wp-json\/wp\/v2\/media\/583"}],"wp:attachment":[{"href":"https:\/\/www.lianmeithermos.com\/de\/wp-json\/wp\/v2\/media?parent=582"}],"wp:term":[{"taxonomy":"product_brand","embeddable":true,"href":"https:\/\/www.lianmeithermos.com\/de\/wp-json\/wp\/v2\/product_brand?post=582"},{"taxonomy":"product_cat","embeddable":true,"href":"https:\/\/www.lianmeithermos.com\/de\/wp-json\/wp\/v2\/product_cat?post=582"},{"taxonomy":"product_tag","embeddable":true,"href":"https:\/\/www.lianmeithermos.com\/de\/wp-json\/wp\/v2\/product_tag?post=582"}],"curies":[{"name":"wp","href":"https:\/\/api.w.org\/{rel}","templated":true}]}}