{"id":585,"date":"2025-12-29T03:25:47","date_gmt":"2025-12-29T03:25:47","guid":{"rendered":"https:\/\/www.lianmeithermos.com\/?post_type=product&#038;p=585"},"modified":"2026-01-24T08:09:16","modified_gmt":"2026-01-24T08:09:16","slug":"premium-bulk-insulated-food-containers","status":"publish","type":"product","link":"https:\/\/www.lianmeithermos.com\/de\/produkt\/premium-bulk-insulated-food-containers\/","title":{"rendered":"Gro\u00dfhandel Bulk stapelbar isolierte Lebensmittelbeh\u00e4lter"},"content":{"rendered":"<h2 class=\"wp-block-heading\">Merkmale von stapelbaren isolierten Lebensmittelbeh\u00e4ltern in gro\u00dfen Mengen <\/h2>\n\n\n\n<div class=\"wp-block-columns is-layout-flex wp-container-core-columns-is-layout-9d6595d7 wp-block-columns-is-layout-flex\">\n<div class=\"wp-block-column is-vertically-aligned-center is-layout-flow wp-block-column-is-layout-flow\">\n<div class=\"wp-block-columns is-layout-flex wp-container-core-columns-is-layout-9d6595d7 wp-block-columns-is-layout-flex\">\n<div class=\"wp-block-column is-vertically-aligned-top is-layout-flow wp-block-column-is-layout-flow\">\n<p><strong>Lang anhaltende Isolierung:<\/strong> Das leistungsstarke Isolationsdesign h\u00e4lt Lebensmittel \u00fcber l\u00e4ngere Zeitr\u00e4ume hinweg auf der idealen Temperatur und sorgt so f\u00fcr Frische und Genuss w\u00e4hrend des Transports oder bei Zusammenk\u00fcnften.<\/p>\n\n\n\n<p><strong>Langlebige, hochwertige Materialien:<\/strong> Hergestellt aus lebensmittelechten, BPA-freien Materialien, robust und langlebig f\u00fcr den t\u00e4glichen Gebrauch.<\/p>\n\n\n\n<p><strong>Auslaufsicheres und versch\u00fcttungssicheres Design:<\/strong> Das Design mit versiegelter Abdeckung verhindert wirksam das Auslaufen und ist ideal f\u00fcr die Lieferung von Speisen oder den Transport von Lebensmitteln unterwegs.<\/p>\n\n\n\n<p><strong>Leicht zu reinigen und wiederverwendbar:<\/strong> Glatte Innenfl\u00e4che, sp\u00fclmaschinenfest, umweltfreundlich und nachhaltig.<\/p>\n\n\n\n<p><strong>Gro\u00dfe Kapazit\u00e4t f\u00fcr den Gro\u00dfverbrauch:<\/strong> Gro\u00dfes Fassungsverm\u00f6gen und stapelbares Design, geeignet f\u00fcr Restaurants, die Zubereitung von Mahlzeiten oder Gro\u00dfveranstaltungen.<\/p>\n<\/div>\n\n\n\n<div class=\"wp-block-column is-layout-flow wp-block-column-is-layout-flow\">\n<figure class=\"wp-block-image size-full\"><img decoding=\"async\" width=\"1664\" height=\"1248\" src=\"https:\/\/www.lianmeithermos.com\/wp-content\/uploads\/2025\/12\/wholesale-insulated-food-containers-manufacturer-1.webp\" alt=\"Gro\u00dfhandelshersteller von isolierten Lebensmittelbeh\u00e4ltern\" class=\"wp-image-586\" srcset=\"https:\/\/www.lianmeithermos.com\/wp-content\/uploads\/2025\/12\/wholesale-insulated-food-containers-manufacturer-1.webp 1664w, https:\/\/www.lianmeithermos.com\/wp-content\/uploads\/2025\/12\/wholesale-insulated-food-containers-manufacturer-1-300x225.webp 300w, https:\/\/www.lianmeithermos.com\/wp-content\/uploads\/2025\/12\/wholesale-insulated-food-containers-manufacturer-1-768x576.webp 768w, https:\/\/www.lianmeithermos.com\/wp-content\/uploads\/2025\/12\/wholesale-insulated-food-containers-manufacturer-1-1200x900.webp 1200w, https:\/\/www.lianmeithermos.com\/wp-content\/uploads\/2025\/12\/wholesale-insulated-food-containers-manufacturer-1-600x450.webp 600w\" sizes=\"(max-width: 1664px) 100vw, 1664px\" \/><\/figure>\n<\/div>\n<\/div>\n<\/div>\n<\/div>\n\n\n\n<p><\/p>","protected":false},"excerpt":{"rendered":"<p data-start=\"239\" data-end=\"539\">Die stapelbaren isolierten Lebensmittelbeh\u00e4lter aus haltbarem, BPA-freiem Material halten Speisen stundenlang warm oder kalt. Auslaufsichere Deckel sorgen f\u00fcr einen sicheren Transport, w\u00e4hrend gro\u00dfe, stapelbare Gr\u00f6\u00dfen sie perfekt f\u00fcr Restaurants, Catering, Essenszubereitung und Veranstaltungen machen. Ideal f\u00fcr die Lagerung und den Transport von Lebensmitteln in gro\u00dfen Mengen.<\/p>\n<h2>\u00a0<\/h2>\n<p>&nbsp;<\/p>","protected":false},"featured_media":586,"comment_status":"closed","ping_status":"closed","template":"","meta":{"_acf_changed":false},"product_brand":[],"product_cat":[20],"product_tag":[23],"class_list":{"0":"post-585","1":"product","2":"type-product","3":"status-publish","4":"has-post-thumbnail","6":"product_cat-wholesale-insulated-food-containers","7":"product_tag-family-kitchen","9":"first","10":"instock","11":"shipping-taxable","12":"product-type-simple"},"acf":[],"_links":{"self":[{"href":"https:\/\/www.lianmeithermos.com\/de\/wp-json\/wp\/v2\/product\/585","targetHints":{"allow":["GET"]}}],"collection":[{"href":"https:\/\/www.lianmeithermos.com\/de\/wp-json\/wp\/v2\/product"}],"about":[{"href":"https:\/\/www.lianmeithermos.com\/de\/wp-json\/wp\/v2\/types\/product"}],"replies":[{"embeddable":true,"href":"https:\/\/www.lianmeithermos.com\/de\/wp-json\/wp\/v2\/comments?post=585"}],"wp:featuredmedia":[{"embeddable":true,"href":"https:\/\/www.lianmeithermos.com\/de\/wp-json\/wp\/v2\/media\/586"}],"wp:attachment":[{"href":"https:\/\/www.lianmeithermos.com\/de\/wp-json\/wp\/v2\/media?parent=585"}],"wp:term":[{"taxonomy":"product_brand","embeddable":true,"href":"https:\/\/www.lianmeithermos.com\/de\/wp-json\/wp\/v2\/product_brand?post=585"},{"taxonomy":"product_cat","embeddable":true,"href":"https:\/\/www.lianmeithermos.com\/de\/wp-json\/wp\/v2\/product_cat?post=585"},{"taxonomy":"product_tag","embeddable":true,"href":"https:\/\/www.lianmeithermos.com\/de\/wp-json\/wp\/v2\/product_tag?post=585"}],"curies":[{"name":"wp","href":"https:\/\/api.w.org\/{rel}","templated":true}]}}