{"id":677,"date":"2026-01-15T07:29:02","date_gmt":"2026-01-15T07:29:02","guid":{"rendered":"https:\/\/www.lianmeithermos.com\/?post_type=product&#038;p=677"},"modified":"2026-04-06T08:52:57","modified_gmt":"2026-04-06T08:52:57","slug":"wholesale-stainless-steel-food-transport-barrel","status":"publish","type":"product","link":"https:\/\/www.lianmeithermos.com\/de\/produkt\/wholesale-stainless-steel-food-transport-barrel\/","title":{"rendered":"Gro\u00dfhandel Edelstahl Lebensmittel Transport Barrel kommerziellen isolierten Container in Bulk"},"content":{"rendered":"<h2 class=\"wp-block-heading\">Merkmale der Gro\u00dfhandel Edelstahl Lebensmittel Transport Fass<\/h2>\n\n\n\n<div class=\"wp-block-columns is-layout-flex wp-container-core-columns-is-layout-9d6595d7 wp-block-columns-is-layout-flex\">\n<div class=\"wp-block-column is-vertically-aligned-center is-layout-flow wp-block-column-is-layout-flow\">\n<div class=\"wp-block-columns is-layout-flex wp-container-core-columns-is-layout-9d6595d7 wp-block-columns-is-layout-flex\">\n<div class=\"wp-block-column is-vertically-aligned-top is-layout-flow wp-block-column-is-layout-flow\">\n<p><strong>Premium 201 &amp; 304 Food Grade Stainless Steel<\/strong><br>Manufactured from high-quality 201 and 304 food grade stainless steel, offering excellent corrosion resistance, durability, and safe food contact. Easy to clean and ideal for long-term commercial use.<\/p>\n\n\n\n<p><strong>Enhanced Insulation with Full PU Foam Layer<\/strong><br>Built with a full PU foam insulation core and double-wall structure, it effectively maintains food temperature. Keeps liquids hot for 18\u201324 hours and solid food warm for 6\u201310 hours under 26\u00b0C ambient conditions.<\/p>\n\n\n\n<p><strong>Airtight Lid with Silicone Seal &amp; Locking Latches<\/strong><br>Equipped with a tight-fitting lid featuring a silicone sealing ring and secure locking clips, significantly improving airtightness, preventing leaks, and extending heat retention performance.<\/p>\n\n\n\n<p><strong>Heavy-Duty Design for Commercial Use<\/strong><br>Reinforced barrel body with durable construction, designed for intensive use in restaurants, catering services, and food delivery operations.<\/p>\n\n\n\n<p><strong>Safe, Stable &amp; Easy to Handle<\/strong><br>Wide opening for easy filling and cleaning, combined with sturdy handles and a stable base for safe transportation and handling.<\/p>\n\n\n\n<p><strong>Certified for Food Safety (FDA &amp; FCM Approved)<\/strong><br>Complies with international food safety standards, including FDA and FCM certifications, ensuring reliable quality for global markets.<\/p>\n<\/div>\n\n\n\n<div class=\"wp-block-column is-layout-flow wp-block-column-is-layout-flow\">\n<figure class=\"wp-block-image size-full\"><img decoding=\"async\" width=\"800\" height=\"800\" src=\"https:\/\/www.lianmeithermos.com\/wp-content\/uploads\/2026\/01\/Wholesale-Stainless-Steel-Food-Transport-Barrel-1.webp\" alt=\"Gro\u00dfhandel Edelstahl Lebensmittel Transport Barrel\" class=\"wp-image-872\" srcset=\"https:\/\/www.lianmeithermos.com\/wp-content\/uploads\/2026\/01\/Wholesale-Stainless-Steel-Food-Transport-Barrel-1.webp 800w, https:\/\/www.lianmeithermos.com\/wp-content\/uploads\/2026\/01\/Wholesale-Stainless-Steel-Food-Transport-Barrel-1-300x300.webp 300w, https:\/\/www.lianmeithermos.com\/wp-content\/uploads\/2026\/01\/Wholesale-Stainless-Steel-Food-Transport-Barrel-1-150x150.webp 150w, https:\/\/www.lianmeithermos.com\/wp-content\/uploads\/2026\/01\/Wholesale-Stainless-Steel-Food-Transport-Barrel-1-768x768.webp 768w, https:\/\/www.lianmeithermos.com\/wp-content\/uploads\/2026\/01\/Wholesale-Stainless-Steel-Food-Transport-Barrel-1-12x12.webp 12w, https:\/\/www.lianmeithermos.com\/wp-content\/uploads\/2026\/01\/Wholesale-Stainless-Steel-Food-Transport-Barrel-1-600x600.webp 600w, https:\/\/www.lianmeithermos.com\/wp-content\/uploads\/2026\/01\/Wholesale-Stainless-Steel-Food-Transport-Barrel-1-100x100.webp 100w\" sizes=\"(max-width: 800px) 100vw, 800px\" \/><\/figure>\n<\/div>\n<\/div>\n<\/div>\n<\/div>","protected":false},"excerpt":{"rendered":"<p data-start=\"452\" data-end=\"647\">Gro\u00dfhandels-Edelstahl-Lebensmitteltransportfass, ideal f\u00fcr die gewerbliche Nutzung. Isolierte Design h\u00e4lt Lebensmittel hei\u00df oder kalt, langlebig und leicht zu reinigen-perfekt f\u00fcr Restaurants, Catering und gro\u00dfe Lebensmittel Lieferung.<\/p>\n<h2>Spezifikationen des Gro\u00dfhandels Edelstahl Lebensmittel Transport Fass<\/h2>\n<p><strong>1. 201 Stainless Steel Series (B-Series)<br \/><\/strong><\/p>\n<table data-path-to-node=\"2\">\n<thead>\n<tr>\n<td><strong>Kapazit\u00e4t<\/strong><\/td>\n<td><strong>Inner Dia (cm)<\/strong><\/td>\n<td><strong>Outer Dia (cm)<\/strong><\/td>\n<td><strong>Innere H\u00f6he (cm)<\/strong><\/td>\n<td><strong>\u00c4u\u00dfere H\u00f6he (cm)<\/strong><\/td>\n<td><strong>Actual Vol (L)<\/strong><\/td>\n<td><strong>Rice (kg)<\/strong><\/td>\n<td><strong>Porridge (kg)<\/strong><\/td>\n<td><strong>Soy Milk (cups)<\/strong><\/td>\n<\/tr>\n<\/thead>\n<tbody>\n<tr>\n<td><span data-path-to-node=\"2,1,0,0\"><b data-path-to-node=\"2,1,0,0\" data-index-in-node=\"0\">6L<\/b><\/span><\/td>\n<td><span data-path-to-node=\"2,1,1,0\">19.5<\/span><\/td>\n<td><span data-path-to-node=\"2,1,2,0\">23.5<\/span><\/td>\n<td><span data-path-to-node=\"2,1,3,0\">23<\/span><\/td>\n<td><span data-path-to-node=\"2,1,4,0\">25<\/span><\/td>\n<td><span data-path-to-node=\"2,1,5,0\">6<\/span><\/td>\n<td><span data-path-to-node=\"2,1,6,0\"><b data-path-to-node=\"2,1,6,0\" data-index-in-node=\"0\">3.5<\/b><\/span><\/td>\n<td><span data-path-to-node=\"2,1,7,0\"><b data-path-to-node=\"2,1,7,0\" data-index-in-node=\"0\">4.5<\/b><\/span><\/td>\n<td><span data-path-to-node=\"2,1,8,0\">17<\/span><\/td>\n<\/tr>\n<tr>\n<td><span data-path-to-node=\"2,2,0,0\"><b data-path-to-node=\"2,2,0,0\" data-index-in-node=\"0\">9L<\/b><\/span><\/td>\n<td><span data-path-to-node=\"2,2,1,0\">25<\/span><\/td>\n<td><span data-path-to-node=\"2,2,2,0\">29<\/span><\/td>\n<td><span data-path-to-node=\"2,2,3,0\">25<\/span><\/td>\n<td><span data-path-to-node=\"2,2,4,0\">30<\/span><\/td>\n<td><span data-path-to-node=\"2,2,5,0\">12.5<\/span><\/td>\n<td><span data-path-to-node=\"2,2,6,0\"><b data-path-to-node=\"2,2,6,0\" data-index-in-node=\"0\">7.5<\/b><\/span><\/td>\n<td><span data-path-to-node=\"2,2,7,0\"><b data-path-to-node=\"2,2,7,0\" data-index-in-node=\"0\">9.5<\/b><\/span><\/td>\n<td><span data-path-to-node=\"2,2,8,0\">34<\/span><\/td>\n<\/tr>\n<tr>\n<td><span data-path-to-node=\"2,3,0,0\"><b data-path-to-node=\"2,3,0,0\" data-index-in-node=\"0\">12L<\/b><\/span><\/td>\n<td><span data-path-to-node=\"2,3,1,0\">25<\/span><\/td>\n<td><span data-path-to-node=\"2,3,2,0\">29<\/span><\/td>\n<td><span data-path-to-node=\"2,3,3,0\">35<\/span><\/td>\n<td><span data-path-to-node=\"2,3,4,0\">40<\/span><\/td>\n<td><span data-path-to-node=\"2,3,5,0\">17.5<\/span><\/td>\n<td><span data-path-to-node=\"2,3,6,0\"><b data-path-to-node=\"2,3,6,0\" data-index-in-node=\"0\">10.5<\/b><\/span><\/td>\n<td><span data-path-to-node=\"2,3,7,0\"><b data-path-to-node=\"2,3,7,0\" data-index-in-node=\"0\">13<\/b><\/span><\/td>\n<td><span data-path-to-node=\"2,3,8,0\">48<\/span><\/td>\n<\/tr>\n<tr>\n<td><span data-path-to-node=\"2,4,0,0\"><b data-path-to-node=\"2,4,0,0\" data-index-in-node=\"0\">14L<\/b><\/span><\/td>\n<td><span data-path-to-node=\"2,4,1,0\">25<\/span><\/td>\n<td><span data-path-to-node=\"2,4,2,0\">29<\/span><\/td>\n<td><span data-path-to-node=\"2,4,3,0\">20<\/span><\/td>\n<td><span data-path-to-node=\"2,4,4,0\">25<\/span><\/td>\n<td><span data-path-to-node=\"2,4,5,0\">10<\/span><\/td>\n<td><span data-path-to-node=\"2,4,6,0\"><b data-path-to-node=\"2,4,6,0\" data-index-in-node=\"0\">6<\/b><\/span><\/td>\n<td><span data-path-to-node=\"2,4,7,0\"><b data-path-to-node=\"2,4,7,0\" data-index-in-node=\"0\">7.5<\/b><\/span><\/td>\n<td><span data-path-to-node=\"2,4,8,0\">23<\/span><\/td>\n<\/tr>\n<tr>\n<td><span data-path-to-node=\"2,5,0,0\"><b data-path-to-node=\"2,5,0,0\" data-index-in-node=\"0\">17L<\/b><\/span><\/td>\n<td><span data-path-to-node=\"2,5,1,0\">25<\/span><\/td>\n<td><span data-path-to-node=\"2,5,2,0\">29<\/span><\/td>\n<td><span data-path-to-node=\"2,5,3,0\">29<\/span><\/td>\n<td><span data-path-to-node=\"2,5,4,0\">33<\/span><\/td>\n<td><span data-path-to-node=\"2,5,5,0\">14<\/span><\/td>\n<td><span data-path-to-node=\"2,5,6,0\"><b data-path-to-node=\"2,5,6,0\" data-index-in-node=\"0\">8.5<\/b><\/span><\/td>\n<td><span data-path-to-node=\"2,5,7,0\"><b data-path-to-node=\"2,5,7,0\" data-index-in-node=\"0\">10.5<\/b><\/span><\/td>\n<td><span data-path-to-node=\"2,5,8,0\">40<\/span><\/td>\n<\/tr>\n<tr>\n<td><span data-path-to-node=\"2,6,0,0\"><b data-path-to-node=\"2,6,0,0\" data-index-in-node=\"0\">21L<\/b><\/span><\/td>\n<td><span data-path-to-node=\"2,6,1,0\">30<\/span><\/td>\n<td><span data-path-to-node=\"2,6,2,0\">34<\/span><\/td>\n<td><span data-path-to-node=\"2,6,3,0\">30<\/span><\/td>\n<td><span data-path-to-node=\"2,6,4,0\">35<\/span><\/td>\n<td><span data-path-to-node=\"2,6,5,0\">22.5<\/span><\/td>\n<td><span data-path-to-node=\"2,6,6,0\"><b data-path-to-node=\"2,6,6,0\" data-index-in-node=\"0\">13.5<\/b><\/span><\/td>\n<td><span data-path-to-node=\"2,6,7,0\"><b data-path-to-node=\"2,6,7,0\" data-index-in-node=\"0\">17<\/b><\/span><\/td>\n<td><span data-path-to-node=\"2,6,8,0\">57<\/span><\/td>\n<\/tr>\n<tr>\n<td><span data-path-to-node=\"2,7,0,0\"><b data-path-to-node=\"2,7,0,0\" data-index-in-node=\"0\">28L<\/b><\/span><\/td>\n<td><span data-path-to-node=\"2,7,1,0\">30<\/span><\/td>\n<td><span data-path-to-node=\"2,7,2,0\">34<\/span><\/td>\n<td><span data-path-to-node=\"2,7,3,0\">40<\/span><\/td>\n<td><span data-path-to-node=\"2,7,4,0\">45<\/span><\/td>\n<td><span data-path-to-node=\"2,7,5,0\">28<\/span><\/td>\n<td><span data-path-to-node=\"2,7,6,0\"><b data-path-to-node=\"2,7,6,0\" data-index-in-node=\"0\">16.5<\/b><\/span><\/td>\n<td><span data-path-to-node=\"2,7,7,0\"><b data-path-to-node=\"2,7,7,0\" data-index-in-node=\"0\">21<\/b><\/span><\/td>\n<td><span data-path-to-node=\"2,7,8,0\">80<\/span><\/td>\n<\/tr>\n<tr>\n<td><span data-path-to-node=\"2,8,0,0\"><b data-path-to-node=\"2,8,0,0\" data-index-in-node=\"0\">33L<\/b><\/span><\/td>\n<td><span data-path-to-node=\"2,8,1,0\">35<\/span><\/td>\n<td><span data-path-to-node=\"2,8,2,0\">39<\/span><\/td>\n<td><span data-path-to-node=\"2,8,3,0\">34.6<\/span><\/td>\n<td><span data-path-to-node=\"2,8,4,0\">40<\/span><\/td>\n<td><span data-path-to-node=\"2,8,5,0\">33<\/span><\/td>\n<td><span data-path-to-node=\"2,8,6,0\"><b data-path-to-node=\"2,8,6,0\" data-index-in-node=\"0\">20<\/b><\/span><\/td>\n<td><span data-path-to-node=\"2,8,7,0\"><b data-path-to-node=\"2,8,7,0\" data-index-in-node=\"0\">25<\/b><\/span><\/td>\n<td><span data-path-to-node=\"2,8,8,0\">94<\/span><\/td>\n<\/tr>\n<tr>\n<td><span data-path-to-node=\"2,9,0,0\"><b data-path-to-node=\"2,9,0,0\" data-index-in-node=\"0\">37L<\/b><\/span><\/td>\n<td><span data-path-to-node=\"2,9,1,0\">35<\/span><\/td>\n<td><span data-path-to-node=\"2,9,2,0\">39<\/span><\/td>\n<td><span data-path-to-node=\"2,9,3,0\">39<\/span><\/td>\n<td><span data-path-to-node=\"2,9,4,0\">46<\/span><\/td>\n<td><span data-path-to-node=\"2,9,5,0\">37<\/span><\/td>\n<td><span data-path-to-node=\"2,9,6,0\"><b data-path-to-node=\"2,9,6,0\" data-index-in-node=\"0\">22<\/b><\/span><\/td>\n<td><span data-path-to-node=\"2,9,7,0\"><b data-path-to-node=\"2,9,7,0\" data-index-in-node=\"0\">28<\/b><\/span><\/td>\n<td><span data-path-to-node=\"2,9,8,0\">105<\/span><\/td>\n<\/tr>\n<tr>\n<td><span data-path-to-node=\"2,10,0,0\"><b data-path-to-node=\"2,10,0,0\" data-index-in-node=\"0\">50L<\/b><\/span><\/td>\n<td><span data-path-to-node=\"2,10,1,0\">40<\/span><\/td>\n<td><span data-path-to-node=\"2,10,2,0\">44<\/span><\/td>\n<td><span data-path-to-node=\"2,10,3,0\">39<\/span><\/td>\n<td><span data-path-to-node=\"2,10,4,0\">46<\/span><\/td>\n<td><span data-path-to-node=\"2,10,5,0\">50<\/span><\/td>\n<td><span data-path-to-node=\"2,10,6,0\"><b data-path-to-node=\"2,10,6,0\" data-index-in-node=\"0\">30<\/b><\/span><\/td>\n<td><span data-path-to-node=\"2,10,7,0\"><b data-path-to-node=\"2,10,7,0\" data-index-in-node=\"0\">37.5<\/b><\/span><\/td>\n<td><span data-path-to-node=\"2,10,8,0\">140<\/span><\/td>\n<\/tr>\n<tr>\n<td><span data-path-to-node=\"2,11,0,0\"><b data-path-to-node=\"2,11,0,0\" data-index-in-node=\"0\">57L<\/b><\/span><\/td>\n<td><span data-path-to-node=\"2,11,1,0\">40<\/span><\/td>\n<td><span data-path-to-node=\"2,11,2,0\">44<\/span><\/td>\n<td><span data-path-to-node=\"2,11,3,0\">46<\/span><\/td>\n<td><span data-path-to-node=\"2,11,4,0\">53.5<\/span><\/td>\n<td><span data-path-to-node=\"2,11,5,0\">57<\/span><\/td>\n<td><span data-path-to-node=\"2,11,6,0\"><b data-path-to-node=\"2,11,6,0\" data-index-in-node=\"0\">34<\/b><\/span><\/td>\n<td><span data-path-to-node=\"2,11,7,0\"><b data-path-to-node=\"2,11,7,0\" data-index-in-node=\"0\">43<\/b><\/span><\/td>\n<td><span data-path-to-node=\"2,11,8,0\">162<\/span><\/td>\n<\/tr>\n<tr>\n<td><span data-path-to-node=\"2,12,0,0\"><b data-path-to-node=\"2,12,0,0\" data-index-in-node=\"0\">70L<\/b><\/span><\/td>\n<td><span data-path-to-node=\"2,12,1,0\">40<\/span><\/td>\n<td><span data-path-to-node=\"2,12,2,0\">44<\/span><\/td>\n<td><span data-path-to-node=\"2,12,3,0\">54.5<\/span><\/td>\n<td><span data-path-to-node=\"2,12,4,0\">59.5<\/span><\/td>\n<td><span data-path-to-node=\"2,12,5,0\">70<\/span><\/td>\n<td><span data-path-to-node=\"2,12,6,0\"><b data-path-to-node=\"2,12,6,0\" data-index-in-node=\"0\">42<\/b><\/span><\/td>\n<td><span data-path-to-node=\"2,12,7,0\"><b data-path-to-node=\"2,12,7,0\" data-index-in-node=\"0\">52.5<\/b><\/span><\/td>\n<td><span data-path-to-node=\"2,12,8,0\">194<\/span><\/td>\n<\/tr>\n<tr>\n<td><span data-path-to-node=\"2,13,0,0\"><b data-path-to-node=\"2,13,0,0\" data-index-in-node=\"0\">86L<\/b><\/span><\/td>\n<td><span data-path-to-node=\"2,13,1,0\">45<\/span><\/td>\n<td><span data-path-to-node=\"2,13,2,0\">49<\/span><\/td>\n<td><span data-path-to-node=\"2,13,3,0\">54.5<\/span><\/td>\n<td><span data-path-to-node=\"2,13,4,0\">60<\/span><\/td>\n<td><span data-path-to-node=\"2,13,5,0\">86<\/span><\/td>\n<td><span data-path-to-node=\"2,13,6,0\"><b data-path-to-node=\"2,13,6,0\" data-index-in-node=\"0\">51.5<\/b><\/span><\/td>\n<td><span data-path-to-node=\"2,13,7,0\"><b data-path-to-node=\"2,13,7,0\" data-index-in-node=\"0\">64.5<\/b><\/span><\/td>\n<td><span data-path-to-node=\"2,13,8,0\">245<\/span><\/td>\n<\/tr>\n<\/tbody>\n<\/table>\n<p><strong><br \/>2. 304 Stainless Steel Series (B-Series)<br \/><\/strong><\/p>\n<table data-path-to-node=\"5\">\n<thead>\n<tr>\n<td><strong>Kapazit\u00e4t<\/strong><\/td>\n<td><strong>Inner Dia (cm)<\/strong><\/td>\n<td><strong>Outer Dia (cm)<\/strong><\/td>\n<td><strong>Innere H\u00f6he (cm)<\/strong><\/td>\n<td><strong>\u00c4u\u00dfere H\u00f6he (cm)<\/strong><\/td>\n<td><strong>Actual Vol (L)<\/strong><\/td>\n<td><strong>Rice (kg)<\/strong><\/td>\n<td><strong>Porridge (kg)<\/strong><\/td>\n<td><strong>Soy Milk (cups)<\/strong><\/td>\n<\/tr>\n<\/thead>\n<tbody>\n<tr>\n<td><span data-path-to-node=\"5,1,0,0\"><b data-path-to-node=\"5,1,0,0\" data-index-in-node=\"0\">6L<\/b><\/span><\/td>\n<td><span data-path-to-node=\"5,1,1,0\">19.5<\/span><\/td>\n<td><span data-path-to-node=\"5,1,2,0\">23.5<\/span><\/td>\n<td><span data-path-to-node=\"5,1,3,0\">23<\/span><\/td>\n<td><span data-path-to-node=\"5,1,4,0\">25<\/span><\/td>\n<td><span data-path-to-node=\"5,1,5,0\">6<\/span><\/td>\n<td><span data-path-to-node=\"5,1,6,0\"><b data-path-to-node=\"5,1,6,0\" data-index-in-node=\"0\">3.5<\/b><\/span><\/td>\n<td><span data-path-to-node=\"5,1,7,0\"><b data-path-to-node=\"5,1,7,0\" data-index-in-node=\"0\">4.5<\/b><\/span><\/td>\n<td><span data-path-to-node=\"5,1,8,0\">17<\/span><\/td>\n<\/tr>\n<tr>\n<td><span data-path-to-node=\"5,2,0,0\"><b data-path-to-node=\"5,2,0,0\" data-index-in-node=\"0\">9L<\/b><\/span><\/td>\n<td><span data-path-to-node=\"5,2,1,0\">25<\/span><\/td>\n<td><span data-path-to-node=\"5,2,2,0\">29<\/span><\/td>\n<td><span data-path-to-node=\"5,2,3,0\">25<\/span><\/td>\n<td><span data-path-to-node=\"5,2,4,0\">30<\/span><\/td>\n<td><span data-path-to-node=\"5,2,5,0\">12<\/span><\/td>\n<td><span data-path-to-node=\"5,2,6,0\"><b data-path-to-node=\"5,2,6,0\" data-index-in-node=\"0\">7<\/b><\/span><\/td>\n<td><span data-path-to-node=\"5,2,7,0\"><b data-path-to-node=\"5,2,7,0\" data-index-in-node=\"0\">9<\/b><\/span><\/td>\n<td><span data-path-to-node=\"5,2,8,0\">34<\/span><\/td>\n<\/tr>\n<tr>\n<td><span data-path-to-node=\"5,3,0,0\"><b data-path-to-node=\"5,3,0,0\" data-index-in-node=\"0\">12L<\/b><\/span><\/td>\n<td><span data-path-to-node=\"5,3,1,0\">25<\/span><\/td>\n<td><span data-path-to-node=\"5,3,2,0\">29<\/span><\/td>\n<td><span data-path-to-node=\"5,3,3,0\">35<\/span><\/td>\n<td><span data-path-to-node=\"5,3,4,0\">40<\/span><\/td>\n<td><span data-path-to-node=\"5,3,5,0\">17<\/span><\/td>\n<td><span data-path-to-node=\"5,3,6,0\"><b data-path-to-node=\"5,3,6,0\" data-index-in-node=\"0\">10<\/b><\/span><\/td>\n<td><span data-path-to-node=\"5,3,7,0\"><b data-path-to-node=\"5,3,7,0\" data-index-in-node=\"0\">13<\/b><\/span><\/td>\n<td><span data-path-to-node=\"5,3,8,0\">48<\/span><\/td>\n<\/tr>\n<tr>\n<td><span data-path-to-node=\"5,4,0,0\"><b data-path-to-node=\"5,4,0,0\" data-index-in-node=\"0\">14L<\/b><\/span><\/td>\n<td><span data-path-to-node=\"5,4,1,0\">25<\/span><\/td>\n<td><span data-path-to-node=\"5,4,2,0\">29<\/span><\/td>\n<td><span data-path-to-node=\"5,4,3,0\">20<\/span><\/td>\n<td><span data-path-to-node=\"5,4,4,0\">23<\/span><\/td>\n<td><span data-path-to-node=\"5,4,5,0\">8<\/span><\/td>\n<td><span data-path-to-node=\"5,4,6,0\"><b data-path-to-node=\"5,4,6,0\" data-index-in-node=\"0\">5<\/b><\/span><\/td>\n<td><span data-path-to-node=\"5,4,7,0\"><b data-path-to-node=\"5,4,7,0\" data-index-in-node=\"0\">6<\/b><\/span><\/td>\n<td><span data-path-to-node=\"5,4,8,0\">23<\/span><\/td>\n<\/tr>\n<tr>\n<td><span data-path-to-node=\"5,5,0,0\"><b data-path-to-node=\"5,5,0,0\" data-index-in-node=\"0\">17L<\/b><\/span><\/td>\n<td><span data-path-to-node=\"5,5,1,0\">25<\/span><\/td>\n<td><span data-path-to-node=\"5,5,2,0\">29<\/span><\/td>\n<td><span data-path-to-node=\"5,5,3,0\">29<\/span><\/td>\n<td><span data-path-to-node=\"5,5,4,0\">35<\/span><\/td>\n<td><span data-path-to-node=\"5,5,5,0\">14<\/span><\/td>\n<td><span data-path-to-node=\"5,5,6,0\"><b data-path-to-node=\"5,5,6,0\" data-index-in-node=\"0\">8.5<\/b><\/span><\/td>\n<td><span data-path-to-node=\"5,5,7,0\"><b data-path-to-node=\"5,5,7,0\" data-index-in-node=\"0\">10.5<\/b><\/span><\/td>\n<td><span data-path-to-node=\"5,5,8,0\">40<\/span><\/td>\n<\/tr>\n<tr>\n<td><span data-path-to-node=\"5,6,0,0\"><b data-path-to-node=\"5,6,0,0\" data-index-in-node=\"0\">21L<\/b><\/span><\/td>\n<td><span data-path-to-node=\"5,6,1,0\">30<\/span><\/td>\n<td><span data-path-to-node=\"5,6,2,0\">34<\/span><\/td>\n<td><span data-path-to-node=\"5,6,3,0\">28.5<\/span><\/td>\n<td><span data-path-to-node=\"5,6,4,0\">35<\/span><\/td>\n<td><span data-path-to-node=\"5,6,5,0\">20<\/span><\/td>\n<td><span data-path-to-node=\"5,6,6,0\"><b data-path-to-node=\"5,6,6,0\" data-index-in-node=\"0\">12<\/b><\/span><\/td>\n<td><span data-path-to-node=\"5,6,7,0\"><b data-path-to-node=\"5,6,7,0\" data-index-in-node=\"0\">15<\/b><\/span><\/td>\n<td><span data-path-to-node=\"5,6,8,0\">57<\/span><\/td>\n<\/tr>\n<tr>\n<td><span data-path-to-node=\"5,7,0,0\"><b data-path-to-node=\"5,7,0,0\" data-index-in-node=\"0\">33L<\/b><\/span><\/td>\n<td><span data-path-to-node=\"5,7,1,0\">35<\/span><\/td>\n<td><span data-path-to-node=\"5,7,2,0\">39<\/span><\/td>\n<td><span data-path-to-node=\"5,7,3,0\">34.6<\/span><\/td>\n<td><span data-path-to-node=\"5,7,4,0\">40<\/span><\/td>\n<td><span data-path-to-node=\"5,7,5,0\">33<\/span><\/td>\n<td><span data-path-to-node=\"5,7,6,0\"><b data-path-to-node=\"5,7,6,0\" data-index-in-node=\"0\">20<\/b><\/span><\/td>\n<td><span data-path-to-node=\"5,7,7,0\"><b data-path-to-node=\"5,7,7,0\" data-index-in-node=\"0\">25<\/b><\/span><\/td>\n<td><span data-path-to-node=\"5,7,8,0\">94<\/span><\/td>\n<\/tr>\n<tr>\n<td><span data-path-to-node=\"5,8,0,0\"><b data-path-to-node=\"5,8,0,0\" data-index-in-node=\"0\">37L<\/b><\/span><\/td>\n<td><span data-path-to-node=\"5,8,1,0\">35<\/span><\/td>\n<td><span data-path-to-node=\"5,8,2,0\">39<\/span><\/td>\n<td><span data-path-to-node=\"5,8,3,0\">39<\/span><\/td>\n<td><span data-path-to-node=\"5,8,4,0\">46<\/span><\/td>\n<td><span data-path-to-node=\"5,8,5,0\">37<\/span><\/td>\n<td><span data-path-to-node=\"5,8,6,0\"><b data-path-to-node=\"5,8,6,0\" data-index-in-node=\"0\">22<\/b><\/span><\/td>\n<td><span data-path-to-node=\"5,8,7,0\"><b data-path-to-node=\"5,8,7,0\" data-index-in-node=\"0\">28<\/b><\/span><\/td>\n<td><span data-path-to-node=\"5,8,8,0\">105<\/span><\/td>\n<\/tr>\n<tr>\n<td><span data-path-to-node=\"5,9,0,0\"><b data-path-to-node=\"5,9,0,0\" data-index-in-node=\"0\">50L<\/b><\/span><\/td>\n<td><span data-path-to-node=\"5,9,1,0\">40<\/span><\/td>\n<td><span data-path-to-node=\"5,9,2,0\">44<\/span><\/td>\n<td><span data-path-to-node=\"5,9,3,0\">39<\/span><\/td>\n<td><span data-path-to-node=\"5,9,4,0\">46<\/span><\/td>\n<td><span data-path-to-node=\"5,9,5,0\">50<\/span><\/td>\n<td><span data-path-to-node=\"5,9,6,0\"><b data-path-to-node=\"5,9,6,0\" data-index-in-node=\"0\">30<\/b><\/span><\/td>\n<td><span data-path-to-node=\"5,9,7,0\"><b data-path-to-node=\"5,9,7,0\" data-index-in-node=\"0\">37.5<\/b><\/span><\/td>\n<td><span data-path-to-node=\"5,9,8,0\">140<\/span><\/td>\n<\/tr>\n<tr>\n<td><span data-path-to-node=\"5,10,0,0\"><b data-path-to-node=\"5,10,0,0\" data-index-in-node=\"0\">57L<\/b><\/span><\/td>\n<td><span data-path-to-node=\"5,10,1,0\">40<\/span><\/td>\n<td><span data-path-to-node=\"5,10,2,0\">44<\/span><\/td>\n<td><span data-path-to-node=\"5,10,3,0\">46<\/span><\/td>\n<td><span data-path-to-node=\"5,10,4,0\">53.5<\/span><\/td>\n<td><span data-path-to-node=\"5,10,5,0\">57<\/span><\/td>\n<td><span data-path-to-node=\"5,10,6,0\"><b data-path-to-node=\"5,10,6,0\" data-index-in-node=\"0\">34<\/b><\/span><\/td>\n<td><span data-path-to-node=\"5,10,7,0\"><b data-path-to-node=\"5,10,7,0\" data-index-in-node=\"0\">43<\/b><\/span><\/td>\n<td><span data-path-to-node=\"5,10,8,0\">162<\/span><\/td>\n<\/tr>\n<tr>\n<td><span data-path-to-node=\"5,11,0,0\"><b data-path-to-node=\"5,11,0,0\" data-index-in-node=\"0\">70L<\/b><\/span><\/td>\n<td><span data-path-to-node=\"5,11,1,0\">45<\/span><\/td>\n<td><span data-path-to-node=\"5,11,2,0\">49<\/span><\/td>\n<td><span data-path-to-node=\"5,11,3,0\">44.5<\/span><\/td>\n<td><span data-path-to-node=\"5,11,4,0\">48<\/span><\/td>\n<td><span data-path-to-node=\"5,11,5,0\">70<\/span><\/td>\n<td><span data-path-to-node=\"5,11,6,0\"><b data-path-to-node=\"5,11,6,0\" data-index-in-node=\"0\">42<\/b><\/span><\/td>\n<td><span data-path-to-node=\"5,11,7,0\"><b data-path-to-node=\"5,11,7,0\" data-index-in-node=\"0\">52.5<\/b><\/span><\/td>\n<td><span data-path-to-node=\"5,11,8,0\">200<\/span><\/td>\n<\/tr>\n<tr>\n<td><span data-path-to-node=\"5,12,0,0\"><b data-path-to-node=\"5,12,0,0\" data-index-in-node=\"0\">86L<\/b><\/span><\/td>\n<td><span data-path-to-node=\"5,12,1,0\">45<\/span><\/td>\n<td><span data-path-to-node=\"5,12,2,0\">49<\/span><\/td>\n<td><span data-path-to-node=\"5,12,3,0\">54.5<\/span><\/td>\n<td><span data-path-to-node=\"5,12,4,0\">60<\/span><\/td>\n<td><span data-path-to-node=\"5,12,5,0\">87<\/span><\/td>\n<td><span data-path-to-node=\"5,12,6,0\"><b data-path-to-node=\"5,12,6,0\" data-index-in-node=\"0\">52.2<\/b><\/span><\/td>\n<td><span data-path-to-node=\"5,12,7,0\"><b data-path-to-node=\"5,12,7,0\" data-index-in-node=\"0\">65.25<\/b><\/span><\/td>\n<td><span data-path-to-node=\"5,12,8,0\">249<\/span><\/td>\n<\/tr>\n<\/tbody>\n<\/table>","protected":false},"featured_media":872,"comment_status":"closed","ping_status":"closed","template":"","meta":{"_acf_changed":false},"product_brand":[],"product_cat":[17],"product_tag":[25],"class_list":{"0":"post-677","1":"product","2":"type-product","3":"status-publish","4":"has-post-thumbnail","6":"product_cat-wholesale-stainless-steel-insulated-barrels","7":"product_tag-restaurant","9":"first","10":"instock","11":"shipping-taxable","12":"product-type-simple"},"acf":[],"_links":{"self":[{"href":"https:\/\/www.lianmeithermos.com\/de\/wp-json\/wp\/v2\/product\/677","targetHints":{"allow":["GET"]}}],"collection":[{"href":"https:\/\/www.lianmeithermos.com\/de\/wp-json\/wp\/v2\/product"}],"about":[{"href":"https:\/\/www.lianmeithermos.com\/de\/wp-json\/wp\/v2\/types\/product"}],"replies":[{"embeddable":true,"href":"https:\/\/www.lianmeithermos.com\/de\/wp-json\/wp\/v2\/comments?post=677"}],"wp:featuredmedia":[{"embeddable":true,"href":"https:\/\/www.lianmeithermos.com\/de\/wp-json\/wp\/v2\/media\/872"}],"wp:attachment":[{"href":"https:\/\/www.lianmeithermos.com\/de\/wp-json\/wp\/v2\/media?parent=677"}],"wp:term":[{"taxonomy":"product_brand","embeddable":true,"href":"https:\/\/www.lianmeithermos.com\/de\/wp-json\/wp\/v2\/product_brand?post=677"},{"taxonomy":"product_cat","embeddable":true,"href":"https:\/\/www.lianmeithermos.com\/de\/wp-json\/wp\/v2\/product_cat?post=677"},{"taxonomy":"product_tag","embeddable":true,"href":"https:\/\/www.lianmeithermos.com\/de\/wp-json\/wp\/v2\/product_tag?post=677"}],"curies":[{"name":"wp","href":"https:\/\/api.w.org\/{rel}","templated":true}]}}