{"id":682,"date":"2026-01-15T08:07:08","date_gmt":"2026-01-15T08:07:08","guid":{"rendered":"https:\/\/www.lianmeithermos.com\/?post_type=product&#038;p=682"},"modified":"2026-01-15T08:22:25","modified_gmt":"2026-01-15T08:22:25","slug":"wholesale-commercial-insulated-container","status":"publish","type":"product","link":"https:\/\/www.lianmeithermos.com\/de\/produkt\/wholesale-commercial-insulated-container\/","title":{"rendered":"Gro\u00dfhandel Kommerzielle isolierte Beh\u00e4lter Langlebig &amp; auslaufsicher f\u00fcr Lebensmittel Lagerung &amp; Catering"},"content":{"rendered":"<h2 class=\"wp-block-heading\">Merkmale der Gro\u00dfhandel kommerziellen isolierten Container<\/h2>\n\n\n\n<div class=\"wp-block-columns is-layout-flex wp-container-core-columns-is-layout-9d6595d7 wp-block-columns-is-layout-flex\">\n<div class=\"wp-block-column is-vertically-aligned-center is-layout-flow wp-block-column-is-layout-flow\">\n<div class=\"wp-block-columns is-layout-flex wp-container-core-columns-is-layout-9d6595d7 wp-block-columns-is-layout-flex\">\n<div class=\"wp-block-column is-vertically-aligned-top is-layout-flow wp-block-column-is-layout-flow\">\n<p><strong>Fortschrittliche W\u00e4rmer\u00fcckhaltetechnik<\/strong><br>12+ Stunden Temperaturkontrolle - Die doppelwandige Isolierung gew\u00e4hrleistet eine gleichbleibende Leistung f\u00fcr Catering und Logistik.<br>Energieeffizientes Design - Reduziert den W\u00e4rmeverlust um 40% im Vergleich zu Standardcontainern.<\/p>\n\n\n\n<p><strong>Langlebigkeit und Sicherheit f\u00fcr den gewerblichen Bereich<\/strong><br>Verst\u00e4rkte Struktur - Schlagfeste PP-Schale mit Edelstahlverschl\u00fcssen (10.000+ Zyklen getestet).<br>Auslaufsichere Zertifizierung - FDA\/CE-konforme Dichtungen verhindern ein Auslaufen w\u00e4hrend des Transports.<\/p>\n\n\n\n<p><strong>Individuelle Anpassung f\u00fcr Markenidentit\u00e4t<\/strong><br>Flexible Branding-Optionen - Logodruck und Farbanpassung m\u00f6glich.<br>Multi-Size-Portfolio - Entspricht den unterschiedlichsten kommerziellen Anforderungen.<\/p>\n\n\n\n<p><strong>Global Compliance &amp; Qualit\u00e4tssicherung<\/strong><br>ISO 9001-zertifizierte Produktion - Strenge Qualit\u00e4tskontrollen in 14 Schritten pro Charge.<br>Internationale Normen - Erf\u00fcllt die FDA-, CE- und LFGB-Anforderungen f\u00fcr den grenz\u00fcberschreitenden Handel.<\/p>\n\n\n\n<p><strong>Skalierbare Unterst\u00fctzung der Lieferkette<\/strong><br>OEM\/ODM-Zusammenarbeit - Anpassung von Designs und Materialien (z. B. Griffe, Deckel) f\u00fcr spezielle Anwendungsf\u00e4lle.<br>Exporttaugliche Verpackungen - Vibrationsfeste Materialien, die f\u00fcr See- und Luftfracht optimiert sind.<\/p>\n\n\n\n<p><strong>Vielseitigkeit der Anwendung<\/strong><br>Branchen\u00fcbergreifender Einsatz - Ideal f\u00fcr das Gastgewerbe, die Essensausgabe, Superm\u00e4rkte und die pharmazeutische Logistik.<\/p>\n<\/div>\n\n\n\n<div class=\"wp-block-column is-layout-flow wp-block-column-is-layout-flow\">\n<figure class=\"wp-block-image size-full\"><img decoding=\"async\" width=\"1200\" height=\"1200\" src=\"https:\/\/www.lianmeithermos.com\/wp-content\/uploads\/2026\/01\/Wholesale-Commercial-Insulated-Container4.webp\" alt=\"Gro\u00dfhandel Kommerzielle isolierte Container4\" class=\"wp-image-685\" srcset=\"https:\/\/www.lianmeithermos.com\/wp-content\/uploads\/2026\/01\/Wholesale-Commercial-Insulated-Container4.webp 1200w, https:\/\/www.lianmeithermos.com\/wp-content\/uploads\/2026\/01\/Wholesale-Commercial-Insulated-Container4-300x300.webp 300w, https:\/\/www.lianmeithermos.com\/wp-content\/uploads\/2026\/01\/Wholesale-Commercial-Insulated-Container4-150x150.webp 150w, https:\/\/www.lianmeithermos.com\/wp-content\/uploads\/2026\/01\/Wholesale-Commercial-Insulated-Container4-768x768.webp 768w, https:\/\/www.lianmeithermos.com\/wp-content\/uploads\/2026\/01\/Wholesale-Commercial-Insulated-Container4-12x12.webp 12w, https:\/\/www.lianmeithermos.com\/wp-content\/uploads\/2026\/01\/Wholesale-Commercial-Insulated-Container4-600x600.webp 600w, https:\/\/www.lianmeithermos.com\/wp-content\/uploads\/2026\/01\/Wholesale-Commercial-Insulated-Container4-100x100.webp 100w\" sizes=\"(max-width: 1200px) 100vw, 1200px\" \/><\/figure>\n<\/div>\n<\/div>\n<\/div>\n<\/div>","protected":false},"excerpt":{"rendered":"<p data-start=\"452\" data-end=\"647\">Unsere Isolierbeh\u00e4lter f\u00fcr den Gro\u00dfhandel sind ideal f\u00fcr die Lagerung von Lebensmitteln, das Catering und den Transport gro\u00dfer Mengen. Diese auslaufsicheren Beh\u00e4lter mit hochdichter Schaumstoffisolierung halten die Temperatur f\u00fcr mehr als 12 Stunden und sorgen f\u00fcr Frische in Restaurants, Hotels und bei Veranstaltungen.<\/p>\n<h2>Spezifikationen des Gro\u00dfhandels Isoliercontainer<\/h2>\n<table style=\"height: 360px;\" width=\"694\">\n<thead>\n<tr>\n<th>Fassungsverm\u00f6gen (l)<\/th>\n<th>Innendurchmesser \u00d7 Innenh\u00f6he (cm)<\/th>\n<th>Nettogewicht (kg)<\/th>\n<th>Bruttogewicht (kg)<\/th>\n<th>Einzelverpackungsgr\u00f6\u00dfe (cm)<\/th>\n<th>Kartongr\u00f6\u00dfe (cm)<\/th>\n<th>Menge \/ Karton<\/th>\n<\/tr>\n<\/thead>\n<tbody>\n<tr>\n<td>10<\/td>\n<td>19,5 \u00d7 20<\/td>\n<td>1.19<\/td>\n<td>1.52<\/td>\n<td>27 \u00d7 27 \u00d7 28<\/td>\n<td>55 \u00d7 55 \u00d7 57<\/td>\n<td>8<\/td>\n<\/tr>\n<tr>\n<td>20<\/td>\n<td>25 \u00d7 25<\/td>\n<td>1.55<\/td>\n<td>2.19<\/td>\n<td>31 \u00d7 31 \u00d7 33<\/td>\n<td>63 \u00d7 63 \u00d7 57<\/td>\n<td>8<\/td>\n<\/tr>\n<tr>\n<td>30<\/td>\n<td>25 \u00d7 35<\/td>\n<td>1.74<\/td>\n<td>2.67<\/td>\n<td>31 \u00d7 31 \u00d7 43<\/td>\n<td>63 \u00d7 94 \u00d7 34<\/td>\n<td>6<\/td>\n<\/tr>\n<tr>\n<td>15<\/td>\n<td>25 \u00d7 18<\/td>\n<td>1.98<\/td>\n<td>1.94<\/td>\n<td>31 \u00d7 31 \u00d7 28<\/td>\n<td>63 \u00d7 94 \u00d7 39<\/td>\n<td>6<\/td>\n<\/tr>\n<tr>\n<td>25<\/td>\n<td>25 \u00d7 29<\/td>\n<td>2.18<\/td>\n<td>2.38<\/td>\n<td>31 \u00d7 31 \u00d7 38<\/td>\n<td>63 \u00d7 94 \u00d7 44<\/td>\n<td>6<\/td>\n<\/tr>\n<tr>\n<td>40<\/td>\n<td>30 \u00d7 28,5<\/td>\n<td>2.58<\/td>\n<td>3.23<\/td>\n<td>38 \u00d7 38 \u00d7 39,5<\/td>\n<td>73 \u00d7 73 \u00d7 40<\/td>\n<td>4<\/td>\n<\/tr>\n<tr>\n<td>50<\/td>\n<td>30 \u00d7 41<\/td>\n<td>2.88<\/td>\n<td>3.94<\/td>\n<td>38 \u00d7 38 \u00d7 49,5<\/td>\n<td>73 \u00d7 73 \u00d7 50<\/td>\n<td>4<\/td>\n<\/tr>\n<tr>\n<td>60<\/td>\n<td>40 \u00d7 43<\/td>\n<td>4.32<\/td>\n<td>5.68<\/td>\n<td>49 \u00d7 49 \u00d7 53<\/td>\n<td>48 \u00d7 95 \u00d7 52<\/td>\n<td>2<\/td>\n<\/tr>\n<tr>\n<td>70<\/td>\n<td>40 \u00d7 48<\/td>\n<td>4.85<\/td>\n<td>6.40<\/td>\n<td>49 \u00d7 49 \u00d7 58<\/td>\n<td>48 \u00d7 95 \u00d7 57<\/td>\n<td>2<\/td>\n<\/tr>\n<tr>\n<td>80<\/td>\n<td>40 \u00d7 53<\/td>\n<td>5.04<\/td>\n<td>6.65<\/td>\n<td>49 \u00d7 49 \u00d7 62<\/td>\n<td>48 \u00d7 95 \u00d7 62<\/td>\n<td>2<\/td>\n<\/tr>\n<\/tbody>\n<\/table>","protected":false},"featured_media":683,"comment_status":"closed","ping_status":"closed","template":"","meta":{"_acf_changed":false},"product_brand":[],"product_cat":[19],"product_tag":[24],"class_list":{"0":"post-682","1":"product","2":"type-product","3":"status-publish","4":"has-post-thumbnail","6":"product_cat-wholesale-insulated-cooler-boxes","7":"product_tag-outdoor","9":"first","10":"instock","11":"shipping-taxable","12":"product-type-simple"},"acf":[],"_links":{"self":[{"href":"https:\/\/www.lianmeithermos.com\/de\/wp-json\/wp\/v2\/product\/682","targetHints":{"allow":["GET"]}}],"collection":[{"href":"https:\/\/www.lianmeithermos.com\/de\/wp-json\/wp\/v2\/product"}],"about":[{"href":"https:\/\/www.lianmeithermos.com\/de\/wp-json\/wp\/v2\/types\/product"}],"replies":[{"embeddable":true,"href":"https:\/\/www.lianmeithermos.com\/de\/wp-json\/wp\/v2\/comments?post=682"}],"wp:featuredmedia":[{"embeddable":true,"href":"https:\/\/www.lianmeithermos.com\/de\/wp-json\/wp\/v2\/media\/683"}],"wp:attachment":[{"href":"https:\/\/www.lianmeithermos.com\/de\/wp-json\/wp\/v2\/media?parent=682"}],"wp:term":[{"taxonomy":"product_brand","embeddable":true,"href":"https:\/\/www.lianmeithermos.com\/de\/wp-json\/wp\/v2\/product_brand?post=682"},{"taxonomy":"product_cat","embeddable":true,"href":"https:\/\/www.lianmeithermos.com\/de\/wp-json\/wp\/v2\/product_cat?post=682"},{"taxonomy":"product_tag","embeddable":true,"href":"https:\/\/www.lianmeithermos.com\/de\/wp-json\/wp\/v2\/product_tag?post=682"}],"curies":[{"name":"wp","href":"https:\/\/api.w.org\/{rel}","templated":true}]}}