{"id":686,"date":"2026-01-15T08:35:48","date_gmt":"2026-01-15T08:35:48","guid":{"rendered":"https:\/\/www.lianmeithermos.com\/?post_type=product&#038;p=686"},"modified":"2026-04-08T01:18:48","modified_gmt":"2026-04-08T01:18:48","slug":"wholesale-stainless-steel-beverage-dispenser","status":"publish","type":"product","link":"https:\/\/www.lianmeithermos.com\/de\/produkt\/wholesale-stainless-steel-beverage-dispenser\/","title":{"rendered":"Gro\u00dfhandel Edelstahl Getr\u00e4nkespender f\u00fcr hei\u00dfe und kalte Getr\u00e4nke"},"content":{"rendered":"<h2 class=\"wp-block-heading\">Eigenschaften von Edelstahl-Getr\u00e4nkespender f\u00fcr den Gro\u00dfhandel<\/h2>\n\n\n\n<div class=\"wp-block-columns is-layout-flex wp-container-core-columns-is-layout-9d6595d7 wp-block-columns-is-layout-flex\">\n<div class=\"wp-block-column is-vertically-aligned-center is-layout-flow wp-block-column-is-layout-flow\">\n<div class=\"wp-block-columns is-layout-flex wp-container-core-columns-is-layout-9d6595d7 wp-block-columns-is-layout-flex\">\n<div class=\"wp-block-column is-vertically-aligned-top is-layout-flow wp-block-column-is-layout-flow\">\n<p><strong>Hochbelastbare Konstruktion aus Edelstahl 304<\/strong><br>Der aus hochwertigem Edelstahl 304 gefertigte Beh\u00e4lter ist \u00e4u\u00dferst langlebig, korrosionsbest\u00e4ndig, rostfrei und kann hohen Temperaturen standhalten, ohne Ger\u00fcche zu hinterlassen.<\/p>\n\n\n\n<p><strong>Hervorragende W\u00e4rme- und K\u00e4lteisolierung<\/strong><br>Die doppelwandige Isolierung h\u00e4lt Getr\u00e4nke \u00fcber einen l\u00e4ngeren Zeitraum hei\u00df oder kalt, h\u00e4lt sie frisch und reduziert die Notwendigkeit des Aufw\u00e4rmens oder K\u00fchlens.<\/p>\n\n\n\n<p><strong>Lebensmittelgerechtes und hygienisches Dichtungsdesign<\/strong><br>Hergestellt aus lebensmittelechten Materialien und einem sicheren, luftdichten Deckel, der die Frische bewahrt und gleichzeitig Auslaufen, Verunreinigung und Geruchs\u00fcbertragung verhindert.<\/p>\n\n\n\n<p><strong>Bequemes Dispensieren &amp; einfache Reinigung<\/strong><br>Ausgestattet mit einem auslaufsicheren Zapfhahn f\u00fcr reibungsloses Ausgie\u00dfen, w\u00e4hrend die polierte Edelstahloberfl\u00e4che eine schnelle, problemlose Reinigung und Wartung gew\u00e4hrleistet.<\/p>\n\n\n\n<p><strong>Mehrere Kapazit\u00e4ten und Farboptionen<\/strong><br>Erh\u00e4ltlich in einer Vielzahl von Gr\u00f6\u00dfen und Farben, um den unterschiedlichen Nutzungsanforderungen gerecht zu werden, mit individuellen Anpassungsm\u00f6glichkeiten, die sich ideal f\u00fcr den Gro\u00dfhandel, das Branding und kommerzielle Anwendungen eignen.<\/p>\n<\/div>\n\n\n\n<div class=\"wp-block-column is-layout-flow wp-block-column-is-layout-flow\">\n<figure class=\"wp-block-image size-full\"><img decoding=\"async\" width=\"1524\" height=\"1524\" src=\"https:\/\/www.lianmeithermos.com\/wp-content\/uploads\/2026\/01\/Wholesale-Stainless-Steel-Beverage-Dispenser2.webp\" alt=\"Gro\u00dfhandel Edelstahl-Getr\u00e4nkedispenser2\" class=\"wp-image-688\" srcset=\"https:\/\/www.lianmeithermos.com\/wp-content\/uploads\/2026\/01\/Wholesale-Stainless-Steel-Beverage-Dispenser2.webp 1524w, https:\/\/www.lianmeithermos.com\/wp-content\/uploads\/2026\/01\/Wholesale-Stainless-Steel-Beverage-Dispenser2-300x300.webp 300w, https:\/\/www.lianmeithermos.com\/wp-content\/uploads\/2026\/01\/Wholesale-Stainless-Steel-Beverage-Dispenser2-150x150.webp 150w, https:\/\/www.lianmeithermos.com\/wp-content\/uploads\/2026\/01\/Wholesale-Stainless-Steel-Beverage-Dispenser2-768x768.webp 768w, https:\/\/www.lianmeithermos.com\/wp-content\/uploads\/2026\/01\/Wholesale-Stainless-Steel-Beverage-Dispenser2-12x12.webp 12w, https:\/\/www.lianmeithermos.com\/wp-content\/uploads\/2026\/01\/Wholesale-Stainless-Steel-Beverage-Dispenser2-1200x1200.webp 1200w, https:\/\/www.lianmeithermos.com\/wp-content\/uploads\/2026\/01\/Wholesale-Stainless-Steel-Beverage-Dispenser2-600x600.webp 600w, https:\/\/www.lianmeithermos.com\/wp-content\/uploads\/2026\/01\/Wholesale-Stainless-Steel-Beverage-Dispenser2-100x100.webp 100w\" sizes=\"(max-width: 1524px) 100vw, 1524px\" \/><\/figure>\n<\/div>\n<\/div>\n<\/div>\n<\/div>","protected":false},"excerpt":{"rendered":"<p data-start=\"452\" data-end=\"647\">Edelstahl-Getr\u00e4nkespender f\u00fcr den Gro\u00dfhandel, die Getr\u00e4nke stundenlang hei\u00df oder kalt halten, mit langlebiger Edelstahlkonstruktion und zuverl\u00e4ssiger Zapfhahnausgabe - ideal f\u00fcr Restaurants, Catering und Foodservice-Betriebe.<\/p>\n<h2>Spezifikationen des Gro\u00dfhandels Edelstahl Getr\u00e4nkespender<\/h2>\n<table>\n<thead>\n<tr>\n<th>Modell<\/th>\n<th>Innendurchmesser (cm)<\/th>\n<th>\u00c4u\u00dferer Durchmesser (cm)<\/th>\n<th>Innere H\u00f6he (cm)<\/th>\n<th>\u00c4u\u00dfere H\u00f6he (mit Deckel, cm)<\/th>\n<th>Wasserinhalt (kg)<\/th>\n<th>Tats\u00e4chliche Kapazit\u00e4t (L)<\/th>\n<th>Reis Fassungsverm\u00f6gen (kg)<\/th>\n<th>Fassungsverm\u00f6gen des Breis (kg)<\/th>\n<th>Sojamilch (350 ml Tassen)<\/th>\n<\/tr>\n<\/thead>\n<tbody>\n<tr>\n<td>6L<\/td>\n<td>19.5<\/td>\n<td>23<\/td>\n<td>20<\/td>\n<td>26<\/td>\n<td>6.0<\/td>\n<td>6<\/td>\n<td>3.5<\/td>\n<td>4.5<\/td>\n<td>17<\/td>\n<\/tr>\n<tr>\n<td>8L<\/td>\n<td>25<\/td>\n<td>29<\/td>\n<td>20<\/td>\n<td>26<\/td>\n<td>8.0<\/td>\n<td>8<\/td>\n<td>5.0<\/td>\n<td>6.0<\/td>\n<td>23<\/td>\n<\/tr>\n<tr>\n<td>12L<\/td>\n<td>25<\/td>\n<td>29<\/td>\n<td>25<\/td>\n<td>31<\/td>\n<td>12.0<\/td>\n<td>12<\/td>\n<td>7.0<\/td>\n<td>9.0<\/td>\n<td>34<\/td>\n<\/tr>\n<tr>\n<td>14L<\/td>\n<td>25<\/td>\n<td>29<\/td>\n<td>29<\/td>\n<td>36<\/td>\n<td>14.0<\/td>\n<td>14<\/td>\n<td>8.5<\/td>\n<td>10.5<\/td>\n<td>40<\/td>\n<\/tr>\n<tr>\n<td>17L<\/td>\n<td>25<\/td>\n<td>29<\/td>\n<td>35<\/td>\n<td>41<\/td>\n<td>17.0<\/td>\n<td>17<\/td>\n<td>10.0<\/td>\n<td>13.0<\/td>\n<td>49<\/td>\n<\/tr>\n<tr>\n<td>20L<\/td>\n<td>30<\/td>\n<td>35<\/td>\n<td>28.5<\/td>\n<td>36<\/td>\n<td>20.0<\/td>\n<td>20<\/td>\n<td>12.0<\/td>\n<td>15.0<\/td>\n<td>57<\/td>\n<\/tr>\n<tr>\n<td>29L<\/td>\n<td>30<\/td>\n<td>35<\/td>\n<td>41<\/td>\n<td>46.5<\/td>\n<td>29.0<\/td>\n<td>29<\/td>\n<td>17.5<\/td>\n<td>22.0<\/td>\n<td>83<\/td>\n<\/tr>\n<tr>\n<td>54L<\/td>\n<td>40<\/td>\n<td>44<\/td>\n<td>43<\/td>\n<td>50<\/td>\n<td>54.0<\/td>\n<td>54<\/td>\n<td>32.5<\/td>\n<td>40.5<\/td>\n<td>154<\/td>\n<\/tr>\n<tr>\n<td>60L<\/td>\n<td>40<\/td>\n<td>45<\/td>\n<td>48<\/td>\n<td>54.5<\/td>\n<td>60.0<\/td>\n<td>60<\/td>\n<td>36.0<\/td>\n<td>45.0<\/td>\n<td>171<\/td>\n<\/tr>\n<tr>\n<td>66L<\/td>\n<td>40<\/td>\n<td>45<\/td>\n<td>53<\/td>\n<td>60<\/td>\n<td>66.0<\/td>\n<td>66<\/td>\n<td>39.5<\/td>\n<td>49.5<\/td>\n<td>189<\/td>\n<\/tr>\n<\/tbody>\n<\/table>\n<table data-path-to-node=\"2\">\n<thead>\n<tr>\n<td><strong>Merkmal<\/strong><\/td>\n<td><strong>Details &amp; Spezifikationen<\/strong><\/td>\n<\/tr>\n<\/thead>\n<tbody>\n<tr>\n<td><span data-path-to-node=\"2,1,0,0\"><b data-path-to-node=\"2,1,0,0\" data-index-in-node=\"0\">Material<\/b><\/span><\/td>\n<td><span data-path-to-node=\"2,1,1,0\">Langlebige Kunststoffschale + lebensmittelechte 201\/304-Edelstahl-Auskleidung<\/span><\/td>\n<\/tr>\n<tr>\n<td><span data-path-to-node=\"2,2,0,0\"><b data-path-to-node=\"2,2,0,0\" data-index-in-node=\"0\">Isolierschicht<\/b><\/span><\/td>\n<td><span data-path-to-node=\"2,2,1,0\">Hochverdichteter PU-Vollschaum (Polyurethan)<\/span><\/td>\n<\/tr>\n<tr>\n<td><span data-path-to-node=\"2,3,0,0\"><b data-path-to-node=\"2,3,0,0\" data-index-in-node=\"0\">Versiegelungssystem<\/b><\/span><\/td>\n<td><span data-path-to-node=\"2,3,1,0\">Deckel mit Silikondichtung und sicheren Verriegelungsschnallen<\/span><\/td>\n<\/tr>\n<tr>\n<td><span data-path-to-node=\"2,4,0,0\"><b data-path-to-node=\"2,4,0,0\" data-index-in-node=\"0\">Fl\u00fcssige Isolierung<\/b><\/span><\/td>\n<td><span data-path-to-node=\"2,4,1,0\"><b data-path-to-node=\"2,4,1,0\" data-index-in-node=\"0\">18-24 Stunden<\/b> (Gepr\u00fcft bei <span class=\"math-inline\" data-math=\"26^{\\circ}\\text{C}\" data-index-in-node=\"23\">26\u2103<\/span>Raumtemperatur)<\/span><\/td>\n<\/tr>\n<tr>\n<td><span data-path-to-node=\"2,5,0,0\"><b data-path-to-node=\"2,5,0,0\" data-index-in-node=\"0\">Isolierung fester Lebensmittel<\/b><\/span><\/td>\n<td><span data-path-to-node=\"2,5,1,0\"><b data-path-to-node=\"2,5,1,0\" data-index-in-node=\"0\">6-10 Stunden<\/b> (Gepr\u00fcft bei <span class=\"math-inline\" data-math=\"26^{\\circ}\\text{C}\" data-index-in-node=\"22\">26\u2103<\/span>\u00a0Raumtemperatur)<\/span><\/td>\n<\/tr>\n<tr>\n<td><span data-path-to-node=\"2,6,0,0\"><b data-path-to-node=\"2,6,0,0\" data-index-in-node=\"0\">Dauerhaftigkeit<\/b><\/span><\/td>\n<td><span data-path-to-node=\"2,6,1,0\">Robustes, sto\u00dffestes und sturzsicheres Geh\u00e4use<\/span><\/td>\n<\/tr>\n<tr>\n<td><span data-path-to-node=\"2,7,0,0\"><b data-path-to-node=\"2,7,0,0\" data-index-in-node=\"0\">Verf\u00fcgbare Farben<\/b><\/span><\/td>\n<td><span data-path-to-node=\"2,7,1,0\">Rot, Blau, Gr\u00fcn (kundenspezifische Farben auf Anfrage erh\u00e4ltlich)<\/span><\/td>\n<\/tr>\n<tr>\n<td><span data-path-to-node=\"2,8,0,0\"><b data-path-to-node=\"2,8,0,0\" data-index-in-node=\"0\">Zertifizierungen<\/b><\/span><\/td>\n<td><span data-path-to-node=\"2,8,1,0\"><b data-path-to-node=\"2,8,1,0\" data-index-in-node=\"0\">FDA<\/b> &amp; <b data-path-to-node=\"2,8,1,0\" data-index-in-node=\"6\">FCM<\/b> Zertifiziert (Material mit Lebensmittelkontakt)<\/span><\/td>\n<\/tr>\n<tr>\n<td><span data-path-to-node=\"2,9,0,0\"><b data-path-to-node=\"2,9,0,0\" data-index-in-node=\"0\">Anmeldung<\/b><\/span><\/td>\n<td><span data-path-to-node=\"2,9,1,0\">Catering, Fast Food, Getr\u00e4nketransport und Veranstaltungen im Freien<\/span><\/td>\n<\/tr>\n<\/tbody>\n<\/table>","protected":false},"featured_media":687,"comment_status":"closed","ping_status":"closed","template":"","meta":{"_acf_changed":false},"product_brand":[],"product_cat":[19],"product_tag":[24],"class_list":{"0":"post-686","1":"product","2":"type-product","3":"status-publish","4":"has-post-thumbnail","6":"product_cat-wholesale-insulated-cooler-boxes","7":"product_tag-outdoor","9":"first","10":"instock","11":"shipping-taxable","12":"product-type-simple"},"acf":[],"_links":{"self":[{"href":"https:\/\/www.lianmeithermos.com\/de\/wp-json\/wp\/v2\/product\/686","targetHints":{"allow":["GET"]}}],"collection":[{"href":"https:\/\/www.lianmeithermos.com\/de\/wp-json\/wp\/v2\/product"}],"about":[{"href":"https:\/\/www.lianmeithermos.com\/de\/wp-json\/wp\/v2\/types\/product"}],"replies":[{"embeddable":true,"href":"https:\/\/www.lianmeithermos.com\/de\/wp-json\/wp\/v2\/comments?post=686"}],"wp:featuredmedia":[{"embeddable":true,"href":"https:\/\/www.lianmeithermos.com\/de\/wp-json\/wp\/v2\/media\/687"}],"wp:attachment":[{"href":"https:\/\/www.lianmeithermos.com\/de\/wp-json\/wp\/v2\/media?parent=686"}],"wp:term":[{"taxonomy":"product_brand","embeddable":true,"href":"https:\/\/www.lianmeithermos.com\/de\/wp-json\/wp\/v2\/product_brand?post=686"},{"taxonomy":"product_cat","embeddable":true,"href":"https:\/\/www.lianmeithermos.com\/de\/wp-json\/wp\/v2\/product_cat?post=686"},{"taxonomy":"product_tag","embeddable":true,"href":"https:\/\/www.lianmeithermos.com\/de\/wp-json\/wp\/v2\/product_tag?post=686"}],"curies":[{"name":"wp","href":"https:\/\/api.w.org\/{rel}","templated":true}]}}