{"id":734,"date":"2026-01-30T06:40:02","date_gmt":"2026-01-30T06:40:02","guid":{"rendered":"https:\/\/www.lianmeithermos.com\/?post_type=product&#038;p=734"},"modified":"2026-01-30T06:58:12","modified_gmt":"2026-01-30T06:58:12","slug":"wholesale-commercial-insulated-beverage-dispenser","status":"publish","type":"product","link":"https:\/\/www.lianmeithermos.com\/de\/produkt\/wholesale-commercial-insulated-beverage-dispenser\/","title":{"rendered":"Gro\u00dfhandel kommerzielle isolierte Getr\u00e4nkespender mit Hahn | Milch Tee Fass"},"content":{"rendered":"<h2 class=\"wp-block-heading\">Merkmale des Gro\u00dfhandels isolierte Getr\u00e4nkespender<\/h2>\n\n\n\n<div class=\"wp-block-columns is-layout-flex wp-container-core-columns-is-layout-9d6595d7 wp-block-columns-is-layout-flex\">\n<div class=\"wp-block-column is-vertically-aligned-center is-layout-flow wp-block-column-is-layout-flow\">\n<div class=\"wp-block-columns is-layout-flex wp-container-core-columns-is-layout-9d6595d7 wp-block-columns-is-layout-flex\">\n<div class=\"wp-block-column is-vertically-aligned-top is-layout-flow wp-block-column-is-layout-flow\">\n<p><strong>Handels\u00fcbliche Temperaturbest\u00e4ndigkeit:<\/strong> Dank der mehrschichtigen Isolierungstechnologie bleiben die Getr\u00e4nke \u00fcber 12 Stunden lang dampfend hei\u00df oder eiskalt - ideal f\u00fcr den gro\u00dfen Fr\u00fchst\u00fccksansturm und lange Caf\u00e9-Schichten.<\/p>\n\n\n\n<p><strong>Langlebiger Wasserhahn mit hohem Durchfluss:<\/strong> Ausgestattet mit einem robusten, tropfsicheren, handels\u00fcblichen Zapfhahn, der t\u00e4glich Hunderte von Z\u00fcgen aush\u00e4lt, ohne auszulaufen, und so einen sauberen Arbeitsplatz und schnellen Service gew\u00e4hrleistet.<\/p>\n\n\n\n<p><strong>Lebensmittelgeeigneter Edelstahl Innen:<\/strong> Der Innenbeh\u00e4lter ist aus hochwertigem, rostfreiem Edelstahl gefertigt, der keine Ger\u00fcche oder Aromen annimmt, so dass Ihr typischer Milchtee und Kaffee genau so schmeckt, wie er soll.<\/p>\n\n\n\n<p><strong>Gro\u00dfe Kapazit\u00e4t f\u00fcr Spitzenzeiten:<\/strong> Speziell f\u00fcr den Einsatz in der Gastronomie und in Restaurants entwickelt, erm\u00f6glicht es dem Personal, gro\u00dfe Mengen im Voraus vorzubereiten und die Notwendigkeit des st\u00e4ndigen Nachf\u00fcllens w\u00e4hrend der Hauptgesch\u00e4ftszeiten zu reduzieren.<\/p>\n\n\n\n<p><strong>Versiegelte Spiraldeckelkonstruktion:<\/strong> Verf\u00fcgt \u00fcber einen professionellen Spiralverschlussdeckel, der eine staubdichte Abdichtung bietet und die W\u00e4rmeerhaltung verbessert, w\u00e4hrend er f\u00fcr das Personal leicht zu \u00f6ffnen und schnell nachzuf\u00fcllen ist.<\/p>\n\n\n\n<p><strong>Tragbare und stabile Konstruktion:<\/strong> Ein stabiler, integrierter Griff erleichtert den Transport zwischen K\u00fcche und Verkaufsraum. Die stabilen, rutschfesten F\u00fc\u00dfe verhindern ein Umkippen in stark frequentierten Servicebereichen.<\/p>\n<\/div>\n\n\n\n<div class=\"wp-block-column is-layout-flow wp-block-column-is-layout-flow\">\n<figure class=\"wp-block-image size-full\"><img decoding=\"async\" width=\"800\" height=\"800\" src=\"https:\/\/www.lianmeithermos.com\/wp-content\/uploads\/2025\/12\/Milk-Tea-Buckets-in-Bulk1.webp\" alt=\"Milchtee-Eimer in Gro\u00dfpackungen1\" class=\"wp-image-559\" srcset=\"https:\/\/www.lianmeithermos.com\/wp-content\/uploads\/2025\/12\/Milk-Tea-Buckets-in-Bulk1.webp 800w, https:\/\/www.lianmeithermos.com\/wp-content\/uploads\/2025\/12\/Milk-Tea-Buckets-in-Bulk1-300x300.webp 300w, https:\/\/www.lianmeithermos.com\/wp-content\/uploads\/2025\/12\/Milk-Tea-Buckets-in-Bulk1-150x150.webp 150w, https:\/\/www.lianmeithermos.com\/wp-content\/uploads\/2025\/12\/Milk-Tea-Buckets-in-Bulk1-768x768.webp 768w, https:\/\/www.lianmeithermos.com\/wp-content\/uploads\/2025\/12\/Milk-Tea-Buckets-in-Bulk1-600x600.webp 600w, https:\/\/www.lianmeithermos.com\/wp-content\/uploads\/2025\/12\/Milk-Tea-Buckets-in-Bulk1-100x100.webp 100w\" sizes=\"(max-width: 800px) 100vw, 800px\" \/><\/figure>\n<\/div>\n<\/div>\n<\/div>\n<\/div>","protected":false},"excerpt":{"rendered":"<p data-start=\"452\" data-end=\"647\">Steigern Sie Ihre Serviceeffizienz mit diesem isolierten Getr\u00e4nkespender f\u00fcr den Gro\u00dfhandel. Dieses robuste Milch-Tee-Fass verf\u00fcgt \u00fcber einen Wasserhahn mit hohem Durchfluss und eine Auskleidung aus lebensmittelechtem Edelstahl, die Getr\u00e4nke stundenlang auf H\u00f6chsttemperatur h\u00e4lt. Langlebig, hygienisch und f\u00fcr Caf\u00e9s und Restaurants mit hohem Aufkommen gebaut.<\/p>\n<h2>Spezifikationen f\u00fcr den Gro\u00dfhandel Isolierte Getr\u00e4nkespender<\/h2>\n<table style=\"height: 251px;\" width=\"635\">\n<thead>\n<tr>\n<th>Fassungsverm\u00f6gen (l)<\/th>\n<th>Innendurchmesser \u00d7 Innenh\u00f6he (cm)<\/th>\n<th>Bruttogewicht (kg)<\/th>\n<th>Einzelverpackungsgr\u00f6\u00dfe (cm)<\/th>\n<th>Kartongr\u00f6\u00dfe (cm)<\/th>\n<th>Menge \/ Karton<\/th>\n<\/tr>\n<\/thead>\n<tbody>\n<tr>\n<td>6<\/td>\n<td>19,5 \u00d7 17<\/td>\n<td>1.62<\/td>\n<td>35 \u00d7 25 \u00d7 30,5<\/td>\n<td>76 \u00d7 51 \u00d7 33<\/td>\n<td>6<\/td>\n<\/tr>\n<tr>\n<td>8<\/td>\n<td>19,5 \u00d7 22<\/td>\n<td>1.86<\/td>\n<td>35 \u00d7 25 \u00d7 35,5<\/td>\n<td>51 \u00d7 38 \u00d7 35<\/td>\n<td>6<\/td>\n<\/tr>\n<tr>\n<td>10<\/td>\n<td>19,5 \u00d7 27,5<\/td>\n<td>2.05<\/td>\n<td>35 \u00d7 25 \u00d7 40,5<\/td>\n<td>51 \u00d7 43 \u00d7 39<\/td>\n<td>6<\/td>\n<\/tr>\n<tr>\n<td>12<\/td>\n<td>19,5 \u00d7 32<\/td>\n<td>2.17<\/td>\n<td>35 \u00d7 25 \u00d7 45,5<\/td>\n<td>51 \u00d7 48 \u00d7 43<\/td>\n<td>6<\/td>\n<\/tr>\n<tr>\n<td>14<\/td>\n<td>25 \u00d7 22<\/td>\n<td>3.00<\/td>\n<td>35 \u00d7 35 \u00d7 43<\/td>\n<td>\u2014<\/td>\n<td>6<\/td>\n<\/tr>\n<tr>\n<td>16<\/td>\n<td>25 \u00d7 26,5<\/td>\n<td>3.23<\/td>\n<td>35 \u00d7 35 \u00d7 47<\/td>\n<td>60 \u00d7 48 \u00d7 57<\/td>\n<td>6<\/td>\n<\/tr>\n<tr>\n<td>18<\/td>\n<td>25 \u00d7 29<\/td>\n<td>3.30<\/td>\n<td>35 \u00d7 35 \u00d7 50<\/td>\n<td>\u2014<\/td>\n<td>6<\/td>\n<\/tr>\n<tr>\n<td>20<\/td>\n<td>25 \u00d7 33,5<\/td>\n<td>3.73<\/td>\n<td>35 \u00d7 35 \u00d7 56<\/td>\n<td>60 \u00d7 56 \u00d7 70<\/td>\n<td>6<\/td>\n<\/tr>\n<\/tbody>\n<\/table>","protected":false},"featured_media":735,"comment_status":"closed","ping_status":"closed","template":"","meta":{"_acf_changed":false},"product_brand":[],"product_cat":[18],"product_tag":[25],"class_list":{"0":"post-734","1":"product","2":"type-product","3":"status-publish","4":"has-post-thumbnail","6":"product_cat-wholesale-milk-tea-buckets","7":"product_tag-restaurant","9":"first","10":"instock","11":"shipping-taxable","12":"product-type-simple"},"acf":[],"_links":{"self":[{"href":"https:\/\/www.lianmeithermos.com\/de\/wp-json\/wp\/v2\/product\/734","targetHints":{"allow":["GET"]}}],"collection":[{"href":"https:\/\/www.lianmeithermos.com\/de\/wp-json\/wp\/v2\/product"}],"about":[{"href":"https:\/\/www.lianmeithermos.com\/de\/wp-json\/wp\/v2\/types\/product"}],"replies":[{"embeddable":true,"href":"https:\/\/www.lianmeithermos.com\/de\/wp-json\/wp\/v2\/comments?post=734"}],"wp:featuredmedia":[{"embeddable":true,"href":"https:\/\/www.lianmeithermos.com\/de\/wp-json\/wp\/v2\/media\/735"}],"wp:attachment":[{"href":"https:\/\/www.lianmeithermos.com\/de\/wp-json\/wp\/v2\/media?parent=734"}],"wp:term":[{"taxonomy":"product_brand","embeddable":true,"href":"https:\/\/www.lianmeithermos.com\/de\/wp-json\/wp\/v2\/product_brand?post=734"},{"taxonomy":"product_cat","embeddable":true,"href":"https:\/\/www.lianmeithermos.com\/de\/wp-json\/wp\/v2\/product_cat?post=734"},{"taxonomy":"product_tag","embeddable":true,"href":"https:\/\/www.lianmeithermos.com\/de\/wp-json\/wp\/v2\/product_tag?post=734"}],"curies":[{"name":"wp","href":"https:\/\/api.w.org\/{rel}","templated":true}]}}