{"id":736,"date":"2026-01-30T07:17:45","date_gmt":"2026-01-30T07:17:45","guid":{"rendered":"https:\/\/www.lianmeithermos.com\/?post_type=product&#038;p=736"},"modified":"2026-01-30T07:27:41","modified_gmt":"2026-01-30T07:27:41","slug":"wholesale-commercial-insulated-food-container-set","status":"publish","type":"product","link":"https:\/\/www.lianmeithermos.com\/de\/produkt\/wholesale-commercial-insulated-food-container-set\/","title":{"rendered":"Kommerzielles isoliertes Lebensmittelbeh\u00e4lter-Set (4-teilig) im Gro\u00dfhandel"},"content":{"rendered":"<h2 class=\"wp-block-heading\">Merkmale der Gro\u00dfhandel kommerziellen isolierte Lebensmittel-Container<\/h2>\n\n\n\n<div class=\"wp-block-columns is-layout-flex wp-container-core-columns-is-layout-9d6595d7 wp-block-columns-is-layout-flex\">\n<div class=\"wp-block-column is-vertically-aligned-center is-layout-flow wp-block-column-is-layout-flow\">\n<div class=\"wp-block-columns is-layout-flex wp-container-core-columns-is-layout-9d6595d7 wp-block-columns-is-layout-flex\">\n<div class=\"wp-block-column is-vertically-aligned-top is-layout-flow wp-block-column-is-layout-flow\">\n<p><strong>Lang anhaltende Isolierung:<\/strong> Das leistungsstarke Isolationsdesign h\u00e4lt Lebensmittel \u00fcber l\u00e4ngere Zeitr\u00e4ume hinweg auf der idealen Temperatur und sorgt so f\u00fcr Frische und Genuss w\u00e4hrend des Transports oder bei Zusammenk\u00fcnften.<\/p>\n\n\n\n<p><strong>Langlebige, hochwertige Materialien:<\/strong> Hergestellt aus lebensmittelechten, BPA-freien Materialien, robust und langlebig f\u00fcr den t\u00e4glichen Gebrauch.<\/p>\n\n\n\n<p><strong>Auslaufsicheres und versch\u00fcttungssicheres Design:<\/strong> Das Design mit versiegelter Abdeckung verhindert wirksam das Auslaufen und ist ideal f\u00fcr die Lieferung von Speisen oder den Transport von Lebensmitteln unterwegs.<\/p>\n\n\n\n<p><strong>Leicht zu reinigen und wiederverwendbar:<\/strong> Glatte Innenfl\u00e4che, sp\u00fclmaschinenfest, umweltfreundlich und nachhaltig.<\/p>\n\n\n\n<p><strong>Gro\u00dfe Kapazit\u00e4t f\u00fcr den Gro\u00dfverbrauch:<\/strong> Gro\u00dfes Fassungsverm\u00f6gen und stapelbares Design, geeignet f\u00fcr Restaurants, die Zubereitung von Mahlzeiten oder Gro\u00dfveranstaltungen.<\/p>\n<\/div>\n\n\n\n<div class=\"wp-block-column is-layout-flow wp-block-column-is-layout-flow\">\n<figure class=\"wp-block-image size-full\"><img decoding=\"async\" width=\"2500\" height=\"2500\" src=\"https:\/\/www.lianmeithermos.com\/wp-content\/uploads\/2026\/01\/Wholesale-Commercial-Insulated-Food-Container-Set-4-Piece.webp\" alt=\"Kommerzielles isoliertes Lebensmittelbeh\u00e4lter-Set (4-teilig) im Gro\u00dfhandel\" class=\"wp-image-737\" srcset=\"https:\/\/www.lianmeithermos.com\/wp-content\/uploads\/2026\/01\/Wholesale-Commercial-Insulated-Food-Container-Set-4-Piece.webp 2500w, https:\/\/www.lianmeithermos.com\/wp-content\/uploads\/2026\/01\/Wholesale-Commercial-Insulated-Food-Container-Set-4-Piece-300x300.webp 300w, https:\/\/www.lianmeithermos.com\/wp-content\/uploads\/2026\/01\/Wholesale-Commercial-Insulated-Food-Container-Set-4-Piece-150x150.webp 150w, https:\/\/www.lianmeithermos.com\/wp-content\/uploads\/2026\/01\/Wholesale-Commercial-Insulated-Food-Container-Set-4-Piece-768x768.webp 768w, https:\/\/www.lianmeithermos.com\/wp-content\/uploads\/2026\/01\/Wholesale-Commercial-Insulated-Food-Container-Set-4-Piece-12x12.webp 12w, https:\/\/www.lianmeithermos.com\/wp-content\/uploads\/2026\/01\/Wholesale-Commercial-Insulated-Food-Container-Set-4-Piece-1200x1200.webp 1200w, https:\/\/www.lianmeithermos.com\/wp-content\/uploads\/2026\/01\/Wholesale-Commercial-Insulated-Food-Container-Set-4-Piece-600x600.webp 600w, https:\/\/www.lianmeithermos.com\/wp-content\/uploads\/2026\/01\/Wholesale-Commercial-Insulated-Food-Container-Set-4-Piece-100x100.webp 100w\" sizes=\"(max-width: 2500px) 100vw, 2500px\" \/><\/figure>\n<\/div>\n<\/div>\n<\/div>\n<\/div>\n\n\n\n<p><\/p>","protected":false},"excerpt":{"rendered":"<p data-start=\"239\" data-end=\"539\">Eine kompakte und dennoch leistungsstarke W\u00e4rmel\u00f6sung f\u00fcr die Profik\u00fcche. Dieses 4-teilige Set aus isolierten Lebensmittelbeh\u00e4ltern verf\u00fcgt \u00fcber hochwertige Edelstahleinlagen und ein vielseitiges Milch-Teefass mit Zapfhahn, das Ihre Hauptgerichte und Lieblingsgetr\u00e4nke f\u00fcr mehr als 24 Stunden auf der perfekten Temperatur h\u00e4lt.<\/p>\n<h2>\u00a0<\/h2>\n<p>&nbsp;<\/p>","protected":false},"featured_media":737,"comment_status":"closed","ping_status":"closed","template":"","meta":{"_acf_changed":false},"product_brand":[],"product_cat":[20],"product_tag":[23],"class_list":{"0":"post-736","1":"product","2":"type-product","3":"status-publish","4":"has-post-thumbnail","6":"product_cat-wholesale-insulated-food-containers","7":"product_tag-family-kitchen","9":"first","10":"instock","11":"shipping-taxable","12":"product-type-simple"},"acf":[],"_links":{"self":[{"href":"https:\/\/www.lianmeithermos.com\/de\/wp-json\/wp\/v2\/product\/736","targetHints":{"allow":["GET"]}}],"collection":[{"href":"https:\/\/www.lianmeithermos.com\/de\/wp-json\/wp\/v2\/product"}],"about":[{"href":"https:\/\/www.lianmeithermos.com\/de\/wp-json\/wp\/v2\/types\/product"}],"replies":[{"embeddable":true,"href":"https:\/\/www.lianmeithermos.com\/de\/wp-json\/wp\/v2\/comments?post=736"}],"wp:featuredmedia":[{"embeddable":true,"href":"https:\/\/www.lianmeithermos.com\/de\/wp-json\/wp\/v2\/media\/737"}],"wp:attachment":[{"href":"https:\/\/www.lianmeithermos.com\/de\/wp-json\/wp\/v2\/media?parent=736"}],"wp:term":[{"taxonomy":"product_brand","embeddable":true,"href":"https:\/\/www.lianmeithermos.com\/de\/wp-json\/wp\/v2\/product_brand?post=736"},{"taxonomy":"product_cat","embeddable":true,"href":"https:\/\/www.lianmeithermos.com\/de\/wp-json\/wp\/v2\/product_cat?post=736"},{"taxonomy":"product_tag","embeddable":true,"href":"https:\/\/www.lianmeithermos.com\/de\/wp-json\/wp\/v2\/product_tag?post=736"}],"curies":[{"name":"wp","href":"https:\/\/api.w.org\/{rel}","templated":true}]}}