{"id":738,"date":"2026-01-30T07:29:51","date_gmt":"2026-01-30T07:29:51","guid":{"rendered":"https:\/\/www.lianmeithermos.com\/?post_type=product&#038;p=738"},"modified":"2026-01-30T08:16:51","modified_gmt":"2026-01-30T08:16:51","slug":"catering-insulated-food-container-kit-wholesale","status":"publish","type":"product","link":"https:\/\/www.lianmeithermos.com\/de\/produkt\/catering-insulated-food-container-kit-wholesale\/","title":{"rendered":"Professionelle Catering isolierte Lebensmittel Container Kit Gro\u00dfhandel"},"content":{"rendered":"<h2 class=\"wp-block-heading\">Eigenschaften von Isolierte Lebensmittel Container Kit Gro\u00dfhandel <\/h2>\n\n\n\n<div class=\"wp-block-columns is-layout-flex wp-container-core-columns-is-layout-9d6595d7 wp-block-columns-is-layout-flex\">\n<div class=\"wp-block-column is-vertically-aligned-center is-layout-flow wp-block-column-is-layout-flow\">\n<div class=\"wp-block-columns is-layout-flex wp-container-core-columns-is-layout-9d6595d7 wp-block-columns-is-layout-flex\">\n<div class=\"wp-block-column is-vertically-aligned-top is-layout-flow wp-block-column-is-layout-flow\">\n<p><strong>Komplette Catering-L\u00f6sung:<\/strong> Ein mehr als 15-teiliges professionelles Kit mit <strong>Isolierte Lebensmittelbeh\u00e4lter<\/strong>, einen Getr\u00e4nkespender, Serviertabletts und Getr\u00e4nkegeschirr f\u00fcr den sofortigen Aufbau eines Buffets.<\/p>\n\n\n\n<p><strong>Integrierte Getr\u00e4nkestation:<\/strong> Verf\u00fcgt \u00fcber einen hochbelastbaren Thermoeimer mit verst\u00e4rktem <strong>Tippen Sie auf .<\/strong>, ideal f\u00fcr die schnelle Zubereitung von hei\u00dfem Kaffee oder gek\u00fchltem Tee.<\/p>\n\n\n\n<p><strong>Hervorragende 24-Stunden-Isolierung:<\/strong> Die fortschrittliche Doppelwandtechnologie sorgt daf\u00fcr, dass sowohl Speisen als auch Getr\u00e4nke bei langen Veranstaltungen eine lebensmittelsichere Temperatur behalten.<\/p>\n\n\n\n<p><strong>Hochwertiger Stahl in Lebensmittelqualit\u00e4t:<\/strong> Alle Komponenten sind aus hochwertigem Edelstahl gefertigt, um maximale Hygiene, Langlebigkeit und einfache Reinigung zu gew\u00e4hrleisten.<\/p>\n\n\n\n<p><strong>Professionelle \u00c4sthetik:<\/strong> Bietet ein einheitliches, poliertes Erscheinungsbild, das Ihre Markenpr\u00e4sentation auf Hochzeiten, Banketten oder Caf\u00e9-Theken aufwertet.<\/p>\n\n\n\n<p><strong>Robuste Tragbarkeit:<\/strong> Mit verst\u00e4rkten Griffen und stabilen Sockeln, die den Strapazen des h\u00e4ufigen Transports und der gewerblichen Nutzung standhalten.<\/p>\n<\/div>\n\n\n\n<div class=\"wp-block-column is-layout-flow wp-block-column-is-layout-flow\">\n<figure class=\"wp-block-image size-full\"><img decoding=\"async\" width=\"2500\" height=\"2500\" src=\"https:\/\/www.lianmeithermos.com\/wp-content\/uploads\/2026\/01\/Catering-Insulated-Food-Container-Kit-Wholesale-1.webp\" alt=\"Catering Isolierte Lebensmittel Container Kit Gro\u00dfhandel\" class=\"wp-image-744\" srcset=\"https:\/\/www.lianmeithermos.com\/wp-content\/uploads\/2026\/01\/Catering-Insulated-Food-Container-Kit-Wholesale-1.webp 2500w, https:\/\/www.lianmeithermos.com\/wp-content\/uploads\/2026\/01\/Catering-Insulated-Food-Container-Kit-Wholesale-1-300x300.webp 300w, https:\/\/www.lianmeithermos.com\/wp-content\/uploads\/2026\/01\/Catering-Insulated-Food-Container-Kit-Wholesale-1-150x150.webp 150w, https:\/\/www.lianmeithermos.com\/wp-content\/uploads\/2026\/01\/Catering-Insulated-Food-Container-Kit-Wholesale-1-768x768.webp 768w, https:\/\/www.lianmeithermos.com\/wp-content\/uploads\/2026\/01\/Catering-Insulated-Food-Container-Kit-Wholesale-1-12x12.webp 12w, https:\/\/www.lianmeithermos.com\/wp-content\/uploads\/2026\/01\/Catering-Insulated-Food-Container-Kit-Wholesale-1-1200x1200.webp 1200w, https:\/\/www.lianmeithermos.com\/wp-content\/uploads\/2026\/01\/Catering-Insulated-Food-Container-Kit-Wholesale-1-600x600.webp 600w, https:\/\/www.lianmeithermos.com\/wp-content\/uploads\/2026\/01\/Catering-Insulated-Food-Container-Kit-Wholesale-1-100x100.webp 100w\" sizes=\"(max-width: 2500px) 100vw, 2500px\" \/><\/figure>\n<\/div>\n<\/div>\n<\/div>\n<\/div>","protected":false},"excerpt":{"rendered":"<p data-start=\"239\" data-end=\"539\">Das ultimative professionelle Catering-Kit mit isolierten Lebensmittelbeh\u00e4ltern f\u00fcr den Gro\u00dfhandel mit hohem Volumen. Diese All-in-One-Buffetstation kombiniert ein Milch-Tee-Fass mit Zapfhahn, Thermobeh\u00e4lter mit hohem Fassungsverm\u00f6gen und Servierzubeh\u00f6r aus Edelstahl. Entwickelt f\u00fcr 24+ Stunden Temperaturerhaltung, ist es die perfekte professionelle L\u00f6sung f\u00fcr Restaurants, Hotels und Event-Catering.<\/p>\n<h2>\u00a0<\/h2>\n<p>&nbsp;<\/p>","protected":false},"featured_media":743,"comment_status":"closed","ping_status":"closed","template":"","meta":{"_acf_changed":false},"product_brand":[],"product_cat":[20],"product_tag":[23],"class_list":{"0":"post-738","1":"product","2":"type-product","3":"status-publish","4":"has-post-thumbnail","6":"product_cat-wholesale-insulated-food-containers","7":"product_tag-family-kitchen","9":"first","10":"instock","11":"shipping-taxable","12":"product-type-simple"},"acf":[],"_links":{"self":[{"href":"https:\/\/www.lianmeithermos.com\/de\/wp-json\/wp\/v2\/product\/738","targetHints":{"allow":["GET"]}}],"collection":[{"href":"https:\/\/www.lianmeithermos.com\/de\/wp-json\/wp\/v2\/product"}],"about":[{"href":"https:\/\/www.lianmeithermos.com\/de\/wp-json\/wp\/v2\/types\/product"}],"replies":[{"embeddable":true,"href":"https:\/\/www.lianmeithermos.com\/de\/wp-json\/wp\/v2\/comments?post=738"}],"wp:featuredmedia":[{"embeddable":true,"href":"https:\/\/www.lianmeithermos.com\/de\/wp-json\/wp\/v2\/media\/743"}],"wp:attachment":[{"href":"https:\/\/www.lianmeithermos.com\/de\/wp-json\/wp\/v2\/media?parent=738"}],"wp:term":[{"taxonomy":"product_brand","embeddable":true,"href":"https:\/\/www.lianmeithermos.com\/de\/wp-json\/wp\/v2\/product_brand?post=738"},{"taxonomy":"product_cat","embeddable":true,"href":"https:\/\/www.lianmeithermos.com\/de\/wp-json\/wp\/v2\/product_cat?post=738"},{"taxonomy":"product_tag","embeddable":true,"href":"https:\/\/www.lianmeithermos.com\/de\/wp-json\/wp\/v2\/product_tag?post=738"}],"curies":[{"name":"wp","href":"https:\/\/api.w.org\/{rel}","templated":true}]}}