{"id":745,"date":"2026-01-30T08:17:37","date_gmt":"2026-01-30T08:17:37","guid":{"rendered":"https:\/\/www.lianmeithermos.com\/?post_type=product&#038;p=745"},"modified":"2026-01-30T08:22:23","modified_gmt":"2026-01-30T08:22:23","slug":"insulated-food-container-kit-in-bulk","status":"publish","type":"product","link":"https:\/\/www.lianmeithermos.com\/de\/produkt\/insulated-food-container-kit-in-bulk\/","title":{"rendered":"5-tlg. professionelles isoliertes Lebensmittelbeh\u00e4lter-Set in loser Sch\u00fcttung"},"content":{"rendered":"<h2 class=\"wp-block-heading\">Merkmale des isolierten Lebensmittelbeh\u00e4lter-Sets in loser Sch\u00fcttung <\/h2>\n\n\n\n<div class=\"wp-block-columns is-layout-flex wp-container-core-columns-is-layout-9d6595d7 wp-block-columns-is-layout-flex\">\n<div class=\"wp-block-column is-vertically-aligned-center is-layout-flow wp-block-column-is-layout-flow\">\n<div class=\"wp-block-columns is-layout-flex wp-container-core-columns-is-layout-9d6595d7 wp-block-columns-is-layout-flex\">\n<div class=\"wp-block-column is-vertically-aligned-top is-layout-flow wp-block-column-is-layout-flow\">\n<p><strong>Erweiterte 5-teilige Konfiguration:<\/strong> Bietet ein umfassendes Angebot an Beh\u00e4ltergr\u00f6\u00dfen f\u00fcr verschiedene Men\u00fcpunkte in einem professionellen isolierten Lebensmittelbeh\u00e4lter-Set.<\/p>\n\n\n\n<p><strong>High-Flow-Getr\u00e4nkestation:<\/strong> Enth\u00e4lt einen speziellen Thermobeh\u00e4lter mit verst\u00e4rktem <strong>Tippen Sie auf .<\/strong>, So k\u00f6nnen Suppen oder Getr\u00e4nke effizient neben den Mahlzeitenbeh\u00e4ltern serviert werden.<\/p>\n\n\n\n<p><strong>Gewerbliche Isolierung:<\/strong> Die fortschrittliche doppelwandige Technologie h\u00e4lt die optimale W\u00e4rme oder K\u00e4lte f\u00fcr mehr als 12 Stunden aufrecht - perfekt f\u00fcr lange Arbeitsschichten und Transporte.<\/p>\n\n\n\n<p><strong>Hygienischer Edelstahl Innenraum:<\/strong> Jedes Ger\u00e4t ist mit einer hochwertigen Edelstahlauskleidung versehen, die rostfrei und leicht zu reinigen ist und eine Kreuzkontamination der Aromen verhindert.<\/p>\n\n\n\n<p><strong>Industrielle Langlebigkeit:<\/strong> Die robuste Au\u00dfenh\u00fclle und die strapazierf\u00e4higen Griffe sind f\u00fcr die t\u00e4glichen Anforderungen in einer Gro\u00dfk\u00fcche ausgelegt.<\/p>\n\n\n\n<p><strong>Luftdichte Spiraldeckel:<\/strong> Mit professionellen Twist-Lock-Deckeln, die eine staubdichte und auslaufsichere Versiegelung bieten, um die Qualit\u00e4t und Sicherheit der Lebensmittel zu gew\u00e4hrleisten.<\/p>\n<\/div>\n\n\n\n<div class=\"wp-block-column is-layout-flow wp-block-column-is-layout-flow\">\n<figure class=\"wp-block-image size-full\"><img decoding=\"async\" width=\"2500\" height=\"2500\" src=\"https:\/\/www.lianmeithermos.com\/wp-content\/uploads\/2026\/01\/Insulated-Food-Container-Kit-in-Bulk.webp\" alt=\"Isoliertes Lebensmittelbeh\u00e4lter-Kit in loser Sch\u00fcttung\" class=\"wp-image-739\" srcset=\"https:\/\/www.lianmeithermos.com\/wp-content\/uploads\/2026\/01\/Insulated-Food-Container-Kit-in-Bulk.webp 2500w, https:\/\/www.lianmeithermos.com\/wp-content\/uploads\/2026\/01\/Insulated-Food-Container-Kit-in-Bulk-300x300.webp 300w, https:\/\/www.lianmeithermos.com\/wp-content\/uploads\/2026\/01\/Insulated-Food-Container-Kit-in-Bulk-150x150.webp 150w, https:\/\/www.lianmeithermos.com\/wp-content\/uploads\/2026\/01\/Insulated-Food-Container-Kit-in-Bulk-768x768.webp 768w, https:\/\/www.lianmeithermos.com\/wp-content\/uploads\/2026\/01\/Insulated-Food-Container-Kit-in-Bulk-12x12.webp 12w, https:\/\/www.lianmeithermos.com\/wp-content\/uploads\/2026\/01\/Insulated-Food-Container-Kit-in-Bulk-1200x1200.webp 1200w, https:\/\/www.lianmeithermos.com\/wp-content\/uploads\/2026\/01\/Insulated-Food-Container-Kit-in-Bulk-600x600.webp 600w, https:\/\/www.lianmeithermos.com\/wp-content\/uploads\/2026\/01\/Insulated-Food-Container-Kit-in-Bulk-100x100.webp 100w\" sizes=\"(max-width: 2500px) 100vw, 2500px\" \/><\/figure>\n<\/div>\n<\/div>\n<\/div>\n<\/div>","protected":false},"excerpt":{"rendered":"<p data-start=\"239\" data-end=\"539\">Dieses professionelle isolierte Lebensmittelbeh\u00e4lter-Set ist die ultimative 5-teilige Thermostation f\u00fcr Gro\u00dfk\u00fcchen. Ausgestattet mit lebensmittelechten Edelstahleinlagen und einem integrierten Milch-Tee-Fass mit einem langlebigen Hahn, sorgt dieses Set daf\u00fcr, dass Ihre Hauptgerichte und Getr\u00e4nke \u00fcber 12 Stunden lang lebensmittelecht temperiert bleiben.<\/p>\n<h2>\u00a0<\/h2>\n<p>&nbsp;<\/p>","protected":false},"featured_media":739,"comment_status":"closed","ping_status":"closed","template":"","meta":{"_acf_changed":false},"product_brand":[],"product_cat":[20],"product_tag":[23],"class_list":{"0":"post-745","1":"product","2":"type-product","3":"status-publish","4":"has-post-thumbnail","6":"product_cat-wholesale-insulated-food-containers","7":"product_tag-family-kitchen","9":"first","10":"instock","11":"shipping-taxable","12":"product-type-simple"},"acf":[],"_links":{"self":[{"href":"https:\/\/www.lianmeithermos.com\/de\/wp-json\/wp\/v2\/product\/745","targetHints":{"allow":["GET"]}}],"collection":[{"href":"https:\/\/www.lianmeithermos.com\/de\/wp-json\/wp\/v2\/product"}],"about":[{"href":"https:\/\/www.lianmeithermos.com\/de\/wp-json\/wp\/v2\/types\/product"}],"replies":[{"embeddable":true,"href":"https:\/\/www.lianmeithermos.com\/de\/wp-json\/wp\/v2\/comments?post=745"}],"wp:featuredmedia":[{"embeddable":true,"href":"https:\/\/www.lianmeithermos.com\/de\/wp-json\/wp\/v2\/media\/739"}],"wp:attachment":[{"href":"https:\/\/www.lianmeithermos.com\/de\/wp-json\/wp\/v2\/media?parent=745"}],"wp:term":[{"taxonomy":"product_brand","embeddable":true,"href":"https:\/\/www.lianmeithermos.com\/de\/wp-json\/wp\/v2\/product_brand?post=745"},{"taxonomy":"product_cat","embeddable":true,"href":"https:\/\/www.lianmeithermos.com\/de\/wp-json\/wp\/v2\/product_cat?post=745"},{"taxonomy":"product_tag","embeddable":true,"href":"https:\/\/www.lianmeithermos.com\/de\/wp-json\/wp\/v2\/product_tag?post=745"}],"curies":[{"name":"wp","href":"https:\/\/api.w.org\/{rel}","templated":true}]}}