{"id":783,"date":"2026-03-20T09:54:19","date_gmt":"2026-03-20T09:54:19","guid":{"rendered":"https:\/\/www.lianmeithermos.com\/?post_type=product&#038;p=783"},"modified":"2026-04-05T02:16:35","modified_gmt":"2026-04-05T02:16:35","slug":"wholesale-juice-dispenser-for-catering","status":"publish","type":"product","link":"https:\/\/www.lianmeithermos.com\/de\/produkt\/wholesale-juice-dispenser-for-catering\/","title":{"rendered":"Gro\u00dfhandel Saftspender f\u00fcr Catering"},"content":{"rendered":"<h2 class=\"wp-block-heading\">Merkmale des Gro\u00dfhandels-Saftabf\u00fcllers<\/h2>\n\n\n\n<div class=\"wp-block-columns is-layout-flex wp-container-core-columns-is-layout-9d6595d7 wp-block-columns-is-layout-flex\">\n<div class=\"wp-block-column is-vertically-aligned-center is-layout-flow wp-block-column-is-layout-flow\">\n<div class=\"wp-block-columns is-layout-flex wp-container-core-columns-is-layout-9d6595d7 wp-block-columns-is-layout-flex\">\n<div class=\"wp-block-column is-vertically-aligned-top is-layout-flow wp-block-column-is-layout-flow\">\n<p><strong>Elegantes Spiegel-Finish-Design:<\/strong> Die raffinierte, polierte Oberfl\u00e4che verleiht jedem Hotelbuffet, Bankett oder jeder Hochzeit einen hochwertigen Touch und verbessert das Gesamterlebnis f\u00fcr Ihre G\u00e4ste.<\/p>\n\n\n\n<p><strong>Gro\u00dfes Fassungsverm\u00f6gen mit tropffreiem Wasserhahn:<\/strong> Der professionelle Zapfhahn verhindert das Auslaufen und Versch\u00fctten von Fl\u00fcssigkeiten und sorgt so f\u00fcr einen effizienten Service und minimalen Abfall w\u00e4hrend der Sto\u00dfzeiten.<\/p>\n\n\n\n<p><strong>Abnehmbare Komponenten f\u00fcr einfache Reinigung:<\/strong> Sie sind schnell zerlegbar und erm\u00f6glichen ein gr\u00fcndliches Hygienemanagement - ein entscheidender Faktor f\u00fcr die Einhaltung von Vorschriften in Restaurants und der Gastronomie.<\/p>\n\n\n\n<p><strong>Stabile Basis und ergonomische Bauweise:<\/strong> Der stabile Standfu\u00df verhindert ein Umkippen und ist daher ideal f\u00fcr stark frequentierte Catering-Veranstaltungen und professionelle Buffetaufbauten.<\/p>\n\n\n\n<p><strong>Factory-Direct Gro\u00dfhandel liefern:<\/strong> Als vertrauensw\u00fcrdiger Hersteller mit 30 Jahren Erfahrung bietet Lianmei wettbewerbsf\u00e4hige Gro\u00dfhandelspreise und zuverl\u00e4ssige Lieferketten f\u00fcr globale Distributoren und Gro\u00dfh\u00e4ndler.<\/p>\n<\/div>\n\n\n\n<div class=\"wp-block-column is-layout-flow wp-block-column-is-layout-flow\">\n<figure class=\"wp-block-image size-full\"><img decoding=\"async\" width=\"3274\" height=\"3274\" src=\"https:\/\/www.lianmeithermos.com\/wp-content\/uploads\/2026\/03\/Wholesale-Juice-Dispenser-for-Catering2.webp\" alt=\"Gro\u00dfhandel Saftspender f\u00fcr Catering2\" class=\"wp-image-785\" srcset=\"https:\/\/www.lianmeithermos.com\/wp-content\/uploads\/2026\/03\/Wholesale-Juice-Dispenser-for-Catering2.webp 3274w, https:\/\/www.lianmeithermos.com\/wp-content\/uploads\/2026\/03\/Wholesale-Juice-Dispenser-for-Catering2-300x300.webp 300w, https:\/\/www.lianmeithermos.com\/wp-content\/uploads\/2026\/03\/Wholesale-Juice-Dispenser-for-Catering2-150x150.webp 150w, https:\/\/www.lianmeithermos.com\/wp-content\/uploads\/2026\/03\/Wholesale-Juice-Dispenser-for-Catering2-768x768.webp 768w, https:\/\/www.lianmeithermos.com\/wp-content\/uploads\/2026\/03\/Wholesale-Juice-Dispenser-for-Catering2-12x12.webp 12w, https:\/\/www.lianmeithermos.com\/wp-content\/uploads\/2026\/03\/Wholesale-Juice-Dispenser-for-Catering2-1200x1200.webp 1200w, https:\/\/www.lianmeithermos.com\/wp-content\/uploads\/2026\/03\/Wholesale-Juice-Dispenser-for-Catering2-600x600.webp 600w, https:\/\/www.lianmeithermos.com\/wp-content\/uploads\/2026\/03\/Wholesale-Juice-Dispenser-for-Catering2-100x100.webp 100w\" sizes=\"(max-width: 3274px) 100vw, 3274px\" \/><\/figure>\n<\/div>\n<\/div>\n<\/div>\n<\/div>","protected":false},"excerpt":{"rendered":"<p data-start=\"452\" data-end=\"647\">Dieser Saftspender f\u00fcr den Gro\u00dfhandel wurde f\u00fcr hochwertige Hotelbuffets und die gewerbliche Gastronomie entwickelt. Er kombiniert eine raffinierte Hochglanzoberfl\u00e4che mit dauerhafter Leistung f\u00fcr stark frequentierte Umgebungen.<\/p>\n<h2>Spezifikationen des Gro\u00dfhandels Saftspender<\/h2>\n<table data-path-to-node=\"3\">\n<thead>\n<tr>\n<td><strong>Spezifikationen<\/strong><\/td>\n<td><strong>Farboptionen<\/strong><\/td>\n<td><strong>Abmessungen (cm)<\/strong><\/td>\n<td><strong>Konfiguration<\/strong><\/td>\n<\/tr>\n<\/thead>\n<tbody>\n<tr>\n<td><span data-path-to-node=\"3,1,0,0\"><b data-path-to-node=\"3,1,0,0\" data-index-in-node=\"0\">8L<\/b><\/span><\/td>\n<td><span data-path-to-node=\"3,1,1,0\">Silber \/ Silber &amp; Gold<\/span><\/td>\n<td><span data-path-to-node=\"3,1,2,0\">42 * 30 * 29<\/span><\/td>\n<td><span data-path-to-node=\"3,1,3,0\">Einzeltank<\/span><\/td>\n<\/tr>\n<tr>\n<td><span data-path-to-node=\"3,2,0,0\"><b data-path-to-node=\"3,2,0,0\" data-index-in-node=\"0\">8L + 8L<\/b><\/span><\/td>\n<td><span data-path-to-node=\"3,2,1,0\">Silber \/ Silber &amp; Gold<\/span><\/td>\n<td><span data-path-to-node=\"3,2,2,0\">59 * 44 * 30<\/span><\/td>\n<td><span data-path-to-node=\"3,2,3,0\">Doppelte Tanks<\/span><\/td>\n<\/tr>\n<tr>\n<td><span data-path-to-node=\"3,3,0,0\"><b data-path-to-node=\"3,3,0,0\" data-index-in-node=\"0\">8L + 8L + 8L<\/b><\/span><\/td>\n<td><span data-path-to-node=\"3,3,1,0\">Silber \/ Silber &amp; Gold<\/span><\/td>\n<td><span data-path-to-node=\"3,3,2,0\">89 * 45 * 33<\/span><\/td>\n<td><span data-path-to-node=\"3,3,3,0\">Dreifach-Tanks<\/span><\/td>\n<\/tr>\n<\/tbody>\n<\/table>","protected":false},"featured_media":784,"comment_status":"closed","ping_status":"closed","template":"","meta":{"_acf_changed":false},"product_brand":[],"product_cat":[18],"product_tag":[25],"class_list":{"0":"post-783","1":"product","2":"type-product","3":"status-publish","4":"has-post-thumbnail","6":"product_cat-wholesale-milk-tea-buckets","7":"product_tag-restaurant","9":"first","10":"instock","11":"shipping-taxable","12":"product-type-simple"},"acf":[],"_links":{"self":[{"href":"https:\/\/www.lianmeithermos.com\/de\/wp-json\/wp\/v2\/product\/783","targetHints":{"allow":["GET"]}}],"collection":[{"href":"https:\/\/www.lianmeithermos.com\/de\/wp-json\/wp\/v2\/product"}],"about":[{"href":"https:\/\/www.lianmeithermos.com\/de\/wp-json\/wp\/v2\/types\/product"}],"replies":[{"embeddable":true,"href":"https:\/\/www.lianmeithermos.com\/de\/wp-json\/wp\/v2\/comments?post=783"}],"wp:featuredmedia":[{"embeddable":true,"href":"https:\/\/www.lianmeithermos.com\/de\/wp-json\/wp\/v2\/media\/784"}],"wp:attachment":[{"href":"https:\/\/www.lianmeithermos.com\/de\/wp-json\/wp\/v2\/media?parent=783"}],"wp:term":[{"taxonomy":"product_brand","embeddable":true,"href":"https:\/\/www.lianmeithermos.com\/de\/wp-json\/wp\/v2\/product_brand?post=783"},{"taxonomy":"product_cat","embeddable":true,"href":"https:\/\/www.lianmeithermos.com\/de\/wp-json\/wp\/v2\/product_cat?post=783"},{"taxonomy":"product_tag","embeddable":true,"href":"https:\/\/www.lianmeithermos.com\/de\/wp-json\/wp\/v2\/product_tag?post=783"}],"curies":[{"name":"wp","href":"https:\/\/api.w.org\/{rel}","templated":true}]}}