{"id":786,"date":"2026-03-21T01:58:18","date_gmt":"2026-03-21T01:58:18","guid":{"rendered":"https:\/\/www.lianmeithermos.com\/?post_type=product&#038;p=786"},"modified":"2026-03-21T02:14:43","modified_gmt":"2026-03-21T02:14:43","slug":"wholesale-stainless-steel-coffee-urn-for-hotel-catering","status":"publish","type":"product","link":"https:\/\/www.lianmeithermos.com\/de\/produkt\/wholesale-stainless-steel-coffee-urn-for-hotel-catering\/","title":{"rendered":"Gro\u00dfhandel Edelstahl Kaffee Urne f\u00fcr Hotel Catering"},"content":{"rendered":"<h2 class=\"wp-block-heading\">Eigenschaften der Edelstahl-Kaffeeurne f\u00fcr den Gro\u00dfhandel<\/h2>\n\n\n\n<div class=\"wp-block-columns is-layout-flex wp-container-core-columns-is-layout-9d6595d7 wp-block-columns-is-layout-flex\">\n<div class=\"wp-block-column is-vertically-aligned-center is-layout-flow wp-block-column-is-layout-flow\">\n<div class=\"wp-block-columns is-layout-flex wp-container-core-columns-is-layout-9d6595d7 wp-block-columns-is-layout-flex\">\n<div class=\"wp-block-column is-vertically-aligned-top is-layout-flow wp-block-column-is-layout-flow\">\n<p><strong>Elegante, hochglanzpolierte Oberfl\u00e4che:<\/strong> Das raffinierte, hochgl\u00e4nzende \u00c4u\u00dfere sorgt f\u00fcr eine hochwertige \u00c4sthetik, die sich perfekt f\u00fcr luxuri\u00f6se Hotelbuffets, Hochzeiten und professionelle Bankettveranstaltungen eignet.<\/p>\n\n\n\n<p><strong>Thermische Leistung von Brennstoffheizungen:<\/strong> Der spezielle Boden des Brennstoffbeh\u00e4lters h\u00e4lt die Hitze stabil und sorgt daf\u00fcr, dass Kaffee und Hei\u00dfgetr\u00e4nke stundenlang die ideale Serviertemperatur behalten.<\/p>\n\n\n\n<p><strong>Professioneller tropfsicherer Zapfhahn:<\/strong> Ausgestattet mit einem hochwertigen, hitzebest\u00e4ndigen Wasserhahn, der ein gleichm\u00e4\u00dfiges Ausgie\u00dfen ohne Leckagen gew\u00e4hrleistet und Ihren Servicebereich sauber und effizient h\u00e4lt.<\/p>\n\n\n\n<p><strong>Hochbelastbares, stabiles Beindesign:<\/strong> Der verst\u00e4rkte Dreibeinfu\u00df sorgt f\u00fcr maximale Stabilit\u00e4t auf Buffettischen und bietet Sicherheit und Zuverl\u00e4ssigkeit in stark frequentierten Gastronomiebereichen.<\/p>\n\n\n\n<p><strong>Gro\u00dfe Verf\u00fcgbarkeit im Gro\u00dfhandel:<\/strong> Als f\u00fchrender Hersteller bietet Lianmei wettbewerbsf\u00e4hige Gro\u00dfhandelspreise und eine gleichbleibende Versorgung f\u00fcr die weltweiten Gro\u00dfh\u00e4ndler und Verteiler von Gastronomiebedarf.<\/p>\n<\/div>\n\n\n\n<div class=\"wp-block-column is-layout-flow wp-block-column-is-layout-flow\">\n<figure class=\"wp-block-image size-full\"><img decoding=\"async\" width=\"703\" height=\"703\" src=\"https:\/\/www.lianmeithermos.com\/wp-content\/uploads\/2026\/03\/Wholesale-Stainless-Steel-Coffee-Urn.webp\" alt=\"Gro\u00dfhandel Edelstahl Kaffee Urne\" class=\"wp-image-787\" srcset=\"https:\/\/www.lianmeithermos.com\/wp-content\/uploads\/2026\/03\/Wholesale-Stainless-Steel-Coffee-Urn.webp 703w, https:\/\/www.lianmeithermos.com\/wp-content\/uploads\/2026\/03\/Wholesale-Stainless-Steel-Coffee-Urn-300x300.webp 300w, https:\/\/www.lianmeithermos.com\/wp-content\/uploads\/2026\/03\/Wholesale-Stainless-Steel-Coffee-Urn-150x150.webp 150w, https:\/\/www.lianmeithermos.com\/wp-content\/uploads\/2026\/03\/Wholesale-Stainless-Steel-Coffee-Urn-12x12.webp 12w, https:\/\/www.lianmeithermos.com\/wp-content\/uploads\/2026\/03\/Wholesale-Stainless-Steel-Coffee-Urn-600x600.webp 600w, https:\/\/www.lianmeithermos.com\/wp-content\/uploads\/2026\/03\/Wholesale-Stainless-Steel-Coffee-Urn-100x100.webp 100w\" sizes=\"(max-width: 703px) 100vw, 703px\" \/><\/figure>\n<\/div>\n<\/div>\n<\/div>\n<\/div>","protected":false},"excerpt":{"rendered":"<p data-start=\"452\" data-end=\"647\">Unsere Edelstahl-Kaffeemaschine f\u00fcr den Gro\u00dfhandel ist f\u00fcr gehobene Hotelbuffets und Bankette konzipiert. Es verf\u00fcgt \u00fcber eine strapazierf\u00e4hige Hochglanzoberfl\u00e4che und ein hitzebest\u00e4ndiges Design, um einen optimalen Getr\u00e4nkeservice in jeder kommerziellen Foodservice-Umgebung zu gew\u00e4hrleisten.<\/p>\n<p>&nbsp;<\/p>","protected":false},"featured_media":787,"comment_status":"closed","ping_status":"closed","template":"","meta":{"_acf_changed":false},"product_brand":[],"product_cat":[18],"product_tag":[25],"class_list":{"0":"post-786","1":"product","2":"type-product","3":"status-publish","4":"has-post-thumbnail","6":"product_cat-wholesale-milk-tea-buckets","7":"product_tag-restaurant","9":"first","10":"instock","11":"shipping-taxable","12":"product-type-simple"},"acf":[],"_links":{"self":[{"href":"https:\/\/www.lianmeithermos.com\/de\/wp-json\/wp\/v2\/product\/786","targetHints":{"allow":["GET"]}}],"collection":[{"href":"https:\/\/www.lianmeithermos.com\/de\/wp-json\/wp\/v2\/product"}],"about":[{"href":"https:\/\/www.lianmeithermos.com\/de\/wp-json\/wp\/v2\/types\/product"}],"replies":[{"embeddable":true,"href":"https:\/\/www.lianmeithermos.com\/de\/wp-json\/wp\/v2\/comments?post=786"}],"wp:featuredmedia":[{"embeddable":true,"href":"https:\/\/www.lianmeithermos.com\/de\/wp-json\/wp\/v2\/media\/787"}],"wp:attachment":[{"href":"https:\/\/www.lianmeithermos.com\/de\/wp-json\/wp\/v2\/media?parent=786"}],"wp:term":[{"taxonomy":"product_brand","embeddable":true,"href":"https:\/\/www.lianmeithermos.com\/de\/wp-json\/wp\/v2\/product_brand?post=786"},{"taxonomy":"product_cat","embeddable":true,"href":"https:\/\/www.lianmeithermos.com\/de\/wp-json\/wp\/v2\/product_cat?post=786"},{"taxonomy":"product_tag","embeddable":true,"href":"https:\/\/www.lianmeithermos.com\/de\/wp-json\/wp\/v2\/product_tag?post=786"}],"curies":[{"name":"wp","href":"https:\/\/api.w.org\/{rel}","templated":true}]}}