{"id":792,"date":"2026-03-21T03:27:45","date_gmt":"2026-03-21T03:27:45","guid":{"rendered":"https:\/\/www.lianmeithermos.com\/?post_type=product&#038;p=792"},"modified":"2026-04-02T01:37:04","modified_gmt":"2026-04-02T01:37:04","slug":"wholesale-commercial-water-boiler-stainless-steel-electric-water-heater","status":"publish","type":"product","link":"https:\/\/www.lianmeithermos.com\/de\/produkt\/wholesale-commercial-water-boiler-stainless-steel-electric-water-heater\/","title":{"rendered":"Gro\u00dfhandel kommerziellen Wasserkocher | Edelstahl elektrische Wasser-Heizung"},"content":{"rendered":"<h2 class=\"wp-block-heading\">Merkmale des kommerziellen Gro\u00dfhandels-Wasserkessels<\/h2>\n\n\n\n<div class=\"wp-block-columns is-layout-flex wp-container-core-columns-is-layout-9d6595d7 wp-block-columns-is-layout-flex\">\n<div class=\"wp-block-column is-vertically-aligned-center is-layout-flow wp-block-column-is-layout-flow\">\n<div class=\"wp-block-columns is-layout-flex wp-container-core-columns-is-layout-9d6595d7 wp-block-columns-is-layout-flex\">\n<div class=\"wp-block-column is-vertically-aligned-top is-layout-flow wp-block-column-is-layout-flow\">\n<p><strong>Schnelles elektrisches Heizen mit hoher Kapazit\u00e4t:<\/strong> Ausgestattet mit einem leistungsstarken, steckbaren Heizelement (bis zu 2800 W), das daf\u00fcr sorgt, dass gro\u00dfe Mengen Wasser oder Br\u00fche schnell den Siedepunkt erreichen, wodurch die Wartezeiten w\u00e4hrend der Hauptservicezeiten minimiert werden.<\/p>\n\n\n\n<p><strong>Vielseitiges Dual-Use-Design (Kochen und Garen):<\/strong> Entwickelt f\u00fcr den vielseitigen professionellen Einsatz; das verst\u00e4rkte Hochleistungsgeh\u00e4use eignet sich perfekt f\u00fcr das schnelle Aufkochen von Wasser und das K\u00f6cheln gro\u00dfer Mengen Suppe und erf\u00fcllt die unterschiedlichsten Anforderungen in der Gro\u00dfk\u00fcche.<\/p>\n\n\n\n<p><strong>Umfassende Palette von Spezifikationen:<\/strong> Erh\u00e4ltlich in verschiedenen Gr\u00f6\u00dfen, von <strong>19L bis 60L<\/strong> f\u00fcr jeden Betrieb, von kleinen Caf\u00e9s bis hin zu gro\u00dfen Catering-Veranstaltungen. W\u00e4hlen Sie die perfekte Kapazit\u00e4t und Leistung (1800W-2800W) f\u00fcr Ihre spezifischen Anforderungen.<\/p>\n\n\n\n<p><strong>Langlebige und sichere Konstruktion aus rostfreiem Stahl:<\/strong> Mit einem Geh\u00e4use aus lebensmittelechtem Edelstahl und robusten Griffen mit Verbr\u00fchschutz. Eigenschaften integriert <strong>Boil-Dry-Schutz<\/strong> mit Sicherheitssensoren, die bei niedrigem F\u00fcllstand automatisch die Stromzufuhr unterbrechen und so einen lang anhaltenden, sicheren Betrieb gew\u00e4hrleisten.<\/p>\n\n\n\n<p><strong>Professioneller High-Flow und einfache Reinigung:<\/strong> Der tropffreie Zapfhahn mit hohem Durchfluss sorgt f\u00fcr eine schnelle Entnahme und der glatte, weit zu \u00f6ffnende Innenbeh\u00e4lter erm\u00f6glicht eine m\u00fchelose Reinigung und hygienische Wartung - unerl\u00e4sslich f\u00fcr die Einhaltung der Vorschriften in der professionellen Gastronomie.<\/p>\n<\/div>\n\n\n\n<div class=\"wp-block-column is-layout-flow wp-block-column-is-layout-flow\">\n<figure class=\"wp-block-image size-full\"><img decoding=\"async\" width=\"705\" height=\"705\" src=\"https:\/\/www.lianmeithermos.com\/wp-content\/uploads\/2026\/03\/Wholesale-Commercial-Water-Boiler.webp\" alt=\"Gro\u00dfhandel kommerzieller Wasserboiler\" class=\"wp-image-794\" srcset=\"https:\/\/www.lianmeithermos.com\/wp-content\/uploads\/2026\/03\/Wholesale-Commercial-Water-Boiler.webp 705w, https:\/\/www.lianmeithermos.com\/wp-content\/uploads\/2026\/03\/Wholesale-Commercial-Water-Boiler-300x300.webp 300w, https:\/\/www.lianmeithermos.com\/wp-content\/uploads\/2026\/03\/Wholesale-Commercial-Water-Boiler-150x150.webp 150w, https:\/\/www.lianmeithermos.com\/wp-content\/uploads\/2026\/03\/Wholesale-Commercial-Water-Boiler-12x12.webp 12w, https:\/\/www.lianmeithermos.com\/wp-content\/uploads\/2026\/03\/Wholesale-Commercial-Water-Boiler-600x600.webp 600w, https:\/\/www.lianmeithermos.com\/wp-content\/uploads\/2026\/03\/Wholesale-Commercial-Water-Boiler-100x100.webp 100w\" sizes=\"(max-width: 705px) 100vw, 705px\" \/><\/figure>\n<\/div>\n<\/div>\n<\/div>\n<\/div>","protected":false},"excerpt":{"rendered":"<p data-start=\"452\" data-end=\"647\">Unsere Gro\u00dfhandels-Wasserkocher sind f\u00fcr den Einsatz in gro\u00dfen Mengen in der Gastronomie und im Foodservice konzipiert. Sie zeichnen sich durch schnelle Erw\u00e4rmung, langlebige Edelstahlkonstruktion und zuverl\u00e4ssige Leistung f\u00fcr den t\u00e4glichen Betrieb aus.<\/p>\n<h2>Spezifikationen des Gro\u00dfhandels kommerziellen Wasserboilers<\/h2>\n<table data-path-to-node=\"3\">\n<thead>\n<tr>\n<td><strong>Tats\u00e4chliche Kapazit\u00e4t<\/strong><\/td>\n<td><strong>Strom<\/strong><\/td>\n<td><strong>Innendurchmesser<\/strong><\/td>\n<td><strong>Innere H\u00f6he<\/strong><\/td>\n<td><strong>\u00c4u\u00dferer Durchmesser<\/strong><\/td>\n<td><strong>\u00c4u\u00dfere H\u00f6he<\/strong><\/td>\n<td><strong>Stecker Typ<\/strong><\/td>\n<\/tr>\n<\/thead>\n<tbody>\n<tr>\n<td><span data-path-to-node=\"3,1,0,0\"><b data-path-to-node=\"3,1,0,0\" data-index-in-node=\"0\">19L<\/b><\/span><\/td>\n<td><span data-path-to-node=\"3,1,1,0\">1800W<\/span><\/td>\n<td><span data-path-to-node=\"3,1,2,0\">30cm<\/span><\/td>\n<td><span data-path-to-node=\"3,1,3,0\">29cm<\/span><\/td>\n<td><span data-path-to-node=\"3,1,4,0\">32,5 cm<\/span><\/td>\n<td><span data-path-to-node=\"3,1,5,0\">40cm<\/span><\/td>\n<td><span data-path-to-node=\"3,1,6,0\">10A<\/span><\/td>\n<\/tr>\n<tr>\n<td><span data-path-to-node=\"3,2,0,0\"><b data-path-to-node=\"3,2,0,0\" data-index-in-node=\"0\">26L<\/b><\/span><\/td>\n<td><span data-path-to-node=\"3,2,1,0\">1800W<\/span><\/td>\n<td><span data-path-to-node=\"3,2,2,0\">30cm<\/span><\/td>\n<td><span data-path-to-node=\"3,2,3,0\">38cm<\/span><\/td>\n<td><span data-path-to-node=\"3,2,4,0\">32,5 cm<\/span><\/td>\n<td><span data-path-to-node=\"3,2,5,0\">49cm<\/span><\/td>\n<td><span data-path-to-node=\"3,2,6,0\">10A<\/span><\/td>\n<\/tr>\n<tr>\n<td><span data-path-to-node=\"3,3,0,0\"><b data-path-to-node=\"3,3,0,0\" data-index-in-node=\"0\">41L<\/b><\/span><\/td>\n<td><span data-path-to-node=\"3,3,1,0\">2800W<\/span><\/td>\n<td><span data-path-to-node=\"3,3,2,0\">35cm<\/span><\/td>\n<td><span data-path-to-node=\"3,3,3,0\">43cm<\/span><\/td>\n<td><span data-path-to-node=\"3,3,4,0\">37,5 cm<\/span><\/td>\n<td><span data-path-to-node=\"3,3,5,0\">53cm<\/span><\/td>\n<td><span data-path-to-node=\"3,3,6,0\">10A<\/span><\/td>\n<\/tr>\n<tr>\n<td><span data-path-to-node=\"3,4,0,0\"><b data-path-to-node=\"3,4,0,0\" data-index-in-node=\"0\">54L<\/b><\/span><\/td>\n<td><span data-path-to-node=\"3,4,1,0\">2800W<\/span><\/td>\n<td><span data-path-to-node=\"3,4,2,0\">40cm<\/span><\/td>\n<td><span data-path-to-node=\"3,4,3,0\">44cm<\/span><\/td>\n<td><span data-path-to-node=\"3,4,4,0\">42,5 cm<\/span><\/td>\n<td><span data-path-to-node=\"3,4,5,0\">53cm<\/span><\/td>\n<td><span data-path-to-node=\"3,4,6,0\">10A<\/span><\/td>\n<\/tr>\n<tr>\n<td><span data-path-to-node=\"3,5,0,0\"><b data-path-to-node=\"3,5,0,0\" data-index-in-node=\"0\">60L<\/b><\/span><\/td>\n<td><span data-path-to-node=\"3,5,1,0\">2800W<\/span><\/td>\n<td><span data-path-to-node=\"3,5,2,0\">40cm<\/span><\/td>\n<td><span data-path-to-node=\"3,5,3,0\">48cm<\/span><\/td>\n<td><span data-path-to-node=\"3,5,4,0\">42,5 cm<\/span><\/td>\n<td><span data-path-to-node=\"3,5,5,0\">58cm<\/span><\/td>\n<td><span data-path-to-node=\"3,5,6,0\">10A<\/span><\/td>\n<\/tr>\n<\/tbody>\n<\/table>","protected":false},"featured_media":794,"comment_status":"closed","ping_status":"closed","template":"","meta":{"_acf_changed":false},"product_brand":[],"product_cat":[28],"product_tag":[25],"class_list":{"0":"post-792","1":"product","2":"type-product","3":"status-publish","4":"has-post-thumbnail","6":"product_cat-wholesale-commercial-water-boilers","7":"product_tag-restaurant","9":"first","10":"instock","11":"shipping-taxable","12":"product-type-simple"},"acf":[],"_links":{"self":[{"href":"https:\/\/www.lianmeithermos.com\/de\/wp-json\/wp\/v2\/product\/792","targetHints":{"allow":["GET"]}}],"collection":[{"href":"https:\/\/www.lianmeithermos.com\/de\/wp-json\/wp\/v2\/product"}],"about":[{"href":"https:\/\/www.lianmeithermos.com\/de\/wp-json\/wp\/v2\/types\/product"}],"replies":[{"embeddable":true,"href":"https:\/\/www.lianmeithermos.com\/de\/wp-json\/wp\/v2\/comments?post=792"}],"wp:featuredmedia":[{"embeddable":true,"href":"https:\/\/www.lianmeithermos.com\/de\/wp-json\/wp\/v2\/media\/794"}],"wp:attachment":[{"href":"https:\/\/www.lianmeithermos.com\/de\/wp-json\/wp\/v2\/media?parent=792"}],"wp:term":[{"taxonomy":"product_brand","embeddable":true,"href":"https:\/\/www.lianmeithermos.com\/de\/wp-json\/wp\/v2\/product_brand?post=792"},{"taxonomy":"product_cat","embeddable":true,"href":"https:\/\/www.lianmeithermos.com\/de\/wp-json\/wp\/v2\/product_cat?post=792"},{"taxonomy":"product_tag","embeddable":true,"href":"https:\/\/www.lianmeithermos.com\/de\/wp-json\/wp\/v2\/product_tag?post=792"}],"curies":[{"name":"wp","href":"https:\/\/api.w.org\/{rel}","templated":true}]}}