{"id":795,"date":"2026-03-21T03:42:20","date_gmt":"2026-03-21T03:42:20","guid":{"rendered":"https:\/\/www.lianmeithermos.com\/?post_type=product&#038;p=795"},"modified":"2026-04-04T08:53:36","modified_gmt":"2026-04-04T08:53:36","slug":"wholesale-stainless-steel-gn-pan-with-lid","status":"publish","type":"product","link":"https:\/\/www.lianmeithermos.com\/de\/produkt\/wholesale-stainless-steel-gn-pan-with-lid\/","title":{"rendered":"Gro\u00dfhandel Edelstahl GN Pfanne mit Deckel"},"content":{"rendered":"<h2 class=\"wp-block-heading\">Merkmale des Gro\u00dfhandels Edelstahl GN-Pfanne mit Deckel<\/h2>\n\n\n\n<div class=\"wp-block-columns is-layout-flex wp-container-core-columns-is-layout-9d6595d7 wp-block-columns-is-layout-flex\">\n<div class=\"wp-block-column is-vertically-aligned-center is-layout-flow wp-block-column-is-layout-flow\">\n<div class=\"wp-block-columns is-layout-flex wp-container-core-columns-is-layout-9d6595d7 wp-block-columns-is-layout-flex\">\n<div class=\"wp-block-column is-vertically-aligned-top is-layout-flow wp-block-column-is-layout-flow\">\n<p><strong>Internationale Standard-GN-Gr\u00f6\u00dfe:<\/strong> Pr\u00e4zise hergestellt nach internationalen GN (Gastronorm)-Gr\u00f6\u00dfenstandards f\u00fcr volle Kompatibilit\u00e4t mit weltweiten Gro\u00dfk\u00fcchenger\u00e4ten und Warmhaltestationen f\u00fcr Lebensmittel.<\/p>\n\n\n\n<p><strong>Premium-Edelstahl in Lebensmittelqualit\u00e4t:<\/strong> Hergestellt aus hochwertigem, haltbarem Edelstahl f\u00fcr nicht reaktive, sichere Handhabung von Lebensmitteln, \u00fcberragende Korrosionsbest\u00e4ndigkeit und lang anhaltende kommerzielle Nutzung.<\/p>\n\n\n\n<p><strong>Inklusive Secure-Fit-Deckel:<\/strong> Der passende Edelstahldeckel mit integriertem Griff sch\u00fctzt die Lebensmittel vor Verunreinigungen, verringert den Temperaturverlust und erm\u00f6glicht einen sicheren, auslaufsicheren Transport.<\/p>\n\n\n\n<p><strong>Glatte abgerundete Ecken und Kanten:<\/strong> Das Design mit perfekt abgerundeten Ecken verhindert das Einklemmen von Lebensmitteln und gew\u00e4hrleistet eine m\u00fchelose Reinigung und die strikte Einhaltung der professionellen Lebensmittelsicherheit.<\/p>\n\n\n\n<p><strong>Anti-Stau-Nesting f\u00fcr die Lagerung:<\/strong> Sowohl die Pfanne als auch der Deckel sind so konzipiert, dass sie sich bei Nichtgebrauch effizient ineinander schachteln und stapeln lassen, wodurch wertvoller Stauraum in Gro\u00dfk\u00fcchen optimiert wird.<\/p>\n<\/div>\n\n\n\n<div class=\"wp-block-column is-layout-flow wp-block-column-is-layout-flow\">\n<figure class=\"wp-block-image size-full\"><img decoding=\"async\" width=\"704\" height=\"704\" src=\"https:\/\/www.lianmeithermos.com\/wp-content\/uploads\/2026\/03\/Wholesale-Stainless-Steel-GN-Pan-with-Lid.webp\" alt=\"Gro\u00dfhandel Edelstahl GN Pfanne mit Deckel\" class=\"wp-image-799\" srcset=\"https:\/\/www.lianmeithermos.com\/wp-content\/uploads\/2026\/03\/Wholesale-Stainless-Steel-GN-Pan-with-Lid.webp 704w, https:\/\/www.lianmeithermos.com\/wp-content\/uploads\/2026\/03\/Wholesale-Stainless-Steel-GN-Pan-with-Lid-300x300.webp 300w, https:\/\/www.lianmeithermos.com\/wp-content\/uploads\/2026\/03\/Wholesale-Stainless-Steel-GN-Pan-with-Lid-150x150.webp 150w, https:\/\/www.lianmeithermos.com\/wp-content\/uploads\/2026\/03\/Wholesale-Stainless-Steel-GN-Pan-with-Lid-12x12.webp 12w, https:\/\/www.lianmeithermos.com\/wp-content\/uploads\/2026\/03\/Wholesale-Stainless-Steel-GN-Pan-with-Lid-600x600.webp 600w, https:\/\/www.lianmeithermos.com\/wp-content\/uploads\/2026\/03\/Wholesale-Stainless-Steel-GN-Pan-with-Lid-100x100.webp 100w\" sizes=\"(max-width: 704px) 100vw, 704px\" \/><\/figure>\n<\/div>\n<\/div>\n<\/div>\n<\/div>","protected":false},"excerpt":{"rendered":"<p data-start=\"452\" data-end=\"647\">Unsere Gro\u00dfhandels-Edelstahl-Gn-Pfanne mit Deckel f\u00fcr die kommerzielle Lagerung und den Service von Lebensmitteln. Die Standard-GN-Gr\u00f6\u00dfe gew\u00e4hrleistet die Kompatibilit\u00e4t mit Buffets, Dampftischen und K\u00fchlung, mit einem sicheren Deckel f\u00fcr sichere Handhabung und Hygiene.<\/p>\n<h2 data-start=\"452\" data-end=\"647\">GN-Pfanne &amp; Deckel Spezifikationen<\/h2>\n<table>\n<thead>\n<tr>\n<th>Typ<\/th>\n<th>Gr\u00f6\u00dfe<\/th>\n<th>\u00c4u\u00dfere Gr\u00f6\u00dfe (cm)<\/th>\n<th>Dicke<\/th>\n<th>Tiefe (cm)<\/th>\n<\/tr>\n<\/thead>\n<tbody>\n<tr>\n<td>Pan<\/td>\n<td>1\/1 Pfanne<\/td>\n<td>53.0 \u00d7 32.5<\/td>\n<td>0.7<\/td>\n<td>20<\/td>\n<\/tr>\n<tr>\n<td>Pan<\/td>\n<td>1\/1 Pfanne<\/td>\n<td>53.0 \u00d7 32.5<\/td>\n<td>0.7<\/td>\n<td>15<\/td>\n<\/tr>\n<tr>\n<td>Pan<\/td>\n<td>1\/1 Pfanne<\/td>\n<td>53.0 \u00d7 32.5<\/td>\n<td>0.7<\/td>\n<td>10<\/td>\n<\/tr>\n<tr>\n<td>Pan<\/td>\n<td>1\/1 Pfanne<\/td>\n<td>53.0 \u00d7 32.5<\/td>\n<td>0.7<\/td>\n<td>6.5<\/td>\n<\/tr>\n<tr>\n<td>Pan<\/td>\n<td>1\/1 Pfanne<\/td>\n<td>53.0 \u00d7 32.5<\/td>\n<td>0.7B<\/td>\n<td>15<\/td>\n<\/tr>\n<tr>\n<td>Pan<\/td>\n<td>1\/1 Pfanne<\/td>\n<td>53.0 \u00d7 32.5<\/td>\n<td>0.7B<\/td>\n<td>10<\/td>\n<\/tr>\n<tr>\n<td>Pan<\/td>\n<td>1\/1 Pfanne<\/td>\n<td>53.0 \u00d7 32.5<\/td>\n<td>0.7B<\/td>\n<td>6.5<\/td>\n<\/tr>\n<tr>\n<td>Pan<\/td>\n<td>1\/2 Pfanne<\/td>\n<td>32.5 \u00d7 26.5<\/td>\n<td>0.7B<\/td>\n<td>15<\/td>\n<\/tr>\n<tr>\n<td>Pan<\/td>\n<td>1\/1 Pfanne<\/td>\n<td>53.0 \u00d7 32.5<\/td>\n<td>1.0<\/td>\n<td>15<\/td>\n<\/tr>\n<tr>\n<td>Pan<\/td>\n<td>1\/1 Pfanne<\/td>\n<td>53.0 \u00d7 32.5<\/td>\n<td>1.0<\/td>\n<td>10<\/td>\n<\/tr>\n<tr>\n<td>Pan<\/td>\n<td>1\/1 Pfanne<\/td>\n<td>53.0 \u00d7 32.5<\/td>\n<td>1.0<\/td>\n<td>6.5<\/td>\n<\/tr>\n<tr>\n<td>Pan<\/td>\n<td>1\/2 Pfanne<\/td>\n<td>32.5 \u00d7 26.5<\/td>\n<td>1.0<\/td>\n<td>15<\/td>\n<\/tr>\n<tr>\n<td>Deckel<\/td>\n<td>1\/1 Deckel<\/td>\n<td>\u2014<\/td>\n<td>07<\/td>\n<td>\u2014<\/td>\n<\/tr>\n<tr>\n<td>Deckel<\/td>\n<td>1\/2 Deckel<\/td>\n<td>\u2014<\/td>\n<td>07<\/td>\n<td>\u2014<\/td>\n<\/tr>\n<tr>\n<td>Deckel<\/td>\n<td>1\/3 Deckel<\/td>\n<td>\u2014<\/td>\n<td>07<\/td>\n<td>\u2014<\/td>\n<\/tr>\n<tr>\n<td>Deckel<\/td>\n<td>1\/4 Deckel<\/td>\n<td>\u2014<\/td>\n<td>07<\/td>\n<td>\u2014<\/td>\n<\/tr>\n<tr>\n<td>Deckel<\/td>\n<td>1\/6 Deckel<\/td>\n<td>\u2014<\/td>\n<td>05<\/td>\n<td>\u2014<\/td>\n<\/tr>\n<tr>\n<td>Deckel<\/td>\n<td>1\/9 Deckel<\/td>\n<td>\u2014<\/td>\n<td>05<\/td>\n<td>\u2014<\/td>\n<\/tr>\n<\/tbody>\n<\/table>","protected":false},"featured_media":799,"comment_status":"closed","ping_status":"closed","template":"","meta":{"_acf_changed":false},"product_brand":[],"product_cat":[27],"product_tag":[25],"class_list":{"0":"post-795","1":"product","2":"type-product","3":"status-publish","4":"has-post-thumbnail","6":"product_cat-wholesale-gastronorm-pans-trays","7":"product_tag-restaurant","9":"first","10":"instock","11":"shipping-taxable","12":"product-type-simple"},"acf":[],"_links":{"self":[{"href":"https:\/\/www.lianmeithermos.com\/de\/wp-json\/wp\/v2\/product\/795","targetHints":{"allow":["GET"]}}],"collection":[{"href":"https:\/\/www.lianmeithermos.com\/de\/wp-json\/wp\/v2\/product"}],"about":[{"href":"https:\/\/www.lianmeithermos.com\/de\/wp-json\/wp\/v2\/types\/product"}],"replies":[{"embeddable":true,"href":"https:\/\/www.lianmeithermos.com\/de\/wp-json\/wp\/v2\/comments?post=795"}],"wp:featuredmedia":[{"embeddable":true,"href":"https:\/\/www.lianmeithermos.com\/de\/wp-json\/wp\/v2\/media\/799"}],"wp:attachment":[{"href":"https:\/\/www.lianmeithermos.com\/de\/wp-json\/wp\/v2\/media?parent=795"}],"wp:term":[{"taxonomy":"product_brand","embeddable":true,"href":"https:\/\/www.lianmeithermos.com\/de\/wp-json\/wp\/v2\/product_brand?post=795"},{"taxonomy":"product_cat","embeddable":true,"href":"https:\/\/www.lianmeithermos.com\/de\/wp-json\/wp\/v2\/product_cat?post=795"},{"taxonomy":"product_tag","embeddable":true,"href":"https:\/\/www.lianmeithermos.com\/de\/wp-json\/wp\/v2\/product_tag?post=795"}],"curies":[{"name":"wp","href":"https:\/\/api.w.org\/{rel}","templated":true}]}}