{"id":796,"date":"2026-03-21T03:42:21","date_gmt":"2026-03-21T03:42:21","guid":{"rendered":"https:\/\/www.lianmeithermos.com\/?post_type=product&#038;p=796"},"modified":"2026-03-21T08:23:44","modified_gmt":"2026-03-21T08:23:44","slug":"wholesale-stainless-steel-gastronorm-pan-for-catering","status":"publish","type":"product","link":"https:\/\/www.lianmeithermos.com\/de\/produkt\/wholesale-stainless-steel-gastronorm-pan-for-catering\/","title":{"rendered":"Gro\u00dfhandel Edelstahl Gastronorm Pan | Commercial Standard GN Pan f\u00fcr Catering"},"content":{"rendered":"<h2 class=\"wp-block-heading\">Merkmale des Gro\u00dfhandels Edelstahl Gastronorm Pan <\/h2>\n\n\n\n<div class=\"wp-block-columns is-layout-flex wp-container-core-columns-is-layout-9d6595d7 wp-block-columns-is-layout-flex\">\n<div class=\"wp-block-column is-vertically-aligned-center is-layout-flow wp-block-column-is-layout-flow\">\n<div class=\"wp-block-columns is-layout-flex wp-container-core-columns-is-layout-9d6595d7 wp-block-columns-is-layout-flex\">\n<div class=\"wp-block-column is-vertically-aligned-top is-layout-flow wp-block-column-is-layout-flow\">\n<p><strong>Internationale Standard-GN-Gr\u00f6\u00dfe:<\/strong> Pr\u00e4zise hergestellt nach internationalen GN (Gastronorm)-Gr\u00f6\u00dfenstandards f\u00fcr volle Kompatibilit\u00e4t mit weltweiten Gro\u00dfk\u00fcchenger\u00e4ten und Warmhaltestationen f\u00fcr Lebensmittel.<\/p>\n\n\n\n<p><strong>Premium-Edelstahl in Lebensmittelqualit\u00e4t:<\/strong> Hergestellt aus hochwertigem, haltbarem Edelstahl f\u00fcr nicht reaktive, sichere Handhabung von Lebensmitteln, \u00fcberragende Korrosionsbest\u00e4ndigkeit und lang anhaltende kommerzielle Nutzung.<\/p>\n\n\n\n<p><strong>Anti-Jam Nesting Design:<\/strong> Die verst\u00e4rkten Kanten und die Anti-Stau-Schulter verhindern ein Verklemmen beim Stapeln und erm\u00f6glichen m\u00fcheloses Verschachteln und platzsparende Lagerung in Gro\u00dfk\u00fcchen.<\/p>\n\n\n\n<p><strong>Glatte, abgerundete Ecken:<\/strong> Die perfekt abgerundeten Ecken verhindern das Eindringen von Lebensmitteln und sorgen f\u00fcr eine m\u00fchelose Reinigung und Hygienewartung f\u00fcr die strenge Einhaltung der professionellen Lebensmittelsicherheit.<\/p>\n\n\n\n<p><strong>Factory-Direct Bulk Supply:<\/strong> Als vertrauensw\u00fcrdiger Hersteller bietet Lianmei wettbewerbsf\u00e4hige Gro\u00dfhandelspreise und zuverl\u00e4ssige Lieferketten, die eine breite Palette an zuverl\u00e4ssigen L\u00f6sungen f\u00fcr Lebensmittelpfannen f\u00fcr globale H\u00e4ndler bereitstellen.<\/p>\n<\/div>\n\n\n\n<div class=\"wp-block-column is-layout-flow wp-block-column-is-layout-flow\">\n<figure class=\"wp-block-image alignwide size-full\"><img decoding=\"async\" width=\"1080\" height=\"1080\" src=\"https:\/\/www.lianmeithermos.com\/wp-content\/uploads\/2026\/03\/Wholesale-Stainless-Steel-Gastronorm-Pan2.webp\" alt=\"Gro\u00dfhandel Edelstahl Gastronorm Pan2\" class=\"wp-image-798\" srcset=\"https:\/\/www.lianmeithermos.com\/wp-content\/uploads\/2026\/03\/Wholesale-Stainless-Steel-Gastronorm-Pan2.webp 1080w, https:\/\/www.lianmeithermos.com\/wp-content\/uploads\/2026\/03\/Wholesale-Stainless-Steel-Gastronorm-Pan2-300x300.webp 300w, https:\/\/www.lianmeithermos.com\/wp-content\/uploads\/2026\/03\/Wholesale-Stainless-Steel-Gastronorm-Pan2-150x150.webp 150w, https:\/\/www.lianmeithermos.com\/wp-content\/uploads\/2026\/03\/Wholesale-Stainless-Steel-Gastronorm-Pan2-768x768.webp 768w, https:\/\/www.lianmeithermos.com\/wp-content\/uploads\/2026\/03\/Wholesale-Stainless-Steel-Gastronorm-Pan2-12x12.webp 12w, https:\/\/www.lianmeithermos.com\/wp-content\/uploads\/2026\/03\/Wholesale-Stainless-Steel-Gastronorm-Pan2-600x600.webp 600w, https:\/\/www.lianmeithermos.com\/wp-content\/uploads\/2026\/03\/Wholesale-Stainless-Steel-Gastronorm-Pan2-100x100.webp 100w\" sizes=\"(max-width: 1080px) 100vw, 1080px\" \/><\/figure>\n<\/div>\n<\/div>\n<\/div>\n<\/div>","protected":false},"excerpt":{"rendered":"<p data-start=\"452\" data-end=\"647\">Unsere Edelstahl-Gastronorm-Pfannen f\u00fcr den Gro\u00dfhandel sind f\u00fcr die kommerzielle Lagerung und den Service von Lebensmitteln konzipiert. Hergestellt nach GN-Standardgr\u00f6\u00dfen f\u00fcr universelle Kompatibilit\u00e4t, ideal f\u00fcr B\u00fcfetts, Dampftische und K\u00fchlung.<\/p>\n<p>&nbsp;<\/p>","protected":false},"featured_media":798,"comment_status":"closed","ping_status":"closed","template":"","meta":{"_acf_changed":false},"product_brand":[],"product_cat":[27],"product_tag":[25],"class_list":{"0":"post-796","1":"product","2":"type-product","3":"status-publish","4":"has-post-thumbnail","6":"product_cat-wholesale-gastronorm-pans-trays","7":"product_tag-restaurant","9":"first","10":"instock","11":"shipping-taxable","12":"product-type-simple"},"acf":[],"_links":{"self":[{"href":"https:\/\/www.lianmeithermos.com\/de\/wp-json\/wp\/v2\/product\/796","targetHints":{"allow":["GET"]}}],"collection":[{"href":"https:\/\/www.lianmeithermos.com\/de\/wp-json\/wp\/v2\/product"}],"about":[{"href":"https:\/\/www.lianmeithermos.com\/de\/wp-json\/wp\/v2\/types\/product"}],"replies":[{"embeddable":true,"href":"https:\/\/www.lianmeithermos.com\/de\/wp-json\/wp\/v2\/comments?post=796"}],"wp:featuredmedia":[{"embeddable":true,"href":"https:\/\/www.lianmeithermos.com\/de\/wp-json\/wp\/v2\/media\/798"}],"wp:attachment":[{"href":"https:\/\/www.lianmeithermos.com\/de\/wp-json\/wp\/v2\/media?parent=796"}],"wp:term":[{"taxonomy":"product_brand","embeddable":true,"href":"https:\/\/www.lianmeithermos.com\/de\/wp-json\/wp\/v2\/product_brand?post=796"},{"taxonomy":"product_cat","embeddable":true,"href":"https:\/\/www.lianmeithermos.com\/de\/wp-json\/wp\/v2\/product_cat?post=796"},{"taxonomy":"product_tag","embeddable":true,"href":"https:\/\/www.lianmeithermos.com\/de\/wp-json\/wp\/v2\/product_tag?post=796"}],"curies":[{"name":"wp","href":"https:\/\/api.w.org\/{rel}","templated":true}]}}