{"id":800,"date":"2026-03-21T06:39:48","date_gmt":"2026-03-21T06:39:48","guid":{"rendered":"https:\/\/www.lianmeithermos.com\/?post_type=product&#038;p=800"},"modified":"2026-03-21T08:30:25","modified_gmt":"2026-03-21T08:30:25","slug":"wholesale-stainless-steel-food-pans-deep-commercial-food-container","status":"publish","type":"product","link":"https:\/\/www.lianmeithermos.com\/de\/produkt\/wholesale-stainless-steel-food-pans-deep-commercial-food-container\/","title":{"rendered":"Gro\u00dfhandel Edelstahl Lebensmittel Pfannen | Deep Commercial Food Container f\u00fcr Catering"},"content":{"rendered":"<h2 class=\"wp-block-heading\">Merkmale des Gro\u00dfhandels Edelstahl Lebensmittel Pfannen<\/h2>\n\n\n\n<div class=\"wp-block-columns is-layout-flex wp-container-core-columns-is-layout-9d6595d7 wp-block-columns-is-layout-flex\">\n<div class=\"wp-block-column is-vertically-aligned-center is-layout-flow wp-block-column-is-layout-flow\">\n<div class=\"wp-block-columns is-layout-flex wp-container-core-columns-is-layout-9d6595d7 wp-block-columns-is-layout-flex\">\n<div class=\"wp-block-column is-vertically-aligned-top is-layout-flow wp-block-column-is-layout-flow\">\n<p><strong>1. Strapazierf\u00e4higes lebensmittelechtes Material<\/strong><br>Gefertigt aus hochwertigem Edelstahl, der Sicherheit, Langlebigkeit sowie Rost- und Korrosionsbest\u00e4ndigkeit in anspruchsvollen K\u00fcchenumgebungen gew\u00e4hrleistet.<\/p>\n\n\n\n<p><strong>2. Tiefes Design f\u00fcr maximale Kapazit\u00e4t<\/strong><br>Die zus\u00e4tzliche Tiefe erm\u00f6glicht eine effiziente Lagerung und Zubereitung von Lebensmitteln in gro\u00dfen Mengen, ideal f\u00fcr Catering, Zentralk\u00fcchen und Gro\u00dfk\u00fcchen.<\/p>\n\n\n\n<p><strong>3. Handels\u00fcbliche Leistung<\/strong><br>Gebaut, um dem intensiven t\u00e4glichen Gebrauch in Restaurants, Hotels und Catering-Unternehmen standzuhalten.<\/p>\n\n\n\n<p><strong>4. Leicht zu reinigen und zu pflegen<\/strong><br>Die glatte Oberfl\u00e4che und die abgerundeten Ecken erm\u00f6glichen eine schnelle und hygienische Reinigung und reduzieren den Arbeitsaufwand.<\/p>\n\n\n\n<p><strong>5. Gro\u00dfhandel &amp; Anpassung verf\u00fcgbar<\/strong><br>Flexibles Massenangebot mit Optionen f\u00fcr Gr\u00f6\u00dfe, Dicke und Veredelung zur Erf\u00fcllung unterschiedlicher Markt- und Markenanforderungen.<\/p>\n<\/div>\n\n\n\n<div class=\"wp-block-column is-layout-flow wp-block-column-is-layout-flow\">\n<figure class=\"wp-block-image size-full\"><img decoding=\"async\" width=\"1280\" height=\"1280\" src=\"https:\/\/www.lianmeithermos.com\/wp-content\/uploads\/2026\/03\/Wholesale-Stainless-Steel-Food-Pans.webp\" alt=\"Gro\u00dfhandel Edelstahl Lebensmittel Pfannen\" class=\"wp-image-801\" srcset=\"https:\/\/www.lianmeithermos.com\/wp-content\/uploads\/2026\/03\/Wholesale-Stainless-Steel-Food-Pans.webp 1280w, https:\/\/www.lianmeithermos.com\/wp-content\/uploads\/2026\/03\/Wholesale-Stainless-Steel-Food-Pans-300x300.webp 300w, https:\/\/www.lianmeithermos.com\/wp-content\/uploads\/2026\/03\/Wholesale-Stainless-Steel-Food-Pans-150x150.webp 150w, https:\/\/www.lianmeithermos.com\/wp-content\/uploads\/2026\/03\/Wholesale-Stainless-Steel-Food-Pans-768x768.webp 768w, https:\/\/www.lianmeithermos.com\/wp-content\/uploads\/2026\/03\/Wholesale-Stainless-Steel-Food-Pans-12x12.webp 12w, https:\/\/www.lianmeithermos.com\/wp-content\/uploads\/2026\/03\/Wholesale-Stainless-Steel-Food-Pans-1200x1200.webp 1200w, https:\/\/www.lianmeithermos.com\/wp-content\/uploads\/2026\/03\/Wholesale-Stainless-Steel-Food-Pans-600x600.webp 600w, https:\/\/www.lianmeithermos.com\/wp-content\/uploads\/2026\/03\/Wholesale-Stainless-Steel-Food-Pans-100x100.webp 100w\" sizes=\"(max-width: 1280px) 100vw, 1280px\" \/><\/figure>\n<\/div>\n<\/div>\n<\/div>\n<\/div>","protected":false},"excerpt":{"rendered":"<p data-start=\"452\" data-end=\"647\">Unsere Edelstahlpfannen f\u00fcr den Gro\u00dfhandel sind f\u00fcr Catering, Lebensmittellagerung und Gro\u00dfk\u00fcchen konzipiert. Sie sind aus langlebigem, lebensmittelechtem Edelstahl gefertigt und bieten Korrosionsbest\u00e4ndigkeit, einfache Reinigung und zuverl\u00e4ssige Leistung f\u00fcr Restaurants und Lebensmittelbetriebe.<\/p>\n<p>&nbsp;<\/p>","protected":false},"featured_media":801,"comment_status":"closed","ping_status":"closed","template":"","meta":{"_acf_changed":false},"product_brand":[],"product_cat":[27],"product_tag":[25],"class_list":{"0":"post-800","1":"product","2":"type-product","3":"status-publish","4":"has-post-thumbnail","6":"product_cat-wholesale-gastronorm-pans-trays","7":"product_tag-restaurant","9":"first","10":"instock","11":"shipping-taxable","12":"product-type-simple"},"acf":[],"_links":{"self":[{"href":"https:\/\/www.lianmeithermos.com\/de\/wp-json\/wp\/v2\/product\/800","targetHints":{"allow":["GET"]}}],"collection":[{"href":"https:\/\/www.lianmeithermos.com\/de\/wp-json\/wp\/v2\/product"}],"about":[{"href":"https:\/\/www.lianmeithermos.com\/de\/wp-json\/wp\/v2\/types\/product"}],"replies":[{"embeddable":true,"href":"https:\/\/www.lianmeithermos.com\/de\/wp-json\/wp\/v2\/comments?post=800"}],"wp:featuredmedia":[{"embeddable":true,"href":"https:\/\/www.lianmeithermos.com\/de\/wp-json\/wp\/v2\/media\/801"}],"wp:attachment":[{"href":"https:\/\/www.lianmeithermos.com\/de\/wp-json\/wp\/v2\/media?parent=800"}],"wp:term":[{"taxonomy":"product_brand","embeddable":true,"href":"https:\/\/www.lianmeithermos.com\/de\/wp-json\/wp\/v2\/product_brand?post=800"},{"taxonomy":"product_cat","embeddable":true,"href":"https:\/\/www.lianmeithermos.com\/de\/wp-json\/wp\/v2\/product_cat?post=800"},{"taxonomy":"product_tag","embeddable":true,"href":"https:\/\/www.lianmeithermos.com\/de\/wp-json\/wp\/v2\/product_tag?post=800"}],"curies":[{"name":"wp","href":"https:\/\/api.w.org\/{rel}","templated":true}]}}