{"id":820,"date":"2026-04-02T08:12:17","date_gmt":"2026-04-02T08:12:17","guid":{"rendered":"https:\/\/www.lianmeithermos.com\/?post_type=product&#038;p=820"},"modified":"2026-04-03T03:18:18","modified_gmt":"2026-04-03T03:18:18","slug":"wholesale-large-stainless-steel-stockpot-for-catering","status":"publish","type":"product","link":"https:\/\/www.lianmeithermos.com\/de\/produkt\/wholesale-large-stainless-steel-stockpot-for-catering\/","title":{"rendered":"Gro\u00dfhandel gro\u00dfe Edelstahl Stockpot f\u00fcr Catering"},"content":{"rendered":"<h2 class=\"wp-block-heading\">Eigenschaften von Wholesale Large Stainless Steel Stockpot<\/h2>\n\n\n\n<div class=\"wp-block-columns is-layout-flex wp-container-core-columns-is-layout-9d6595d7 wp-block-columns-is-layout-flex\">\n<div class=\"wp-block-column is-vertically-aligned-center is-layout-flow wp-block-column-is-layout-flow\">\n<div class=\"wp-block-columns is-layout-flex wp-container-core-columns-is-layout-9d6595d7 wp-block-columns-is-layout-flex\">\n<div class=\"wp-block-column is-vertically-aligned-top is-layout-flow wp-block-column-is-layout-flow\">\n<p><strong>Hochbelastbarer, verdickter Stahl:<\/strong> Hergestellt aus verst\u00e4rktem Edelstahl f\u00fcr maximale Haltbarkeit und Widerstandsf\u00e4higkeit gegen Verformung bei gro\u00dfer Hitze.<\/p>\n\n\n\n<p><strong>Schnelle und gleichm\u00e4\u00dfige Erw\u00e4rmung:<\/strong> Mit einem hocheffizienten Sockel f\u00fcr <strong>schnelle W\u00e4rmeleitung<\/strong>, und spart Zeit und Energie w\u00e4hrend der Sto\u00dfzeiten.<\/p>\n\n\n\n<p><strong>Extra gro\u00dfes Fassungsverm\u00f6gen:<\/strong> Ideal f\u00fcr die Zubereitung gro\u00dfer Mengen an Lebensmitteln, einschlie\u00dflich <strong>Suppen, Brei, Eint\u00f6pfe und Schmorfleisch<\/strong>.<\/p>\n\n\n\n<p><strong>Kommerzielle Qualit\u00e4t und Langlebigkeit:<\/strong> Rostfrei und korrosionsbest\u00e4ndig, entwickelt, um den harten Anforderungen der professionellen Gastronomie standzuhalten.<\/p>\n\n\n\n<p><strong>Vielseitig und leicht zu reinigen:<\/strong> Kompatibel mit mehreren W\u00e4rmequellen; glatte Innenoberfl\u00e4che gew\u00e4hrleistet <strong>m\u00fchelose Reinigung und Hygiene<\/strong>.<\/p>\n<\/div>\n\n\n\n<div class=\"wp-block-column is-layout-flow wp-block-column-is-layout-flow\">\n<figure class=\"wp-block-image size-full\"><img decoding=\"async\" width=\"720\" height=\"720\" src=\"https:\/\/www.lianmeithermos.com\/wp-content\/uploads\/2026\/04\/Wholesale-Large-Stainless-Steel-Stockpot1.webp\" alt=\"Gro\u00dfhandel gro\u00dfe Edelstahl Stockpot1\" class=\"wp-image-827\" srcset=\"https:\/\/www.lianmeithermos.com\/wp-content\/uploads\/2026\/04\/Wholesale-Large-Stainless-Steel-Stockpot1.webp 720w, https:\/\/www.lianmeithermos.com\/wp-content\/uploads\/2026\/04\/Wholesale-Large-Stainless-Steel-Stockpot1-300x300.webp 300w, https:\/\/www.lianmeithermos.com\/wp-content\/uploads\/2026\/04\/Wholesale-Large-Stainless-Steel-Stockpot1-150x150.webp 150w, https:\/\/www.lianmeithermos.com\/wp-content\/uploads\/2026\/04\/Wholesale-Large-Stainless-Steel-Stockpot1-12x12.webp 12w, https:\/\/www.lianmeithermos.com\/wp-content\/uploads\/2026\/04\/Wholesale-Large-Stainless-Steel-Stockpot1-600x600.webp 600w, https:\/\/www.lianmeithermos.com\/wp-content\/uploads\/2026\/04\/Wholesale-Large-Stainless-Steel-Stockpot1-100x100.webp 100w\" sizes=\"(max-width: 720px) 100vw, 720px\" \/><\/figure>\n<\/div>\n<\/div>\n<\/div>\n<\/div>","protected":false},"excerpt":{"rendered":"<p data-start=\"452\" data-end=\"647\">Gro\u00dfer Edelstahltopf f\u00fcr den Gro\u00dfhandel, der f\u00fcr das Kochen gro\u00dfer Mengen entwickelt wurde. Dieser strapazierf\u00e4hige Topf aus verdicktem Edelstahl gew\u00e4hrleistet eine schnelle W\u00e4rmeleitung und eine lange Lebensdauer.<\/p>\n<h2>Spezifikationen des Gro\u00dfhandels gro\u00dfe Edelstahl Stockpot<\/h2>\n<table data-path-to-node=\"1\">\n<thead>\n<tr>\n<td><strong>Stil &amp; Grifftyp<\/strong><\/td>\n<td><strong>Abmessungen (Durchmesser * H\u00f6he cm)<\/strong><\/td>\n<td><strong>Material\uff08<span data-path-to-node=\"1,1,2,0\">Rostfreier Stahl\uff09<\/span><\/strong><\/td>\n<\/tr>\n<\/thead>\n<tbody>\n<tr>\n<td><span data-path-to-node=\"1,1,0,0\"><b data-path-to-node=\"1,1,0,0\" data-index-in-node=\"0\">Standard-Riemengriff-Serie<\/b><\/span><\/td>\n<td><span data-path-to-node=\"1,1,1,0\"><span data-path-to-node=\"1,1,1,0\" data-index-in-node=\"2\">25*25, 30*30, 35*35, 40*40, 45*45, 50*50<\/span><\/span><\/td>\n<td><span data-path-to-node=\"1,1,2,0\">201\u00a0<\/span><\/td>\n<\/tr>\n<tr>\n<td><span data-path-to-node=\"1,2,0,0\"><b data-path-to-node=\"1,2,0,0\" data-index-in-node=\"0\">Serie A - genieteter Griff<\/b><\/span><\/td>\n<td>30*30, 35*35, 40*40, 45*45, 50*50, 60*60<\/td>\n<td><span data-path-to-node=\"1,2,2,0\">201\u00a0<\/span><\/td>\n<\/tr>\n<tr>\n<td><span data-path-to-node=\"1,3,0,0\"><b data-path-to-node=\"1,3,0,0\" data-index-in-node=\"0\">Serie B - genieteter Griff<\/b><\/span><\/td>\n<td>30*30, 35*35, 40*40, 45*45, 50*50<\/td>\n<td><span data-path-to-node=\"1,3,2,0\">201\u00a0<\/span><\/td>\n<\/tr>\n<tr>\n<td><span data-path-to-node=\"1,4,0,0\"><b data-path-to-node=\"1,4,0,0\" data-index-in-node=\"0\">Tiefe und hohe Modelle<\/b><\/span><\/td>\n<td>25*40,30*40,30*50,30*60,35*50,35*60,<br \/>40*50,40*60,45*60,50*60,60*70,60*80<\/td>\n<td>201<\/td>\n<\/tr>\n<tr>\n<td><span data-path-to-node=\"1,5,0,0\"><b data-path-to-node=\"1,5,0,0\" data-index-in-node=\"0\">Flache und breite Modelle<\/b><\/span><\/td>\n<td>30*20,35*22,40*24,45*26,50*28<\/td>\n<td><span data-path-to-node=\"1,5,2,0\">201\u00a0<\/span><\/td>\n<\/tr>\n<\/tbody>\n<\/table>","protected":false},"featured_media":828,"comment_status":"closed","ping_status":"closed","template":"","meta":{"_acf_changed":false},"product_brand":[],"product_cat":[17],"product_tag":[25],"class_list":{"0":"post-820","1":"product","2":"type-product","3":"status-publish","4":"has-post-thumbnail","6":"product_cat-wholesale-stainless-steel-insulated-barrels","7":"product_tag-restaurant","9":"first","10":"instock","11":"shipping-taxable","12":"product-type-simple"},"acf":[],"_links":{"self":[{"href":"https:\/\/www.lianmeithermos.com\/de\/wp-json\/wp\/v2\/product\/820","targetHints":{"allow":["GET"]}}],"collection":[{"href":"https:\/\/www.lianmeithermos.com\/de\/wp-json\/wp\/v2\/product"}],"about":[{"href":"https:\/\/www.lianmeithermos.com\/de\/wp-json\/wp\/v2\/types\/product"}],"replies":[{"embeddable":true,"href":"https:\/\/www.lianmeithermos.com\/de\/wp-json\/wp\/v2\/comments?post=820"}],"wp:featuredmedia":[{"embeddable":true,"href":"https:\/\/www.lianmeithermos.com\/de\/wp-json\/wp\/v2\/media\/828"}],"wp:attachment":[{"href":"https:\/\/www.lianmeithermos.com\/de\/wp-json\/wp\/v2\/media?parent=820"}],"wp:term":[{"taxonomy":"product_brand","embeddable":true,"href":"https:\/\/www.lianmeithermos.com\/de\/wp-json\/wp\/v2\/product_brand?post=820"},{"taxonomy":"product_cat","embeddable":true,"href":"https:\/\/www.lianmeithermos.com\/de\/wp-json\/wp\/v2\/product_cat?post=820"},{"taxonomy":"product_tag","embeddable":true,"href":"https:\/\/www.lianmeithermos.com\/de\/wp-json\/wp\/v2\/product_tag?post=820"}],"curies":[{"name":"wp","href":"https:\/\/api.w.org\/{rel}","templated":true}]}}