{"id":825,"date":"2026-04-02T09:56:43","date_gmt":"2026-04-02T09:56:43","guid":{"rendered":"https:\/\/www.lianmeithermos.com\/?post_type=product&#038;p=825"},"modified":"2026-04-03T01:49:31","modified_gmt":"2026-04-03T01:49:31","slug":"bulk-stainless-steel-insulated-beverage-dispenser","status":"publish","type":"product","link":"https:\/\/www.lianmeithermos.com\/de\/produkt\/bulk-stainless-steel-insulated-beverage-dispenser\/","title":{"rendered":"Isolierter Getr\u00e4nkespender aus Edelstahl f\u00fcr Milch, Tee, Wasser und Saft"},"content":{"rendered":"<h2 class=\"wp-block-heading\">Merkmale des isolierten Getr\u00e4nkespenders f\u00fcr Gro\u00dfmengen aus Edelstahl<\/h2>\n\n\n\n<div class=\"wp-block-columns is-layout-flex wp-container-core-columns-is-layout-9d6595d7 wp-block-columns-is-layout-flex\">\n<div class=\"wp-block-column is-vertically-aligned-center is-layout-flow wp-block-column-is-layout-flow\">\n<div class=\"wp-block-columns is-layout-flex wp-container-core-columns-is-layout-9d6595d7 wp-block-columns-is-layout-flex\">\n<div class=\"wp-block-column is-vertically-aligned-top is-layout-flow wp-block-column-is-layout-flow\">\n<p><strong>Hervorragende W\u00e4rme- und K\u00e4lteisolierung:<\/strong> Er besteht aus doppelwandigem Edelstahl und einer hochdichten Isolierschicht, die die Getr\u00e4nketemperatur \u00fcber einen l\u00e4ngeren Zeitraum aufrechterh\u00e4lt.<\/p>\n\n\n\n<p><strong>Lebensmittelecht, geruchsneutral und korrosionsbest\u00e4ndig:<\/strong> Hergestellt aus hochwertigem Edelstahl 304, der resistent gegen hohe Temperaturen, Rost und Korrosion ist, keine Ger\u00fcche verursacht und den urspr\u00fcnglichen Geschmack bewahrt.<\/p>\n\n\n\n<p><strong>Langlebig und hochtemperaturbest\u00e4ndig:<\/strong> Starke und langlebige Struktur, nicht leicht zu rosten oder sich bei hohen Temperaturen zu verformen.<\/p>\n\n\n\n<p><strong>Tropfsicherer Wasserhahn f\u00fcr einfaches Ausgie\u00dfen:<\/strong> Ausgestattet mit einem robusten Wasserhahn f\u00fcr reibungsloses, auslaufsicheres Ausgie\u00dfen, der die Serviceeffizienz verbessert.<\/p>\n\n\n\n<p><strong>Tragbar und vielseitig einsetzbar:<\/strong> Leicht zu transportieren und geeignet f\u00fcr Stra\u00dfenst\u00e4nde, Catering, Restaurants und den Hausgebrauch.<\/p>\n\n\n\n<p><strong>Leicht zu reinigen:<\/strong> Die breite \u00d6ffnung und die nahtlose Innenauskleidung machen die Reinigung einfach, hygienisch und bequem.<\/p>\n<\/div>\n\n\n\n<div class=\"wp-block-column is-layout-flow wp-block-column-is-layout-flow\">\n<figure class=\"wp-block-image size-full\"><img decoding=\"async\" width=\"720\" height=\"720\" src=\"https:\/\/www.lianmeithermos.com\/wp-content\/uploads\/2026\/04\/Bulk-Stainless-Steel-Insulated-Beverage-Dispenser.webp\" alt=\"Isolierter Getr\u00e4nkespender aus Edelstahl f\u00fcr Gro\u00dfmengen\" class=\"wp-image-826\" srcset=\"https:\/\/www.lianmeithermos.com\/wp-content\/uploads\/2026\/04\/Bulk-Stainless-Steel-Insulated-Beverage-Dispenser.webp 720w, https:\/\/www.lianmeithermos.com\/wp-content\/uploads\/2026\/04\/Bulk-Stainless-Steel-Insulated-Beverage-Dispenser-300x300.webp 300w, https:\/\/www.lianmeithermos.com\/wp-content\/uploads\/2026\/04\/Bulk-Stainless-Steel-Insulated-Beverage-Dispenser-150x150.webp 150w, https:\/\/www.lianmeithermos.com\/wp-content\/uploads\/2026\/04\/Bulk-Stainless-Steel-Insulated-Beverage-Dispenser-12x12.webp 12w, https:\/\/www.lianmeithermos.com\/wp-content\/uploads\/2026\/04\/Bulk-Stainless-Steel-Insulated-Beverage-Dispenser-600x600.webp 600w, https:\/\/www.lianmeithermos.com\/wp-content\/uploads\/2026\/04\/Bulk-Stainless-Steel-Insulated-Beverage-Dispenser-100x100.webp 100w\" sizes=\"(max-width: 720px) 100vw, 720px\" \/><\/figure>\n<\/div>\n<\/div>\n<\/div>\n<\/div>","protected":false},"excerpt":{"rendered":"<p data-start=\"452\" data-end=\"647\">Edelstahl-Getr\u00e4nkespender mit klappbarem Gestell, entwickelt f\u00fcr Tragbarkeit und effizienten Service. Geeignet f\u00fcr Kaffee, Milch, Tee und hei\u00dfe oder kalte Getr\u00e4nke, ist es eine wesentliche L\u00f6sung f\u00fcr Buffets, Restaurants und Catering-Unternehmen.<\/p>\n<h2>Technische Daten des isolierten Getr\u00e4nkespenders aus Edelstahl (Bulk)<\/h2>\n<table data-path-to-node=\"4\">\n<thead>\n<tr>\n<td><strong>Modell<\/strong><\/td>\n<td><strong>Au\u00dfendurchmesser (cm)<\/strong><\/td>\n<td><strong>Innendurchmesser (cm)<\/strong><\/td>\n<td><strong>\u00c4u\u00dfere H\u00f6he (cm)<\/strong><\/td>\n<td><strong>Innere H\u00f6he (cm)<\/strong><\/td>\n<td><strong>Tats\u00e4chliche Kapazit\u00e4t (L)<\/strong><\/td>\n<td><strong>Nettogewicht (kg)<\/strong><\/td>\n<td><strong>Bruttogewicht (kg)<\/strong><\/td>\n<td><strong>Kartongr\u00f6\u00dfe (cm)<\/strong><\/td>\n<\/tr>\n<\/thead>\n<tbody>\n<tr>\n<td><span data-path-to-node=\"4,1,0,0\"><b data-path-to-node=\"4,1,0,0\" data-index-in-node=\"0\">6L<\/b><\/span><\/td>\n<td><span data-path-to-node=\"4,1,1,0\">22<\/span><\/td>\n<td><span data-path-to-node=\"4,1,2,0\">18<\/span><\/td>\n<td><span data-path-to-node=\"4,1,3,0\">28.5<\/span><\/td>\n<td><span data-path-to-node=\"4,1,4,0\">19.5<\/span><\/td>\n<td><span data-path-to-node=\"4,1,5,0\">5.0<\/span><\/td>\n<td><span data-path-to-node=\"4,1,6,0\">1.24<\/span><\/td>\n<td><span data-path-to-node=\"4,1,7,0\">1.62<\/span><\/td>\n<td><span data-path-to-node=\"4,1,8,0\">23.5 * 25 * 30.5<\/span><\/td>\n<\/tr>\n<tr>\n<td><span data-path-to-node=\"4,2,0,0\"><b data-path-to-node=\"4,2,0,0\" data-index-in-node=\"0\">8L<\/b><\/span><\/td>\n<td><span data-path-to-node=\"4,2,1,0\">22<\/span><\/td>\n<td><span data-path-to-node=\"4,2,2,0\">18<\/span><\/td>\n<td><span data-path-to-node=\"4,2,3,0\">33.5<\/span><\/td>\n<td><span data-path-to-node=\"4,2,4,0\">24.5<\/span><\/td>\n<td><span data-path-to-node=\"4,2,5,0\">6.2<\/span><\/td>\n<td><span data-path-to-node=\"4,2,6,0\">1.36<\/span><\/td>\n<td><span data-path-to-node=\"4,2,7,0\">1.78<\/span><\/td>\n<td><span data-path-to-node=\"4,2,8,0\">23.5 * 25 * 35.5<\/span><\/td>\n<\/tr>\n<tr>\n<td><span data-path-to-node=\"4,3,0,0\"><b data-path-to-node=\"4,3,0,0\" data-index-in-node=\"0\">10L<\/b><\/span><\/td>\n<td><span data-path-to-node=\"4,3,1,0\">22<\/span><\/td>\n<td><span data-path-to-node=\"4,3,2,0\">18<\/span><\/td>\n<td><span data-path-to-node=\"4,3,3,0\">38.5<\/span><\/td>\n<td><span data-path-to-node=\"4,3,4,0\">29.5<\/span><\/td>\n<td><span data-path-to-node=\"4,3,5,0\">8.0<\/span><\/td>\n<td><span data-path-to-node=\"4,3,6,0\">1.53<\/span><\/td>\n<td><span data-path-to-node=\"4,3,7,0\">1.96<\/span><\/td>\n<td><span data-path-to-node=\"4,3,8,0\">23.5 * 25 * 40.5<\/span><\/td>\n<\/tr>\n<tr>\n<td><span data-path-to-node=\"4,4,0,0\"><b data-path-to-node=\"4,4,0,0\" data-index-in-node=\"0\">12L<\/b><\/span><\/td>\n<td><span data-path-to-node=\"4,4,1,0\">22<\/span><\/td>\n<td><span data-path-to-node=\"4,4,2,0\">18<\/span><\/td>\n<td><span data-path-to-node=\"4,4,3,0\">43.5<\/span><\/td>\n<td><span data-path-to-node=\"4,4,4,0\">34.5<\/span><\/td>\n<td><span data-path-to-node=\"4,4,5,0\">9.0<\/span><\/td>\n<td><span data-path-to-node=\"4,4,6,0\">1.63<\/span><\/td>\n<td><span data-path-to-node=\"4,4,7,0\">2.11<\/span><\/td>\n<td><span data-path-to-node=\"4,4,8,0\">23.5 * 25 * 45.5<\/span><\/td>\n<\/tr>\n<tr>\n<td><span data-path-to-node=\"4,5,0,0\"><b data-path-to-node=\"4,5,0,0\" data-index-in-node=\"0\">14L<\/b><\/span><\/td>\n<td><span data-path-to-node=\"4,5,1,0\">26<\/span><\/td>\n<td><span data-path-to-node=\"4,5,2,0\">22<\/span><\/td>\n<td><span data-path-to-node=\"4,5,3,0\">39.5<\/span><\/td>\n<td><span data-path-to-node=\"4,5,4,0\">30.5<\/span><\/td>\n<td><span data-path-to-node=\"4,5,5,0\">12.0<\/span><\/td>\n<td><span data-path-to-node=\"4,5,6,0\">2.03<\/span><\/td>\n<td><span data-path-to-node=\"4,5,7,0\">2.77<\/span><\/td>\n<td><span data-path-to-node=\"4,5,8,0\">35 * 35 * 47<\/span><\/td>\n<\/tr>\n<tr>\n<td>\n<p><span data-path-to-node=\"4,6,0,0\"><b data-path-to-node=\"4,6,0,0\" data-index-in-node=\"0\">16L<\/b><\/span><\/p>\n<\/td>\n<td><span data-path-to-node=\"4,6,1,0\">26<\/span><\/td>\n<td><span data-path-to-node=\"4,6,2,0\">22<\/span><\/td>\n<td><span data-path-to-node=\"4,6,3,0\">47.5<\/span><\/td>\n<td><span data-path-to-node=\"4,6,4,0\">38.5<\/span><\/td>\n<td><span data-path-to-node=\"4,6,5,0\">15.0<\/span><\/td>\n<td><span data-path-to-node=\"4,6,6,0\">2.35<\/span><\/td>\n<td><span data-path-to-node=\"4,6,7,0\">3.17<\/span><\/td>\n<td><span data-path-to-node=\"4,6,8,0\">35 * 35 * 56<\/span><\/td>\n<\/tr>\n<\/tbody>\n<\/table>\n<table data-path-to-node=\"8\">\n<thead>\n<tr>\n<td><strong>Modell<\/strong><\/td>\n<td><strong>Fassungsverm\u00f6gen (kg)<\/strong><\/td>\n<td><strong>250ml Kleine Becher<\/strong><\/td>\n<td><strong>350ml Medium Becher<\/strong><\/td>\n<\/tr>\n<\/thead>\n<tbody>\n<tr>\n<td><span data-path-to-node=\"8,1,0,0\"><b data-path-to-node=\"8,1,0,0\" data-index-in-node=\"0\">6L<\/b><\/span><\/td>\n<td><span data-path-to-node=\"8,1,1,0\">5<\/span><\/td>\n<td><span data-path-to-node=\"8,1,2,0\">\u00a020 Tassen<\/span><\/td>\n<td><span data-path-to-node=\"8,1,3,0\">14 Tassen<\/span><\/td>\n<\/tr>\n<tr>\n<td><span data-path-to-node=\"8,2,0,0\"><b data-path-to-node=\"8,2,0,0\" data-index-in-node=\"0\">8L<\/b><\/span><\/td>\n<td><span data-path-to-node=\"8,2,1,0\">6<\/span><\/td>\n<td><span data-path-to-node=\"8,2,2,0\">\u00a024 Tassen<\/span><\/td>\n<td><span data-path-to-node=\"8,2,3,0\">17 Tassen<\/span><\/td>\n<\/tr>\n<tr>\n<td><span data-path-to-node=\"8,3,0,0\"><b data-path-to-node=\"8,3,0,0\" data-index-in-node=\"0\">10L<\/b><\/span><\/td>\n<td><span data-path-to-node=\"8,3,1,0\">8<\/span><\/td>\n<td><span data-path-to-node=\"8,3,2,0\">\u00a032 Tassen<\/span><\/td>\n<td><span data-path-to-node=\"8,3,3,0\">22 Tassen<\/span><\/td>\n<\/tr>\n<tr>\n<td><span data-path-to-node=\"8,4,0,0\"><b data-path-to-node=\"8,4,0,0\" data-index-in-node=\"0\">12L<\/b><\/span><\/td>\n<td><span data-path-to-node=\"8,4,1,0\">9<\/span><\/td>\n<td><span data-path-to-node=\"8,4,2,0\">36 Tassen<\/span><\/td>\n<td><span data-path-to-node=\"8,4,3,0\">25 Tassen<\/span><\/td>\n<\/tr>\n<tr>\n<td><span data-path-to-node=\"8,5,0,0\"><b data-path-to-node=\"8,5,0,0\" data-index-in-node=\"0\">14L<\/b><\/span><\/td>\n<td><span data-path-to-node=\"8,5,1,0\">12<\/span><\/td>\n<td><span data-path-to-node=\"8,5,2,0\">48 Tassen<\/span><\/td>\n<td><span data-path-to-node=\"8,5,3,0\">34 Tassen<\/span><\/td>\n<\/tr>\n<tr>\n<td><span data-path-to-node=\"8,6,0,0\"><b data-path-to-node=\"8,6,0,0\" data-index-in-node=\"0\">16L<\/b><\/span><\/td>\n<td><span data-path-to-node=\"8,6,1,0\">15<\/span><\/td>\n<td><span data-path-to-node=\"8,6,2,0\">60 Tassen<\/span><\/td>\n<td><span data-path-to-node=\"8,6,3,0\">42 Tassen<\/span><\/td>\n<\/tr>\n<\/tbody>\n<\/table>","protected":false},"featured_media":826,"comment_status":"closed","ping_status":"closed","template":"","meta":{"_acf_changed":false},"product_brand":[],"product_cat":[18],"product_tag":[25],"class_list":{"0":"post-825","1":"product","2":"type-product","3":"status-publish","4":"has-post-thumbnail","6":"product_cat-wholesale-milk-tea-buckets","7":"product_tag-restaurant","9":"first","10":"instock","11":"shipping-taxable","12":"product-type-simple"},"acf":[],"_links":{"self":[{"href":"https:\/\/www.lianmeithermos.com\/de\/wp-json\/wp\/v2\/product\/825","targetHints":{"allow":["GET"]}}],"collection":[{"href":"https:\/\/www.lianmeithermos.com\/de\/wp-json\/wp\/v2\/product"}],"about":[{"href":"https:\/\/www.lianmeithermos.com\/de\/wp-json\/wp\/v2\/types\/product"}],"replies":[{"embeddable":true,"href":"https:\/\/www.lianmeithermos.com\/de\/wp-json\/wp\/v2\/comments?post=825"}],"wp:featuredmedia":[{"embeddable":true,"href":"https:\/\/www.lianmeithermos.com\/de\/wp-json\/wp\/v2\/media\/826"}],"wp:attachment":[{"href":"https:\/\/www.lianmeithermos.com\/de\/wp-json\/wp\/v2\/media?parent=825"}],"wp:term":[{"taxonomy":"product_brand","embeddable":true,"href":"https:\/\/www.lianmeithermos.com\/de\/wp-json\/wp\/v2\/product_brand?post=825"},{"taxonomy":"product_cat","embeddable":true,"href":"https:\/\/www.lianmeithermos.com\/de\/wp-json\/wp\/v2\/product_cat?post=825"},{"taxonomy":"product_tag","embeddable":true,"href":"https:\/\/www.lianmeithermos.com\/de\/wp-json\/wp\/v2\/product_tag?post=825"}],"curies":[{"name":"wp","href":"https:\/\/api.w.org\/{rel}","templated":true}]}}