{"id":829,"date":"2026-04-03T03:24:59","date_gmt":"2026-04-03T03:24:59","guid":{"rendered":"https:\/\/www.lianmeithermos.com\/?post_type=product&#038;p=829"},"modified":"2026-04-03T06:26:44","modified_gmt":"2026-04-03T06:26:44","slug":"wholesale-large-airtight-stainless-steel-containers","status":"publish","type":"product","link":"https:\/\/www.lianmeithermos.com\/de\/produkt\/wholesale-large-airtight-stainless-steel-containers\/","title":{"rendered":"Gro\u00dfhandel gro\u00dfe luftdichte Edelstahlbeh\u00e4lter f\u00fcr Reis, \u00d6l, Mehl, etc."},"content":{"rendered":"<h2 class=\"wp-block-heading\">Merkmale des Gro\u00dfhandels gro\u00dfe luftdichte Edelstahlbeh\u00e4lter<\/h2>\n\n\n\n<div class=\"wp-block-columns is-layout-flex wp-container-core-columns-is-layout-9d6595d7 wp-block-columns-is-layout-flex\">\n<div class=\"wp-block-column is-vertically-aligned-center is-layout-flow wp-block-column-is-layout-flow\">\n<div class=\"wp-block-columns is-layout-flex wp-container-core-columns-is-layout-9d6595d7 wp-block-columns-is-layout-flex\">\n<div class=\"wp-block-column is-vertically-aligned-top is-layout-flow wp-block-column-is-layout-flow\">\n<p><strong>Hervorragender, luftdichter Verschluss:<\/strong> Ausgestattet mit einem professionellen Dichtungsring und einem Verriegelungsmechanismus, der eine <strong>auslaufsicher<\/strong> Umgebung, in der Frische und Geschmack erhalten bleiben.<\/p>\n\n\n\n<p><strong>Totaler Schutz:<\/strong> Fortgeschrittene <strong>feuchtigkeitsbest\u00e4ndig und sch\u00e4dlingssicher<\/strong> Design sch\u00fctzt Ihre Trockeng\u00fcter, Getreide oder Fl\u00fcssigkeiten vor Umweltverschmutzung.<\/p>\n\n\n\n<p><strong>Strapazierf\u00e4hig und langlebig:<\/strong> Hergestellt aus <strong>verdickter, hochwertiger Edelstahl<\/strong> die rostfrei ist und den harten Anforderungen des gewerblichen Einsatzes standh\u00e4lt.<\/p>\n\n\n\n<p><strong>Mehrzweck-Lagerung:<\/strong> Ein wirklich universeller Beh\u00e4lter - perfekt f\u00fcr <strong>Reis-, \u00d6l-, Mehl- und Fl\u00fcssigkeitslager<\/strong> in der Gastronomie oder in der Industrie.<\/p>\n\n\n\n<p><strong>Hygienisch und leicht zu reinigen:<\/strong> Die glatte, polierte Innenseite gew\u00e4hrleistet <strong>m\u00fchelose Reinigung<\/strong> und verhindert die Bildung von R\u00fcckst\u00e4nden, wodurch strenge Lebensmittelsicherheitsstandards erf\u00fcllt werden.<\/p>\n<\/div>\n\n\n\n<div class=\"wp-block-column is-layout-flow wp-block-column-is-layout-flow\">\n<figure class=\"wp-block-image size-full\"><img decoding=\"async\" width=\"800\" height=\"800\" src=\"https:\/\/www.lianmeithermos.com\/wp-content\/uploads\/2026\/04\/Wholesale-Large-Airtight-Stainless-Steel-Containers1.png\" alt=\"Gro\u00dfhandel gro\u00dfe luftdichte Edelstahl-Beh\u00e4lter1\" class=\"wp-image-830\" srcset=\"https:\/\/www.lianmeithermos.com\/wp-content\/uploads\/2026\/04\/Wholesale-Large-Airtight-Stainless-Steel-Containers1.png 800w, https:\/\/www.lianmeithermos.com\/wp-content\/uploads\/2026\/04\/Wholesale-Large-Airtight-Stainless-Steel-Containers1-300x300.png 300w, https:\/\/www.lianmeithermos.com\/wp-content\/uploads\/2026\/04\/Wholesale-Large-Airtight-Stainless-Steel-Containers1-150x150.png 150w, https:\/\/www.lianmeithermos.com\/wp-content\/uploads\/2026\/04\/Wholesale-Large-Airtight-Stainless-Steel-Containers1-768x768.png 768w, https:\/\/www.lianmeithermos.com\/wp-content\/uploads\/2026\/04\/Wholesale-Large-Airtight-Stainless-Steel-Containers1-12x12.png 12w, https:\/\/www.lianmeithermos.com\/wp-content\/uploads\/2026\/04\/Wholesale-Large-Airtight-Stainless-Steel-Containers1-600x600.png 600w, https:\/\/www.lianmeithermos.com\/wp-content\/uploads\/2026\/04\/Wholesale-Large-Airtight-Stainless-Steel-Containers1-100x100.png 100w\" sizes=\"(max-width: 800px) 100vw, 800px\" \/><\/figure>\n<\/div>\n<\/div>\n<\/div>\n<\/div>","protected":false},"excerpt":{"rendered":"<p data-pm-slice=\"1 1 []\">Fabrik direkt Gro\u00dfhandel gro\u00dfe Edelstahl luftdicht Container, langlebig und einfach zu speichern. Perfekt f\u00fcr Reis, \u00d6l, Mehl und andere lose Zutaten. Ideal f\u00fcr Restaurants, Catering und den Hausgebrauch.<\/p>\n<h2>Spezifikationen des Gro\u00dfhandels gro\u00dfe luftdichte Edelstahl-Container<\/h2>\n<table style=\"border-collapse: collapse; width: 328.02pt;\" border=\"0\" width=\"328\" cellspacing=\"0\" cellpadding=\"0\">\n<tbody>\n<tr style=\"height: 55.00pt;\">\n<td class=\"et2\" style=\"height: 55.00pt; width: 79.10pt;\" width=\"79\" height=\"55\">Fassungsverm\u00f6gen (Liter)<\/td>\n<td class=\"et2\" style=\"width: 130.00pt;\" width=\"130\">Materie\uff08Edelstahl\uff09<\/td>\n<td class=\"et2\" style=\"width: 119.15pt;\" width=\"119\">Abmessungen (LWH cm)<\/td>\n<\/tr>\n<tr style=\"height: 16.80pt;\">\n<td class=\"et3\" style=\"height: 16.80pt;\" height=\"16\">20L<\/td>\n<td class=\"et3\">304<\/td>\n<td class=\"et3\">25*25*35<\/td>\n<\/tr>\n<tr style=\"height: 16.80pt;\">\n<td class=\"et3\" style=\"height: 16.80pt;\" height=\"16\">33L<\/td>\n<td class=\"et3\">304<\/td>\n<td class=\"et3\">30*30*40<\/td>\n<\/tr>\n<tr style=\"height: 16.80pt;\">\n<td class=\"et3\" style=\"height: 16.80pt;\" height=\"16\">50L<\/td>\n<td class=\"et3\">304<\/td>\n<td class=\"et3\">35*35*45<\/td>\n<\/tr>\n<tr style=\"height: 16.80pt;\">\n<td class=\"et3\" style=\"height: 16.80pt;\" height=\"16\">75L<\/td>\n<td class=\"et3\">304<\/td>\n<td class=\"et3\">40*40*50<\/td>\n<\/tr>\n<tr style=\"height: 16.80pt;\">\n<td class=\"et3\" style=\"height: 16.80pt;\" height=\"16\">20L<\/td>\n<td class=\"et3\">304<\/td>\n<td class=\"et3\">25*25*35<\/td>\n<\/tr>\n<tr style=\"height: 16.80pt;\">\n<td class=\"et3\" style=\"height: 16.80pt;\" height=\"16\">33L<\/td>\n<td class=\"et3\">304<\/td>\n<td class=\"et3\">30*30*40<\/td>\n<\/tr>\n<tr style=\"height: 16.80pt;\">\n<td class=\"et3\" style=\"height: 16.80pt;\" height=\"16\">50L<\/td>\n<td class=\"et3\">304<\/td>\n<td class=\"et3\">35*35*45<\/td>\n<\/tr>\n<tr style=\"height: 16.80pt;\">\n<td class=\"et3\" style=\"height: 16.80pt;\" height=\"16\">75L<\/td>\n<td class=\"et3\">304<\/td>\n<td class=\"et3\">40*40*50<\/td>\n<\/tr>\n<\/tbody>\n<\/table>","protected":false},"featured_media":830,"comment_status":"closed","ping_status":"closed","template":"","meta":{"_acf_changed":false},"product_brand":[],"product_cat":[17],"product_tag":[25],"class_list":{"0":"post-829","1":"product","2":"type-product","3":"status-publish","4":"has-post-thumbnail","6":"product_cat-wholesale-stainless-steel-insulated-barrels","7":"product_tag-restaurant","9":"first","10":"instock","11":"shipping-taxable","12":"product-type-simple"},"acf":[],"_links":{"self":[{"href":"https:\/\/www.lianmeithermos.com\/de\/wp-json\/wp\/v2\/product\/829","targetHints":{"allow":["GET"]}}],"collection":[{"href":"https:\/\/www.lianmeithermos.com\/de\/wp-json\/wp\/v2\/product"}],"about":[{"href":"https:\/\/www.lianmeithermos.com\/de\/wp-json\/wp\/v2\/types\/product"}],"replies":[{"embeddable":true,"href":"https:\/\/www.lianmeithermos.com\/de\/wp-json\/wp\/v2\/comments?post=829"}],"wp:featuredmedia":[{"embeddable":true,"href":"https:\/\/www.lianmeithermos.com\/de\/wp-json\/wp\/v2\/media\/830"}],"wp:attachment":[{"href":"https:\/\/www.lianmeithermos.com\/de\/wp-json\/wp\/v2\/media?parent=829"}],"wp:term":[{"taxonomy":"product_brand","embeddable":true,"href":"https:\/\/www.lianmeithermos.com\/de\/wp-json\/wp\/v2\/product_brand?post=829"},{"taxonomy":"product_cat","embeddable":true,"href":"https:\/\/www.lianmeithermos.com\/de\/wp-json\/wp\/v2\/product_cat?post=829"},{"taxonomy":"product_tag","embeddable":true,"href":"https:\/\/www.lianmeithermos.com\/de\/wp-json\/wp\/v2\/product_tag?post=829"}],"curies":[{"name":"wp","href":"https:\/\/api.w.org\/{rel}","templated":true}]}}