{"id":831,"date":"2026-04-03T08:06:07","date_gmt":"2026-04-03T08:06:07","guid":{"rendered":"https:\/\/www.lianmeithermos.com\/?post_type=product&#038;p=831"},"modified":"2026-04-03T08:41:48","modified_gmt":"2026-04-03T08:41:48","slug":"wholesale-milk-tea-barrel-stainless-steel-milk-tea-bucket","status":"publish","type":"product","link":"https:\/\/www.lianmeithermos.com\/de\/produkt\/wholesale-milk-tea-barrel-stainless-steel-milk-tea-bucket\/","title":{"rendered":"Gro\u00dfhandel Milch Tee Barrel Edelstahl Milch Tee Eimer"},"content":{"rendered":"<h2 class=\"wp-block-heading\">Eigenschaften von Gro\u00dfhandel Milch Tee Fass<\/h2>\n\n\n\n<div class=\"wp-block-columns is-layout-flex wp-container-core-columns-is-layout-9d6595d7 wp-block-columns-is-layout-flex\">\n<div class=\"wp-block-column is-vertically-aligned-center is-layout-flow wp-block-column-is-layout-flow\">\n<div class=\"wp-block-columns is-layout-flex wp-container-core-columns-is-layout-9d6595d7 wp-block-columns-is-layout-flex\">\n<div class=\"wp-block-column is-vertically-aligned-top is-layout-flow wp-block-column-is-layout-flow\">\n<p><strong>Isolierung von W\u00e4rme und K\u00e4lte<\/strong>\uff1a Entwickelt, um die Getr\u00e4nketemperatur sowohl f\u00fcr hei\u00dfe als auch f\u00fcr kalte Getr\u00e4nke aufrechtzuerhalten und so einen gleichbleibenden Geschmack und eine gleichbleibende Qualit\u00e4t w\u00e4hrend des Services zu gew\u00e4hrleisten. <br><strong>Lebensmittelecht und geruchsneutral<\/strong>\uff1a Hergestellt aus hochwertigem Edelstahl, der sicher, ungiftig und resistent gegen Geruchsaufnahme ist. <br><strong>Korrosions- und rostbest\u00e4ndig\uff1a<\/strong> Hergestellt aus langlebigem Edelstahl, der Korrosion, hohen Temperaturen und langfristigem kommerziellen Einsatz standh\u00e4lt, ohne zu rosten. <br><strong>Bequemes Armaturendesign<\/strong>\uff1a Ausgestattet mit einem benutzerfreundlichen Zapfhahn f\u00fcr eine reibungslose und kontrollierte Ausgabe, ideal f\u00fcr stark frequentierte Getr\u00e4nkeservice-Umgebungen. <br><strong>Leicht zu reinigen und vielseitig einsetzbar<\/strong>\uff1a Einfache Struktur f\u00fcr schnelle Reinigung, geeignet f\u00fcr Milchtee-L\u00e4den, Stra\u00dfenverk\u00e4ufer, Heimgebrauch und Gastronomiebetriebe.<\/p>\n<\/div>\n\n\n\n<div class=\"wp-block-column is-layout-flow wp-block-column-is-layout-flow\">\n<figure class=\"wp-block-image size-full\"><img decoding=\"async\" width=\"800\" height=\"800\" src=\"https:\/\/www.lianmeithermos.com\/wp-content\/uploads\/2026\/04\/Wholesale-Milk-Tea-Barrel.webp\" alt=\"Gro\u00dfhandel Milch-Tee-Fass\" class=\"wp-image-832\" srcset=\"https:\/\/www.lianmeithermos.com\/wp-content\/uploads\/2026\/04\/Wholesale-Milk-Tea-Barrel.webp 800w, https:\/\/www.lianmeithermos.com\/wp-content\/uploads\/2026\/04\/Wholesale-Milk-Tea-Barrel-300x300.webp 300w, https:\/\/www.lianmeithermos.com\/wp-content\/uploads\/2026\/04\/Wholesale-Milk-Tea-Barrel-150x150.webp 150w, https:\/\/www.lianmeithermos.com\/wp-content\/uploads\/2026\/04\/Wholesale-Milk-Tea-Barrel-768x768.webp 768w, https:\/\/www.lianmeithermos.com\/wp-content\/uploads\/2026\/04\/Wholesale-Milk-Tea-Barrel-12x12.webp 12w, https:\/\/www.lianmeithermos.com\/wp-content\/uploads\/2026\/04\/Wholesale-Milk-Tea-Barrel-600x600.webp 600w, https:\/\/www.lianmeithermos.com\/wp-content\/uploads\/2026\/04\/Wholesale-Milk-Tea-Barrel-100x100.webp 100w\" sizes=\"(max-width: 800px) 100vw, 800px\" \/><\/figure>\n<\/div>\n<\/div>\n<\/div>\n<\/div>","protected":false},"excerpt":{"rendered":"<p data-start=\"452\" data-end=\"647\">Unser Gro\u00dfhandels-Milchteefass bietet zuverl\u00e4ssige W\u00e4rmespeicherung, Korrosionsbest\u00e4ndigkeit und einfache Reinigung. Ausgestattet mit einem praktischen Wasserhahn, ist es perfekt f\u00fcr das Servieren von Milchtee, Saft und anderen Getr\u00e4nken in gesch\u00e4ftigen kommerziellen Umgebungen.<\/p>\n<h2>Spezifikationen des Gro\u00dfhandels Milch Tee Fass<\/h2>\n<table>\n<thead>\n<tr>\n<th>Kapazit\u00e4t<\/th>\n<th>Innendurchmesser (cm)<\/th>\n<th>\u00c4u\u00dferer Durchmesser (cm)<\/th>\n<th>Innere H\u00f6he (cm)<\/th>\n<th>\u00c4u\u00dfere H\u00f6he (cm)<\/th>\n<\/tr>\n<\/thead>\n<tbody>\n<tr>\n<td>7L<\/td>\n<td>18<\/td>\n<td>24<\/td>\n<td>20<\/td>\n<td>25<\/td>\n<\/tr>\n<tr>\n<td>9L<\/td>\n<td>18<\/td>\n<td>24<\/td>\n<td>25<\/td>\n<td>30<\/td>\n<\/tr>\n<tr>\n<td>11L<\/td>\n<td>18<\/td>\n<td>24<\/td>\n<td>30<\/td>\n<td>35<\/td>\n<\/tr>\n<tr>\n<td>13L<\/td>\n<td>22.5<\/td>\n<td>29.5<\/td>\n<td>25<\/td>\n<td>34.5<\/td>\n<\/tr>\n<tr>\n<td>15L<\/td>\n<td>22.5<\/td>\n<td>29.5<\/td>\n<td>34<\/td>\n<td>41.5<\/td>\n<\/tr>\n<tr>\n<td>17L<\/td>\n<td>22.5<\/td>\n<td>29.5<\/td>\n<td>38<\/td>\n<td>46<\/td>\n<\/tr>\n<tr>\n<td>20L<\/td>\n<td>22.5<\/td>\n<td>29.5<\/td>\n<td>41<\/td>\n<td>50<\/td>\n<\/tr>\n<\/tbody>\n<\/table>","protected":false},"featured_media":832,"comment_status":"closed","ping_status":"closed","template":"","meta":{"_acf_changed":false},"product_brand":[],"product_cat":[18],"product_tag":[25],"class_list":{"0":"post-831","1":"product","2":"type-product","3":"status-publish","4":"has-post-thumbnail","6":"product_cat-wholesale-milk-tea-buckets","7":"product_tag-restaurant","9":"first","10":"instock","11":"shipping-taxable","12":"product-type-simple"},"acf":[],"_links":{"self":[{"href":"https:\/\/www.lianmeithermos.com\/de\/wp-json\/wp\/v2\/product\/831","targetHints":{"allow":["GET"]}}],"collection":[{"href":"https:\/\/www.lianmeithermos.com\/de\/wp-json\/wp\/v2\/product"}],"about":[{"href":"https:\/\/www.lianmeithermos.com\/de\/wp-json\/wp\/v2\/types\/product"}],"replies":[{"embeddable":true,"href":"https:\/\/www.lianmeithermos.com\/de\/wp-json\/wp\/v2\/comments?post=831"}],"wp:featuredmedia":[{"embeddable":true,"href":"https:\/\/www.lianmeithermos.com\/de\/wp-json\/wp\/v2\/media\/832"}],"wp:attachment":[{"href":"https:\/\/www.lianmeithermos.com\/de\/wp-json\/wp\/v2\/media?parent=831"}],"wp:term":[{"taxonomy":"product_brand","embeddable":true,"href":"https:\/\/www.lianmeithermos.com\/de\/wp-json\/wp\/v2\/product_brand?post=831"},{"taxonomy":"product_cat","embeddable":true,"href":"https:\/\/www.lianmeithermos.com\/de\/wp-json\/wp\/v2\/product_cat?post=831"},{"taxonomy":"product_tag","embeddable":true,"href":"https:\/\/www.lianmeithermos.com\/de\/wp-json\/wp\/v2\/product_tag?post=831"}],"curies":[{"name":"wp","href":"https:\/\/api.w.org\/{rel}","templated":true}]}}