{"id":836,"date":"2026-04-05T00:18:36","date_gmt":"2026-04-05T00:18:36","guid":{"rendered":"https:\/\/www.lianmeithermos.com\/?post_type=product&#038;p=836"},"modified":"2026-04-05T00:24:27","modified_gmt":"2026-04-05T00:24:27","slug":"wholesale-stainless-steel-food-carrier","status":"publish","type":"product","link":"https:\/\/www.lianmeithermos.com\/de\/produkt\/wholesale-stainless-steel-food-carrier\/","title":{"rendered":"Gro\u00dfhandel Edelstahl Food Carrier mit Multi-Layer stapelbar Design"},"content":{"rendered":"<h2 class=\"wp-block-heading\">Merkmale des Gro\u00dfhandels Edelstahl Lebensmittel Tr\u00e4ger<\/h2>\n\n\n\n<div class=\"wp-block-columns is-layout-flex wp-container-core-columns-is-layout-9d6595d7 wp-block-columns-is-layout-flex\">\n<div class=\"wp-block-column is-vertically-aligned-center is-layout-flow wp-block-column-is-layout-flow\">\n<div class=\"wp-block-columns is-layout-flex wp-container-core-columns-is-layout-9d6595d7 wp-block-columns-is-layout-flex\">\n<div class=\"wp-block-column is-vertically-aligned-top is-layout-flow wp-block-column-is-layout-flow\">\n<p><strong>Mehrschichtige, stapelbare Konstruktion<\/strong><br>Die innovative, gestaffelte Struktur erm\u00f6glicht die separate Aufbewahrung mehrerer Gerichte in einem Tr\u00e4ger und eignet sich somit perfekt f\u00fcr die Organisation von Mahlzeiten, den Transport und die Portionskontrolle in stark frequentierten Gastronomiebetrieben.<\/p>\n\n\n\n<p><strong>Lebensmittelgeeignetes Material aus Edelstahl<\/strong><br>Hergestellt aus hochwertigem, lebensmittelechtem Edelstahl, der langlebig, rostfrei, geruchsneutral und f\u00fcr den direkten Lebensmittelkontakt geeignet ist.<\/p>\n\n\n\n<p><strong>Luftdichte und lecksichere Versiegelung<\/strong><br>Ausgestattet mit sicheren Verriegelungsclips und dichten Verschl\u00fcssen, um Frische zu bewahren, Auslaufen zu verhindern und Lebensmittel w\u00e4hrend des Transports zu sch\u00fctzen.<\/p>\n\n\n\n<p><strong>Langlebig und leicht zu reinigen<\/strong><br>Die robuste Konstruktion gew\u00e4hrleistet eine lange Lebensdauer, w\u00e4hrend die glatte Edelstahloberfl\u00e4che eine schnelle und hygienische Reinigung erm\u00f6glicht.<\/p>\n\n\n\n<p><strong>Ideal f\u00fcr Gro\u00dfhandel und gewerbliche Nutzung<\/strong><br>Perfekt f\u00fcr Restaurants, Cateringservices, Essenslieferdienste und Gro\u00dfabnehmer, mit verschiedenen Gr\u00f6\u00dfen und Konfigurationen f\u00fcr unterschiedliche Anforderungen.<\/p>\n\n\n\n<p><\/p>\n<\/div>\n\n\n\n<div class=\"wp-block-column is-layout-flow wp-block-column-is-layout-flow\">\n<figure class=\"wp-block-image size-full\"><img decoding=\"async\" width=\"800\" height=\"800\" src=\"https:\/\/www.lianmeithermos.com\/wp-content\/uploads\/2026\/04\/Wholesale-Stainless-Steel-Food-Carrier.png\" alt=\"Gro\u00dfhandel Edelstahl Food Carrier\" class=\"wp-image-837\" srcset=\"https:\/\/www.lianmeithermos.com\/wp-content\/uploads\/2026\/04\/Wholesale-Stainless-Steel-Food-Carrier.png 800w, https:\/\/www.lianmeithermos.com\/wp-content\/uploads\/2026\/04\/Wholesale-Stainless-Steel-Food-Carrier-300x300.png 300w, https:\/\/www.lianmeithermos.com\/wp-content\/uploads\/2026\/04\/Wholesale-Stainless-Steel-Food-Carrier-150x150.png 150w, https:\/\/www.lianmeithermos.com\/wp-content\/uploads\/2026\/04\/Wholesale-Stainless-Steel-Food-Carrier-768x768.png 768w, https:\/\/www.lianmeithermos.com\/wp-content\/uploads\/2026\/04\/Wholesale-Stainless-Steel-Food-Carrier-12x12.png 12w, https:\/\/www.lianmeithermos.com\/wp-content\/uploads\/2026\/04\/Wholesale-Stainless-Steel-Food-Carrier-600x600.png 600w, https:\/\/www.lianmeithermos.com\/wp-content\/uploads\/2026\/04\/Wholesale-Stainless-Steel-Food-Carrier-100x100.png 100w\" sizes=\"(max-width: 800px) 100vw, 800px\" \/><\/figure>\n<\/div>\n<\/div>\n<\/div>\n<\/div>\n\n\n\n<p><\/p>","protected":false},"excerpt":{"rendered":"<p data-start=\"296\" data-end=\"592\">Gro\u00dfhandels-Edelstahl-Lebensmitteltr\u00e4ger mit einer mehrschichtigen, stapelbaren Struktur f\u00fcr effiziente Trennung und Transport von Lebensmitteln. Er ist aus lebensmittelechtem Edelstahl gefertigt und verf\u00fcgt \u00fcber eine luftdichte Versiegelung, um Mahlzeiten frisch, sicher und auslaufsicher zu halten - ideal f\u00fcr Catering, Lebensmittellieferungen und den gewerblichen Einsatz.<\/p>\n<h2>Spezifikationen des Gro\u00dfhandels Edelstahl Food Carrier\u00a0<\/h2>\n<table>\n<thead>\n<tr>\n<th>Kapazit\u00e4t<\/th>\n<th>Material<\/th>\n<th>Gr\u00f6\u00dfe des Produkts<\/th>\n<\/tr>\n<\/thead>\n<tbody>\n<tr>\n<td>400ml<\/td>\n<td>304 Edelstahl + PP<\/td>\n<td>10\u00d75cm<\/td>\n<\/tr>\n<tr>\n<td>600ml<\/td>\n<td>304 Edelstahl + PP<\/td>\n<td>12\u00d76cm<\/td>\n<\/tr>\n<tr>\n<td>1100ml<\/td>\n<td>304 Edelstahl + PP<\/td>\n<td>14\u00d77cm<\/td>\n<\/tr>\n<tr>\n<td>2200ml<\/td>\n<td>304 Edelstahl + PP<\/td>\n<td>18\u00d79cm<\/td>\n<\/tr>\n<tr>\n<td>3500ml<\/td>\n<td>304 Edelstahl + PP<\/td>\n<td>22\u00d711cm<\/td>\n<\/tr>\n<\/tbody>\n<\/table>\n<p>&nbsp;<\/p>","protected":false},"featured_media":837,"comment_status":"closed","ping_status":"closed","template":"","meta":{"_acf_changed":false},"product_brand":[],"product_cat":[20],"product_tag":[23],"class_list":{"0":"post-836","1":"product","2":"type-product","3":"status-publish","4":"has-post-thumbnail","6":"product_cat-wholesale-insulated-food-containers","7":"product_tag-family-kitchen","9":"first","10":"instock","11":"shipping-taxable","12":"product-type-simple"},"acf":[],"_links":{"self":[{"href":"https:\/\/www.lianmeithermos.com\/de\/wp-json\/wp\/v2\/product\/836","targetHints":{"allow":["GET"]}}],"collection":[{"href":"https:\/\/www.lianmeithermos.com\/de\/wp-json\/wp\/v2\/product"}],"about":[{"href":"https:\/\/www.lianmeithermos.com\/de\/wp-json\/wp\/v2\/types\/product"}],"replies":[{"embeddable":true,"href":"https:\/\/www.lianmeithermos.com\/de\/wp-json\/wp\/v2\/comments?post=836"}],"wp:featuredmedia":[{"embeddable":true,"href":"https:\/\/www.lianmeithermos.com\/de\/wp-json\/wp\/v2\/media\/837"}],"wp:attachment":[{"href":"https:\/\/www.lianmeithermos.com\/de\/wp-json\/wp\/v2\/media?parent=836"}],"wp:term":[{"taxonomy":"product_brand","embeddable":true,"href":"https:\/\/www.lianmeithermos.com\/de\/wp-json\/wp\/v2\/product_brand?post=836"},{"taxonomy":"product_cat","embeddable":true,"href":"https:\/\/www.lianmeithermos.com\/de\/wp-json\/wp\/v2\/product_cat?post=836"},{"taxonomy":"product_tag","embeddable":true,"href":"https:\/\/www.lianmeithermos.com\/de\/wp-json\/wp\/v2\/product_tag?post=836"}],"curies":[{"name":"wp","href":"https:\/\/api.w.org\/{rel}","templated":true}]}}