{"id":839,"date":"2026-04-05T00:31:11","date_gmt":"2026-04-05T00:31:11","guid":{"rendered":"https:\/\/www.lianmeithermos.com\/?post_type=product&#038;p=839"},"modified":"2026-04-05T00:37:44","modified_gmt":"2026-04-05T00:37:44","slug":"wholesale-airtight-stainless-steel-food-storage-containers","status":"publish","type":"product","link":"https:\/\/www.lianmeithermos.com\/de\/produkt\/wholesale-airtight-stainless-steel-food-storage-containers\/","title":{"rendered":"Gro\u00dfhandel luftdicht Edelstahl Lebensmittel Lagerung Container mit rechteckiger Form"},"content":{"rendered":"<h2 class=\"wp-block-heading\">Merkmale der Gro\u00dfhandel luftdicht Edelstahl Lebensmittel Lagerung Container<\/h2>\n\n\n\n<div class=\"wp-block-columns is-layout-flex wp-container-core-columns-is-layout-9d6595d7 wp-block-columns-is-layout-flex\">\n<div class=\"wp-block-column is-vertically-aligned-center is-layout-flow wp-block-column-is-layout-flow\">\n<div class=\"wp-block-columns is-layout-flex wp-container-core-columns-is-layout-9d6595d7 wp-block-columns-is-layout-flex\">\n<div class=\"wp-block-column is-vertically-aligned-top is-layout-flow wp-block-column-is-layout-flow\">\n<p><strong>Stapelbares mehrschichtiges Design<\/strong><br>Durch die stapelbaren Schichten k\u00f6nnen verschiedene Lebensmittel separat in einem Beh\u00e4lter aufbewahrt werden, was die Organisation verbessert und den Transport im t\u00e4glichen und gewerblichen Gebrauch erleichtert.<\/p>\n\n\n\n<p><strong>Lebensmittelgeeignetes Material aus Edelstahl<\/strong><br>Hergestellt aus hochwertigem Edelstahl, der sicher, geruchsfrei und korrosionsbest\u00e4ndig ist und f\u00fcr eine lange Lebensdauer ausgelegt ist.<\/p>\n\n\n\n<p><strong>Luftdichte und lecksichere Versiegelung<\/strong><br>Der dicht schlie\u00dfende Deckel mit den sicheren Verriegelungsclips verhindert das Auslaufen von Lebensmitteln, bewahrt ihre Frische und gew\u00e4hrleistet eine sichere Lagerung und Lieferung.<\/p>\n\n\n\n<p><strong>Langlebig und leicht zu reinigen<\/strong><br>Die Konstruktion aus verdichtetem Edelstahl erh\u00f6ht die Festigkeit und Langlebigkeit, w\u00e4hrend die glatte Oberfl\u00e4che eine einfache und hygienische Reinigung erm\u00f6glicht.<\/p>\n\n\n\n<p><strong>Rechtwinkliges Design f\u00fcr Platzersparnis<\/strong><br>Die rechteckige Form maximiert den Stauraum, passt gut in Taschen, Regale und Lieferboxen und l\u00e4sst sich stabil stapeln.<\/p>\n\n\n\n<p><\/p>\n<\/div>\n\n\n\n<div class=\"wp-block-column is-layout-flow wp-block-column-is-layout-flow\">\n<figure class=\"wp-block-image size-full\"><img decoding=\"async\" width=\"800\" height=\"800\" src=\"https:\/\/www.lianmeithermos.com\/wp-content\/uploads\/2026\/04\/Wholesale-Airtight-Stainless-Steel-Food-Storage-Containers.png\" alt=\"Gro\u00dfhandel luftdicht Edelstahl Lebensmittel Lagerung Container\" class=\"wp-image-840\" srcset=\"https:\/\/www.lianmeithermos.com\/wp-content\/uploads\/2026\/04\/Wholesale-Airtight-Stainless-Steel-Food-Storage-Containers.png 800w, https:\/\/www.lianmeithermos.com\/wp-content\/uploads\/2026\/04\/Wholesale-Airtight-Stainless-Steel-Food-Storage-Containers-300x300.png 300w, https:\/\/www.lianmeithermos.com\/wp-content\/uploads\/2026\/04\/Wholesale-Airtight-Stainless-Steel-Food-Storage-Containers-150x150.png 150w, https:\/\/www.lianmeithermos.com\/wp-content\/uploads\/2026\/04\/Wholesale-Airtight-Stainless-Steel-Food-Storage-Containers-768x768.png 768w, https:\/\/www.lianmeithermos.com\/wp-content\/uploads\/2026\/04\/Wholesale-Airtight-Stainless-Steel-Food-Storage-Containers-12x12.png 12w, https:\/\/www.lianmeithermos.com\/wp-content\/uploads\/2026\/04\/Wholesale-Airtight-Stainless-Steel-Food-Storage-Containers-600x600.png 600w, https:\/\/www.lianmeithermos.com\/wp-content\/uploads\/2026\/04\/Wholesale-Airtight-Stainless-Steel-Food-Storage-Containers-100x100.png 100w\" sizes=\"(max-width: 800px) 100vw, 800px\" \/><\/figure>\n<\/div>\n<\/div>\n<\/div>\n<\/div>\n\n\n\n<p><\/p>","protected":false},"excerpt":{"rendered":"<p data-start=\"296\" data-end=\"592\">Luftdichte Lebensmittelbeh\u00e4lter aus Edelstahl f\u00fcr den Gro\u00dfhandel in rechteckiger, mehrlagiger, stapelbarer Form f\u00fcr die effiziente Organisation und den Transport von Lebensmitteln. Sie bestehen aus lebensmittelechtem Edelstahl mit sicherer Versiegelung und halten Lebensmittel frisch, auslaufsicher und hygienisch - ideal f\u00fcr die Zubereitung von Mahlzeiten, Catering und Gro\u00dfk\u00fcchen.<\/p>\n<h2>Spezifikationen von Gro\u00dfhandel luftdicht Edelstahl Lebensmittel Lagerung Container<\/h2>\n<table>\n<thead>\n<tr>\n<th>Artikel Nr.<\/th>\n<th>Material<\/th>\n<th>Gr\u00f6\u00dfe des Produkts<\/th>\n<\/tr>\n<\/thead>\n<tbody>\n<tr>\n<td>Nr.1<\/td>\n<td>201 Rostfreier Stahl<\/td>\n<td>13,6\u00d710,7\u00d75,3 cm<\/td>\n<\/tr>\n<tr>\n<td>Nr.2<\/td>\n<td>201 Rostfreier Stahl<\/td>\n<td>18,2\u00d713\u00d75,9 cm<\/td>\n<\/tr>\n<tr>\n<td>Nr.3<\/td>\n<td>201 Rostfreier Stahl<\/td>\n<td>22,8\u00d715,4\u00d76 cm<\/td>\n<\/tr>\n<tr>\n<td>Nr.4<\/td>\n<td>201 Rostfreier Stahl<\/td>\n<td>26\u00d718,5\u00d76,5 cm<\/td>\n<\/tr>\n<tr>\n<td>Nr.5<\/td>\n<td>201 Rostfreier Stahl<\/td>\n<td>30\u00d721,7\u00d77 cm<\/td>\n<\/tr>\n<\/tbody>\n<\/table>\n<table>\n<thead>\n<tr>\n<th>Artikel Nr.<\/th>\n<th>Material<\/th>\n<th>Produktgr\u00f6\u00dfe\uff08Gro\u00df)<\/th>\n<\/tr>\n<\/thead>\n<tbody>\n<tr>\n<td>Nr.1<\/td>\n<td>201 Rostfreier Stahl<\/td>\n<td>25\u00d717,5\u00d79 cm<\/td>\n<\/tr>\n<tr>\n<td>Nr.2<\/td>\n<td>201 Rostfreier Stahl<\/td>\n<td>32,5\u00d725\u00d711 cm<\/td>\n<\/tr>\n<tr>\n<td>Nr.3<\/td>\n<td>201 Rostfreier Stahl<\/td>\n<td>32,5\u00d722,5\u00d710 cm<\/td>\n<\/tr>\n<tr>\n<td>Nr.4<\/td>\n<td>201 Rostfreier Stahl<\/td>\n<td>33,5\u00d723\u00d711 cm<\/td>\n<\/tr>\n<tr>\n<td>Nr.5<\/td>\n<td>201 Rostfreier Stahl<\/td>\n<td>40\u00d728,5\u00d712 cm<\/td>\n<\/tr>\n<\/tbody>\n<\/table>\n<p>&nbsp;<\/p>","protected":false},"featured_media":840,"comment_status":"closed","ping_status":"closed","template":"","meta":{"_acf_changed":false},"product_brand":[],"product_cat":[20],"product_tag":[23],"class_list":{"0":"post-839","1":"product","2":"type-product","3":"status-publish","4":"has-post-thumbnail","6":"product_cat-wholesale-insulated-food-containers","7":"product_tag-family-kitchen","9":"first","10":"instock","11":"shipping-taxable","12":"product-type-simple"},"acf":[],"_links":{"self":[{"href":"https:\/\/www.lianmeithermos.com\/de\/wp-json\/wp\/v2\/product\/839","targetHints":{"allow":["GET"]}}],"collection":[{"href":"https:\/\/www.lianmeithermos.com\/de\/wp-json\/wp\/v2\/product"}],"about":[{"href":"https:\/\/www.lianmeithermos.com\/de\/wp-json\/wp\/v2\/types\/product"}],"replies":[{"embeddable":true,"href":"https:\/\/www.lianmeithermos.com\/de\/wp-json\/wp\/v2\/comments?post=839"}],"wp:featuredmedia":[{"embeddable":true,"href":"https:\/\/www.lianmeithermos.com\/de\/wp-json\/wp\/v2\/media\/840"}],"wp:attachment":[{"href":"https:\/\/www.lianmeithermos.com\/de\/wp-json\/wp\/v2\/media?parent=839"}],"wp:term":[{"taxonomy":"product_brand","embeddable":true,"href":"https:\/\/www.lianmeithermos.com\/de\/wp-json\/wp\/v2\/product_brand?post=839"},{"taxonomy":"product_cat","embeddable":true,"href":"https:\/\/www.lianmeithermos.com\/de\/wp-json\/wp\/v2\/product_cat?post=839"},{"taxonomy":"product_tag","embeddable":true,"href":"https:\/\/www.lianmeithermos.com\/de\/wp-json\/wp\/v2\/product_tag?post=839"}],"curies":[{"name":"wp","href":"https:\/\/api.w.org\/{rel}","templated":true}]}}