{"id":841,"date":"2026-04-05T00:43:36","date_gmt":"2026-04-05T00:43:36","guid":{"rendered":"https:\/\/www.lianmeithermos.com\/?post_type=product&#038;p=841"},"modified":"2026-04-05T00:49:13","modified_gmt":"2026-04-05T00:49:13","slug":"stainless-steel-mixing-bowls-wholesale","status":"publish","type":"product","link":"https:\/\/www.lianmeithermos.com\/de\/produkt\/stainless-steel-mixing-bowls-wholesale\/","title":{"rendered":"Edelstahl Mixing Schalen Gro\u00dfhandel langlebig f\u00fcr K\u00fcche verwenden"},"content":{"rendered":"<h2 class=\"wp-block-heading\">Eigenschaften von Edelstahl-Mischsch\u00fcsseln Gro\u00dfhandel<\/h2>\n\n\n\n<div class=\"wp-block-columns is-layout-flex wp-container-core-columns-is-layout-9d6595d7 wp-block-columns-is-layout-flex\">\n<div class=\"wp-block-column is-vertically-aligned-center is-layout-flow wp-block-column-is-layout-flow\">\n<div class=\"wp-block-columns is-layout-flex wp-container-core-columns-is-layout-9d6595d7 wp-block-columns-is-layout-flex\">\n<div class=\"wp-block-column is-vertically-aligned-top is-layout-flow wp-block-column-is-layout-flow\">\n<p><strong>Starke und langlebige Konstruktion<\/strong><br>Hergestellt aus hochwertigem Edelstahl mit verdicktem Design, das eine lange Haltbarkeit und Widerstandsf\u00e4higkeit gegen Dellen und t\u00e4glichen Verschlei\u00df gew\u00e4hrleistet.<\/p>\n\n\n\n<p><strong>Rostbest\u00e4ndig und leicht zu reinigen<\/strong><br>Die glatte Edelstahloberfl\u00e4che verhindert Rost und Flecken und erm\u00f6glicht eine schnelle und m\u00fchelose Reinigung bei gleichzeitiger Wahrung der Hygiene.<\/p>\n\n\n\n<p><strong>Praktische Gr\u00f6\u00dfen f\u00fcr den allt\u00e4glichen Gebrauch<\/strong><br>Erh\u00e4ltlich in einer Reihe ausgewogener Gr\u00f6\u00dfen, perfekt zum Mischen, Vorbereiten, Servieren und Aufbewahren verschiedener Zutaten.<\/p>\n\n\n\n<p><strong>Platzsparendes Nesting-Design<\/strong><br>Die Sch\u00fcsseln lassen sich sauber ineinander stapeln und helfen dabei, die K\u00fcche sowohl im privaten als auch im gewerblichen Bereich aufger\u00e4umt, organisiert und effizient zu halten.<\/p>\n\n\n\n<p><strong>Ideal f\u00fcr Gro\u00dfhandel und Gro\u00dfk\u00fcchen<\/strong><br>Ideal f\u00fcr Gro\u00dfeink\u00e4ufe von Restaurants, B\u00e4ckereien, Cateringservices und Lebensmittelunternehmen, die zuverl\u00e4ssige, vielseitige K\u00fcchenger\u00e4te ben\u00f6tigen.<\/p>\n<\/div>\n\n\n\n<div class=\"wp-block-column is-layout-flow wp-block-column-is-layout-flow\">\n<figure class=\"wp-block-image size-full\"><img decoding=\"async\" width=\"800\" height=\"800\" src=\"https:\/\/www.lianmeithermos.com\/wp-content\/uploads\/2026\/04\/Stainless-Steel-Mixing-Bowls-Wholesale.webp\" alt=\"Edelstahl-R\u00fchrsch\u00fcsseln Gro\u00dfhandel\" class=\"wp-image-842\" srcset=\"https:\/\/www.lianmeithermos.com\/wp-content\/uploads\/2026\/04\/Stainless-Steel-Mixing-Bowls-Wholesale.webp 800w, https:\/\/www.lianmeithermos.com\/wp-content\/uploads\/2026\/04\/Stainless-Steel-Mixing-Bowls-Wholesale-300x300.webp 300w, https:\/\/www.lianmeithermos.com\/wp-content\/uploads\/2026\/04\/Stainless-Steel-Mixing-Bowls-Wholesale-150x150.webp 150w, https:\/\/www.lianmeithermos.com\/wp-content\/uploads\/2026\/04\/Stainless-Steel-Mixing-Bowls-Wholesale-768x768.webp 768w, https:\/\/www.lianmeithermos.com\/wp-content\/uploads\/2026\/04\/Stainless-Steel-Mixing-Bowls-Wholesale-12x12.webp 12w, https:\/\/www.lianmeithermos.com\/wp-content\/uploads\/2026\/04\/Stainless-Steel-Mixing-Bowls-Wholesale-600x600.webp 600w, https:\/\/www.lianmeithermos.com\/wp-content\/uploads\/2026\/04\/Stainless-Steel-Mixing-Bowls-Wholesale-100x100.webp 100w\" sizes=\"(max-width: 800px) 100vw, 800px\" \/><\/figure>\n<\/div>\n<\/div>\n<\/div>\n<\/div>\n\n\n\n<p><\/p>","protected":false},"excerpt":{"rendered":"<p data-start=\"296\" data-end=\"592\">Edelstahl-R\u00fchrsch\u00fcsseln f\u00fcr den Gro\u00dfhandel, hergestellt aus dickem und haltbarem Material f\u00fcr lang anhaltende Leistung. Diese Sch\u00fcsseln sind leicht zu reinigen und rostfrei. Sie haben praktische Gr\u00f6\u00dfen und ein verschachteltes Design, das f\u00fcr Ordnung in der K\u00fcche sorgt - ideal f\u00fcr die Zubereitung von Speisen, zum Backen und f\u00fcr den gewerblichen Einsatz.<\/p>\n<h2>Spezifikationen von Edelstahl-Mischsch\u00fcsseln Gro\u00dfhandel<\/h2>\n<table style=\"height: 297px;\" width=\"306\">\n<thead>\n<tr>\n<th>Gr\u00f6\u00dfe<\/th>\n<th>Material<\/th>\n<\/tr>\n<\/thead>\n<tbody>\n<tr>\n<td>18CM<\/td>\n<td>Rostfreier Stahl<\/td>\n<\/tr>\n<tr>\n<td>20CM<\/td>\n<td>Rostfreier Stahl<\/td>\n<\/tr>\n<tr>\n<td>22CM<\/td>\n<td>Rostfreier Stahl<\/td>\n<\/tr>\n<tr>\n<td>24CM<\/td>\n<td>Rostfreier Stahl<\/td>\n<\/tr>\n<tr>\n<td>26CM<\/td>\n<td>Rostfreier Stahl<\/td>\n<\/tr>\n<tr>\n<td>28CM<\/td>\n<td>Rostfreier Stahl<\/td>\n<\/tr>\n<tr>\n<td>30CM<\/td>\n<td>Rostfreier Stahl<\/td>\n<\/tr>\n<tr>\n<td>32CM<\/td>\n<td>Rostfreier Stahl<\/td>\n<\/tr>\n<tr>\n<td>34CM<\/td>\n<td>Rostfreier Stahl<\/td>\n<\/tr>\n<\/tbody>\n<\/table>","protected":false},"featured_media":842,"comment_status":"closed","ping_status":"closed","template":"","meta":{"_acf_changed":false},"product_brand":[],"product_cat":[20],"product_tag":[23,25],"class_list":{"0":"post-841","1":"product","2":"type-product","3":"status-publish","4":"has-post-thumbnail","6":"product_cat-wholesale-insulated-food-containers","7":"product_tag-family-kitchen","8":"product_tag-restaurant","10":"first","11":"instock","12":"shipping-taxable","13":"product-type-simple"},"acf":[],"_links":{"self":[{"href":"https:\/\/www.lianmeithermos.com\/de\/wp-json\/wp\/v2\/product\/841","targetHints":{"allow":["GET"]}}],"collection":[{"href":"https:\/\/www.lianmeithermos.com\/de\/wp-json\/wp\/v2\/product"}],"about":[{"href":"https:\/\/www.lianmeithermos.com\/de\/wp-json\/wp\/v2\/types\/product"}],"replies":[{"embeddable":true,"href":"https:\/\/www.lianmeithermos.com\/de\/wp-json\/wp\/v2\/comments?post=841"}],"wp:featuredmedia":[{"embeddable":true,"href":"https:\/\/www.lianmeithermos.com\/de\/wp-json\/wp\/v2\/media\/842"}],"wp:attachment":[{"href":"https:\/\/www.lianmeithermos.com\/de\/wp-json\/wp\/v2\/media?parent=841"}],"wp:term":[{"taxonomy":"product_brand","embeddable":true,"href":"https:\/\/www.lianmeithermos.com\/de\/wp-json\/wp\/v2\/product_brand?post=841"},{"taxonomy":"product_cat","embeddable":true,"href":"https:\/\/www.lianmeithermos.com\/de\/wp-json\/wp\/v2\/product_cat?post=841"},{"taxonomy":"product_tag","embeddable":true,"href":"https:\/\/www.lianmeithermos.com\/de\/wp-json\/wp\/v2\/product_tag?post=841"}],"curies":[{"name":"wp","href":"https:\/\/api.w.org\/{rel}","templated":true}]}}