{"id":843,"date":"2026-04-05T01:03:26","date_gmt":"2026-04-05T01:03:26","guid":{"rendered":"https:\/\/www.lianmeithermos.com\/?post_type=product&#038;p=843"},"modified":"2026-04-05T01:10:36","modified_gmt":"2026-04-05T01:10:36","slug":"wholesale-stainless-steel-rectangular-food-container","status":"publish","type":"product","link":"https:\/\/www.lianmeithermos.com\/de\/produkt\/wholesale-stainless-steel-rectangular-food-container\/","title":{"rendered":"Gro\u00dfhandel Edelstahl rechteckige Lebensmittel-Container mit luftdichtem Deckel"},"content":{"rendered":"<h2 class=\"wp-block-heading\">Merkmale der Gro\u00dfhandel Edelstahl rechteckige Lebensmittel-Container<\/h2>\n\n\n\n<div class=\"wp-block-columns is-layout-flex wp-container-core-columns-is-layout-9d6595d7 wp-block-columns-is-layout-flex\">\n<div class=\"wp-block-column is-vertically-aligned-center is-layout-flow wp-block-column-is-layout-flow\">\n<div class=\"wp-block-columns is-layout-flex wp-container-core-columns-is-layout-9d6595d7 wp-block-columns-is-layout-flex\">\n<div class=\"wp-block-column is-vertically-aligned-top is-layout-flow wp-block-column-is-layout-flow\">\n<p><strong>Veredeltes Metallic-Finish und hochwertige Textur<\/strong><br>Die glatte, polierte Edelstahloberfl\u00e4che mit edlem Metallglanz sorgt f\u00fcr ein sauberes, modernes Aussehen und erh\u00f6ht gleichzeitig die Haltbarkeit und Verschlei\u00dffestigkeit.<\/p>\n\n\n\n<p><strong>Lebensmittelgeeignetes Material aus Edelstahl<\/strong><br>Hergestellt aus hochwertigem, lebensmittelechtem Edelstahl, der ungiftig, geruchsfrei und korrosionsbest\u00e4ndig ist und f\u00fcr eine sichere und langfristige Verwendung ausgelegt ist.<\/p>\n\n\n\n<p><strong>Mehrschichtige, stapelbare Konstruktion<\/strong><br>Dank der abgestuften Struktur k\u00f6nnen mehrere Gerichte separat in einem Beh\u00e4lter aufbewahrt werden, was f\u00fcr die organisierte Aufbewahrung, die Zubereitung von Mahlzeiten und den Transport praktisch ist.<\/p>\n\n\n\n<p><strong>Langlebig und pflegeleicht<\/strong><br>Die verdickte Konstruktion gew\u00e4hrleistet Festigkeit und lange Lebensdauer, w\u00e4hrend die glatte Oberfl\u00e4che eine schnelle und m\u00fchelose Reinigung erm\u00f6glicht.<\/p>\n\n\n\n<p><strong>Rechteckige Form f\u00fcr effiziente Lagerung<\/strong><br>Die praktische rechteckige Form maximiert die Raumnutzung, passt gut in die Lagerr\u00e4ume und gew\u00e4hrleistet eine stabile Stapelung.<\/p>\n<\/div>\n\n\n\n<div class=\"wp-block-column is-layout-flow wp-block-column-is-layout-flow\">\n<figure class=\"wp-block-image size-full\"><img decoding=\"async\" width=\"800\" height=\"800\" src=\"https:\/\/www.lianmeithermos.com\/wp-content\/uploads\/2026\/04\/Wholesale-Stainless-Steel-Rectangular-Food-Container-with-Airtight-Lid.png\" alt=\"Gro\u00dfhandel Edelstahl rechteckige Lebensmittel-Container mit luftdichtem Deckel\" class=\"wp-image-844\" srcset=\"https:\/\/www.lianmeithermos.com\/wp-content\/uploads\/2026\/04\/Wholesale-Stainless-Steel-Rectangular-Food-Container-with-Airtight-Lid.png 800w, https:\/\/www.lianmeithermos.com\/wp-content\/uploads\/2026\/04\/Wholesale-Stainless-Steel-Rectangular-Food-Container-with-Airtight-Lid-300x300.png 300w, https:\/\/www.lianmeithermos.com\/wp-content\/uploads\/2026\/04\/Wholesale-Stainless-Steel-Rectangular-Food-Container-with-Airtight-Lid-150x150.png 150w, https:\/\/www.lianmeithermos.com\/wp-content\/uploads\/2026\/04\/Wholesale-Stainless-Steel-Rectangular-Food-Container-with-Airtight-Lid-768x768.png 768w, https:\/\/www.lianmeithermos.com\/wp-content\/uploads\/2026\/04\/Wholesale-Stainless-Steel-Rectangular-Food-Container-with-Airtight-Lid-12x12.png 12w, https:\/\/www.lianmeithermos.com\/wp-content\/uploads\/2026\/04\/Wholesale-Stainless-Steel-Rectangular-Food-Container-with-Airtight-Lid-600x600.png 600w, https:\/\/www.lianmeithermos.com\/wp-content\/uploads\/2026\/04\/Wholesale-Stainless-Steel-Rectangular-Food-Container-with-Airtight-Lid-100x100.png 100w\" sizes=\"(max-width: 800px) 100vw, 800px\" \/><\/figure>\n<\/div>\n<\/div>\n<\/div>\n<\/div>\n\n\n\n<p><\/p>","protected":false},"excerpt":{"rendered":"<p data-start=\"301\" data-end=\"619\">Rechteckiger Lebensmittelbeh\u00e4lter aus Edelstahl f\u00fcr den Gro\u00dfhandel mit einer mehrschichtigen, stapelbaren Struktur f\u00fcr die organisierte Lagerung und den Transport von Lebensmitteln. Hergestellt aus lebensmittelechtem Edelstahl mit einer glatten Metalloberfl\u00e4che, bietet er Haltbarkeit, Hygiene und lang anhaltende Frische - ideal f\u00fcr K\u00fcchen, Catering und den gewerblichen Einsatz.<\/p>\n<h2>Spezifikationen des Gro\u00dfhandels Edelstahl rechteckige Lebensmittel-Container<\/h2>\n<table data-path-to-node=\"1\">\n<thead>\n<tr>\n<td><strong>Modell\/Typ<\/strong><\/td>\n<td><strong>Material<\/strong><\/td>\n<td><strong>Abmessungen (WLH cm)<\/strong><\/td>\n<td><strong>Kapazit\u00e4t<\/strong><\/td>\n<td><strong>Deckel-Optionen<\/strong><\/td>\n<\/tr>\n<\/thead>\n<tbody>\n<tr>\n<td><span data-path-to-node=\"1,1,0,0\"><b data-path-to-node=\"1,1,0,0\" data-index-in-node=\"0\">Kleine Gew\u00fcrzdose<\/b><\/span><\/td>\n<td><span data-path-to-node=\"1,1,1,0\">410 Edelstahl<\/span><\/td>\n<td><span data-path-to-node=\"1,1,2,0\">13,5 * 10,5 * 4,8 (ohne Deckel)<\/span><\/td>\n<td><span data-path-to-node=\"1,1,3,0\">400ml<\/span><\/td>\n<td><span data-path-to-node=\"1,1,4,0\">PP-Deckel \/ SS-Deckel<\/span><\/td>\n<\/tr>\n<tr>\n<td><span data-path-to-node=\"1,2,0,0\"><b data-path-to-node=\"1,2,0,0\" data-index-in-node=\"0\">Medium Prep Box<\/b><\/span><\/td>\n<td><span data-path-to-node=\"1,2,1,0\">410 Edelstahl<\/span><\/td>\n<td><span data-path-to-node=\"1,2,2,0\">13 * 18 * 4,8 (exkl. Deckel)<\/span><\/td>\n<td><span data-path-to-node=\"1,2,3,0\">700ml<\/span><\/td>\n<td><span data-path-to-node=\"1,2,4,0\">PP-Deckel \/ SS-Deckel<\/span><\/td>\n<\/tr>\n<tr>\n<td><span data-path-to-node=\"1,3,0,0\"><b data-path-to-node=\"1,3,0,0\" data-index-in-node=\"0\">Gro\u00dfe Aufbewahrungsbox<\/b><\/span><\/td>\n<td><span data-path-to-node=\"1,3,1,0\">410 Edelstahl<\/span><\/td>\n<td><span data-path-to-node=\"1,3,2,0\">15 * 22 * 4,8 (exkl. Deckel)<\/span><\/td>\n<td><span data-path-to-node=\"1,3,3,0\">1000ml<\/span><\/td>\n<td><span data-path-to-node=\"1,3,4,0\">PP-Deckel<\/span><\/td>\n<\/tr>\n<tr>\n<td><span data-path-to-node=\"1,4,0,0\"><b data-path-to-node=\"1,4,0,0\" data-index-in-node=\"0\">Ablagefach - M<\/b><\/span><\/td>\n<td><span data-path-to-node=\"1,4,1,0\">410 Edelstahl<\/span><\/td>\n<td><span data-path-to-node=\"1,4,2,0\">25 * 20 * 4,8 (exkl. Deckel)<\/span><\/td>\n<td><span data-path-to-node=\"1,4,3,0\">1500ml<\/span><\/td>\n<td><span data-path-to-node=\"1,4,4,0\">PP-Deckel<\/span><\/td>\n<\/tr>\n<tr>\n<td><span data-path-to-node=\"1,5,0,0\"><b data-path-to-node=\"1,5,0,0\" data-index-in-node=\"0\">Ablagefach - L<\/b><\/span><\/td>\n<td><span data-path-to-node=\"1,5,1,0\">410 Edelstahl<\/span><\/td>\n<td><span data-path-to-node=\"1,5,2,0\">30 * 25 * 5,2 (exkl. Deckel)<\/span><\/td>\n<td><span data-path-to-node=\"1,5,3,0\">2600ml<\/span><\/td>\n<td><span data-path-to-node=\"1,5,4,0\">PP-Deckel<\/span><\/td>\n<\/tr>\n<tr>\n<td><span data-path-to-node=\"1,6,0,0\"><b data-path-to-node=\"1,6,0,0\" data-index-in-node=\"0\">Kleine Box (mit SS-Deckel)<\/b><\/span><\/td>\n<td><span data-path-to-node=\"1,6,1,0\">410 Edelstahl<\/span><\/td>\n<td><span data-path-to-node=\"1,6,2,0\">14 * 11 * 1 (inkl. Deckel)<\/span><\/td>\n<td><span data-path-to-node=\"1,6,3,0\">400ml<\/span><\/td>\n<td><span data-path-to-node=\"1,6,4,0\">SS-Deckel<\/span><\/td>\n<\/tr>\n<tr>\n<td><span data-path-to-node=\"1,7,0,0\"><b data-path-to-node=\"1,7,0,0\" data-index-in-node=\"0\">Medium Box (mit SS-Deckel)<\/b><\/span><\/td>\n<td><span data-path-to-node=\"1,7,1,0\">410 Edelstahl<\/span><\/td>\n<td><span data-path-to-node=\"1,7,2,0\">14 * 19 * 1 (inkl. Deckel)<\/span><\/td>\n<td><span data-path-to-node=\"1,7,3,0\">700ml<\/span><\/td>\n<td><span data-path-to-node=\"1,7,4,0\">SS-Deckel<\/span><\/td>\n<\/tr>\n<\/tbody>\n<\/table>","protected":false},"featured_media":844,"comment_status":"closed","ping_status":"closed","template":"","meta":{"_acf_changed":false},"product_brand":[],"product_cat":[20],"product_tag":[23,25],"class_list":{"0":"post-843","1":"product","2":"type-product","3":"status-publish","4":"has-post-thumbnail","6":"product_cat-wholesale-insulated-food-containers","7":"product_tag-family-kitchen","8":"product_tag-restaurant","10":"first","11":"instock","12":"shipping-taxable","13":"product-type-simple"},"acf":[],"_links":{"self":[{"href":"https:\/\/www.lianmeithermos.com\/de\/wp-json\/wp\/v2\/product\/843","targetHints":{"allow":["GET"]}}],"collection":[{"href":"https:\/\/www.lianmeithermos.com\/de\/wp-json\/wp\/v2\/product"}],"about":[{"href":"https:\/\/www.lianmeithermos.com\/de\/wp-json\/wp\/v2\/types\/product"}],"replies":[{"embeddable":true,"href":"https:\/\/www.lianmeithermos.com\/de\/wp-json\/wp\/v2\/comments?post=843"}],"wp:featuredmedia":[{"embeddable":true,"href":"https:\/\/www.lianmeithermos.com\/de\/wp-json\/wp\/v2\/media\/844"}],"wp:attachment":[{"href":"https:\/\/www.lianmeithermos.com\/de\/wp-json\/wp\/v2\/media?parent=843"}],"wp:term":[{"taxonomy":"product_brand","embeddable":true,"href":"https:\/\/www.lianmeithermos.com\/de\/wp-json\/wp\/v2\/product_brand?post=843"},{"taxonomy":"product_cat","embeddable":true,"href":"https:\/\/www.lianmeithermos.com\/de\/wp-json\/wp\/v2\/product_cat?post=843"},{"taxonomy":"product_tag","embeddable":true,"href":"https:\/\/www.lianmeithermos.com\/de\/wp-json\/wp\/v2\/product_tag?post=843"}],"curies":[{"name":"wp","href":"https:\/\/api.w.org\/{rel}","templated":true}]}}