{"id":847,"date":"2026-04-05T01:42:44","date_gmt":"2026-04-05T01:42:44","guid":{"rendered":"https:\/\/www.lianmeithermos.com\/?post_type=product&#038;p=847"},"modified":"2026-04-05T01:49:00","modified_gmt":"2026-04-05T01:49:00","slug":"wholesale-thermal-food-carrier-for-outdoor","status":"publish","type":"product","link":"https:\/\/www.lianmeithermos.com\/de\/produkt\/wholesale-thermal-food-carrier-for-outdoor\/","title":{"rendered":"Gro\u00dfhandel Thermal Food Carrier, isolierte Box f\u00fcr Outdoor &amp; Home Use"},"content":{"rendered":"<h2 class=\"wp-block-heading\">Merkmale des Gro\u00dfhandels Thermal Food Carrier<\/h2>\n\n\n\n<div class=\"wp-block-columns is-layout-flex wp-container-core-columns-is-layout-9d6595d7 wp-block-columns-is-layout-flex\">\n<div class=\"wp-block-column is-vertically-aligned-center is-layout-flow wp-block-column-is-layout-flow\">\n<div class=\"wp-block-columns is-layout-flex wp-container-core-columns-is-layout-9d6595d7 wp-block-columns-is-layout-flex\">\n<div class=\"wp-block-column is-vertically-aligned-top is-layout-flow wp-block-column-is-layout-flow\">\n<p><strong>Leistung der Warm- und Kaltisolierung<\/strong><br>Entwickelt, um sowohl hei\u00dfe als auch kalte Temperaturen effektiv aufrechtzuerhalten und Lebensmittel in verschiedenen Umgebungen frisch und servierfertig zu halten.<\/p>\n\n\n\n<p><strong>Geruchsneutrales und lebensmittelechtes Material<\/strong><br>Hergestellt aus hochwertigen Materialien, die keine Ger\u00fcche oder Geschmacksstoffe zur\u00fcckhalten und eine sichere, saubere und zuverl\u00e4ssige Aufbewahrung von Lebensmitteln gew\u00e4hrleisten.<\/p>\n\n\n\n<p><strong>Korrosionsbest\u00e4ndig und rostfrei<\/strong><br>Er besteht aus langlebigen Materialien, die korrosions-, hitze- und rostbest\u00e4ndig sind und sich daher f\u00fcr den langfristigen Einsatz eignen.<\/p>\n\n\n\n<p><strong>Langlebig und pflegeleicht<\/strong><br>Die robuste Konstruktion gew\u00e4hrleistet eine dauerhafte Leistung, w\u00e4hrend die glatte Oberfl\u00e4che eine einfache Reinigung und Wartung erm\u00f6glicht.<\/p>\n\n\n\n<p><strong>Mehrere Kapazit\u00e4ten und Farboptionen<\/strong><br>Erh\u00e4ltlich in einer Vielzahl von Gr\u00f6\u00dfen und Farben, um verschiedenen Aufbewahrungsanforderungen gerecht zu werden, ideal f\u00fcr den privaten und gewerblichen Gebrauch.<\/p>\n\n\n\n<p><strong>Geeignet f\u00fcr den Einsatz im Freien und zu Hause<\/strong><br>Sie eignen sich perfekt f\u00fcr Picknicks, Catering, Essenslieferungen und den t\u00e4glichen Gebrauch im Haushalt und bieten Komfort und Vielseitigkeit in jeder Umgebung.<\/p>\n<\/div>\n\n\n\n<div class=\"wp-block-column is-layout-flow wp-block-column-is-layout-flow\">\n<figure class=\"wp-block-image size-full\"><img decoding=\"async\" width=\"1000\" height=\"1000\" src=\"https:\/\/www.lianmeithermos.com\/wp-content\/uploads\/2026\/04\/Wholesale-Thermal-Food-Carrier3.webp\" alt=\"Gro\u00dfhandel Thermal Food Carrier3\" class=\"wp-image-850\" srcset=\"https:\/\/www.lianmeithermos.com\/wp-content\/uploads\/2026\/04\/Wholesale-Thermal-Food-Carrier3.webp 1000w, https:\/\/www.lianmeithermos.com\/wp-content\/uploads\/2026\/04\/Wholesale-Thermal-Food-Carrier3-300x300.webp 300w, https:\/\/www.lianmeithermos.com\/wp-content\/uploads\/2026\/04\/Wholesale-Thermal-Food-Carrier3-150x150.webp 150w, https:\/\/www.lianmeithermos.com\/wp-content\/uploads\/2026\/04\/Wholesale-Thermal-Food-Carrier3-768x768.webp 768w, https:\/\/www.lianmeithermos.com\/wp-content\/uploads\/2026\/04\/Wholesale-Thermal-Food-Carrier3-12x12.webp 12w, https:\/\/www.lianmeithermos.com\/wp-content\/uploads\/2026\/04\/Wholesale-Thermal-Food-Carrier3-600x600.webp 600w, https:\/\/www.lianmeithermos.com\/wp-content\/uploads\/2026\/04\/Wholesale-Thermal-Food-Carrier3-100x100.webp 100w\" sizes=\"(max-width: 1000px) 100vw, 1000px\" \/><\/figure>\n<\/div>\n<\/div>\n<\/div>\n<\/div>","protected":false},"excerpt":{"rendered":"<p data-start=\"452\" data-end=\"647\">Gro\u00dfhandels-Thermobeh\u00e4lter f\u00fcr Lebensmittel, der sowohl f\u00fcr den Au\u00dfenbereich als auch f\u00fcr zu Hause geeignet ist. Mit seiner hervorragenden Isolierung gegen Hitze und K\u00e4lte h\u00e4lt er Lebensmittel l\u00e4nger frisch und bei der gew\u00fcnschten Temperatur. Aus hochwertigen, korrosionsbest\u00e4ndigen Materialien hergestellt, ist er geruchsfrei, rostfrei und auf Langlebigkeit ausgelegt - erh\u00e4ltlich in verschiedenen Kapazit\u00e4ten und Farben, um unterschiedlichen Bed\u00fcrfnissen gerecht zu werden.<\/p>\n<h2>Spezifikationen des Gro\u00dfhandels Thermal Food Carrier<\/h2>\n<table>\n<thead>\n<tr>\n<th>Spezifikation<\/th>\n<th>Farbe<\/th>\n<\/tr>\n<\/thead>\n<tbody>\n<tr>\n<td>16L<\/td>\n<td>Blau \/ Gr\u00fcn \/ Rot<\/td>\n<\/tr>\n<tr>\n<td>30L<\/td>\n<td>Blau \/ Gr\u00fcn \/ Rot<\/td>\n<\/tr>\n<tr>\n<td>45L<\/td>\n<td>Blau \/ Gr\u00fcn \/ Rot<\/td>\n<\/tr>\n<\/tbody>\n<\/table>","protected":false},"featured_media":848,"comment_status":"closed","ping_status":"closed","template":"","meta":{"_acf_changed":false},"product_brand":[],"product_cat":[19],"product_tag":[24],"class_list":{"0":"post-847","1":"product","2":"type-product","3":"status-publish","4":"has-post-thumbnail","6":"product_cat-wholesale-insulated-cooler-boxes","7":"product_tag-outdoor","9":"first","10":"instock","11":"shipping-taxable","12":"product-type-simple"},"acf":[],"_links":{"self":[{"href":"https:\/\/www.lianmeithermos.com\/de\/wp-json\/wp\/v2\/product\/847","targetHints":{"allow":["GET"]}}],"collection":[{"href":"https:\/\/www.lianmeithermos.com\/de\/wp-json\/wp\/v2\/product"}],"about":[{"href":"https:\/\/www.lianmeithermos.com\/de\/wp-json\/wp\/v2\/types\/product"}],"replies":[{"embeddable":true,"href":"https:\/\/www.lianmeithermos.com\/de\/wp-json\/wp\/v2\/comments?post=847"}],"wp:featuredmedia":[{"embeddable":true,"href":"https:\/\/www.lianmeithermos.com\/de\/wp-json\/wp\/v2\/media\/848"}],"wp:attachment":[{"href":"https:\/\/www.lianmeithermos.com\/de\/wp-json\/wp\/v2\/media?parent=847"}],"wp:term":[{"taxonomy":"product_brand","embeddable":true,"href":"https:\/\/www.lianmeithermos.com\/de\/wp-json\/wp\/v2\/product_brand?post=847"},{"taxonomy":"product_cat","embeddable":true,"href":"https:\/\/www.lianmeithermos.com\/de\/wp-json\/wp\/v2\/product_cat?post=847"},{"taxonomy":"product_tag","embeddable":true,"href":"https:\/\/www.lianmeithermos.com\/de\/wp-json\/wp\/v2\/product_tag?post=847"}],"curies":[{"name":"wp","href":"https:\/\/api.w.org\/{rel}","templated":true}]}}