{"id":851,"date":"2026-04-05T01:54:00","date_gmt":"2026-04-05T01:54:00","guid":{"rendered":"https:\/\/www.lianmeithermos.com\/?post_type=product&#038;p=851"},"modified":"2026-04-05T02:09:19","modified_gmt":"2026-04-05T02:09:19","slug":"bulk-insulated-cooler-boxes-for-outdoor","status":"publish","type":"product","link":"https:\/\/www.lianmeithermos.com\/de\/produkt\/bulk-insulated-cooler-boxes-for-outdoor\/","title":{"rendered":"Isolierte K\u00fchlboxen f\u00fcr den Au\u00dfenbereich (Bulk)"},"content":{"rendered":"<h2 class=\"wp-block-heading\">Merkmale der isolierten K\u00fchlboxen f\u00fcr Gro\u00dfpackungen<\/h2>\n\n\n\n<div class=\"wp-block-columns is-layout-flex wp-container-core-columns-is-layout-9d6595d7 wp-block-columns-is-layout-flex\">\n<div class=\"wp-block-column is-vertically-aligned-center is-layout-flow wp-block-column-is-layout-flow\">\n<div class=\"wp-block-columns is-layout-flex wp-container-core-columns-is-layout-9d6595d7 wp-block-columns-is-layout-flex\">\n<div class=\"wp-block-column is-vertically-aligned-top is-layout-flow wp-block-column-is-layout-flow\">\n<p>1. Hervorragende Temperaturstabilit\u00e4t<\/p>\n\n\n\n<p>Dieser thermische Lebensmitteltr\u00e4ger ist sowohl f\u00fcr die Hei\u00df- als auch f\u00fcr die Kaltlagerung konzipiert und h\u00e4lt die Innentemperatur \u00fcber l\u00e4ngere Zeit aufrecht. Er ist eine ideale L\u00f6sung f\u00fcr die professionelle Gastronomie, f\u00fcr Veranstaltungen im Freien und f\u00fcr die K\u00fchlkettenlogistik \u00fcber gro\u00dfe Entfernungen, wo die Temperaturstabilit\u00e4t entscheidend ist.<\/p>\n\n\n\n<h3 class=\"wp-block-heading\">2. Lebensmittelgeeignete und geruchsneutrale Materialien<\/h3>\n\n\n\n<p>Dieser Beh\u00e4lter besteht aus erstklassigen, ungiftigen Materialien, die v\u00f6llig geruchsfrei sind, und sorgt daf\u00fcr, dass Lebensmittel und Getr\u00e4nke ihren urspr\u00fcnglichen Geschmack behalten. Die hochwertige Auskleidung verhindert das Auslaugen von Chemikalien und unerw\u00fcnschte Nachgeschm\u00e4cker bei langfristiger Lagerung.<\/p>\n\n\n\n<h3 class=\"wp-block-heading\">3. Maximale Korrosions- und Rostbest\u00e4ndigkeit<\/h3>\n\n\n\n<p>Die Oberfl\u00e4chen sind korrosionsbest\u00e4ndig und rostfrei, um rauen Umgebungen standzuhalten. Diese robuste Konstruktion gew\u00e4hrleistet eine lange Lebensdauer und hohe Best\u00e4ndigkeit auch bei h\u00e4ufiger Reinigung oder hoher Feuchtigkeit.<\/p>\n\n\n\n<h3 class=\"wp-block-heading\">4. Hohe Hitzetoleranz und strukturelle Integrit\u00e4t<\/h3>\n\n\n\n<p>Dank der speziellen hitzebest\u00e4ndigen Konstruktion kann die Box hohe Temperaturen aushalten, ohne sich zu verformen oder zu besch\u00e4digen. Die sto\u00dffeste Schale bleibt auch unter extremen Bedingungen stabil, so dass sie f\u00fcr Gro\u00dfk\u00fcchen und den rauen Au\u00dfeneinsatz zuverl\u00e4ssig ist.<\/p>\n\n\n\n<h3 class=\"wp-block-heading\">5. Vielseitiges Fassungsverm\u00f6gen und Farboptionen<\/h3>\n\n\n\n<p>Erh\u00e4ltlich in verschiedenen Gr\u00f6\u00dfen und einer breiten Palette von Farben, um spezifischen Marken- oder Organisationsanforderungen gerecht zu werden. Ob f\u00fcr den kommerziellen Gro\u00dftransport oder f\u00fcr den professionellen Einsatz, wir bieten flexible L\u00f6sungen f\u00fcr Ihre Bestandsanforderungen.<\/p>\n<\/div>\n\n\n\n<div class=\"wp-block-column is-layout-flow wp-block-column-is-layout-flow\">\n<figure class=\"wp-block-image size-full\"><img decoding=\"async\" width=\"1280\" height=\"1280\" src=\"https:\/\/www.lianmeithermos.com\/wp-content\/uploads\/2026\/04\/Bulk-Insulated-Cooler-Boxes-for-Outdoor2.webp\" alt=\"Gro\u00dfe isolierte K\u00fchlboxen f\u00fcr Outdoor2\" class=\"wp-image-854\" srcset=\"https:\/\/www.lianmeithermos.com\/wp-content\/uploads\/2026\/04\/Bulk-Insulated-Cooler-Boxes-for-Outdoor2.webp 1280w, https:\/\/www.lianmeithermos.com\/wp-content\/uploads\/2026\/04\/Bulk-Insulated-Cooler-Boxes-for-Outdoor2-300x300.webp 300w, https:\/\/www.lianmeithermos.com\/wp-content\/uploads\/2026\/04\/Bulk-Insulated-Cooler-Boxes-for-Outdoor2-150x150.webp 150w, https:\/\/www.lianmeithermos.com\/wp-content\/uploads\/2026\/04\/Bulk-Insulated-Cooler-Boxes-for-Outdoor2-768x768.webp 768w, https:\/\/www.lianmeithermos.com\/wp-content\/uploads\/2026\/04\/Bulk-Insulated-Cooler-Boxes-for-Outdoor2-12x12.webp 12w, https:\/\/www.lianmeithermos.com\/wp-content\/uploads\/2026\/04\/Bulk-Insulated-Cooler-Boxes-for-Outdoor2-1200x1200.webp 1200w, https:\/\/www.lianmeithermos.com\/wp-content\/uploads\/2026\/04\/Bulk-Insulated-Cooler-Boxes-for-Outdoor2-600x600.webp 600w, https:\/\/www.lianmeithermos.com\/wp-content\/uploads\/2026\/04\/Bulk-Insulated-Cooler-Boxes-for-Outdoor2-100x100.webp 100w\" sizes=\"(max-width: 1280px) 100vw, 1280px\" \/><\/figure>\n<\/div>\n<\/div>\n<\/div>\n<\/div>","protected":false},"excerpt":{"rendered":"<p data-start=\"452\" data-end=\"647\">Isolierte Gro\u00dfraum-K\u00fchlboxen f\u00fcr die professionelle Au\u00dfengastronomie und Logistik gew\u00e4hrleisten eine lang anhaltende Temperaturerhaltung f\u00fcr Speisen und Getr\u00e4nke in jeder Umgebung.<\/p>\n<h2>Spezifikationen von isolierten K\u00fchlboxen f\u00fcr Gro\u00dfmengen<\/h2>\n<table>\n<thead>\n<tr>\n<th>Spezifikation<\/th>\n<th>Farbe<\/th>\n<\/tr>\n<\/thead>\n<tbody>\n<tr>\n<td>16L<\/td>\n<td>Blau \/ Gr\u00fcn \/ Rot<\/td>\n<\/tr>\n<tr>\n<td>30L<\/td>\n<td>Blau \/ Gr\u00fcn \/ Rot<\/td>\n<\/tr>\n<tr>\n<td>45L<\/td>\n<td>Blau \/ Gr\u00fcn \/ Rot<\/td>\n<\/tr>\n<\/tbody>\n<\/table>","protected":false},"featured_media":854,"comment_status":"closed","ping_status":"closed","template":"","meta":{"_acf_changed":false},"product_brand":[],"product_cat":[19],"product_tag":[24],"class_list":{"0":"post-851","1":"product","2":"type-product","3":"status-publish","4":"has-post-thumbnail","6":"product_cat-wholesale-insulated-cooler-boxes","7":"product_tag-outdoor","9":"first","10":"instock","11":"shipping-taxable","12":"product-type-simple"},"acf":[],"_links":{"self":[{"href":"https:\/\/www.lianmeithermos.com\/de\/wp-json\/wp\/v2\/product\/851","targetHints":{"allow":["GET"]}}],"collection":[{"href":"https:\/\/www.lianmeithermos.com\/de\/wp-json\/wp\/v2\/product"}],"about":[{"href":"https:\/\/www.lianmeithermos.com\/de\/wp-json\/wp\/v2\/types\/product"}],"replies":[{"embeddable":true,"href":"https:\/\/www.lianmeithermos.com\/de\/wp-json\/wp\/v2\/comments?post=851"}],"wp:featuredmedia":[{"embeddable":true,"href":"https:\/\/www.lianmeithermos.com\/de\/wp-json\/wp\/v2\/media\/854"}],"wp:attachment":[{"href":"https:\/\/www.lianmeithermos.com\/de\/wp-json\/wp\/v2\/media?parent=851"}],"wp:term":[{"taxonomy":"product_brand","embeddable":true,"href":"https:\/\/www.lianmeithermos.com\/de\/wp-json\/wp\/v2\/product_brand?post=851"},{"taxonomy":"product_cat","embeddable":true,"href":"https:\/\/www.lianmeithermos.com\/de\/wp-json\/wp\/v2\/product_cat?post=851"},{"taxonomy":"product_tag","embeddable":true,"href":"https:\/\/www.lianmeithermos.com\/de\/wp-json\/wp\/v2\/product_tag?post=851"}],"curies":[{"name":"wp","href":"https:\/\/api.w.org\/{rel}","templated":true}]}}