{"id":857,"date":"2026-04-05T02:23:33","date_gmt":"2026-04-05T02:23:33","guid":{"rendered":"https:\/\/www.lianmeithermos.com\/?post_type=product&#038;p=857"},"modified":"2026-04-05T02:30:48","modified_gmt":"2026-04-05T02:30:48","slug":"wholesale-stainless-steel-stock-pot-with-bale-handle","status":"publish","type":"product","link":"https:\/\/www.lianmeithermos.com\/de\/produkt\/wholesale-stainless-steel-stock-pot-with-bale-handle\/","title":{"rendered":"Gro\u00dfhandel Edelstahl Stock Topf mit Ballen Griff kommerziellen Suppe Eimer"},"content":{"rendered":"<h2 class=\"wp-block-heading\">Merkmale der Gro\u00dfhandel Edelstahl Stock Topf<\/h2>\n\n\n\n<div class=\"wp-block-columns is-layout-flex wp-container-core-columns-is-layout-9d6595d7 wp-block-columns-is-layout-flex\">\n<div class=\"wp-block-column is-vertically-aligned-center is-layout-flow wp-block-column-is-layout-flow\">\n<div class=\"wp-block-columns is-layout-flex wp-container-core-columns-is-layout-9d6595d7 wp-block-columns-is-layout-flex\">\n<div class=\"wp-block-column is-vertically-aligned-top is-layout-flow wp-block-column-is-layout-flow\">\n<p><strong>Konstruktion aus verdicktem Edelstahl<\/strong><br>Gefertigt aus hochbelastbarem Edelstahl mit verst\u00e4rkter Struktur, die eine hervorragende Haltbarkeit, Widerstandsf\u00e4higkeit gegen gro\u00dfe Hitze und eine lange Lebensdauer in Gro\u00dfk\u00fcchen gew\u00e4hrleistet.<\/p>\n\n\n\n<p><strong>Schnelle und gleichm\u00e4\u00dfige W\u00e4rmeleitung<\/strong><br>Die effiziente W\u00e4rme\u00fcbertragung erm\u00f6glicht ein schnelles und gleichm\u00e4\u00dfiges Garen der Speisen, was die Kocheffizienz verbessert und Zeit und Energie spart.<\/p>\n\n\n\n<p><strong>Gro\u00dfes Fassungsverm\u00f6gen f\u00fcr vielseitiges Garen<\/strong><br>Mit seinem gro\u00dfz\u00fcgigen Fassungsverm\u00f6gen eignet er sich perfekt f\u00fcr die Zubereitung von Suppen, Brei, Eint\u00f6pfen und Schmorgerichten und erf\u00fcllt die Anforderungen von Restaurants und Cateringdiensten.<\/p>\n\n\n\n<p><strong>Hochtemperaturbest\u00e4ndig und langlebig<\/strong><br>Es ist so konstruiert, dass es ohne Verformung oder Besch\u00e4digung einer kontinuierlichen hohen Hitzebelastung standh\u00e4lt und somit f\u00fcr den intensiven t\u00e4glichen Gebrauch geeignet ist.<\/p>\n\n\n\n<p><strong>Bequemer Ballengriff<\/strong><br>Ausgestattet mit einem stabilen Griff f\u00fcr einfaches Anheben und Transportieren, ideal f\u00fcr gesch\u00e4ftige K\u00fcchenumgebungen und das Kochen gro\u00dfer Mengen.<\/p>\n<\/div>\n\n\n\n<div class=\"wp-block-column is-layout-flow wp-block-column-is-layout-flow\">\n<figure class=\"wp-block-image alignwide size-full\"><img decoding=\"async\" width=\"281\" height=\"281\" src=\"https:\/\/www.lianmeithermos.com\/wp-content\/uploads\/2026\/04\/Wholesale-Stainless-Steel-Stock-Pot-with-Bale-Handle.webp\" alt=\"Gro\u00dfhandel Edelstahl Stock Topf mit Ballen Griff\" class=\"wp-image-858\" srcset=\"https:\/\/www.lianmeithermos.com\/wp-content\/uploads\/2026\/04\/Wholesale-Stainless-Steel-Stock-Pot-with-Bale-Handle.webp 281w, https:\/\/www.lianmeithermos.com\/wp-content\/uploads\/2026\/04\/Wholesale-Stainless-Steel-Stock-Pot-with-Bale-Handle-150x150.webp 150w, https:\/\/www.lianmeithermos.com\/wp-content\/uploads\/2026\/04\/Wholesale-Stainless-Steel-Stock-Pot-with-Bale-Handle-12x12.webp 12w, https:\/\/www.lianmeithermos.com\/wp-content\/uploads\/2026\/04\/Wholesale-Stainless-Steel-Stock-Pot-with-Bale-Handle-100x100.webp 100w\" sizes=\"(max-width: 281px) 100vw, 281px\" \/><\/figure>\n<\/div>\n<\/div>\n<\/div>\n<\/div>","protected":false},"excerpt":{"rendered":"<p data-start=\"452\" data-end=\"647\">Gro\u00dfhandels-Edelstahltopf mit Ballengriff, entwickelt f\u00fcr die gewerbliche K\u00fcche und die Zubereitung von Speisen mit gro\u00dfem Fassungsverm\u00f6gen. Er ist aus verdicktem Edelstahl gefertigt und bietet eine schnelle W\u00e4rmeleitung, ausgezeichnete Haltbarkeit und Best\u00e4ndigkeit gegen hohe Temperaturen - ideal f\u00fcr Suppen, Brei, Schmorgerichte und mehr.<\/p>\n<h2>Spezifikationen von Gro\u00dfhandel Edelstahl Stock Topf<\/h2>\n<table data-path-to-node=\"1\">\n<thead>\n<tr>\n<td><strong>Gr\u00f6\u00dfe (Durchmesser * H\u00f6he cm)<\/strong><\/td>\n<td><strong>Material Klasse<\/strong><\/td>\n<\/tr>\n<\/thead>\n<tbody>\n<tr>\n<td><span data-path-to-node=\"1,1,0,0\"><b data-path-to-node=\"1,1,0,0\" data-index-in-node=\"0\">20 * 20<\/b><\/span><\/td>\n<td><span data-path-to-node=\"1,1,1,0\">201 Rostfreier Stahl<\/span><\/td>\n<\/tr>\n<tr>\n<td><span data-path-to-node=\"1,2,0,0\"><b data-path-to-node=\"1,2,0,0\" data-index-in-node=\"0\">25 * 25<\/b><\/span><\/td>\n<td><span data-path-to-node=\"1,2,1,0\">201 Rostfreier Stahl<\/span><\/td>\n<\/tr>\n<tr>\n<td><span data-path-to-node=\"1,3,0,0\"><b data-path-to-node=\"1,3,0,0\" data-index-in-node=\"0\">30 * 30<\/b><\/span><\/td>\n<td><span data-path-to-node=\"1,3,1,0\">201 Rostfreier Stahl<\/span><\/td>\n<\/tr>\n<tr>\n<td><span data-path-to-node=\"1,4,0,0\"><b data-path-to-node=\"1,4,0,0\" data-index-in-node=\"0\">35 * 35<\/b><\/span><\/td>\n<td><span data-path-to-node=\"1,4,1,0\">201 Rostfreier Stahl<\/span><\/td>\n<\/tr>\n<tr>\n<td><span data-path-to-node=\"1,5,0,0\"><b data-path-to-node=\"1,5,0,0\" data-index-in-node=\"0\">40 * 40<\/b><\/span><\/td>\n<td><span data-path-to-node=\"1,5,1,0\">201 Rostfreier Stahl<\/span><\/td>\n<\/tr>\n<tr>\n<td><span data-path-to-node=\"1,6,0,0\"><b data-path-to-node=\"1,6,0,0\" data-index-in-node=\"0\">45 * 45<\/b><\/span><\/td>\n<td><span data-path-to-node=\"1,6,1,0\">201 Rostfreier Stahl<\/span><\/td>\n<\/tr>\n<tr>\n<td><span data-path-to-node=\"1,7,0,0\"><b data-path-to-node=\"1,7,0,0\" data-index-in-node=\"0\">50 * 50<\/b><\/span><\/td>\n<td><span data-path-to-node=\"1,7,1,0\">201 Rostfreier Stahl<\/span><\/td>\n<\/tr>\n<tr>\n<td><span data-path-to-node=\"1,8,0,0\"><b data-path-to-node=\"1,8,0,0\" data-index-in-node=\"0\">60 * 60<\/b><\/span><\/td>\n<td><span data-path-to-node=\"1,8,1,0\">201 Rostfreier Stahl<\/span><\/td>\n<\/tr>\n<tr>\n<td><span data-path-to-node=\"1,9,0,0\"><b data-path-to-node=\"1,9,0,0\" data-index-in-node=\"0\">25 * 25<\/b><\/span><\/td>\n<td><span data-path-to-node=\"1,9,1,0\">304 Edelstahl<\/span><\/td>\n<\/tr>\n<tr>\n<td><span data-path-to-node=\"1,10,0,0\"><b data-path-to-node=\"1,10,0,0\" data-index-in-node=\"0\">30 * 30<\/b><\/span><\/td>\n<td><span data-path-to-node=\"1,10,1,0\">304 Edelstahl<\/span><\/td>\n<\/tr>\n<tr>\n<td><span data-path-to-node=\"1,11,0,0\"><b data-path-to-node=\"1,11,0,0\" data-index-in-node=\"0\">35 * 35<\/b><\/span><\/td>\n<td><span data-path-to-node=\"1,11,1,0\">304 Edelstahl<\/span><\/td>\n<\/tr>\n<\/tbody>\n<\/table>","protected":false},"featured_media":858,"comment_status":"closed","ping_status":"closed","template":"","meta":{"_acf_changed":false},"product_brand":[],"product_cat":[17],"product_tag":[25],"class_list":{"0":"post-857","1":"product","2":"type-product","3":"status-publish","4":"has-post-thumbnail","6":"product_cat-wholesale-stainless-steel-insulated-barrels","7":"product_tag-restaurant","9":"first","10":"instock","11":"shipping-taxable","12":"product-type-simple"},"acf":[],"_links":{"self":[{"href":"https:\/\/www.lianmeithermos.com\/de\/wp-json\/wp\/v2\/product\/857","targetHints":{"allow":["GET"]}}],"collection":[{"href":"https:\/\/www.lianmeithermos.com\/de\/wp-json\/wp\/v2\/product"}],"about":[{"href":"https:\/\/www.lianmeithermos.com\/de\/wp-json\/wp\/v2\/types\/product"}],"replies":[{"embeddable":true,"href":"https:\/\/www.lianmeithermos.com\/de\/wp-json\/wp\/v2\/comments?post=857"}],"wp:featuredmedia":[{"embeddable":true,"href":"https:\/\/www.lianmeithermos.com\/de\/wp-json\/wp\/v2\/media\/858"}],"wp:attachment":[{"href":"https:\/\/www.lianmeithermos.com\/de\/wp-json\/wp\/v2\/media?parent=857"}],"wp:term":[{"taxonomy":"product_brand","embeddable":true,"href":"https:\/\/www.lianmeithermos.com\/de\/wp-json\/wp\/v2\/product_brand?post=857"},{"taxonomy":"product_cat","embeddable":true,"href":"https:\/\/www.lianmeithermos.com\/de\/wp-json\/wp\/v2\/product_cat?post=857"},{"taxonomy":"product_tag","embeddable":true,"href":"https:\/\/www.lianmeithermos.com\/de\/wp-json\/wp\/v2\/product_tag?post=857"}],"curies":[{"name":"wp","href":"https:\/\/api.w.org\/{rel}","templated":true}]}}