{"id":875,"date":"2026-04-05T16:21:51","date_gmt":"2026-04-05T16:21:51","guid":{"rendered":"https:\/\/www.lianmeithermos.com\/?post_type=product&#038;p=875"},"modified":"2026-04-08T00:48:42","modified_gmt":"2026-04-08T00:48:42","slug":"wholesale-commercial-soup-warmer","status":"publish","type":"product","link":"https:\/\/www.lianmeithermos.com\/de\/produkt\/wholesale-commercial-soup-warmer\/","title":{"rendered":"Gro\u00dfhandelssuppenw\u00e4rmer mit einstellbarer Temperaturregelung"},"content":{"rendered":"<h2 class=\"wp-block-heading\">Merkmale des kommerziellen Suppenw\u00e4rmers f\u00fcr den Gro\u00dfhandel <\/h2>\n\n\n\n<div class=\"wp-block-columns is-layout-flex wp-container-core-columns-is-layout-9d6595d7 wp-block-columns-is-layout-flex\">\n<div class=\"wp-block-column is-vertically-aligned-center is-layout-flow wp-block-column-is-layout-flow\">\n<div class=\"wp-block-columns is-layout-flex wp-container-core-columns-is-layout-9d6595d7 wp-block-columns-is-layout-flex\">\n<div class=\"wp-block-column is-vertically-aligned-top is-layout-flow wp-block-column-is-layout-flow\">\n<p><strong>Globale Kompatibilit\u00e4t:<\/strong> <strong>Anpassbare Steckertypen<\/strong> zur Erf\u00fcllung der spezifischen elektrischen Anforderungen von <strong>verschiedene L\u00e4nder<\/strong>, und gew\u00e4hrleistet weltweit einsatzbereite Funktionalit\u00e4t.<\/p>\n\n\n\n<p><strong>Intelligente Temperaturregelung mit mehreren Einstellungen:<\/strong> Ausgestattet mit einem einfach zu bedienenden Drehknopf f\u00fcr pr\u00e4zise <strong>mehrstufige W\u00e4rmeanpassung<\/strong>, So k\u00f6nnen Sie die perfekte Serviertemperatur f\u00fcr Suppen und Br\u00fchen beibehalten.<\/p>\n\n\n\n<p><strong>Integriertes Sicherheitssystem:<\/strong> Eigenschaften <strong>Boil-Dry-Schutz<\/strong> um bei niedrigem Wasserstand automatisch die Stromzufuhr zu unterbrechen und so einen sicheren, sorgenfreien Betrieb in stark frequentierten Gro\u00dfk\u00fcchen zu gew\u00e4hrleisten.<\/p>\n\n\n\n<p><strong>M\u00fchelose Bedienung:<\/strong> Gestrafft <strong>One-Touch-Bedienung<\/strong> macht die Bedienung des Ger\u00e4ts f\u00fcr das Personal unglaublich einfach und bequem und minimiert die Einarbeitungszeit.<\/p>\n\n\n\n<p><strong>Kommerzielle Kapazit\u00e4t mit doppelschichtiger Isolierung:<\/strong> <strong>Leistungsstarke Konstruktion<\/strong> erf\u00fcllt die Anforderungen professioneller Caterer und Restaurants. Die <strong>doppellagig isolierter K\u00f6rper<\/strong> h\u00e4lt die Hitze f\u00fcr die Effizienz im Zaum und bleibt f\u00fcr die Sicherheit des Benutzers k\u00fchl im Griff.<\/p>\n\n\n\n<p><strong>Effiziente Warmhaltefunktion:<\/strong> Dedizierte <strong>Warmhalte-Modus<\/strong> stellt sicher, dass die Kunden jederzeit eine hei\u00dfe, appetitliche Suppe genie\u00dfen k\u00f6nnen, was die Lebensmittelverschwendung reduziert und die Kundenzufriedenheit erh\u00f6ht.<\/p>\n<\/div>\n\n\n\n<div class=\"wp-block-column is-layout-flow wp-block-column-is-layout-flow\">\n<figure class=\"wp-block-image alignwide size-full\"><img decoding=\"async\" width=\"800\" height=\"800\" src=\"https:\/\/www.lianmeithermos.com\/wp-content\/uploads\/2026\/04\/Wholesale-Commercial-Soup-Warmer1.webp\" alt=\"Gro\u00dfhandel kommerzieller Suppenw\u00e4rmer1\" class=\"wp-image-876\" srcset=\"https:\/\/www.lianmeithermos.com\/wp-content\/uploads\/2026\/04\/Wholesale-Commercial-Soup-Warmer1.webp 800w, https:\/\/www.lianmeithermos.com\/wp-content\/uploads\/2026\/04\/Wholesale-Commercial-Soup-Warmer1-300x300.webp 300w, https:\/\/www.lianmeithermos.com\/wp-content\/uploads\/2026\/04\/Wholesale-Commercial-Soup-Warmer1-150x150.webp 150w, https:\/\/www.lianmeithermos.com\/wp-content\/uploads\/2026\/04\/Wholesale-Commercial-Soup-Warmer1-768x768.webp 768w, https:\/\/www.lianmeithermos.com\/wp-content\/uploads\/2026\/04\/Wholesale-Commercial-Soup-Warmer1-12x12.webp 12w, https:\/\/www.lianmeithermos.com\/wp-content\/uploads\/2026\/04\/Wholesale-Commercial-Soup-Warmer1-600x600.webp 600w, https:\/\/www.lianmeithermos.com\/wp-content\/uploads\/2026\/04\/Wholesale-Commercial-Soup-Warmer1-100x100.webp 100w\" sizes=\"(max-width: 800px) 100vw, 800px\" \/><\/figure>\n<\/div>\n<\/div>\n<\/div>\n<\/div>","protected":false},"excerpt":{"rendered":"<p data-start=\"452\" data-end=\"647\">Gro\u00dfhandelssuppenw\u00e4rmer mit anpassbaren internationalen Steckern und mehrstufiger Temperaturregelung. Der doppelschichtige Verbr\u00fchungsschutz und der Kochtrockenschutz sorgen f\u00fcr einen sicheren One-Touch-Betrieb in der Gastronomie und in Restaurants mit hohem Volumen.<\/p>\n<h2>Spezifikationen des kommerziellen Suppenw\u00e4rmers f\u00fcr den Gro\u00dfhandel<\/h2>\n<table style=\"border-collapse: collapse; width: 305.02pt;\" border=\"0\" width=\"305\" cellspacing=\"0\" cellpadding=\"0\">\n<tbody>\n<tr style=\"height: 34.75pt;\">\n<td class=\"et2\" style=\"height: 34.75pt; width: 170.30pt;\" width=\"170\" height=\"34\">Modell &amp; Spezifikationen<\/td>\n<td class=\"et2\" style=\"width: 46.80pt;\" width=\"46\">K\u00f6rpergr\u00f6\u00dfe (cm)<\/td>\n<td class=\"et2\" style=\"width: 88.40pt;\" width=\"88\">201 Innentopfgr\u00f6\u00dfe (cm)<\/td>\n<\/tr>\n<tr style=\"height: 62.10pt;\">\n<td class=\"et3\" style=\"height: 62.10pt; width: 170.30pt;\" width=\"170\" height=\"62\">10L Schwarzer Eisen-Trommel-Suppenw\u00e4rmer (mit 201 Innentopf)<\/td>\n<td class=\"et3\" style=\"width: 46.80pt;\" width=\"46\">30 * 32<\/td>\n<td class=\"et3\" style=\"width: 88.40pt;\" width=\"88\">23 * 22.5<\/td>\n<\/tr>\n<tr style=\"height: 51.15pt;\">\n<td class=\"et3\" style=\"height: 51.15pt; width: 170.30pt;\" width=\"170\" height=\"51\">Intelligenter 10-Liter-Trommel-Suppenw\u00e4rmer (mit 201er Innentopf)<\/td>\n<td class=\"et3\" style=\"width: 46.80pt;\" width=\"46\">30 * 32<\/td>\n<td class=\"et3\" style=\"width: 88.40pt;\" width=\"88\">23 * 22.5<\/td>\n<\/tr>\n<tr style=\"height: 48.45pt;\">\n<td class=\"et3\" style=\"height: 48.45pt; width: 170.30pt;\" width=\"170\" height=\"48\">10-Liter-Edelstahl-Trommel-Suppenw\u00e4rmer (mit 201er Innentopf)<\/td>\n<td class=\"et3\" style=\"width: 46.80pt;\" width=\"46\">30 * 32<\/td>\n<td class=\"et3\" style=\"width: 88.40pt;\" width=\"88\">23 * 22.5<\/td>\n<\/tr>\n<tr style=\"height: 49.35pt;\">\n<td class=\"et3\" style=\"height: 49.35pt; width: 170.30pt;\" width=\"170\" height=\"49\">10-Liter-Edelstahl-Trommel-Suppenw\u00e4rmer (Version 2)<\/td>\n<td class=\"et3\" style=\"width: 46.80pt;\" width=\"46\">30 * 32<\/td>\n<td class=\"et3\" style=\"width: 88.40pt;\" width=\"88\">23 * 22.5<\/td>\n<\/tr>\n<tr style=\"height: 56.65pt;\">\n<td class=\"et3\" style=\"height: 56.65pt; width: 170.30pt;\" width=\"170\" height=\"56\">10-Liter-Edelstahl-Trommel-Suppenw\u00e4rmer (Version 3)<\/td>\n<td class=\"et3\" style=\"width: 46.80pt;\" width=\"46\">30 * 32<\/td>\n<td class=\"et3\" style=\"width: 88.40pt;\" width=\"88\">23 * 22.5<\/td>\n<\/tr>\n<tr style=\"height: 62.10pt;\">\n<td class=\"et3\" style=\"height: 62.10pt; width: 170.30pt;\" width=\"170\" height=\"62\">10-Liter-Edelstahl-Trommel-Suppenw\u00e4rmer (Version 4)<\/td>\n<td class=\"et3\" style=\"width: 46.80pt;\" width=\"46\">30 * 32<\/td>\n<td class=\"et3\" style=\"width: 88.40pt;\" width=\"88\">23 * 22.5<\/td>\n<\/tr>\n<\/tbody>\n<\/table>\n<p>&nbsp;<\/p>","protected":false},"featured_media":876,"comment_status":"closed","ping_status":"closed","template":"","meta":{"_acf_changed":false},"product_brand":[],"product_cat":[17],"product_tag":[],"class_list":{"0":"post-875","1":"product","2":"type-product","3":"status-publish","4":"has-post-thumbnail","6":"product_cat-wholesale-stainless-steel-insulated-barrels","8":"first","9":"instock","10":"shipping-taxable","11":"product-type-simple"},"acf":[],"_links":{"self":[{"href":"https:\/\/www.lianmeithermos.com\/de\/wp-json\/wp\/v2\/product\/875","targetHints":{"allow":["GET"]}}],"collection":[{"href":"https:\/\/www.lianmeithermos.com\/de\/wp-json\/wp\/v2\/product"}],"about":[{"href":"https:\/\/www.lianmeithermos.com\/de\/wp-json\/wp\/v2\/types\/product"}],"replies":[{"embeddable":true,"href":"https:\/\/www.lianmeithermos.com\/de\/wp-json\/wp\/v2\/comments?post=875"}],"wp:featuredmedia":[{"embeddable":true,"href":"https:\/\/www.lianmeithermos.com\/de\/wp-json\/wp\/v2\/media\/876"}],"wp:attachment":[{"href":"https:\/\/www.lianmeithermos.com\/de\/wp-json\/wp\/v2\/media?parent=875"}],"wp:term":[{"taxonomy":"product_brand","embeddable":true,"href":"https:\/\/www.lianmeithermos.com\/de\/wp-json\/wp\/v2\/product_brand?post=875"},{"taxonomy":"product_cat","embeddable":true,"href":"https:\/\/www.lianmeithermos.com\/de\/wp-json\/wp\/v2\/product_cat?post=875"},{"taxonomy":"product_tag","embeddable":true,"href":"https:\/\/www.lianmeithermos.com\/de\/wp-json\/wp\/v2\/product_tag?post=875"}],"curies":[{"name":"wp","href":"https:\/\/api.w.org\/{rel}","templated":true}]}}