{"id":878,"date":"2026-04-05T16:55:50","date_gmt":"2026-04-05T16:55:50","guid":{"rendered":"https:\/\/www.lianmeithermos.com\/?post_type=product&#038;p=878"},"modified":"2026-04-11T01:50:01","modified_gmt":"2026-04-11T01:50:01","slug":"bulk-stainless-steel-cookware-set","status":"publish","type":"product","link":"https:\/\/www.lianmeithermos.com\/de\/produkt\/bulk-stainless-steel-cookware-set\/","title":{"rendered":"Bulk-Edelstahl-Kochgeschirr-Set Multi-Herd-kompatibel"},"content":{"rendered":"<h2 class=\"wp-block-heading\">Merkmale des Bulk-Edelstahl-Kochgeschirrsets<\/h2>\n\n\n\n<div class=\"wp-block-columns is-layout-flex wp-container-core-columns-is-layout-9d6595d7 wp-block-columns-is-layout-flex\">\n<div class=\"wp-block-column is-vertically-aligned-center is-layout-flow wp-block-column-is-layout-flow\">\n<div class=\"wp-block-columns is-layout-flex wp-container-core-columns-is-layout-9d6595d7 wp-block-columns-is-layout-flex\">\n<div class=\"wp-block-column is-vertically-aligned-top is-layout-flow wp-block-column-is-layout-flow\">\n<p><strong>Pr\u00e4zisions-Antihaftbeschichtung:<\/strong> Jedes St\u00fcck ist mit hochwertigem Antihaftmaterial f\u00fcr den harten gewerblichen Einsatz beschichtet.<\/p>\n\n\n\n<p><strong>Multi-Ofen-kompatibel:<\/strong> Optimiert f\u00fcr <strong>Induktion, Gas, Elektrisch und Keramisch<\/strong> Herdplatten.<\/p>\n\n\n\n<p><strong>Professionelle Langlebigkeit:<\/strong> Gefertigt aus verdicktem, lebensmittelechtem Edelstahl, um eine lange Lebensdauer zu gew\u00e4hrleisten.<\/p>\n\n\n\n<p><strong>Einfache Wartung:<\/strong> Entwickelt f\u00fcr m\u00fchelose Reinigung und hervorragende Hygiene in stark frequentierten K\u00fcchen.<\/p>\n<\/div>\n\n\n\n<div class=\"wp-block-column is-layout-flow wp-block-column-is-layout-flow\">\n<figure class=\"wp-block-image alignwide size-full\"><img decoding=\"async\" width=\"474\" height=\"515\" src=\"https:\/\/www.lianmeithermos.com\/wp-content\/uploads\/2026\/04\/Bulk-Stainless-Steel-Cookware-Set1.webp\" alt=\"Bulk-Edelstahl-Kochgeschirr-Set1\" class=\"wp-image-879\" srcset=\"https:\/\/www.lianmeithermos.com\/wp-content\/uploads\/2026\/04\/Bulk-Stainless-Steel-Cookware-Set1.webp 474w, https:\/\/www.lianmeithermos.com\/wp-content\/uploads\/2026\/04\/Bulk-Stainless-Steel-Cookware-Set1-276x300.webp 276w, https:\/\/www.lianmeithermos.com\/wp-content\/uploads\/2026\/04\/Bulk-Stainless-Steel-Cookware-Set1-11x12.webp 11w\" sizes=\"(max-width: 474px) 100vw, 474px\" \/><\/figure>\n<\/div>\n<\/div>\n<\/div>\n<\/div>","protected":false},"excerpt":{"rendered":"<p data-start=\"452\" data-end=\"647\">Dieses Bulk-Edelstahl-Kochgeschirr verf\u00fcgt \u00fcber eine verdickte Antihaftbeschichtung und ist f\u00fcr mehrere Herde geeignet. Es ist die perfekte Komplettl\u00f6sung f\u00fcr Gro\u00dfh\u00e4ndler in der Gastronomie und im Gastgewerbe.<\/p>\n<h2>Spezifikationen f\u00fcr Bulk-Edelstahl-Kochgeschirr-Set<\/h2>\n<table style=\"height: 390px;\" width=\"342\">\n<tbody>\n<tr>\n<td width=\"71\">Artikel Name<\/td>\n<td width=\"88\">Durchmesser \/ Spezifikation<\/td>\n<\/tr>\n<tr>\n<td width=\"71\">Kochtopf (klein)<\/td>\n<td width=\"88\">18cm\u00a0(with Lid)<\/td>\n<\/tr>\n<tr>\n<td width=\"71\">Kochtopf (Medium)<\/td>\n<td width=\"88\">20cm\u00a0(with Lid)<\/td>\n<\/tr>\n<tr>\n<td width=\"71\">Kochtopf (gro\u00df)<\/td>\n<td width=\"88\">22cm\u00a0(with Lid)<\/td>\n<\/tr>\n<tr>\n<td width=\"71\">Yukihira Pan<\/td>\n<td width=\"88\">18cm<\/td>\n<\/tr>\n<tr>\n<td width=\"71\">Bratpfanne<\/td>\n<td width=\"88\">24cm<\/td>\n<\/tr>\n<tr>\n<td width=\"71\">Tiefer Wok<\/td>\n<td width=\"88\">32cm<\/td>\n<\/tr>\n<\/tbody>\n<\/table>","protected":false},"featured_media":879,"comment_status":"closed","ping_status":"closed","template":"","meta":{"_acf_changed":false},"product_brand":[],"product_cat":[29],"product_tag":[],"class_list":{"0":"post-878","1":"product","2":"type-product","3":"status-publish","4":"has-post-thumbnail","6":"product_cat-wholesale-cookware","8":"first","9":"instock","10":"shipping-taxable","11":"product-type-simple"},"acf":[],"_links":{"self":[{"href":"https:\/\/www.lianmeithermos.com\/de\/wp-json\/wp\/v2\/product\/878","targetHints":{"allow":["GET"]}}],"collection":[{"href":"https:\/\/www.lianmeithermos.com\/de\/wp-json\/wp\/v2\/product"}],"about":[{"href":"https:\/\/www.lianmeithermos.com\/de\/wp-json\/wp\/v2\/types\/product"}],"replies":[{"embeddable":true,"href":"https:\/\/www.lianmeithermos.com\/de\/wp-json\/wp\/v2\/comments?post=878"}],"wp:featuredmedia":[{"embeddable":true,"href":"https:\/\/www.lianmeithermos.com\/de\/wp-json\/wp\/v2\/media\/879"}],"wp:attachment":[{"href":"https:\/\/www.lianmeithermos.com\/de\/wp-json\/wp\/v2\/media?parent=878"}],"wp:term":[{"taxonomy":"product_brand","embeddable":true,"href":"https:\/\/www.lianmeithermos.com\/de\/wp-json\/wp\/v2\/product_brand?post=878"},{"taxonomy":"product_cat","embeddable":true,"href":"https:\/\/www.lianmeithermos.com\/de\/wp-json\/wp\/v2\/product_cat?post=878"},{"taxonomy":"product_tag","embeddable":true,"href":"https:\/\/www.lianmeithermos.com\/de\/wp-json\/wp\/v2\/product_tag?post=878"}],"curies":[{"name":"wp","href":"https:\/\/api.w.org\/{rel}","templated":true}]}}