{"id":880,"date":"2026-04-05T17:01:57","date_gmt":"2026-04-05T17:01:57","guid":{"rendered":"https:\/\/www.lianmeithermos.com\/?post_type=product&#038;p=880"},"modified":"2026-04-08T01:04:28","modified_gmt":"2026-04-08T01:04:28","slug":"wholesale-non-stick-frying-pans-universal-stove-compatible","status":"publish","type":"product","link":"https:\/\/www.lianmeithermos.com\/de\/produkt\/wholesale-non-stick-frying-pans-universal-stove-compatible\/","title":{"rendered":"Gro\u00dfhandel Non-Stick Bratpfannen Universal Herd kompatibel"},"content":{"rendered":"<h2 class=\"wp-block-heading\">Eigenschaften von Gro\u00dfhandel Non-Stick Bratpfannen<\/h2>\n\n\n\n<div class=\"wp-block-columns is-layout-flex wp-container-core-columns-is-layout-9d6595d7 wp-block-columns-is-layout-flex\">\n<div class=\"wp-block-column is-vertically-aligned-center is-layout-flow wp-block-column-is-layout-flow\">\n<div class=\"wp-block-columns is-layout-flex wp-container-core-columns-is-layout-9d6595d7 wp-block-columns-is-layout-flex\">\n<div class=\"wp-block-column is-vertically-aligned-top is-layout-flow wp-block-column-is-layout-flow\">\n<p><strong>Hochwertige Antihaft-Beschichtung:<\/strong> Die widerstandsf\u00e4hige Antihaftbeschichtung sorgt daf\u00fcr, dass sich die Speisen leicht l\u00f6sen und eine hervorragende Kochleistung erzielt wird.<\/p>\n\n\n\n<p><strong>Verdicktes Material Konstruktion:<\/strong> Gefertigt aus dickem, rostfreiem Stahl f\u00fcr verbesserte Haltbarkeit und gleichm\u00e4\u00dfige W\u00e4rmeverteilung.<\/p>\n\n\n\n<p><strong>Universal Herd Kompatibilit\u00e4t:<\/strong> Fachm\u00e4nnisch konstruiert mit einer Basis, die geeignet ist f\u00fcr <strong>Induktion, Gas, Elektro, Keramik und Halogen<\/strong> Herdplatten.<\/p>\n\n\n\n<p><strong>Leicht zu reinigen und zu pflegen:<\/strong> Entwickelt f\u00fcr eine schnelle und m\u00fchelose Reinigung und damit perfekt f\u00fcr professionelle Umgebungen mit hoher Effizienz.<\/p>\n\n\n\n<p><strong>Ergonomische Stay-Cool-Griffe:<\/strong> Ausgestattet mit langlebigen Edelstahl-Hohlgriffen, die die W\u00e4rme\u00fcbertragung reduzieren und eine sichere und bequeme Verwendung erm\u00f6glichen.<\/p>\n<\/div>\n\n\n\n<div class=\"wp-block-column is-layout-flow wp-block-column-is-layout-flow\">\n<figure class=\"wp-block-image alignwide size-full\"><img decoding=\"async\" width=\"1080\" height=\"1080\" src=\"https:\/\/www.lianmeithermos.com\/wp-content\/uploads\/2026\/04\/Wholesale-Non-Stick-Frying-Pans-1.webp\" alt=\"Gro\u00dfhandel Non-Stick Bratpfannen\" class=\"wp-image-883\" srcset=\"https:\/\/www.lianmeithermos.com\/wp-content\/uploads\/2026\/04\/Wholesale-Non-Stick-Frying-Pans-1.webp 1080w, https:\/\/www.lianmeithermos.com\/wp-content\/uploads\/2026\/04\/Wholesale-Non-Stick-Frying-Pans-1-300x300.webp 300w, https:\/\/www.lianmeithermos.com\/wp-content\/uploads\/2026\/04\/Wholesale-Non-Stick-Frying-Pans-1-150x150.webp 150w, https:\/\/www.lianmeithermos.com\/wp-content\/uploads\/2026\/04\/Wholesale-Non-Stick-Frying-Pans-1-768x768.webp 768w, https:\/\/www.lianmeithermos.com\/wp-content\/uploads\/2026\/04\/Wholesale-Non-Stick-Frying-Pans-1-12x12.webp 12w, https:\/\/www.lianmeithermos.com\/wp-content\/uploads\/2026\/04\/Wholesale-Non-Stick-Frying-Pans-1-600x600.webp 600w, https:\/\/www.lianmeithermos.com\/wp-content\/uploads\/2026\/04\/Wholesale-Non-Stick-Frying-Pans-1-100x100.webp 100w\" sizes=\"(max-width: 1080px) 100vw, 1080px\" \/><\/figure>\n<\/div>\n<\/div>\n<\/div>\n<\/div>","protected":false},"excerpt":{"rendered":"<p data-start=\"452\" data-end=\"647\">Diese antihaftbeschichteten Bratpfannen f\u00fcr den Gro\u00dfhandel sind aus verdicktem Edelstahl gefertigt. Kompatibel mit allen Herdplatten (Induktion\/Gas\/Elektro) und konzipiert f\u00fcr <b data-path-to-node=\"5\" data-index-in-node=\"153\">leichte Reinigung<\/b>. Ideal f\u00fcr Gro\u00dfhandel und Gro\u00dfk\u00fcchen.<\/p>\n<h2>Spezifikationen des Gro\u00dfhandels Non-Stick Bratpfannen<\/h2>\n<table style=\"border-collapse: collapse; width: 344px; height: 233px;\" border=\"0\" width=\"93\" cellspacing=\"0\" cellpadding=\"0\">\n<tbody>\n<tr style=\"height: 34.75pt;\">\n<td class=\"et2\" style=\"height: 34.75pt; width: 46.80pt;\" width=\"46\" height=\"34\">Artikel<\/td>\n<td class=\"et2\" style=\"width: 46.80pt;\" width=\"46\">Gr\u00f6\u00dfe<\/td>\n<\/tr>\n<tr style=\"height: 34.75pt;\">\n<td class=\"et2\" style=\"height: 34.75pt; width: 46.80pt;\" width=\"46\" height=\"34\">Bratpfanne (S)<\/td>\n<td class=\"et2\" style=\"width: 46.80pt;\" width=\"46\">24cm<\/td>\n<\/tr>\n<tr style=\"height: 51.75pt;\">\n<td class=\"et2\" style=\"height: 51.75pt; width: 46.80pt;\" width=\"46\" height=\"51\">Bratpfanne (M)<\/td>\n<td class=\"et2\" style=\"width: 46.80pt;\" width=\"46\">26cm<\/td>\n<\/tr>\n<tr style=\"height: 51.75pt;\">\n<td class=\"et2\" style=\"height: 51.75pt; width: 46.80pt;\" width=\"46\" height=\"51\">Bratpfanne (L)<\/td>\n<td class=\"et2\" style=\"width: 46.80pt;\" width=\"46\">28cm<\/td>\n<\/tr>\n<\/tbody>\n<\/table>","protected":false},"featured_media":883,"comment_status":"closed","ping_status":"closed","template":"","meta":{"_acf_changed":false},"product_brand":[],"product_cat":[29],"product_tag":[],"class_list":{"0":"post-880","1":"product","2":"type-product","3":"status-publish","4":"has-post-thumbnail","6":"product_cat-wholesale-cookware","8":"first","9":"instock","10":"shipping-taxable","11":"product-type-simple"},"acf":[],"_links":{"self":[{"href":"https:\/\/www.lianmeithermos.com\/de\/wp-json\/wp\/v2\/product\/880","targetHints":{"allow":["GET"]}}],"collection":[{"href":"https:\/\/www.lianmeithermos.com\/de\/wp-json\/wp\/v2\/product"}],"about":[{"href":"https:\/\/www.lianmeithermos.com\/de\/wp-json\/wp\/v2\/types\/product"}],"replies":[{"embeddable":true,"href":"https:\/\/www.lianmeithermos.com\/de\/wp-json\/wp\/v2\/comments?post=880"}],"wp:featuredmedia":[{"embeddable":true,"href":"https:\/\/www.lianmeithermos.com\/de\/wp-json\/wp\/v2\/media\/883"}],"wp:attachment":[{"href":"https:\/\/www.lianmeithermos.com\/de\/wp-json\/wp\/v2\/media?parent=880"}],"wp:term":[{"taxonomy":"product_brand","embeddable":true,"href":"https:\/\/www.lianmeithermos.com\/de\/wp-json\/wp\/v2\/product_brand?post=880"},{"taxonomy":"product_cat","embeddable":true,"href":"https:\/\/www.lianmeithermos.com\/de\/wp-json\/wp\/v2\/product_cat?post=880"},{"taxonomy":"product_tag","embeddable":true,"href":"https:\/\/www.lianmeithermos.com\/de\/wp-json\/wp\/v2\/product_tag?post=880"}],"curies":[{"name":"wp","href":"https:\/\/api.w.org\/{rel}","templated":true}]}}