{"id":553,"date":"2025-12-28T11:18:36","date_gmt":"2025-12-28T11:18:36","guid":{"rendered":"https:\/\/www.lianmeithermos.com\/?post_type=product&#038;p=553"},"modified":"2025-12-30T00:59:40","modified_gmt":"2025-12-30T00:59:40","slug":"bulk-stainless-steel-milk-tea-buckets-for-commercial-use","status":"publish","type":"product","link":"https:\/\/www.lianmeithermos.com\/es\/producto\/bulk-stainless-steel-milk-tea-buckets-for-commercial-use\/","title":{"rendered":"Cubos de acero inoxidable para t\u00e9 con leche a granel para uso comercial"},"content":{"rendered":"<h2 class=\"wp-block-heading\">Caracter\u00edsticas de los cubos de acero inoxidable para t\u00e9 con leche a granel<\/h2>\n\n\n\n<div class=\"wp-block-columns is-layout-flex wp-container-core-columns-is-layout-9d6595d7 wp-block-columns-is-layout-flex\">\n<div class=\"wp-block-column is-vertically-aligned-center is-layout-flow wp-block-column-is-layout-flow\">\n<div class=\"wp-block-columns is-layout-flex wp-container-core-columns-is-layout-9d6595d7 wp-block-columns-is-layout-flex\">\n<div class=\"wp-block-column is-vertically-aligned-top is-layout-flow wp-block-column-is-layout-flow\">\n<p><strong>Acero inoxidable 304 apto para uso alimentario<\/strong>\uff1a Interior certificado para uso alimentario: no t\u00f3xico, resistente a la corrosi\u00f3n y conforme con las normas FDA\/LFGB.<\/p>\n\n\n\n<p><strong>Retenci\u00f3n de temperatura durante m\u00e1s de 24 horas<\/strong>El aislamiento de triple capa (vac\u00edo + espuma de PU) mantiene las bebidas calientes o fr\u00edas durante todo el d\u00eda, lo que reduce los residuos y garantiza la consistencia.<\/p>\n\n\n\n<p><strong>Grifo de resina antigoteo<\/strong>: Grifo ergon\u00f3mico y resistente al calor para un dispensado suave con una sola mano, sin fugas ni derrames.<\/p>\n\n\n\n<p><strong>Patas plegables, dise\u00f1o apilable <\/strong>\uff1aSe eleva 7 cm para verter c\u00f3modamente; se pliega para ahorrar espacio en el almacenamiento o el transporte.<\/p>\n\n\n\n<p><strong>Un cubo, m\u00faltiples usos<\/strong>\uff1aIdeal para t\u00e9 boba, caf\u00e9, leche, sirope o agua: reduce el pl\u00e1stico de un solo uso y simplifica las operaciones.<\/p>\n\n\n\n<p><strong>Escala de 6 a 20 litros con su negocio<\/strong>Compacto para quioscos, grande para cafeter\u00edas: la misma estructura fiable en todos los tama\u00f1os.<\/p>\n<\/div>\n\n\n\n<div class=\"wp-block-column is-layout-flow wp-block-column-is-layout-flow\">\n<figure class=\"wp-block-image size-full\"><img decoding=\"async\" width=\"800\" height=\"800\" src=\"https:\/\/www.lianmeithermos.com\/wp-content\/uploads\/2025\/12\/Bulk-Stainless-Steel-Milk-Tea-Buckets-4.webp\" alt=\"Cubos de acero inoxidable para t\u00e9 con leche a granel 4\" class=\"wp-image-554\" srcset=\"https:\/\/www.lianmeithermos.com\/wp-content\/uploads\/2025\/12\/Bulk-Stainless-Steel-Milk-Tea-Buckets-4.webp 800w, https:\/\/www.lianmeithermos.com\/wp-content\/uploads\/2025\/12\/Bulk-Stainless-Steel-Milk-Tea-Buckets-4-300x300.webp 300w, https:\/\/www.lianmeithermos.com\/wp-content\/uploads\/2025\/12\/Bulk-Stainless-Steel-Milk-Tea-Buckets-4-150x150.webp 150w, https:\/\/www.lianmeithermos.com\/wp-content\/uploads\/2025\/12\/Bulk-Stainless-Steel-Milk-Tea-Buckets-4-768x768.webp 768w, https:\/\/www.lianmeithermos.com\/wp-content\/uploads\/2025\/12\/Bulk-Stainless-Steel-Milk-Tea-Buckets-4-600x600.webp 600w, https:\/\/www.lianmeithermos.com\/wp-content\/uploads\/2025\/12\/Bulk-Stainless-Steel-Milk-Tea-Buckets-4-100x100.webp 100w\" sizes=\"(max-width: 800px) 100vw, 800px\" \/><\/figure>\n<\/div>\n<\/div>\n<\/div>\n<\/div>","protected":false},"excerpt":{"rendered":"<p>Cubos de t\u00e9 con leche a granel de primera calidad para cafeter\u00edas, tiendas de boba y proveedores de servicios alimentarios. Fabricados con acero inoxidable 304 que cumple con la normativa de la FDA, aislamiento de triple capa y grifo a prueba de fugas, dise\u00f1ados para dispensar grandes vol\u00famenes, mantener la temperatura y apilarse f\u00e1cilmente. Disponibles como productos OEM.<\/p>\n<h2>Especificaciones de los cubos de acero inoxidable para t\u00e9 con leche a granel<\/h2>\n<div class=\"tongyi-markdown-table-wrapper\">\n<table style=\"height: 256px;\" width=\"714\">\n<thead>\n<tr>\n<th data-spm-anchor-id=\"5176.28103460.0.i39.f80475513I0AEr\">Tama\u00f1o (L)<\/th>\n<th>Dimensiones interiores (D\u00d7H, cm)<\/th>\n<th>Peso neto (kg)<\/th>\n<th>Peso bruto (kg)<\/th>\n<th>Embalaje individual (cm)<\/th>\n<th>Caja exterior (cm)<\/th>\n<th>Unidades por caja<\/th>\n<\/tr>\n<\/thead>\n<tbody>\n<tr>\n<td>6<\/td>\n<td>18 \u00d7 19,5<\/td>\n<td>1.24<\/td>\n<td>1.62<\/td>\n<td>23,5 \u00d7 25 \u00d7 30,5<\/td>\n<td>76 \u00d7 51 \u00d7 33<\/td>\n<td>6<\/td>\n<\/tr>\n<tr>\n<td>8<\/td>\n<td>18 \u00d7 24,5<\/td>\n<td>1.36<\/td>\n<td>1.78<\/td>\n<td>23,5 \u00d7 25 \u00d7 35,5<\/td>\n<td>51 \u00d7 38 \u00d7 35<\/td>\n<td>6<\/td>\n<\/tr>\n<tr>\n<td>10<\/td>\n<td>18 \u00d7 29,5<\/td>\n<td>1.53<\/td>\n<td>1.96<\/td>\n<td>23,5 \u00d7 25 \u00d7 40,5<\/td>\n<td>51 \u00d7 43 \u00d7 39<\/td>\n<td>6<\/td>\n<\/tr>\n<tr>\n<td>12<\/td>\n<td>18 \u00d7 34,5<\/td>\n<td>1.63<\/td>\n<td>2.11<\/td>\n<td>23,5 \u00d7 25 \u00d7 45,5<\/td>\n<td>51 \u00d7 48 \u00d7 43<\/td>\n<td>6<\/td>\n<\/tr>\n<tr>\n<td>14<\/td>\n<td>\u2014<\/td>\n<td>\u2014<\/td>\n<td>\u2014<\/td>\n<td>\u2014<\/td>\n<td>\u2014<\/td>\n<td>6<\/td>\n<\/tr>\n<tr>\n<td>16<\/td>\n<td>22 \u00d7 30,5<\/td>\n<td>2.03<\/td>\n<td>2.77<\/td>\n<td>35 \u00d7 35 \u00d7 47<\/td>\n<td>60 \u00d7 48 \u00d7 57<\/td>\n<td>6<\/td>\n<\/tr>\n<tr>\n<td data-spm-anchor-id=\"5176.28103460.0.i32.f80475513I0AEr\">18<\/td>\n<td>\u2014<\/td>\n<td>\u2014<\/td>\n<td>\u2014<\/td>\n<td>\u2014<\/td>\n<td>\u2014<\/td>\n<td>6<\/td>\n<\/tr>\n<tr>\n<td data-spm-anchor-id=\"5176.28103460.0.i31.f80475513I0AEr\">20<\/td>\n<td>22 \u00d7 38,5<\/td>\n<td>2.35<\/td>\n<td>3.17<\/td>\n<td>35 \u00d7 35 \u00d7 56<\/td>\n<td>60 \u00d7 56 \u00d7 70<\/td>\n<td>6<\/td>\n<\/tr>\n<\/tbody>\n<\/table>\n<\/div>","protected":false},"featured_media":555,"comment_status":"closed","ping_status":"closed","template":"","meta":{"_acf_changed":false},"product_brand":[],"product_cat":[18],"product_tag":[25],"class_list":{"0":"post-553","1":"product","2":"type-product","3":"status-publish","4":"has-post-thumbnail","6":"product_cat-wholesale-milk-tea-buckets","7":"product_tag-restaurant","9":"first","10":"instock","11":"shipping-taxable","12":"product-type-simple"},"acf":[],"_links":{"self":[{"href":"https:\/\/www.lianmeithermos.com\/es\/wp-json\/wp\/v2\/product\/553","targetHints":{"allow":["GET"]}}],"collection":[{"href":"https:\/\/www.lianmeithermos.com\/es\/wp-json\/wp\/v2\/product"}],"about":[{"href":"https:\/\/www.lianmeithermos.com\/es\/wp-json\/wp\/v2\/types\/product"}],"replies":[{"embeddable":true,"href":"https:\/\/www.lianmeithermos.com\/es\/wp-json\/wp\/v2\/comments?post=553"}],"wp:featuredmedia":[{"embeddable":true,"href":"https:\/\/www.lianmeithermos.com\/es\/wp-json\/wp\/v2\/media\/555"}],"wp:attachment":[{"href":"https:\/\/www.lianmeithermos.com\/es\/wp-json\/wp\/v2\/media?parent=553"}],"wp:term":[{"taxonomy":"product_brand","embeddable":true,"href":"https:\/\/www.lianmeithermos.com\/es\/wp-json\/wp\/v2\/product_brand?post=553"},{"taxonomy":"product_cat","embeddable":true,"href":"https:\/\/www.lianmeithermos.com\/es\/wp-json\/wp\/v2\/product_cat?post=553"},{"taxonomy":"product_tag","embeddable":true,"href":"https:\/\/www.lianmeithermos.com\/es\/wp-json\/wp\/v2\/product_tag?post=553"}],"curies":[{"name":"wp","href":"https:\/\/api.w.org\/{rel}","templated":true}]}}