{"id":558,"date":"2025-12-28T11:22:53","date_gmt":"2025-12-28T11:22:53","guid":{"rendered":"https:\/\/www.lianmeithermos.com\/?post_type=product&#038;p=558"},"modified":"2025-12-30T00:59:24","modified_gmt":"2025-12-30T00:59:24","slug":"commercial-milk-tea-buckets-in-bulk","status":"publish","type":"product","link":"https:\/\/www.lianmeithermos.com\/es\/producto\/commercial-milk-tea-buckets-in-bulk\/","title":{"rendered":"Cubos de t\u00e9 con leche de calidad comercial a granel"},"content":{"rendered":"<h2 class=\"wp-block-heading\">Caracter\u00edsticas de los cubos de t\u00e9 con leche a granel<\/h2>\n\n\n\n<div class=\"wp-block-columns is-layout-flex wp-container-core-columns-is-layout-9d6595d7 wp-block-columns-is-layout-flex\">\n<div class=\"wp-block-column is-vertically-aligned-center is-layout-flow wp-block-column-is-layout-flow\">\n<div class=\"wp-block-columns is-layout-flex wp-container-core-columns-is-layout-9d6595d7 wp-block-columns-is-layout-flex\">\n<div class=\"wp-block-column is-vertically-aligned-top is-layout-flow wp-block-column-is-layout-flow\">\n<p><strong>Revestimiento de seguridad apto para uso alimentario<\/strong>\uff1a<br>Fabricado con \u201cacero inoxidable apto para contacto alimentario\u201d cuidadosamente seleccionado, que garantiza la salud y la seguridad al no contener metales pesados y ser resistente a la corrosi\u00f3n, lo que garantiza la seguridad de las bebidas desde el origen.<br><strong>Excelente rendimiento aislante<\/strong>\uff1a<br>Cuenta con una capa aislante de 2,5 cm de grosor que proporciona hasta 24 horas de retenci\u00f3n duradera del calor y el fr\u00edo, satisfaciendo las necesidades de las operaciones comerciales durante todo el d\u00eda.<br><strong>F\u00e1cil de limpiar y duradero<\/strong>\uff1a<br>El revestimiento interior tiene una superficie lisa y sin costuras que evita la acumulaci\u00f3n de suciedad y mugre, lo que facilita y agiliza la limpieza, cumpliendo con los requisitos de higiene del uso comercial de alta frecuencia.<br><strong>Dise\u00f1o mejorado a prueba de fugas<\/strong>\uff1a<br>El producto ha sido recientemente actualizado con un enfoque en la optimizaci\u00f3n estructural, eliminando por completo los problemas de fugas en la parte inferior para un uso m\u00e1s seguro y sin preocupaciones.<br><strong>Adaptaci\u00f3n profesional de escenas<\/strong>\uff1a<br>Dise\u00f1ado espec\u00edficamente para entornos comerciales, como teter\u00edas y cafeter\u00edas, equipado con un c\u00f3modo grifo y un pr\u00e1ctico mango para mejorar la eficiencia y la facilidad de uso.<\/p>\n<\/div>\n\n\n\n<div class=\"wp-block-column is-layout-flow wp-block-column-is-layout-flow\">\n<figure class=\"wp-block-image size-full\"><img decoding=\"async\" width=\"800\" height=\"800\" src=\"https:\/\/www.lianmeithermos.com\/wp-content\/uploads\/2025\/12\/Milk-Tea-Buckets-in-Bulk3.webp\" alt=\"Cubos de t\u00e9 con leche a granel3\" class=\"wp-image-561\" srcset=\"https:\/\/www.lianmeithermos.com\/wp-content\/uploads\/2025\/12\/Milk-Tea-Buckets-in-Bulk3.webp 800w, https:\/\/www.lianmeithermos.com\/wp-content\/uploads\/2025\/12\/Milk-Tea-Buckets-in-Bulk3-300x300.webp 300w, https:\/\/www.lianmeithermos.com\/wp-content\/uploads\/2025\/12\/Milk-Tea-Buckets-in-Bulk3-150x150.webp 150w, https:\/\/www.lianmeithermos.com\/wp-content\/uploads\/2025\/12\/Milk-Tea-Buckets-in-Bulk3-768x768.webp 768w, https:\/\/www.lianmeithermos.com\/wp-content\/uploads\/2025\/12\/Milk-Tea-Buckets-in-Bulk3-600x600.webp 600w, https:\/\/www.lianmeithermos.com\/wp-content\/uploads\/2025\/12\/Milk-Tea-Buckets-in-Bulk3-100x100.webp 100w\" sizes=\"(max-width: 800px) 100vw, 800px\" \/><\/figure>\n<\/div>\n<\/div>\n<\/div>\n<\/div>","protected":false},"excerpt":{"rendered":"<p data-start=\"452\" data-end=\"647\">Cubos para t\u00e9 con leche de calidad comercial a granel para tiendas de t\u00e9 con leche y uso en catering, con estructura de acero inoxidable de calidad alimentaria, aislamiento fiable y soporte flexible a granel y OEM\/ODM.<\/p>\n<h2>Especificaciones de los cubos de t\u00e9 con leche a granel<\/h2>\n<table style=\"height: 251px;\" width=\"635\">\n<thead>\n<tr>\n<th>Capacidad (L)<\/th>\n<th>Di\u00e1metro interior \u00d7 Altura interior (cm)<\/th>\n<th>Peso bruto (kg)<\/th>\n<th>Tama\u00f1o del paquete individual (cm)<\/th>\n<th>Tama\u00f1o del cart\u00f3n (cm)<\/th>\n<th>Cantidad \/ Caja<\/th>\n<\/tr>\n<\/thead>\n<tbody>\n<tr>\n<td>6<\/td>\n<td>19,5 \u00d7 17<\/td>\n<td>1.62<\/td>\n<td>35 \u00d7 25 \u00d7 30,5<\/td>\n<td>76 \u00d7 51 \u00d7 33<\/td>\n<td>6<\/td>\n<\/tr>\n<tr>\n<td>8<\/td>\n<td>19,5 \u00d7 22<\/td>\n<td>1.86<\/td>\n<td>35 \u00d7 25 \u00d7 35,5<\/td>\n<td>51 \u00d7 38 \u00d7 35<\/td>\n<td>6<\/td>\n<\/tr>\n<tr>\n<td>10<\/td>\n<td>19,5 \u00d7 27,5<\/td>\n<td>2.05<\/td>\n<td>35 \u00d7 25 \u00d7 40,5<\/td>\n<td>51 \u00d7 43 \u00d7 39<\/td>\n<td>6<\/td>\n<\/tr>\n<tr>\n<td>12<\/td>\n<td>19,5 \u00d7 32<\/td>\n<td>2.17<\/td>\n<td>35 \u00d7 25 \u00d7 45,5<\/td>\n<td>51 \u00d7 48 \u00d7 43<\/td>\n<td>6<\/td>\n<\/tr>\n<tr>\n<td>14<\/td>\n<td>25 \u00d7 22<\/td>\n<td>3.00<\/td>\n<td>35 \u00d7 35 \u00d7 43<\/td>\n<td>\u2014<\/td>\n<td>6<\/td>\n<\/tr>\n<tr>\n<td>16<\/td>\n<td>25 \u00d7 26,5<\/td>\n<td>3.23<\/td>\n<td>35 \u00d7 35 \u00d7 47<\/td>\n<td>60 \u00d7 48 \u00d7 57<\/td>\n<td>6<\/td>\n<\/tr>\n<tr>\n<td>18<\/td>\n<td>25 \u00d7 29<\/td>\n<td>3.30<\/td>\n<td>35 \u00d7 35 \u00d7 50<\/td>\n<td>\u2014<\/td>\n<td>6<\/td>\n<\/tr>\n<tr>\n<td>20<\/td>\n<td>25 \u00d7 33,5<\/td>\n<td>3.73<\/td>\n<td>35 \u00d7 35 \u00d7 56<\/td>\n<td>60 \u00d7 56 \u00d7 70<\/td>\n<td>6<\/td>\n<\/tr>\n<\/tbody>\n<\/table>","protected":false},"featured_media":562,"comment_status":"closed","ping_status":"closed","template":"","meta":{"_acf_changed":false},"product_brand":[],"product_cat":[18],"product_tag":[25],"class_list":{"0":"post-558","1":"product","2":"type-product","3":"status-publish","4":"has-post-thumbnail","6":"product_cat-wholesale-milk-tea-buckets","7":"product_tag-restaurant","9":"first","10":"instock","11":"shipping-taxable","12":"product-type-simple"},"acf":[],"_links":{"self":[{"href":"https:\/\/www.lianmeithermos.com\/es\/wp-json\/wp\/v2\/product\/558","targetHints":{"allow":["GET"]}}],"collection":[{"href":"https:\/\/www.lianmeithermos.com\/es\/wp-json\/wp\/v2\/product"}],"about":[{"href":"https:\/\/www.lianmeithermos.com\/es\/wp-json\/wp\/v2\/types\/product"}],"replies":[{"embeddable":true,"href":"https:\/\/www.lianmeithermos.com\/es\/wp-json\/wp\/v2\/comments?post=558"}],"wp:featuredmedia":[{"embeddable":true,"href":"https:\/\/www.lianmeithermos.com\/es\/wp-json\/wp\/v2\/media\/562"}],"wp:attachment":[{"href":"https:\/\/www.lianmeithermos.com\/es\/wp-json\/wp\/v2\/media?parent=558"}],"wp:term":[{"taxonomy":"product_brand","embeddable":true,"href":"https:\/\/www.lianmeithermos.com\/es\/wp-json\/wp\/v2\/product_brand?post=558"},{"taxonomy":"product_cat","embeddable":true,"href":"https:\/\/www.lianmeithermos.com\/es\/wp-json\/wp\/v2\/product_cat?post=558"},{"taxonomy":"product_tag","embeddable":true,"href":"https:\/\/www.lianmeithermos.com\/es\/wp-json\/wp\/v2\/product_tag?post=558"}],"curies":[{"name":"wp","href":"https:\/\/api.w.org\/{rel}","templated":true}]}}