{"id":565,"date":"2025-12-28T11:54:45","date_gmt":"2025-12-28T11:54:45","guid":{"rendered":"https:\/\/www.lianmeithermos.com\/?post_type=product&#038;p=565"},"modified":"2025-12-30T00:59:09","modified_gmt":"2025-12-30T00:59:09","slug":"wholesale-commercial-stainless-steel-insulated-barrel","status":"publish","type":"product","link":"https:\/\/www.lianmeithermos.com\/es\/producto\/wholesale-commercial-stainless-steel-insulated-barrel\/","title":{"rendered":"Barril aislado de acero inoxidable comercial al por mayor"},"content":{"rendered":"<h2 class=\"wp-block-heading\">Caracter\u00edsticas del barril aislado de acero inoxidable comercial al por mayor <\/h2>\n\n\n\n<div class=\"wp-block-columns is-layout-flex wp-container-core-columns-is-layout-9d6595d7 wp-block-columns-is-layout-flex\">\n<div class=\"wp-block-column is-vertically-aligned-center is-layout-flow wp-block-column-is-layout-flow\">\n<div class=\"wp-block-columns is-layout-flex wp-container-core-columns-is-layout-9d6595d7 wp-block-columns-is-layout-flex\">\n<div class=\"wp-block-column is-vertically-aligned-top is-layout-flow wp-block-column-is-layout-flow\">\n<p><strong>Material de acero inoxidable apto para uso alimentario: <\/strong>El revestimiento interior est\u00e1 fabricado en acero inoxidable apto para uso alimentario, resistente a altas temperaturas, que no libera sustancias nocivas, es resistente a la corrosi\u00f3n y al \u00f3xido, lo que garantiza la seguridad y la pureza de las bebidas. La pared interior lisa es f\u00e1cil de limpiar y evita la acumulaci\u00f3n de suciedad y mugre, cumpliendo con los estrictos est\u00e1ndares de higiene comercial.<br><strong>Capa aislante gruesa de PU, retenci\u00f3n de temperatura duradera durante 24 horas: <\/strong>Utiliza material PU ecol\u00f3gico para el relleno de espuma multicapa espesada, lo que proporciona un excelente rendimiento aislante y permite conservar el calor o el fr\u00edo hasta 24 horas, satisfaciendo eficazmente las necesidades operativas diarias de las teter\u00edas y cafeter\u00edas.<br><strong>Dise\u00f1o con hebilla resistente, seguro y a prueba de fugas: <\/strong>La tapa est\u00e1 equipada con una estructura de hebilla reforzada que se cierra de forma segura, evitando derrames y fugas durante la manipulaci\u00f3n y el transporte, lo que garantiza una experiencia de uso limpia y segura.<br><strong>Estructura estable y f\u00e1cil manejo, apto para uso comercial: <\/strong>El robusto dise\u00f1o cil\u00edndrico, con asas laterales y un pomo central en la tapa, facilita el transporte y el vertido, y est\u00e1 optimizado para entornos comerciales de alta frecuencia y alta eficiencia.<br><strong>Garant\u00eda de calidad de la marca, profesional y fiable:<\/strong> Producido por la marca \u201cLianMei\u201d, que se centra en los detalles de los materiales y la fabricaci\u00f3n, cumple de manera integral los requisitos combinados de durabilidad, higiene y eficiencia para las empresas, desde el aislamiento y el sellado hasta la limpieza y el mantenimiento.<\/p>\n<\/div>\n\n\n\n<div class=\"wp-block-column is-layout-flow wp-block-column-is-layout-flow\">\n<figure class=\"wp-block-image size-full\"><img decoding=\"async\" width=\"4480\" height=\"4480\" src=\"https:\/\/www.lianmeithermos.com\/wp-content\/uploads\/2025\/12\/Wholesale-Commercial-Stainless-Steel-Insulated-Barrel3.webp\" alt=\"Barril aislado de acero inoxidable comercial al por mayor3\" class=\"wp-image-568\" srcset=\"https:\/\/www.lianmeithermos.com\/wp-content\/uploads\/2025\/12\/Wholesale-Commercial-Stainless-Steel-Insulated-Barrel3.webp 4480w, https:\/\/www.lianmeithermos.com\/wp-content\/uploads\/2025\/12\/Wholesale-Commercial-Stainless-Steel-Insulated-Barrel3-300x300.webp 300w, https:\/\/www.lianmeithermos.com\/wp-content\/uploads\/2025\/12\/Wholesale-Commercial-Stainless-Steel-Insulated-Barrel3-150x150.webp 150w, https:\/\/www.lianmeithermos.com\/wp-content\/uploads\/2025\/12\/Wholesale-Commercial-Stainless-Steel-Insulated-Barrel3-768x768.webp 768w, https:\/\/www.lianmeithermos.com\/wp-content\/uploads\/2025\/12\/Wholesale-Commercial-Stainless-Steel-Insulated-Barrel3-1200x1200.webp 1200w, https:\/\/www.lianmeithermos.com\/wp-content\/uploads\/2025\/12\/Wholesale-Commercial-Stainless-Steel-Insulated-Barrel3-600x600.webp 600w, https:\/\/www.lianmeithermos.com\/wp-content\/uploads\/2025\/12\/Wholesale-Commercial-Stainless-Steel-Insulated-Barrel3-100x100.webp 100w\" sizes=\"(max-width: 4480px) 100vw, 4480px\" \/><\/figure>\n<\/div>\n<\/div>\n<\/div>\n<\/div>","protected":false},"excerpt":{"rendered":"<p data-start=\"452\" data-end=\"647\">Barril aislado de acero inoxidable comercial al por mayor dise\u00f1ado para uso en catering, restaurantes y servicios de alimentaci\u00f3n, con una estructura de acero inoxidable apto para uso alimentario y un aislamiento fiable para mantener la temperatura ideal de los alimentos y bebidas.<\/p>\n<h2>Especificaciones del barril aislado de acero inoxidable comercial al por mayor<\/h2>\n<table style=\"height: 397px;\" width=\"576\">\n<thead>\n<tr>\n<th>Capacidad (L)<\/th>\n<th>Di\u00e1metro interior \u00d7 Altura interior (cm)<\/th>\n<th>Peso neto (kg)<\/th>\n<th>Peso bruto (kg)<\/th>\n<th>Tama\u00f1o del paquete individual (cm)<\/th>\n<th>Tama\u00f1o del cart\u00f3n (cm)<\/th>\n<th>Cantidad \/ Caja<\/th>\n<\/tr>\n<\/thead>\n<tbody>\n<tr>\n<td>10<\/td>\n<td>19,5 \u00d7 23<\/td>\n<td>1.50<\/td>\n<td>1.90<\/td>\n<td>25 \u00d7 25 \u00d7 31<\/td>\n<td>53 \u00d7 53 \u00d7 65<\/td>\n<td>8<\/td>\n<\/tr>\n<tr>\n<td>15<\/td>\n<td>25 \u00d7 20<\/td>\n<td>1.75<\/td>\n<td>2.52<\/td>\n<td>32 \u00d7 32 \u00d7 29,5<\/td>\n<td>63 \u00d7 63 \u00d7 61<\/td>\n<td>8<\/td>\n<\/tr>\n<tr>\n<td>20<\/td>\n<td>25 \u00d7 25<\/td>\n<td>2.05<\/td>\n<td>2.65<\/td>\n<td>31 \u00d7 31 \u00d7 34<\/td>\n<td>94 \u00d7 63 \u00d7 36<\/td>\n<td>6<\/td>\n<\/tr>\n<tr>\n<td>25<\/td>\n<td>25 \u00d7 29<\/td>\n<td>2.20<\/td>\n<td>2.84<\/td>\n<td>32 \u00d7 32 \u00d7 40<\/td>\n<td>94 \u00d7 63 \u00d7 42<\/td>\n<td>6<\/td>\n<\/tr>\n<tr>\n<td>30<\/td>\n<td>25 \u00d7 35<\/td>\n<td>2.45<\/td>\n<td>3.20<\/td>\n<td>31 \u00d7 31 \u00d7 44<\/td>\n<td>94 \u00d7 63 \u00d7 47<\/td>\n<td>6<\/td>\n<\/tr>\n<tr>\n<td>40<\/td>\n<td>30 \u00d7 30<\/td>\n<td>2.77<\/td>\n<td>3.63<\/td>\n<td>37,5 \u00d7 36 \u00d7 42<\/td>\n<td>106 \u00d7 71 \u00d7 42<\/td>\n<td>6<\/td>\n<\/tr>\n<tr>\n<td>45<\/td>\n<td>30 \u00d7 40<\/td>\n<td>3.40<\/td>\n<td>4.13<\/td>\n<td>37,5 \u00d7 36 \u00d7 52<\/td>\n<td>106 \u00d7 71 \u00d7 52<\/td>\n<td>6<\/td>\n<\/tr>\n<tr>\n<td>50<\/td>\n<td>35 \u00d7 34,6<\/td>\n<td>3.69<\/td>\n<td>4.90<\/td>\n<td>41,5 \u00d7 41 \u00d7 48,5<\/td>\n<td>83 \u00d7 83 \u00d7 48<\/td>\n<td>4<\/td>\n<\/tr>\n<tr>\n<td>60<\/td>\n<td>35 \u00d7 39<\/td>\n<td>4.00<\/td>\n<td>5.39<\/td>\n<td>41,5 \u00d7 41 \u00d7 52<\/td>\n<td>83 \u00d7 83 \u00d7 53<\/td>\n<td>4<\/td>\n<\/tr>\n<tr>\n<td>70<\/td>\n<td>40 \u00d7 39<\/td>\n<td>4.55<\/td>\n<td>5.74<\/td>\n<td>49 \u00d7 49 \u00d7 53<\/td>\n<td>48 \u00d7 95 \u00d7 53<\/td>\n<td>2<\/td>\n<\/tr>\n<tr>\n<td>80<\/td>\n<td>40 \u00d7 46<\/td>\n<td>5.15<\/td>\n<td>6.61<\/td>\n<td>49 \u00d7 49 \u00d7 61<\/td>\n<td>50 \u00d7 99 \u00d7 61<\/td>\n<td>2<\/td>\n<\/tr>\n<tr>\n<td>90<\/td>\n<td>40 \u00d7 54,5<\/td>\n<td>6.45<\/td>\n<td>8.00<\/td>\n<td>49 \u00d7 49 \u00d7 69<\/td>\n<td>50 \u00d7 99 \u00d7 70<\/td>\n<td>2<\/td>\n<\/tr>\n<tr>\n<td>100<\/td>\n<td>45 \u00d7 54,5<\/td>\n<td>6.52<\/td>\n<td>9.84<\/td>\n<td>54 \u00d7 54 \u00d7 66<\/td>\n<td>55 \u00d7 109 \u00d7 70<\/td>\n<td>2<\/td>\n<\/tr>\n<\/tbody>\n<\/table>","protected":false},"featured_media":567,"comment_status":"closed","ping_status":"closed","template":"","meta":{"_acf_changed":false},"product_brand":[],"product_cat":[17],"product_tag":[25],"class_list":{"0":"post-565","1":"product","2":"type-product","3":"status-publish","4":"has-post-thumbnail","6":"product_cat-wholesale-stainless-steel-insulated-barrels","7":"product_tag-restaurant","9":"first","10":"instock","11":"shipping-taxable","12":"product-type-simple"},"acf":[],"_links":{"self":[{"href":"https:\/\/www.lianmeithermos.com\/es\/wp-json\/wp\/v2\/product\/565","targetHints":{"allow":["GET"]}}],"collection":[{"href":"https:\/\/www.lianmeithermos.com\/es\/wp-json\/wp\/v2\/product"}],"about":[{"href":"https:\/\/www.lianmeithermos.com\/es\/wp-json\/wp\/v2\/types\/product"}],"replies":[{"embeddable":true,"href":"https:\/\/www.lianmeithermos.com\/es\/wp-json\/wp\/v2\/comments?post=565"}],"wp:featuredmedia":[{"embeddable":true,"href":"https:\/\/www.lianmeithermos.com\/es\/wp-json\/wp\/v2\/media\/567"}],"wp:attachment":[{"href":"https:\/\/www.lianmeithermos.com\/es\/wp-json\/wp\/v2\/media?parent=565"}],"wp:term":[{"taxonomy":"product_brand","embeddable":true,"href":"https:\/\/www.lianmeithermos.com\/es\/wp-json\/wp\/v2\/product_brand?post=565"},{"taxonomy":"product_cat","embeddable":true,"href":"https:\/\/www.lianmeithermos.com\/es\/wp-json\/wp\/v2\/product_cat?post=565"},{"taxonomy":"product_tag","embeddable":true,"href":"https:\/\/www.lianmeithermos.com\/es\/wp-json\/wp\/v2\/product_tag?post=565"}],"curies":[{"name":"wp","href":"https:\/\/api.w.org\/{rel}","templated":true}]}}