{"id":569,"date":"2025-12-28T12:13:15","date_gmt":"2025-12-28T12:13:15","guid":{"rendered":"https:\/\/www.lianmeithermos.com\/?post_type=product&#038;p=569"},"modified":"2025-12-30T00:52:55","modified_gmt":"2025-12-30T00:52:55","slug":"wholesale-304-stainless-steel-insulated-barrel","status":"publish","type":"product","link":"https:\/\/www.lianmeithermos.com\/es\/producto\/wholesale-304-stainless-steel-insulated-barrel\/","title":{"rendered":"Barril aislado de acero inoxidable 304 al por mayor"},"content":{"rendered":"<h2 class=\"wp-block-heading\">Caracter\u00edsticas del barril aislado de acero inoxidable 304 al por mayor<\/h2>\n\n\n\n<div class=\"wp-block-columns is-layout-flex wp-container-core-columns-is-layout-9d6595d7 wp-block-columns-is-layout-flex\">\n<div class=\"wp-block-column is-vertically-aligned-center is-layout-flow wp-block-column-is-layout-flow\">\n<div class=\"wp-block-columns is-layout-flex wp-container-core-columns-is-layout-9d6595d7 wp-block-columns-is-layout-flex\">\n<div class=\"wp-block-column is-vertically-aligned-top is-layout-flow wp-block-column-is-layout-flow\">\n<p><strong>Estructura de bloqueo de temperatura de tres capas, mantiene el calor hasta 24 horas.<\/strong><br>Con una estructura de precisi\u00f3n de triple capa compuesta por \u201ccapa interior de acero inoxidable 304 + capa aislante de espuma de PU + capa exterior de acero inoxidable reforzado\u201d, mantiene la temperatura de forma eficaz y proporciona una retenci\u00f3n del calor y el fr\u00edo duradera de hasta 24 horas, lo que satisface las necesidades de uso durante todo el d\u00eda.<\/p>\n\n\n\n<p><strong>Revestimiento interior de acero inoxidable 304 de grado alimentario, seguro y f\u00e1cil de limpiar.<\/strong><br>La capa interior est\u00e1 fabricada en acero inoxidable 304 de grado alimentario, que es saludable, seguro, resistente a la corrosi\u00f3n y al \u00f3xido. La pared interior lisa y sin juntas evita la acumulaci\u00f3n de manchas, lo que facilita la limpieza y cumple con las estrictas normas de higiene comercial.<\/p>\n\n\n\n<p><strong>Sello resistente y a prueba de fugas, soporta golpes y sacudidas.<\/strong><br>El cuerpo y la tapa del cubo tienen un excelente rendimiento de sellado. Gracias a su dise\u00f1o especial, garantiza que no haya fugas incluso durante el transporte, los golpes o las sacudidas, lo que proporciona tranquilidad y un uso fiable.<\/p>\n\n\n\n<p><strong>Dise\u00f1o de tapa colgante, higi\u00e9nico y pr\u00e1ctico.<\/strong><br>La tapa presenta un dise\u00f1o colgable y desmontable, lo que elimina la necesidad de tocar el suelo u otras superficies sucias durante su uso, lo que previene eficazmente la contaminaci\u00f3n secundaria y mejora significativamente la higiene y la comodidad.<\/p>\n\n\n\n<p><strong>Varios tama\u00f1os disponibles, adaptables a diversos escenarios.<\/strong><br>Disponible en varias capacidades, desde 10 litros hasta 100 litros, se adapta con flexibilidad a las necesidades de diferentes escenarios y escalas, incluyendo uso dom\u00e9stico, teter\u00edas, restaurantes y actividades al aire libre.<\/p>\n<\/div>\n\n\n\n<div class=\"wp-block-column is-layout-flow wp-block-column-is-layout-flow\">\n<figure class=\"wp-block-image size-full\"><img decoding=\"async\" width=\"900\" height=\"900\" src=\"https:\/\/www.lianmeithermos.com\/wp-content\/uploads\/2025\/12\/Wholesale-304-Stainless-Steel-Insulated-Barrel1.webp\" alt=\"Barril aislado de acero inoxidable 304 al por mayor1\" class=\"wp-image-570\" srcset=\"https:\/\/www.lianmeithermos.com\/wp-content\/uploads\/2025\/12\/Wholesale-304-Stainless-Steel-Insulated-Barrel1.webp 900w, https:\/\/www.lianmeithermos.com\/wp-content\/uploads\/2025\/12\/Wholesale-304-Stainless-Steel-Insulated-Barrel1-300x300.webp 300w, https:\/\/www.lianmeithermos.com\/wp-content\/uploads\/2025\/12\/Wholesale-304-Stainless-Steel-Insulated-Barrel1-150x150.webp 150w, https:\/\/www.lianmeithermos.com\/wp-content\/uploads\/2025\/12\/Wholesale-304-Stainless-Steel-Insulated-Barrel1-768x768.webp 768w, https:\/\/www.lianmeithermos.com\/wp-content\/uploads\/2025\/12\/Wholesale-304-Stainless-Steel-Insulated-Barrel1-600x600.webp 600w, https:\/\/www.lianmeithermos.com\/wp-content\/uploads\/2025\/12\/Wholesale-304-Stainless-Steel-Insulated-Barrel1-100x100.webp 100w\" sizes=\"(max-width: 900px) 100vw, 900px\" \/><\/figure>\n<\/div>\n<\/div>\n<\/div>\n<\/div>","protected":false},"excerpt":{"rendered":"<p data-start=\"452\" data-end=\"647\">Barril aislado de acero inoxidable 304 al por mayor, dise\u00f1ado para uso en catering, restaurantes y servicios de alimentaci\u00f3n, con una estructura de acero inoxidable 304 apto para uso alimentario y un aislamiento fiable para mantener la temperatura ideal de alimentos y bebidas.<\/p>\n<h2>Especificaciones del barril aislado de acero inoxidable 304 al por mayor<\/h2>\n<table style=\"height: 405px;\" width=\"645\">\n<thead>\n<tr>\n<th>Modelo<\/th>\n<th>Di\u00e1metro interior \u00d7 Altura interior (cm)<\/th>\n<th>Peso neto (kg)<\/th>\n<th>Peso bruto (kg)<\/th>\n<th>Tama\u00f1o del paquete individual (cm)<\/th>\n<th>Tama\u00f1o del cart\u00f3n (cm)<\/th>\n<th>Cantidad por embalaje<\/th>\n<\/tr>\n<\/thead>\n<tbody>\n<tr>\n<td>10 l\u00famenes<\/td>\n<td>19,5 \u00d7 23<\/td>\n<td>1.50<\/td>\n<td>1.90<\/td>\n<td>25 \u00d7 25 \u00d7 31<\/td>\n<td>53 \u00d7 53 \u00d7 65<\/td>\n<td>8<\/td>\n<\/tr>\n<tr>\n<td>15LM<\/td>\n<td>25 \u00d7 20<\/td>\n<td>1.75<\/td>\n<td>2.52<\/td>\n<td>32 \u00d7 32 \u00d7 29,5<\/td>\n<td>63 \u00d7 63 \u00d7 61<\/td>\n<td>8<\/td>\n<\/tr>\n<tr>\n<td>20LM<\/td>\n<td>25 \u00d7 25<\/td>\n<td>2.05<\/td>\n<td>2.65<\/td>\n<td>31 \u00d7 31 \u00d7 34<\/td>\n<td>94 \u00d7 63 \u00d7 36<\/td>\n<td>6<\/td>\n<\/tr>\n<tr>\n<td>25LM<\/td>\n<td>25 \u00d7 29<\/td>\n<td>2.20<\/td>\n<td>2.84<\/td>\n<td>32 \u00d7 32 \u00d7 40<\/td>\n<td>94 \u00d7 63 \u00d7 42<\/td>\n<td>6<\/td>\n<\/tr>\n<tr>\n<td>30LM<\/td>\n<td>25 \u00d7 35<\/td>\n<td>2.45<\/td>\n<td>3.20<\/td>\n<td>31 \u00d7 31 \u00d7 44<\/td>\n<td>94 \u00d7 63 \u00d7 47<\/td>\n<td>6<\/td>\n<\/tr>\n<tr>\n<td>40LM<\/td>\n<td>30 \u00d7 28,5<\/td>\n<td>2.77<\/td>\n<td>3.63<\/td>\n<td>37,5 \u00d7 36 \u00d7 42<\/td>\n<td>106 \u00d7 71 \u00d7 42<\/td>\n<td>6<\/td>\n<\/tr>\n<tr>\n<td>50 lm<\/td>\n<td>35 \u00d7 34,6<\/td>\n<td>3.69<\/td>\n<td>4.90<\/td>\n<td>41,5 \u00d7 41 \u00d7 48,5<\/td>\n<td>83 \u00d7 83 \u00d7 48<\/td>\n<td>4<\/td>\n<\/tr>\n<tr>\n<td>60 l\u00famenes<\/td>\n<td>35 \u00d7 39<\/td>\n<td>4.00<\/td>\n<td>5.39<\/td>\n<td>41,5 \u00d7 41 \u00d7 52<\/td>\n<td>83 \u00d7 83 \u00d7 53<\/td>\n<td>4<\/td>\n<\/tr>\n<tr>\n<td>70 l\u00famenes<\/td>\n<td>40 \u00d7 39<\/td>\n<td>4.55<\/td>\n<td>5.74<\/td>\n<td>49 \u00d7 49 \u00d7 53<\/td>\n<td>48 \u00d7 95 \u00d7 53<\/td>\n<td>2<\/td>\n<\/tr>\n<tr>\n<td>80 lm<\/td>\n<td>40 \u00d7 46<\/td>\n<td>5.15<\/td>\n<td>6.61<\/td>\n<td>49 \u00d7 49 \u00d7 61<\/td>\n<td>50 \u00d7 99 \u00d7 61<\/td>\n<td>2<\/td>\n<\/tr>\n<tr>\n<td>90 lm<\/td>\n<td>45 \u00d7 44,5<\/td>\n<td>6.45<\/td>\n<td>8.00<\/td>\n<td>54 \u00d7 54 \u00d7 57<\/td>\n<td>50 \u00d7 99 \u00d7 70<\/td>\n<td>2<\/td>\n<\/tr>\n<tr>\n<td>100 l\u00famenes<\/td>\n<td>45 \u00d7 54,5<\/td>\n<td>6.52<\/td>\n<td>9.84<\/td>\n<td>54 \u00d7 54 \u00d7 68<\/td>\n<td>55 \u00d7 109 \u00d7 70<\/td>\n<td>2<\/td>\n<\/tr>\n<\/tbody>\n<\/table>","protected":false},"featured_media":571,"comment_status":"closed","ping_status":"closed","template":"","meta":{"_acf_changed":false},"product_brand":[],"product_cat":[17],"product_tag":[25],"class_list":{"0":"post-569","1":"product","2":"type-product","3":"status-publish","4":"has-post-thumbnail","6":"product_cat-wholesale-stainless-steel-insulated-barrels","7":"product_tag-restaurant","9":"first","10":"instock","11":"shipping-taxable","12":"product-type-simple"},"acf":[],"_links":{"self":[{"href":"https:\/\/www.lianmeithermos.com\/es\/wp-json\/wp\/v2\/product\/569","targetHints":{"allow":["GET"]}}],"collection":[{"href":"https:\/\/www.lianmeithermos.com\/es\/wp-json\/wp\/v2\/product"}],"about":[{"href":"https:\/\/www.lianmeithermos.com\/es\/wp-json\/wp\/v2\/types\/product"}],"replies":[{"embeddable":true,"href":"https:\/\/www.lianmeithermos.com\/es\/wp-json\/wp\/v2\/comments?post=569"}],"wp:featuredmedia":[{"embeddable":true,"href":"https:\/\/www.lianmeithermos.com\/es\/wp-json\/wp\/v2\/media\/571"}],"wp:attachment":[{"href":"https:\/\/www.lianmeithermos.com\/es\/wp-json\/wp\/v2\/media?parent=569"}],"wp:term":[{"taxonomy":"product_brand","embeddable":true,"href":"https:\/\/www.lianmeithermos.com\/es\/wp-json\/wp\/v2\/product_brand?post=569"},{"taxonomy":"product_cat","embeddable":true,"href":"https:\/\/www.lianmeithermos.com\/es\/wp-json\/wp\/v2\/product_cat?post=569"},{"taxonomy":"product_tag","embeddable":true,"href":"https:\/\/www.lianmeithermos.com\/es\/wp-json\/wp\/v2\/product_tag?post=569"}],"curies":[{"name":"wp","href":"https:\/\/api.w.org\/{rel}","templated":true}]}}