{"id":577,"date":"2025-12-29T01:20:31","date_gmt":"2025-12-29T01:20:31","guid":{"rendered":"https:\/\/www.lianmeithermos.com\/?post_type=product&#038;p=577"},"modified":"2025-12-30T00:51:10","modified_gmt":"2025-12-30T00:51:10","slug":"wholesale-red-insulated-cooler-box-for-food-beverage-storage","status":"publish","type":"product","link":"https:\/\/www.lianmeithermos.com\/es\/producto\/wholesale-red-insulated-cooler-box-for-food-beverage-storage\/","title":{"rendered":"Caja isot\u00e9rmica roja al por mayor para el almacenamiento de alimentos y bebidas"},"content":{"rendered":"<h2 class=\"wp-block-heading\">Caracter\u00edsticas de la nevera port\u00e1til aislada roja al por mayor<\/h2>\n\n\n\n<div class=\"wp-block-columns is-layout-flex wp-container-core-columns-is-layout-9d6595d7 wp-block-columns-is-layout-flex\">\n<div class=\"wp-block-column is-vertically-aligned-center is-layout-flow wp-block-column-is-layout-flow\">\n<div class=\"wp-block-columns is-layout-flex wp-container-core-columns-is-layout-9d6595d7 wp-block-columns-is-layout-flex\">\n<div class=\"wp-block-column is-vertically-aligned-top is-layout-flow wp-block-column-is-layout-flow\">\n<p><strong>1. Tapa con cierre ajustable para un sellado f\u00e1cil.<\/strong><br>La tapa cuenta con un mecanismo de cierre ajustable humanizado, que permite controlar f\u00e1cilmente el ajuste y la altura con un destornillador. Se adapta a diferentes niveles de llenado y evita fugas o dificultades para cerrarla.<\/p>\n\n\n\n<p><strong>2. Aislamiento de triple capa para una retenci\u00f3n de temperatura duradera.<\/strong><br>Fabricado con un revestimiento interior de acero inoxidable, aislamiento completo de espuma de PU y una carcasa exterior de PP para garantizar un rendimiento t\u00e9rmico estable para uso profesional y comercial.<\/p>\n\n\n\n<p><strong>3. Carcasa exterior de PP duradera y resistente a los impactos.<\/strong><br>El resistente exterior de pl\u00e1stico t\u00e9cnico PP es ligero, pero muy resistente a las ca\u00eddas y los impactos, lo que protege el revestimiento interior y prolonga la vida \u00fatil del producto.<\/p>\n\n\n\n<p><strong>4. Revestimiento interior de acero inoxidable apto para uso alimentario.<\/strong><br>Fabricado en acero inoxidable de grado alimentario endurecido, este producto es resistente a la corrosi\u00f3n, a prueba de \u00f3xido y f\u00e1cil de limpiar, lo que garantiza la seguridad alimentaria y preserva el sabor original.<\/p>\n\n\n\n<p><strong>5. Dise\u00f1o pr\u00e1ctico para uso comercial y dom\u00e9stico.<\/strong><br>Dise\u00f1ado con un asa resistente y una tapa segura, combina un funcionamiento sencillo con un almacenamiento fiable para restaurantes, catering y uso dom\u00e9stico diario.<\/p>\n<\/div>\n\n\n\n<div class=\"wp-block-column is-layout-flow wp-block-column-is-layout-flow\">\n<figure class=\"wp-block-image size-full\"><img decoding=\"async\" width=\"3975\" height=\"3975\" src=\"https:\/\/www.lianmeithermos.com\/wp-content\/uploads\/2025\/12\/Wholesale-Red-Insulated-Cooler-Box-for-Food-Beverage-Storage2.webp\" alt=\"Caja isot\u00e9rmica roja al por mayor para el almacenamiento de alimentos y bebidas2\" class=\"wp-image-579\" srcset=\"https:\/\/www.lianmeithermos.com\/wp-content\/uploads\/2025\/12\/Wholesale-Red-Insulated-Cooler-Box-for-Food-Beverage-Storage2.webp 3975w, https:\/\/www.lianmeithermos.com\/wp-content\/uploads\/2025\/12\/Wholesale-Red-Insulated-Cooler-Box-for-Food-Beverage-Storage2-300x300.webp 300w, https:\/\/www.lianmeithermos.com\/wp-content\/uploads\/2025\/12\/Wholesale-Red-Insulated-Cooler-Box-for-Food-Beverage-Storage2-150x150.webp 150w, https:\/\/www.lianmeithermos.com\/wp-content\/uploads\/2025\/12\/Wholesale-Red-Insulated-Cooler-Box-for-Food-Beverage-Storage2-768x768.webp 768w, https:\/\/www.lianmeithermos.com\/wp-content\/uploads\/2025\/12\/Wholesale-Red-Insulated-Cooler-Box-for-Food-Beverage-Storage2-1200x1200.webp 1200w, https:\/\/www.lianmeithermos.com\/wp-content\/uploads\/2025\/12\/Wholesale-Red-Insulated-Cooler-Box-for-Food-Beverage-Storage2-600x600.webp 600w, https:\/\/www.lianmeithermos.com\/wp-content\/uploads\/2025\/12\/Wholesale-Red-Insulated-Cooler-Box-for-Food-Beverage-Storage2-100x100.webp 100w\" sizes=\"(max-width: 3975px) 100vw, 3975px\" \/><\/figure>\n<\/div>\n<\/div>\n<\/div>\n<\/div>","protected":false},"excerpt":{"rendered":"<p data-start=\"452\" data-end=\"647\">Nevera port\u00e1til roja al por mayor con aislamiento duradero para mantener los alimentos y bebidas calientes o fr\u00edos durante horas. Ideal para catering, reparto y uso mayorista a granel.<\/p>\n<h2>Especificaciones de la nevera port\u00e1til aislada roja al por mayor<\/h2>\n<table style=\"height: 92px;\" width=\"548\">\n<thead>\n<tr>\n<th>Capacidad (L)<\/th>\n<th>Tama\u00f1o interior (di\u00e1metro \u00d7 altura, cm)<\/th>\n<th>Peso neto (kg)<\/th>\n<th>Peso bruto (kg)<\/th>\n<th>Tama\u00f1o del paquete individual (cm)<\/th>\n<th>Tama\u00f1o del cart\u00f3n (cm)<\/th>\n<th>Cantidad \/ Caja<\/th>\n<\/tr>\n<\/thead>\n<tbody>\n<tr>\n<td>25<\/td>\n<td>24,5 \u00d7 27<\/td>\n<td>2.4<\/td>\n<td>2.9<\/td>\n<td>32 \u00d7 32 \u00d7 34<\/td>\n<td>64 \u00d7 64 \u00d7 34<\/td>\n<td>4<\/td>\n<\/tr>\n<tr>\n<td>40<\/td>\n<td>24,5 \u00d7 37<\/td>\n<td>3.1<\/td>\n<td>3.6<\/td>\n<td>32 \u00d7 32 \u00d7 44<\/td>\n<td>64 \u00d7 64 \u00d7 44<\/td>\n<td>4<\/td>\n<\/tr>\n<\/tbody>\n<\/table>","protected":false},"featured_media":578,"comment_status":"closed","ping_status":"closed","template":"","meta":{"_acf_changed":false},"product_brand":[],"product_cat":[19],"product_tag":[24],"class_list":{"0":"post-577","1":"product","2":"type-product","3":"status-publish","4":"has-post-thumbnail","6":"product_cat-wholesale-insulated-cooler-boxes","7":"product_tag-outdoor","9":"first","10":"instock","11":"shipping-taxable","12":"product-type-simple"},"acf":[],"_links":{"self":[{"href":"https:\/\/www.lianmeithermos.com\/es\/wp-json\/wp\/v2\/product\/577","targetHints":{"allow":["GET"]}}],"collection":[{"href":"https:\/\/www.lianmeithermos.com\/es\/wp-json\/wp\/v2\/product"}],"about":[{"href":"https:\/\/www.lianmeithermos.com\/es\/wp-json\/wp\/v2\/types\/product"}],"replies":[{"embeddable":true,"href":"https:\/\/www.lianmeithermos.com\/es\/wp-json\/wp\/v2\/comments?post=577"}],"wp:featuredmedia":[{"embeddable":true,"href":"https:\/\/www.lianmeithermos.com\/es\/wp-json\/wp\/v2\/media\/578"}],"wp:attachment":[{"href":"https:\/\/www.lianmeithermos.com\/es\/wp-json\/wp\/v2\/media?parent=577"}],"wp:term":[{"taxonomy":"product_brand","embeddable":true,"href":"https:\/\/www.lianmeithermos.com\/es\/wp-json\/wp\/v2\/product_brand?post=577"},{"taxonomy":"product_cat","embeddable":true,"href":"https:\/\/www.lianmeithermos.com\/es\/wp-json\/wp\/v2\/product_cat?post=577"},{"taxonomy":"product_tag","embeddable":true,"href":"https:\/\/www.lianmeithermos.com\/es\/wp-json\/wp\/v2\/product_tag?post=577"}],"curies":[{"name":"wp","href":"https:\/\/api.w.org\/{rel}","templated":true}]}}