{"id":585,"date":"2025-12-29T03:25:47","date_gmt":"2025-12-29T03:25:47","guid":{"rendered":"https:\/\/www.lianmeithermos.com\/?post_type=product&#038;p=585"},"modified":"2026-01-24T08:09:16","modified_gmt":"2026-01-24T08:09:16","slug":"premium-bulk-insulated-food-containers","status":"publish","type":"product","link":"https:\/\/www.lianmeithermos.com\/es\/producto\/premium-bulk-insulated-food-containers\/","title":{"rendered":"Mayorista Recipientes Aislados para Alimentos Apilables a Granel"},"content":{"rendered":"<h2 class=\"wp-block-heading\">Caracter\u00edsticas de los recipientes isot\u00e9rmicos apilables para alimentos a granel <\/h2>\n\n\n\n<div class=\"wp-block-columns is-layout-flex wp-container-core-columns-is-layout-9d6595d7 wp-block-columns-is-layout-flex\">\n<div class=\"wp-block-column is-vertically-aligned-center is-layout-flow wp-block-column-is-layout-flow\">\n<div class=\"wp-block-columns is-layout-flex wp-container-core-columns-is-layout-9d6595d7 wp-block-columns-is-layout-flex\">\n<div class=\"wp-block-column is-vertically-aligned-top is-layout-flow wp-block-column-is-layout-flow\">\n<p><strong>Aislamiento duradero:<\/strong> El dise\u00f1o de aislamiento de alto rendimiento mantiene los alimentos a la temperatura ideal durante largos periodos de tiempo, garantizando su frescura y sabor durante el transporte o las reuniones.<\/p>\n\n\n\n<p><strong>Materiales duraderos y de alta calidad:<\/strong> Fabricado con materiales aptos para uso alimentario y sin BPA, resistente y duradero para un uso diario repetido.<\/p>\n\n\n\n<p><strong>Dise\u00f1o a prueba de fugas y derrames:<\/strong> El dise\u00f1o de tapa herm\u00e9tica evita eficazmente las fugas, lo que lo hace ideal para entregar comida a domicilio o transportarla.<\/p>\n\n\n\n<p><strong>F\u00e1cil de limpiar y reutilizable:<\/strong> Superficie interior lisa, apto para lavavajillas, ecol\u00f3gico y sostenible.<\/p>\n\n\n\n<p><strong>Gran capacidad para uso a granel:<\/strong> Gran capacidad y dise\u00f1o apilable, adecuado para restaurantes, preparaci\u00f3n de comidas o grandes eventos.<\/p>\n<\/div>\n\n\n\n<div class=\"wp-block-column is-layout-flow wp-block-column-is-layout-flow\">\n<figure class=\"wp-block-image size-full\"><img decoding=\"async\" width=\"1664\" height=\"1248\" src=\"https:\/\/www.lianmeithermos.com\/wp-content\/uploads\/2025\/12\/wholesale-insulated-food-containers-manufacturer-1.webp\" alt=\"Fabricante mayorista de recipientes isot\u00e9rmicos para alimentos\" class=\"wp-image-586\" srcset=\"https:\/\/www.lianmeithermos.com\/wp-content\/uploads\/2025\/12\/wholesale-insulated-food-containers-manufacturer-1.webp 1664w, https:\/\/www.lianmeithermos.com\/wp-content\/uploads\/2025\/12\/wholesale-insulated-food-containers-manufacturer-1-300x225.webp 300w, https:\/\/www.lianmeithermos.com\/wp-content\/uploads\/2025\/12\/wholesale-insulated-food-containers-manufacturer-1-768x576.webp 768w, https:\/\/www.lianmeithermos.com\/wp-content\/uploads\/2025\/12\/wholesale-insulated-food-containers-manufacturer-1-1200x900.webp 1200w, https:\/\/www.lianmeithermos.com\/wp-content\/uploads\/2025\/12\/wholesale-insulated-food-containers-manufacturer-1-600x450.webp 600w\" sizes=\"(max-width: 1664px) 100vw, 1664px\" \/><\/figure>\n<\/div>\n<\/div>\n<\/div>\n<\/div>\n\n\n\n<p><\/p>","protected":false},"excerpt":{"rendered":"<p data-start=\"239\" data-end=\"539\">Los recipientes aislantes apilables a granel mantienen la comida caliente o fr\u00eda durante horas, fabricados con materiales duraderos y sin BPA. Las tapas herm\u00e9ticas garantizan un transporte seguro, mientras que los grandes tama\u00f1os apilables los hacen perfectos para restaurantes, catering, preparaci\u00f3n de comidas y eventos. Ideales para almacenar y transportar alimentos a granel.<\/p>\n<h2>\u00a0<\/h2>\n<p>&nbsp;<\/p>","protected":false},"featured_media":586,"comment_status":"closed","ping_status":"closed","template":"","meta":{"_acf_changed":false},"product_brand":[],"product_cat":[20],"product_tag":[23],"class_list":{"0":"post-585","1":"product","2":"type-product","3":"status-publish","4":"has-post-thumbnail","6":"product_cat-wholesale-insulated-food-containers","7":"product_tag-family-kitchen","9":"first","10":"instock","11":"shipping-taxable","12":"product-type-simple"},"acf":[],"_links":{"self":[{"href":"https:\/\/www.lianmeithermos.com\/es\/wp-json\/wp\/v2\/product\/585","targetHints":{"allow":["GET"]}}],"collection":[{"href":"https:\/\/www.lianmeithermos.com\/es\/wp-json\/wp\/v2\/product"}],"about":[{"href":"https:\/\/www.lianmeithermos.com\/es\/wp-json\/wp\/v2\/types\/product"}],"replies":[{"embeddable":true,"href":"https:\/\/www.lianmeithermos.com\/es\/wp-json\/wp\/v2\/comments?post=585"}],"wp:featuredmedia":[{"embeddable":true,"href":"https:\/\/www.lianmeithermos.com\/es\/wp-json\/wp\/v2\/media\/586"}],"wp:attachment":[{"href":"https:\/\/www.lianmeithermos.com\/es\/wp-json\/wp\/v2\/media?parent=585"}],"wp:term":[{"taxonomy":"product_brand","embeddable":true,"href":"https:\/\/www.lianmeithermos.com\/es\/wp-json\/wp\/v2\/product_brand?post=585"},{"taxonomy":"product_cat","embeddable":true,"href":"https:\/\/www.lianmeithermos.com\/es\/wp-json\/wp\/v2\/product_cat?post=585"},{"taxonomy":"product_tag","embeddable":true,"href":"https:\/\/www.lianmeithermos.com\/es\/wp-json\/wp\/v2\/product_tag?post=585"}],"curies":[{"name":"wp","href":"https:\/\/api.w.org\/{rel}","templated":true}]}}