{"id":686,"date":"2026-01-15T08:35:48","date_gmt":"2026-01-15T08:35:48","guid":{"rendered":"https:\/\/www.lianmeithermos.com\/?post_type=product&#038;p=686"},"modified":"2026-04-08T01:18:48","modified_gmt":"2026-04-08T01:18:48","slug":"wholesale-stainless-steel-beverage-dispenser","status":"publish","type":"product","link":"https:\/\/www.lianmeithermos.com\/es\/producto\/wholesale-stainless-steel-beverage-dispenser\/","title":{"rendered":"Mayorista Dispensador de bebidas de acero inoxidable para bebidas fr\u00edas y calientes"},"content":{"rendered":"<h2 class=\"wp-block-heading\">Caracter\u00edsticas del dispensador de bebidas de acero inoxidable al por mayor<\/h2>\n\n\n\n<div class=\"wp-block-columns is-layout-flex wp-container-core-columns-is-layout-9d6595d7 wp-block-columns-is-layout-flex\">\n<div class=\"wp-block-column is-vertically-aligned-center is-layout-flow wp-block-column-is-layout-flow\">\n<div class=\"wp-block-columns is-layout-flex wp-container-core-columns-is-layout-9d6595d7 wp-block-columns-is-layout-flex\">\n<div class=\"wp-block-column is-vertically-aligned-top is-layout-flow wp-block-column-is-layout-flow\">\n<p><strong>Construcci\u00f3n resistente de acero inoxidable 304<\/strong><br>Fabricado en acero inoxidable 304 de primera calidad, este recipiente es muy duradero, resistente a la corrosi\u00f3n, a prueba de \u00f3xido y capaz de soportar altas temperaturas sin retener olores.<\/p>\n\n\n\n<p><strong>Aislamiento superior en fr\u00edo y calor<\/strong><br>El dise\u00f1o aislante de doble pared mantiene las bebidas calientes o fr\u00edas durante periodos prolongados, conservando su frescura y reduciendo la necesidad de recalentarlas o enfriarlas.<\/p>\n\n\n\n<p><strong>Dise\u00f1o de sellado higi\u00e9nico y de calidad alimentaria<\/strong><br>Fabricado con materiales aptos para uso alimentario y una tapa herm\u00e9tica segura que mantiene la frescura y evita las fugas, la contaminaci\u00f3n y la transferencia de olores.<\/p>\n\n\n\n<p><strong>C\u00f3modo dispensado y f\u00e1cil limpieza<\/strong><br>La superficie de acero inoxidable pulido garantiza una limpieza y un mantenimiento r\u00e1pidos y sencillos.<\/p>\n\n\n\n<p><strong>M\u00faltiples capacidades y opciones de color<\/strong><br>Disponibles en varios tama\u00f1os y colores para satisfacer diferentes necesidades de uso, con opciones de personalizaci\u00f3n ideales para aplicaciones comerciales, de marca y al por mayor.<\/p>\n<\/div>\n\n\n\n<div class=\"wp-block-column is-layout-flow wp-block-column-is-layout-flow\">\n<figure class=\"wp-block-image size-full\"><img decoding=\"async\" width=\"1524\" height=\"1524\" src=\"https:\/\/www.lianmeithermos.com\/wp-content\/uploads\/2026\/01\/Wholesale-Stainless-Steel-Beverage-Dispenser2.webp\" alt=\"Mayorista Dispensador de bebidas de acero inoxidable2\" class=\"wp-image-688\" srcset=\"https:\/\/www.lianmeithermos.com\/wp-content\/uploads\/2026\/01\/Wholesale-Stainless-Steel-Beverage-Dispenser2.webp 1524w, https:\/\/www.lianmeithermos.com\/wp-content\/uploads\/2026\/01\/Wholesale-Stainless-Steel-Beverage-Dispenser2-300x300.webp 300w, https:\/\/www.lianmeithermos.com\/wp-content\/uploads\/2026\/01\/Wholesale-Stainless-Steel-Beverage-Dispenser2-150x150.webp 150w, https:\/\/www.lianmeithermos.com\/wp-content\/uploads\/2026\/01\/Wholesale-Stainless-Steel-Beverage-Dispenser2-768x768.webp 768w, https:\/\/www.lianmeithermos.com\/wp-content\/uploads\/2026\/01\/Wholesale-Stainless-Steel-Beverage-Dispenser2-12x12.webp 12w, https:\/\/www.lianmeithermos.com\/wp-content\/uploads\/2026\/01\/Wholesale-Stainless-Steel-Beverage-Dispenser2-1200x1200.webp 1200w, https:\/\/www.lianmeithermos.com\/wp-content\/uploads\/2026\/01\/Wholesale-Stainless-Steel-Beverage-Dispenser2-600x600.webp 600w, https:\/\/www.lianmeithermos.com\/wp-content\/uploads\/2026\/01\/Wholesale-Stainless-Steel-Beverage-Dispenser2-100x100.webp 100w\" sizes=\"(max-width: 1524px) 100vw, 1524px\" \/><\/figure>\n<\/div>\n<\/div>\n<\/div>\n<\/div>","protected":false},"excerpt":{"rendered":"<p data-start=\"452\" data-end=\"647\">Dispensador de bebidas de acero inoxidable al por mayor dise\u00f1ado para mantener las bebidas calientes o fr\u00edas durante horas con una construcci\u00f3n duradera de acero inoxidable y un dispensador de espita fiable, ideal para restaurantes, catering y servicios de comidas.<\/p>\n<h2>Especificaciones del dispensador de bebidas de acero inoxidable al por mayor<\/h2>\n<table>\n<thead>\n<tr>\n<th>Modelo<\/th>\n<th>Di\u00e1metro interior (cm)<\/th>\n<th>Di\u00e1metro exterior (cm)<\/th>\n<th>Altura interior (cm)<\/th>\n<th>Altura exterior (con tapa, cm)<\/th>\n<th>Capacidad de agua (kg)<\/th>\n<th>Capacidad real (L)<\/th>\n<th>Capacidad de arroz (kg)<\/th>\n<th>Capacidad de gachas (kg)<\/th>\n<th>Leche de soja (vasos de 350 ml)<\/th>\n<\/tr>\n<\/thead>\n<tbody>\n<tr>\n<td>6L<\/td>\n<td>19.5<\/td>\n<td>23<\/td>\n<td>20<\/td>\n<td>26<\/td>\n<td>6.0<\/td>\n<td>6<\/td>\n<td>3.5<\/td>\n<td>4.5<\/td>\n<td>17<\/td>\n<\/tr>\n<tr>\n<td>8L<\/td>\n<td>25<\/td>\n<td>29<\/td>\n<td>20<\/td>\n<td>26<\/td>\n<td>8.0<\/td>\n<td>8<\/td>\n<td>5.0<\/td>\n<td>6.0<\/td>\n<td>23<\/td>\n<\/tr>\n<tr>\n<td>12L<\/td>\n<td>25<\/td>\n<td>29<\/td>\n<td>25<\/td>\n<td>31<\/td>\n<td>12.0<\/td>\n<td>12<\/td>\n<td>7.0<\/td>\n<td>9.0<\/td>\n<td>34<\/td>\n<\/tr>\n<tr>\n<td>14L<\/td>\n<td>25<\/td>\n<td>29<\/td>\n<td>29<\/td>\n<td>36<\/td>\n<td>14.0<\/td>\n<td>14<\/td>\n<td>8.5<\/td>\n<td>10.5<\/td>\n<td>40<\/td>\n<\/tr>\n<tr>\n<td>17L<\/td>\n<td>25<\/td>\n<td>29<\/td>\n<td>35<\/td>\n<td>41<\/td>\n<td>17.0<\/td>\n<td>17<\/td>\n<td>10.0<\/td>\n<td>13.0<\/td>\n<td>49<\/td>\n<\/tr>\n<tr>\n<td>20L<\/td>\n<td>30<\/td>\n<td>35<\/td>\n<td>28.5<\/td>\n<td>36<\/td>\n<td>20.0<\/td>\n<td>20<\/td>\n<td>12.0<\/td>\n<td>15.0<\/td>\n<td>57<\/td>\n<\/tr>\n<tr>\n<td>29L<\/td>\n<td>30<\/td>\n<td>35<\/td>\n<td>41<\/td>\n<td>46.5<\/td>\n<td>29.0<\/td>\n<td>29<\/td>\n<td>17.5<\/td>\n<td>22.0<\/td>\n<td>83<\/td>\n<\/tr>\n<tr>\n<td>54L<\/td>\n<td>40<\/td>\n<td>44<\/td>\n<td>43<\/td>\n<td>50<\/td>\n<td>54.0<\/td>\n<td>54<\/td>\n<td>32.5<\/td>\n<td>40.5<\/td>\n<td>154<\/td>\n<\/tr>\n<tr>\n<td>60L<\/td>\n<td>40<\/td>\n<td>45<\/td>\n<td>48<\/td>\n<td>54.5<\/td>\n<td>60.0<\/td>\n<td>60<\/td>\n<td>36.0<\/td>\n<td>45.0<\/td>\n<td>171<\/td>\n<\/tr>\n<tr>\n<td>66L<\/td>\n<td>40<\/td>\n<td>45<\/td>\n<td>53<\/td>\n<td>60<\/td>\n<td>66.0<\/td>\n<td>66<\/td>\n<td>39.5<\/td>\n<td>49.5<\/td>\n<td>189<\/td>\n<\/tr>\n<\/tbody>\n<\/table>\n<table data-path-to-node=\"2\">\n<thead>\n<tr>\n<td><strong>Caracter\u00edstica<\/strong><\/td>\n<td><strong>Detalles y especificaciones<\/strong><\/td>\n<\/tr>\n<\/thead>\n<tbody>\n<tr>\n<td><span data-path-to-node=\"2,1,0,0\"><b data-path-to-node=\"2,1,0,0\" data-index-in-node=\"0\">Material<\/b><\/span><\/td>\n<td><span data-path-to-node=\"2,1,1,0\">Carcasa de pl\u00e1stico resistente + revestimiento de acero inoxidable 201\/304 de calidad alimentaria<\/span><\/td>\n<\/tr>\n<tr>\n<td><span data-path-to-node=\"2,2,0,0\"><b data-path-to-node=\"2,2,0,0\" data-index-in-node=\"0\">Capa aislante<\/b><\/span><\/td>\n<td><span data-path-to-node=\"2,2,1,0\">Espuma completa de PU (poliuretano) de alta densidad<\/span><\/td>\n<\/tr>\n<tr>\n<td><span data-path-to-node=\"2,3,0,0\"><b data-path-to-node=\"2,3,0,0\" data-index-in-node=\"0\">Sistema de sellado<\/b><\/span><\/td>\n<td><span data-path-to-node=\"2,3,1,0\">Tapa con junta de silicona y hebillas de cierre seguro<\/span><\/td>\n<\/tr>\n<tr>\n<td><span data-path-to-node=\"2,4,0,0\"><b data-path-to-node=\"2,4,0,0\" data-index-in-node=\"0\">Aislamiento l\u00edquido<\/b><\/span><\/td>\n<td><span data-path-to-node=\"2,4,1,0\"><b data-path-to-node=\"2,4,1,0\" data-index-in-node=\"0\">18-24 horas<\/b> (Probado en <span class=\"math-inline\" data-math=\"26^{\\circ}\\text{C}\" data-index-in-node=\"23\">26\u2103<\/span>temperatura ambiente)<\/span><\/td>\n<\/tr>\n<tr>\n<td><span data-path-to-node=\"2,5,0,0\"><b data-path-to-node=\"2,5,0,0\" data-index-in-node=\"0\">Aislamiento de alimentos s\u00f3lidos<\/b><\/span><\/td>\n<td><span data-path-to-node=\"2,5,1,0\"><b data-path-to-node=\"2,5,1,0\" data-index-in-node=\"0\">6-10 horas<\/b> (Probado en <span class=\"math-inline\" data-math=\"26^{\\circ}\\text{C}\" data-index-in-node=\"22\">26\u2103<\/span>\u00a0temperatura ambiente)<\/span><\/td>\n<\/tr>\n<tr>\n<td><span data-path-to-node=\"2,6,0,0\"><b data-path-to-node=\"2,6,0,0\" data-index-in-node=\"0\">Durabilidad<\/b><\/span><\/td>\n<td><span data-path-to-node=\"2,6,1,0\">Carcasa resistente, a prueba de golpes y ca\u00eddas<\/span><\/td>\n<\/tr>\n<tr>\n<td><span data-path-to-node=\"2,7,0,0\"><b data-path-to-node=\"2,7,0,0\" data-index-in-node=\"0\">Colores disponibles<\/b><\/span><\/td>\n<td><span data-path-to-node=\"2,7,1,0\">Rojo, azul, verde (colores personalizados disponibles bajo pedido)<\/span><\/td>\n<\/tr>\n<tr>\n<td><span data-path-to-node=\"2,8,0,0\"><b data-path-to-node=\"2,8,0,0\" data-index-in-node=\"0\">Certificaciones<\/b><\/span><\/td>\n<td><span data-path-to-node=\"2,8,1,0\"><b data-path-to-node=\"2,8,1,0\" data-index-in-node=\"0\">Administraci\u00f3n de Alimentos y Medicamentos<\/b> &amp; <b data-path-to-node=\"2,8,1,0\" data-index-in-node=\"6\">FCM<\/b> Certificado (material en contacto con alimentos)<\/span><\/td>\n<\/tr>\n<tr>\n<td><span data-path-to-node=\"2,9,0,0\"><b data-path-to-node=\"2,9,0,0\" data-index-in-node=\"0\">Aplicaci\u00f3n<\/b><\/span><\/td>\n<td><span data-path-to-node=\"2,9,1,0\">Catering, comida r\u00e1pida, transporte de bebidas y eventos al aire libre<\/span><\/td>\n<\/tr>\n<\/tbody>\n<\/table>","protected":false},"featured_media":687,"comment_status":"closed","ping_status":"closed","template":"","meta":{"_acf_changed":false},"product_brand":[],"product_cat":[19],"product_tag":[24],"class_list":{"0":"post-686","1":"product","2":"type-product","3":"status-publish","4":"has-post-thumbnail","6":"product_cat-wholesale-insulated-cooler-boxes","7":"product_tag-outdoor","9":"first","10":"instock","11":"shipping-taxable","12":"product-type-simple"},"acf":[],"_links":{"self":[{"href":"https:\/\/www.lianmeithermos.com\/es\/wp-json\/wp\/v2\/product\/686","targetHints":{"allow":["GET"]}}],"collection":[{"href":"https:\/\/www.lianmeithermos.com\/es\/wp-json\/wp\/v2\/product"}],"about":[{"href":"https:\/\/www.lianmeithermos.com\/es\/wp-json\/wp\/v2\/types\/product"}],"replies":[{"embeddable":true,"href":"https:\/\/www.lianmeithermos.com\/es\/wp-json\/wp\/v2\/comments?post=686"}],"wp:featuredmedia":[{"embeddable":true,"href":"https:\/\/www.lianmeithermos.com\/es\/wp-json\/wp\/v2\/media\/687"}],"wp:attachment":[{"href":"https:\/\/www.lianmeithermos.com\/es\/wp-json\/wp\/v2\/media?parent=686"}],"wp:term":[{"taxonomy":"product_brand","embeddable":true,"href":"https:\/\/www.lianmeithermos.com\/es\/wp-json\/wp\/v2\/product_brand?post=686"},{"taxonomy":"product_cat","embeddable":true,"href":"https:\/\/www.lianmeithermos.com\/es\/wp-json\/wp\/v2\/product_cat?post=686"},{"taxonomy":"product_tag","embeddable":true,"href":"https:\/\/www.lianmeithermos.com\/es\/wp-json\/wp\/v2\/product_tag?post=686"}],"curies":[{"name":"wp","href":"https:\/\/api.w.org\/{rel}","templated":true}]}}