{"id":734,"date":"2026-01-30T06:40:02","date_gmt":"2026-01-30T06:40:02","guid":{"rendered":"https:\/\/www.lianmeithermos.com\/?post_type=product&#038;p=734"},"modified":"2026-01-30T06:58:12","modified_gmt":"2026-01-30T06:58:12","slug":"wholesale-commercial-insulated-beverage-dispenser","status":"publish","type":"product","link":"https:\/\/www.lianmeithermos.com\/es\/producto\/wholesale-commercial-insulated-beverage-dispenser\/","title":{"rendered":"Mayorista Comercial Dispensador de Bebidas Aislado con Grifo | Barril de T\u00e9 con Leche"},"content":{"rendered":"<h2 class=\"wp-block-heading\">Caracter\u00edsticas del Dispensador de Bebidas Aislado Comercial al por Mayor<\/h2>\n\n\n\n<div class=\"wp-block-columns is-layout-flex wp-container-core-columns-is-layout-9d6595d7 wp-block-columns-is-layout-flex\">\n<div class=\"wp-block-column is-vertically-aligned-center is-layout-flow wp-block-column-is-layout-flow\">\n<div class=\"wp-block-columns is-layout-flex wp-container-core-columns-is-layout-9d6595d7 wp-block-columns-is-layout-flex\">\n<div class=\"wp-block-column is-vertically-aligned-top is-layout-flow wp-block-column-is-layout-flow\">\n<p><strong>Retenci\u00f3n de temperatura de calidad comercial:<\/strong> Fabricada con tecnolog\u00eda de aislamiento multicapa para mantener las bebidas calientes o heladas durante m\u00e1s de 12 horas, ideal para desayunos de gran volumen y largos turnos de cafeter\u00eda.<\/p>\n\n\n\n<p><strong>Grifo duradero de alto caudal:<\/strong> Equipada con una espita comercial resistente y antigoteo dise\u00f1ada para soportar cientos de tirones diarios sin gotear, lo que garantiza una estaci\u00f3n de trabajo limpia y un servicio r\u00e1pido.<\/p>\n\n\n\n<p><strong>Interior de acero inoxidable de grado alimentario:<\/strong> El revestimiento interior est\u00e1 fabricado en acero inoxidable de primera calidad resistente al \u00f3xido que no absorbe olores ni sabores, lo que garantiza que sus t\u00e9s y caf\u00e9s con leche exclusivos tengan exactamente el sabor deseado.<\/p>\n\n\n\n<p><strong>Gran capacidad para horas punta:<\/strong> Dise\u00f1ado espec\u00edficamente para su uso en catering y restaurantes, permite al personal preparar grandes lotes con antelaci\u00f3n y reducir la necesidad de rellenar constantemente durante las horas punta del negocio.<\/p>\n\n\n\n<p><strong>Dise\u00f1o de tapa en espiral sellada:<\/strong> Cuenta con una tapa profesional con cierre en espiral que proporciona un sellado a prueba de polvo y mejora la conservaci\u00f3n del calor, a la vez que resulta f\u00e1cil de abrir y rellenar r\u00e1pidamente para el personal.<\/p>\n\n\n\n<p><strong>Construcci\u00f3n port\u00e1til y estable:<\/strong> Dispone de una robusta asa integrada para facilitar el transporte entre la cocina y la zona de servicio, apoyada sobre patas estables y antideslizantes para evitar vuelcos en zonas de servicio muy concurridas.<\/p>\n<\/div>\n\n\n\n<div class=\"wp-block-column is-layout-flow wp-block-column-is-layout-flow\">\n<figure class=\"wp-block-image size-full\"><img decoding=\"async\" width=\"800\" height=\"800\" src=\"https:\/\/www.lianmeithermos.com\/wp-content\/uploads\/2025\/12\/Milk-Tea-Buckets-in-Bulk1.webp\" alt=\"Cubos de t\u00e9 con leche a granel1\" class=\"wp-image-559\" srcset=\"https:\/\/www.lianmeithermos.com\/wp-content\/uploads\/2025\/12\/Milk-Tea-Buckets-in-Bulk1.webp 800w, https:\/\/www.lianmeithermos.com\/wp-content\/uploads\/2025\/12\/Milk-Tea-Buckets-in-Bulk1-300x300.webp 300w, https:\/\/www.lianmeithermos.com\/wp-content\/uploads\/2025\/12\/Milk-Tea-Buckets-in-Bulk1-150x150.webp 150w, https:\/\/www.lianmeithermos.com\/wp-content\/uploads\/2025\/12\/Milk-Tea-Buckets-in-Bulk1-768x768.webp 768w, https:\/\/www.lianmeithermos.com\/wp-content\/uploads\/2025\/12\/Milk-Tea-Buckets-in-Bulk1-600x600.webp 600w, https:\/\/www.lianmeithermos.com\/wp-content\/uploads\/2025\/12\/Milk-Tea-Buckets-in-Bulk1-100x100.webp 100w\" sizes=\"(max-width: 800px) 100vw, 800px\" \/><\/figure>\n<\/div>\n<\/div>\n<\/div>\n<\/div>","protected":false},"excerpt":{"rendered":"<p data-start=\"452\" data-end=\"647\">Aumente la eficiencia de su servicio con este dispensador de bebidas aislado para uso comercial al por mayor. Este resistente barril de t\u00e9 con leche cuenta con un grifo de alto caudal y un revestimiento de acero inoxidable de calidad alimentaria, que mantiene las bebidas a la temperatura m\u00e1xima durante horas. Duradero, higi\u00e9nico y dise\u00f1ado para cafeter\u00edas y restaurantes de gran volumen.<\/p>\n<h2>Especificaciones del dispensador de bebidas aislado comercial al por mayor<\/h2>\n<table style=\"height: 251px;\" width=\"635\">\n<thead>\n<tr>\n<th>Capacidad (L)<\/th>\n<th>Di\u00e1metro interior \u00d7 Altura interior (cm)<\/th>\n<th>Peso bruto (kg)<\/th>\n<th>Tama\u00f1o del paquete individual (cm)<\/th>\n<th>Tama\u00f1o del cart\u00f3n (cm)<\/th>\n<th>Cantidad \/ Caja<\/th>\n<\/tr>\n<\/thead>\n<tbody>\n<tr>\n<td>6<\/td>\n<td>19,5 \u00d7 17<\/td>\n<td>1.62<\/td>\n<td>35 \u00d7 25 \u00d7 30,5<\/td>\n<td>76 \u00d7 51 \u00d7 33<\/td>\n<td>6<\/td>\n<\/tr>\n<tr>\n<td>8<\/td>\n<td>19,5 \u00d7 22<\/td>\n<td>1.86<\/td>\n<td>35 \u00d7 25 \u00d7 35,5<\/td>\n<td>51 \u00d7 38 \u00d7 35<\/td>\n<td>6<\/td>\n<\/tr>\n<tr>\n<td>10<\/td>\n<td>19,5 \u00d7 27,5<\/td>\n<td>2.05<\/td>\n<td>35 \u00d7 25 \u00d7 40,5<\/td>\n<td>51 \u00d7 43 \u00d7 39<\/td>\n<td>6<\/td>\n<\/tr>\n<tr>\n<td>12<\/td>\n<td>19,5 \u00d7 32<\/td>\n<td>2.17<\/td>\n<td>35 \u00d7 25 \u00d7 45,5<\/td>\n<td>51 \u00d7 48 \u00d7 43<\/td>\n<td>6<\/td>\n<\/tr>\n<tr>\n<td>14<\/td>\n<td>25 \u00d7 22<\/td>\n<td>3.00<\/td>\n<td>35 \u00d7 35 \u00d7 43<\/td>\n<td>\u2014<\/td>\n<td>6<\/td>\n<\/tr>\n<tr>\n<td>16<\/td>\n<td>25 \u00d7 26,5<\/td>\n<td>3.23<\/td>\n<td>35 \u00d7 35 \u00d7 47<\/td>\n<td>60 \u00d7 48 \u00d7 57<\/td>\n<td>6<\/td>\n<\/tr>\n<tr>\n<td>18<\/td>\n<td>25 \u00d7 29<\/td>\n<td>3.30<\/td>\n<td>35 \u00d7 35 \u00d7 50<\/td>\n<td>\u2014<\/td>\n<td>6<\/td>\n<\/tr>\n<tr>\n<td>20<\/td>\n<td>25 \u00d7 33,5<\/td>\n<td>3.73<\/td>\n<td>35 \u00d7 35 \u00d7 56<\/td>\n<td>60 \u00d7 56 \u00d7 70<\/td>\n<td>6<\/td>\n<\/tr>\n<\/tbody>\n<\/table>","protected":false},"featured_media":735,"comment_status":"closed","ping_status":"closed","template":"","meta":{"_acf_changed":false},"product_brand":[],"product_cat":[18],"product_tag":[25],"class_list":{"0":"post-734","1":"product","2":"type-product","3":"status-publish","4":"has-post-thumbnail","6":"product_cat-wholesale-milk-tea-buckets","7":"product_tag-restaurant","9":"first","10":"instock","11":"shipping-taxable","12":"product-type-simple"},"acf":[],"_links":{"self":[{"href":"https:\/\/www.lianmeithermos.com\/es\/wp-json\/wp\/v2\/product\/734","targetHints":{"allow":["GET"]}}],"collection":[{"href":"https:\/\/www.lianmeithermos.com\/es\/wp-json\/wp\/v2\/product"}],"about":[{"href":"https:\/\/www.lianmeithermos.com\/es\/wp-json\/wp\/v2\/types\/product"}],"replies":[{"embeddable":true,"href":"https:\/\/www.lianmeithermos.com\/es\/wp-json\/wp\/v2\/comments?post=734"}],"wp:featuredmedia":[{"embeddable":true,"href":"https:\/\/www.lianmeithermos.com\/es\/wp-json\/wp\/v2\/media\/735"}],"wp:attachment":[{"href":"https:\/\/www.lianmeithermos.com\/es\/wp-json\/wp\/v2\/media?parent=734"}],"wp:term":[{"taxonomy":"product_brand","embeddable":true,"href":"https:\/\/www.lianmeithermos.com\/es\/wp-json\/wp\/v2\/product_brand?post=734"},{"taxonomy":"product_cat","embeddable":true,"href":"https:\/\/www.lianmeithermos.com\/es\/wp-json\/wp\/v2\/product_cat?post=734"},{"taxonomy":"product_tag","embeddable":true,"href":"https:\/\/www.lianmeithermos.com\/es\/wp-json\/wp\/v2\/product_tag?post=734"}],"curies":[{"name":"wp","href":"https:\/\/api.w.org\/{rel}","templated":true}]}}