{"id":736,"date":"2026-01-30T07:17:45","date_gmt":"2026-01-30T07:17:45","guid":{"rendered":"https:\/\/www.lianmeithermos.com\/?post_type=product&#038;p=736"},"modified":"2026-01-30T07:27:41","modified_gmt":"2026-01-30T07:27:41","slug":"wholesale-commercial-insulated-food-container-set","status":"publish","type":"product","link":"https:\/\/www.lianmeithermos.com\/es\/producto\/wholesale-commercial-insulated-food-container-set\/","title":{"rendered":"Mayorista Juego Comercial de Recipientes Aislados para Alimentos (4 Piezas)"},"content":{"rendered":"<h2 class=\"wp-block-heading\">Caracter\u00edsticas del Recipiente isot\u00e9rmico comercial para alimentos al por mayor<\/h2>\n\n\n\n<div class=\"wp-block-columns is-layout-flex wp-container-core-columns-is-layout-9d6595d7 wp-block-columns-is-layout-flex\">\n<div class=\"wp-block-column is-vertically-aligned-center is-layout-flow wp-block-column-is-layout-flow\">\n<div class=\"wp-block-columns is-layout-flex wp-container-core-columns-is-layout-9d6595d7 wp-block-columns-is-layout-flex\">\n<div class=\"wp-block-column is-vertically-aligned-top is-layout-flow wp-block-column-is-layout-flow\">\n<p><strong>Aislamiento duradero:<\/strong> El dise\u00f1o de aislamiento de alto rendimiento mantiene los alimentos a la temperatura ideal durante largos periodos de tiempo, garantizando su frescura y sabor durante el transporte o las reuniones.<\/p>\n\n\n\n<p><strong>Materiales duraderos y de alta calidad:<\/strong> Fabricado con materiales aptos para uso alimentario y sin BPA, resistente y duradero para un uso diario repetido.<\/p>\n\n\n\n<p><strong>Dise\u00f1o a prueba de fugas y derrames:<\/strong> El dise\u00f1o de tapa herm\u00e9tica evita eficazmente las fugas, lo que lo hace ideal para entregar comida a domicilio o transportarla.<\/p>\n\n\n\n<p><strong>F\u00e1cil de limpiar y reutilizable:<\/strong> Superficie interior lisa, apto para lavavajillas, ecol\u00f3gico y sostenible.<\/p>\n\n\n\n<p><strong>Gran capacidad para uso a granel:<\/strong> Gran capacidad y dise\u00f1o apilable, adecuado para restaurantes, preparaci\u00f3n de comidas o grandes eventos.<\/p>\n<\/div>\n\n\n\n<div class=\"wp-block-column is-layout-flow wp-block-column-is-layout-flow\">\n<figure class=\"wp-block-image size-full\"><img decoding=\"async\" width=\"2500\" height=\"2500\" src=\"https:\/\/www.lianmeithermos.com\/wp-content\/uploads\/2026\/01\/Wholesale-Commercial-Insulated-Food-Container-Set-4-Piece.webp\" alt=\"Mayorista Juego Comercial de Recipientes Aislados para Alimentos (4 Piezas)\" class=\"wp-image-737\" srcset=\"https:\/\/www.lianmeithermos.com\/wp-content\/uploads\/2026\/01\/Wholesale-Commercial-Insulated-Food-Container-Set-4-Piece.webp 2500w, https:\/\/www.lianmeithermos.com\/wp-content\/uploads\/2026\/01\/Wholesale-Commercial-Insulated-Food-Container-Set-4-Piece-300x300.webp 300w, https:\/\/www.lianmeithermos.com\/wp-content\/uploads\/2026\/01\/Wholesale-Commercial-Insulated-Food-Container-Set-4-Piece-150x150.webp 150w, https:\/\/www.lianmeithermos.com\/wp-content\/uploads\/2026\/01\/Wholesale-Commercial-Insulated-Food-Container-Set-4-Piece-768x768.webp 768w, https:\/\/www.lianmeithermos.com\/wp-content\/uploads\/2026\/01\/Wholesale-Commercial-Insulated-Food-Container-Set-4-Piece-12x12.webp 12w, https:\/\/www.lianmeithermos.com\/wp-content\/uploads\/2026\/01\/Wholesale-Commercial-Insulated-Food-Container-Set-4-Piece-1200x1200.webp 1200w, https:\/\/www.lianmeithermos.com\/wp-content\/uploads\/2026\/01\/Wholesale-Commercial-Insulated-Food-Container-Set-4-Piece-600x600.webp 600w, https:\/\/www.lianmeithermos.com\/wp-content\/uploads\/2026\/01\/Wholesale-Commercial-Insulated-Food-Container-Set-4-Piece-100x100.webp 100w\" sizes=\"(max-width: 2500px) 100vw, 2500px\" \/><\/figure>\n<\/div>\n<\/div>\n<\/div>\n<\/div>\n\n\n\n<p><\/p>","protected":false},"excerpt":{"rendered":"<p data-start=\"239\" data-end=\"539\">Una soluci\u00f3n t\u00e9rmica compacta pero potente para cocinas profesionales. Este juego de 4 recipientes isot\u00e9rmicos para alimentos cuenta con revestimientos de acero inoxidable de primera calidad y una vers\u00e1til tetera de leche con grifo, que mantiene sus platos principales y bebidas exclusivas a la temperatura perfecta durante m\u00e1s de 24 horas.<\/p>\n<h2>\u00a0<\/h2>\n<p>&nbsp;<\/p>","protected":false},"featured_media":737,"comment_status":"closed","ping_status":"closed","template":"","meta":{"_acf_changed":false},"product_brand":[],"product_cat":[20],"product_tag":[23],"class_list":{"0":"post-736","1":"product","2":"type-product","3":"status-publish","4":"has-post-thumbnail","6":"product_cat-wholesale-insulated-food-containers","7":"product_tag-family-kitchen","9":"first","10":"instock","11":"shipping-taxable","12":"product-type-simple"},"acf":[],"_links":{"self":[{"href":"https:\/\/www.lianmeithermos.com\/es\/wp-json\/wp\/v2\/product\/736","targetHints":{"allow":["GET"]}}],"collection":[{"href":"https:\/\/www.lianmeithermos.com\/es\/wp-json\/wp\/v2\/product"}],"about":[{"href":"https:\/\/www.lianmeithermos.com\/es\/wp-json\/wp\/v2\/types\/product"}],"replies":[{"embeddable":true,"href":"https:\/\/www.lianmeithermos.com\/es\/wp-json\/wp\/v2\/comments?post=736"}],"wp:featuredmedia":[{"embeddable":true,"href":"https:\/\/www.lianmeithermos.com\/es\/wp-json\/wp\/v2\/media\/737"}],"wp:attachment":[{"href":"https:\/\/www.lianmeithermos.com\/es\/wp-json\/wp\/v2\/media?parent=736"}],"wp:term":[{"taxonomy":"product_brand","embeddable":true,"href":"https:\/\/www.lianmeithermos.com\/es\/wp-json\/wp\/v2\/product_brand?post=736"},{"taxonomy":"product_cat","embeddable":true,"href":"https:\/\/www.lianmeithermos.com\/es\/wp-json\/wp\/v2\/product_cat?post=736"},{"taxonomy":"product_tag","embeddable":true,"href":"https:\/\/www.lianmeithermos.com\/es\/wp-json\/wp\/v2\/product_tag?post=736"}],"curies":[{"name":"wp","href":"https:\/\/api.w.org\/{rel}","templated":true}]}}