{"id":738,"date":"2026-01-30T07:29:51","date_gmt":"2026-01-30T07:29:51","guid":{"rendered":"https:\/\/www.lianmeithermos.com\/?post_type=product&#038;p=738"},"modified":"2026-01-30T08:16:51","modified_gmt":"2026-01-30T08:16:51","slug":"catering-insulated-food-container-kit-wholesale","status":"publish","type":"product","link":"https:\/\/www.lianmeithermos.com\/es\/producto\/catering-insulated-food-container-kit-wholesale\/","title":{"rendered":"Kit de recipientes isot\u00e9rmicos profesionales para catering al por mayor"},"content":{"rendered":"<h2 class=\"wp-block-heading\">Caracter\u00edsticas del Kit de recipientes isot\u00e9rmicos para alimentos al por mayor <\/h2>\n\n\n\n<div class=\"wp-block-columns is-layout-flex wp-container-core-columns-is-layout-9d6595d7 wp-block-columns-is-layout-flex\">\n<div class=\"wp-block-column is-vertically-aligned-center is-layout-flow wp-block-column-is-layout-flow\">\n<div class=\"wp-block-columns is-layout-flex wp-container-core-columns-is-layout-9d6595d7 wp-block-columns-is-layout-flex\">\n<div class=\"wp-block-column is-vertically-aligned-top is-layout-flow wp-block-column-is-layout-flow\">\n<p><strong>Soluci\u00f3n completa de catering:<\/strong> Un kit profesional de m\u00e1s de 15 piezas que incluye <strong>Recipientes isot\u00e9rmicos para alimentos<\/strong>, Con un dispensador de bebidas, bandejas para servir y vajilla para un buf\u00e9 inmediato.<\/p>\n\n\n\n<p><strong>Estaci\u00f3n de bebidas integrada:<\/strong> Dispone de un cubo t\u00e9rmico de alta resistencia reforzado con <strong>Toque<\/strong>, ideal para servir a alta velocidad caf\u00e9 caliente o t\u00e9 fr\u00edo.<\/p>\n\n\n\n<p><strong>Aislamiento superior las 24 horas:<\/strong> La avanzada tecnolog\u00eda de doble pared garantiza que tanto los alimentos como las bebidas se mantengan a temperaturas seguras durante largos eventos.<\/p>\n\n\n\n<p><strong>Acero de primera calidad para uso alimentario:<\/strong> Todos los componentes est\u00e1n fabricados en acero inoxidable de alta calidad para ofrecer la m\u00e1xima higiene, durabilidad y facilidad de limpieza.<\/p>\n\n\n\n<p><strong>Est\u00e9tica profesional:<\/strong> Proporciona un aspecto uniforme y pulido que mejora la presentaci\u00f3n de su marca en bodas, banquetes o mostradores de cafeter\u00edas.<\/p>\n\n\n\n<p><strong>Portabilidad resistente:<\/strong> Dise\u00f1ado con asas reforzadas y bases estables, construido para soportar los rigores del transporte frecuente y el uso comercial.<\/p>\n<\/div>\n\n\n\n<div class=\"wp-block-column is-layout-flow wp-block-column-is-layout-flow\">\n<figure class=\"wp-block-image size-full\"><img decoding=\"async\" width=\"2500\" height=\"2500\" src=\"https:\/\/www.lianmeithermos.com\/wp-content\/uploads\/2026\/01\/Catering-Insulated-Food-Container-Kit-Wholesale-1.webp\" alt=\"Kit de recipientes isot\u00e9rmicos para catering al por mayor\" class=\"wp-image-744\" srcset=\"https:\/\/www.lianmeithermos.com\/wp-content\/uploads\/2026\/01\/Catering-Insulated-Food-Container-Kit-Wholesale-1.webp 2500w, https:\/\/www.lianmeithermos.com\/wp-content\/uploads\/2026\/01\/Catering-Insulated-Food-Container-Kit-Wholesale-1-300x300.webp 300w, https:\/\/www.lianmeithermos.com\/wp-content\/uploads\/2026\/01\/Catering-Insulated-Food-Container-Kit-Wholesale-1-150x150.webp 150w, https:\/\/www.lianmeithermos.com\/wp-content\/uploads\/2026\/01\/Catering-Insulated-Food-Container-Kit-Wholesale-1-768x768.webp 768w, https:\/\/www.lianmeithermos.com\/wp-content\/uploads\/2026\/01\/Catering-Insulated-Food-Container-Kit-Wholesale-1-12x12.webp 12w, https:\/\/www.lianmeithermos.com\/wp-content\/uploads\/2026\/01\/Catering-Insulated-Food-Container-Kit-Wholesale-1-1200x1200.webp 1200w, https:\/\/www.lianmeithermos.com\/wp-content\/uploads\/2026\/01\/Catering-Insulated-Food-Container-Kit-Wholesale-1-600x600.webp 600w, https:\/\/www.lianmeithermos.com\/wp-content\/uploads\/2026\/01\/Catering-Insulated-Food-Container-Kit-Wholesale-1-100x100.webp 100w\" sizes=\"(max-width: 2500px) 100vw, 2500px\" \/><\/figure>\n<\/div>\n<\/div>\n<\/div>\n<\/div>","protected":false},"excerpt":{"rendered":"<p data-start=\"239\" data-end=\"539\">Lo \u00faltimo en kits de recipientes isot\u00e9rmicos para catering profesional al por mayor para servicios de gran volumen. Esta estaci\u00f3n de buffet todo en uno combina un barril de t\u00e9 con leche con un grifo, ollas t\u00e9rmicas de alta capacidad y accesorios de acero inoxidable para servir. Dise\u00f1ada para mantener la temperatura durante m\u00e1s de 24 horas, es la soluci\u00f3n profesional perfecta para restaurantes, hoteles y catering de eventos.<\/p>\n<h2>\u00a0<\/h2>\n<p>&nbsp;<\/p>","protected":false},"featured_media":743,"comment_status":"closed","ping_status":"closed","template":"","meta":{"_acf_changed":false},"product_brand":[],"product_cat":[20],"product_tag":[23],"class_list":{"0":"post-738","1":"product","2":"type-product","3":"status-publish","4":"has-post-thumbnail","6":"product_cat-wholesale-insulated-food-containers","7":"product_tag-family-kitchen","9":"first","10":"instock","11":"shipping-taxable","12":"product-type-simple"},"acf":[],"_links":{"self":[{"href":"https:\/\/www.lianmeithermos.com\/es\/wp-json\/wp\/v2\/product\/738","targetHints":{"allow":["GET"]}}],"collection":[{"href":"https:\/\/www.lianmeithermos.com\/es\/wp-json\/wp\/v2\/product"}],"about":[{"href":"https:\/\/www.lianmeithermos.com\/es\/wp-json\/wp\/v2\/types\/product"}],"replies":[{"embeddable":true,"href":"https:\/\/www.lianmeithermos.com\/es\/wp-json\/wp\/v2\/comments?post=738"}],"wp:featuredmedia":[{"embeddable":true,"href":"https:\/\/www.lianmeithermos.com\/es\/wp-json\/wp\/v2\/media\/743"}],"wp:attachment":[{"href":"https:\/\/www.lianmeithermos.com\/es\/wp-json\/wp\/v2\/media?parent=738"}],"wp:term":[{"taxonomy":"product_brand","embeddable":true,"href":"https:\/\/www.lianmeithermos.com\/es\/wp-json\/wp\/v2\/product_brand?post=738"},{"taxonomy":"product_cat","embeddable":true,"href":"https:\/\/www.lianmeithermos.com\/es\/wp-json\/wp\/v2\/product_cat?post=738"},{"taxonomy":"product_tag","embeddable":true,"href":"https:\/\/www.lianmeithermos.com\/es\/wp-json\/wp\/v2\/product_tag?post=738"}],"curies":[{"name":"wp","href":"https:\/\/api.w.org\/{rel}","templated":true}]}}