{"id":745,"date":"2026-01-30T08:17:37","date_gmt":"2026-01-30T08:17:37","guid":{"rendered":"https:\/\/www.lianmeithermos.com\/?post_type=product&#038;p=745"},"modified":"2026-01-30T08:22:23","modified_gmt":"2026-01-30T08:22:23","slug":"insulated-food-container-kit-in-bulk","status":"publish","type":"product","link":"https:\/\/www.lianmeithermos.com\/es\/producto\/insulated-food-container-kit-in-bulk\/","title":{"rendered":"Kit profesional de 5 recipientes isot\u00e9rmicos para alimentos a granel"},"content":{"rendered":"<h2 class=\"wp-block-heading\">Caracter\u00edsticas del kit de recipientes isot\u00e9rmicos para alimentos a granel <\/h2>\n\n\n\n<div class=\"wp-block-columns is-layout-flex wp-container-core-columns-is-layout-9d6595d7 wp-block-columns-is-layout-flex\">\n<div class=\"wp-block-column is-vertically-aligned-center is-layout-flow wp-block-column-is-layout-flow\">\n<div class=\"wp-block-columns is-layout-flex wp-container-core-columns-is-layout-9d6595d7 wp-block-columns-is-layout-flex\">\n<div class=\"wp-block-column is-vertically-aligned-top is-layout-flow wp-block-column-is-layout-flow\">\n<p><strong>Configuraci\u00f3n ampliada de 5 piezas:<\/strong> Ofrece una amplia gama de tama\u00f1os de recipientes para acomodar diversos elementos del men\u00fa en un kit profesional de recipientes isot\u00e9rmicos para alimentos.<\/p>\n\n\n\n<p><strong>Estaci\u00f3n de bebidas de alto caudal:<\/strong> Incluye un ca\u00f1\u00f3n t\u00e9rmico espec\u00edfico con <strong>Toque<\/strong>, lo que permite servir eficazmente sopas o bebidas junto a los recipientes de comida.<\/p>\n\n\n\n<p><strong>Aislamiento de calidad comercial:<\/strong> La avanzada tecnolog\u00eda de doble pared mantiene el calor o el fr\u00edo \u00f3ptimos durante m\u00e1s de 12 horas, lo que resulta perfecto para largos turnos de servicio y transporte.<\/p>\n\n\n\n<p><strong>Interior de acero inoxidable higi\u00e9nico:<\/strong> Cada unidad est\u00e1 fabricada con un revestimiento de acero inoxidable de primera calidad que es resistente al \u00f3xido, f\u00e1cil de limpiar y evita la contaminaci\u00f3n cruzada de sabores.<\/p>\n\n\n\n<p><strong>Durabilidad industrial:<\/strong> Construidas con una robusta carcasa exterior y asas de alta resistencia, dise\u00f1adas para soportar las exigencias diarias de una ajetreada cocina comercial.<\/p>\n\n\n\n<p><strong>Tapas herm\u00e9ticas en espiral:<\/strong> Dispone de tapas de cierre giratorio de calidad profesional que crean un sello a prueba de polvo y fugas para preservar la calidad y seguridad de los alimentos.<\/p>\n<\/div>\n\n\n\n<div class=\"wp-block-column is-layout-flow wp-block-column-is-layout-flow\">\n<figure class=\"wp-block-image size-full\"><img decoding=\"async\" width=\"2500\" height=\"2500\" src=\"https:\/\/www.lianmeithermos.com\/wp-content\/uploads\/2026\/01\/Insulated-Food-Container-Kit-in-Bulk.webp\" alt=\"Kit de recipientes isot\u00e9rmicos para alimentos a granel\" class=\"wp-image-739\" srcset=\"https:\/\/www.lianmeithermos.com\/wp-content\/uploads\/2026\/01\/Insulated-Food-Container-Kit-in-Bulk.webp 2500w, https:\/\/www.lianmeithermos.com\/wp-content\/uploads\/2026\/01\/Insulated-Food-Container-Kit-in-Bulk-300x300.webp 300w, https:\/\/www.lianmeithermos.com\/wp-content\/uploads\/2026\/01\/Insulated-Food-Container-Kit-in-Bulk-150x150.webp 150w, https:\/\/www.lianmeithermos.com\/wp-content\/uploads\/2026\/01\/Insulated-Food-Container-Kit-in-Bulk-768x768.webp 768w, https:\/\/www.lianmeithermos.com\/wp-content\/uploads\/2026\/01\/Insulated-Food-Container-Kit-in-Bulk-12x12.webp 12w, https:\/\/www.lianmeithermos.com\/wp-content\/uploads\/2026\/01\/Insulated-Food-Container-Kit-in-Bulk-1200x1200.webp 1200w, https:\/\/www.lianmeithermos.com\/wp-content\/uploads\/2026\/01\/Insulated-Food-Container-Kit-in-Bulk-600x600.webp 600w, https:\/\/www.lianmeithermos.com\/wp-content\/uploads\/2026\/01\/Insulated-Food-Container-Kit-in-Bulk-100x100.webp 100w\" sizes=\"(max-width: 2500px) 100vw, 2500px\" \/><\/figure>\n<\/div>\n<\/div>\n<\/div>\n<\/div>","protected":false},"excerpt":{"rendered":"<p data-start=\"239\" data-end=\"539\">Este kit profesional de recipientes isot\u00e9rmicos para alimentos a granel es lo \u00faltimo en estaciones de almacenamiento t\u00e9rmico de 5 piezas para catering de gran capacidad. Con revestimientos de acero inoxidable apto para uso alimentario y un barril de t\u00e9 con leche integrado con un grifo duradero, este kit garantiza que sus platos principales y bebidas se mantengan a temperaturas seguras para los alimentos durante m\u00e1s de 12 horas.<\/p>\n<h2>\u00a0<\/h2>\n<p>&nbsp;<\/p>","protected":false},"featured_media":739,"comment_status":"closed","ping_status":"closed","template":"","meta":{"_acf_changed":false},"product_brand":[],"product_cat":[20],"product_tag":[23],"class_list":{"0":"post-745","1":"product","2":"type-product","3":"status-publish","4":"has-post-thumbnail","6":"product_cat-wholesale-insulated-food-containers","7":"product_tag-family-kitchen","9":"first","10":"instock","11":"shipping-taxable","12":"product-type-simple"},"acf":[],"_links":{"self":[{"href":"https:\/\/www.lianmeithermos.com\/es\/wp-json\/wp\/v2\/product\/745","targetHints":{"allow":["GET"]}}],"collection":[{"href":"https:\/\/www.lianmeithermos.com\/es\/wp-json\/wp\/v2\/product"}],"about":[{"href":"https:\/\/www.lianmeithermos.com\/es\/wp-json\/wp\/v2\/types\/product"}],"replies":[{"embeddable":true,"href":"https:\/\/www.lianmeithermos.com\/es\/wp-json\/wp\/v2\/comments?post=745"}],"wp:featuredmedia":[{"embeddable":true,"href":"https:\/\/www.lianmeithermos.com\/es\/wp-json\/wp\/v2\/media\/739"}],"wp:attachment":[{"href":"https:\/\/www.lianmeithermos.com\/es\/wp-json\/wp\/v2\/media?parent=745"}],"wp:term":[{"taxonomy":"product_brand","embeddable":true,"href":"https:\/\/www.lianmeithermos.com\/es\/wp-json\/wp\/v2\/product_brand?post=745"},{"taxonomy":"product_cat","embeddable":true,"href":"https:\/\/www.lianmeithermos.com\/es\/wp-json\/wp\/v2\/product_cat?post=745"},{"taxonomy":"product_tag","embeddable":true,"href":"https:\/\/www.lianmeithermos.com\/es\/wp-json\/wp\/v2\/product_tag?post=745"}],"curies":[{"name":"wp","href":"https:\/\/api.w.org\/{rel}","templated":true}]}}