{"id":783,"date":"2026-03-20T09:54:19","date_gmt":"2026-03-20T09:54:19","guid":{"rendered":"https:\/\/www.lianmeithermos.com\/?post_type=product&#038;p=783"},"modified":"2026-04-05T02:16:35","modified_gmt":"2026-04-05T02:16:35","slug":"wholesale-juice-dispenser-for-catering","status":"publish","type":"product","link":"https:\/\/www.lianmeithermos.com\/es\/producto\/wholesale-juice-dispenser-for-catering\/","title":{"rendered":"Mayorista Dispensador de zumo para hosteler\u00eda"},"content":{"rendered":"<h2 class=\"wp-block-heading\">Caracter\u00edsticas del dispensador de zumo al por mayor<\/h2>\n\n\n\n<div class=\"wp-block-columns is-layout-flex wp-container-core-columns-is-layout-9d6595d7 wp-block-columns-is-layout-flex\">\n<div class=\"wp-block-column is-vertically-aligned-center is-layout-flow wp-block-column-is-layout-flow\">\n<div class=\"wp-block-columns is-layout-flex wp-container-core-columns-is-layout-9d6595d7 wp-block-columns-is-layout-flex\">\n<div class=\"wp-block-column is-vertically-aligned-top is-layout-flow wp-block-column-is-layout-flow\">\n<p><strong>Elegante dise\u00f1o con acabado de espejo:<\/strong> El sofisticado acabado pulido a\u00f1ade un toque premium a cualquier buf\u00e9 de hotel, banquete o boda, mejorando la experiencia gastron\u00f3mica general de sus invitados.<\/p>\n\n\n\n<p><strong>Gran capacidad con grifo antigoteo:<\/strong> Cuenta con un grifo dispensador de calidad profesional que evita fugas y derrames, garantizando un servicio eficiente y un desperdicio m\u00ednimo durante las horas punta.<\/p>\n\n\n\n<p><strong>Componentes desmontables para facilitar la limpieza:<\/strong> Dise\u00f1ado para un desmontaje r\u00e1pido, lo que permite una gesti\u00f3n exhaustiva de la higiene, un factor cr\u00edtico para el cumplimiento de la normativa en restaurantes y servicios alimentarios.<\/p>\n\n\n\n<p><strong>Base estable y construcci\u00f3n ergon\u00f3mica:<\/strong> Dise\u00f1ada con una base estable y resistente para evitar vuelcos, es ideal para eventos de catering muy concurridos y buffets profesionales.<\/p>\n\n\n\n<p><strong>Suministro al por mayor directo de f\u00e1brica:<\/strong> Como fabricante de confianza con 30 a\u00f1os de experiencia, Lianmei ofrece precios competitivos a granel y cadenas de suministro fiables para distribuidores y mayoristas mundiales.<\/p>\n<\/div>\n\n\n\n<div class=\"wp-block-column is-layout-flow wp-block-column-is-layout-flow\">\n<figure class=\"wp-block-image size-full\"><img decoding=\"async\" width=\"3274\" height=\"3274\" src=\"https:\/\/www.lianmeithermos.com\/wp-content\/uploads\/2026\/03\/Wholesale-Juice-Dispenser-for-Catering2.webp\" alt=\"Mayorista Dispensador de zumo para hosteler\u00eda2\" class=\"wp-image-785\" srcset=\"https:\/\/www.lianmeithermos.com\/wp-content\/uploads\/2026\/03\/Wholesale-Juice-Dispenser-for-Catering2.webp 3274w, https:\/\/www.lianmeithermos.com\/wp-content\/uploads\/2026\/03\/Wholesale-Juice-Dispenser-for-Catering2-300x300.webp 300w, https:\/\/www.lianmeithermos.com\/wp-content\/uploads\/2026\/03\/Wholesale-Juice-Dispenser-for-Catering2-150x150.webp 150w, https:\/\/www.lianmeithermos.com\/wp-content\/uploads\/2026\/03\/Wholesale-Juice-Dispenser-for-Catering2-768x768.webp 768w, https:\/\/www.lianmeithermos.com\/wp-content\/uploads\/2026\/03\/Wholesale-Juice-Dispenser-for-Catering2-12x12.webp 12w, https:\/\/www.lianmeithermos.com\/wp-content\/uploads\/2026\/03\/Wholesale-Juice-Dispenser-for-Catering2-1200x1200.webp 1200w, https:\/\/www.lianmeithermos.com\/wp-content\/uploads\/2026\/03\/Wholesale-Juice-Dispenser-for-Catering2-600x600.webp 600w, https:\/\/www.lianmeithermos.com\/wp-content\/uploads\/2026\/03\/Wholesale-Juice-Dispenser-for-Catering2-100x100.webp 100w\" sizes=\"(max-width: 3274px) 100vw, 3274px\" \/><\/figure>\n<\/div>\n<\/div>\n<\/div>\n<\/div>","protected":false},"excerpt":{"rendered":"<p data-start=\"452\" data-end=\"647\">Este dispensador de zumo al por mayor est\u00e1 dise\u00f1ado para buffets de hoteles de alta gama y servicios de restauraci\u00f3n comercial. Combina un sofisticado acabado de espejo con un rendimiento duradero para entornos de alto tr\u00e1fico.<\/p>\n<h2>Especificaciones del dispensador de zumo al por mayor<\/h2>\n<table data-path-to-node=\"3\">\n<thead>\n<tr>\n<td><strong>Especificaciones<\/strong><\/td>\n<td><strong>Opciones de color<\/strong><\/td>\n<td><strong>Dimensiones (cm)<\/strong><\/td>\n<td><strong>Configuraci\u00f3n<\/strong><\/td>\n<\/tr>\n<\/thead>\n<tbody>\n<tr>\n<td><span data-path-to-node=\"3,1,0,0\"><b data-path-to-node=\"3,1,0,0\" data-index-in-node=\"0\">8L<\/b><\/span><\/td>\n<td><span data-path-to-node=\"3,1,1,0\">Plata \/ Plata y Oro<\/span><\/td>\n<td><span data-path-to-node=\"3,1,2,0\">42 * 30 * 29<\/span><\/td>\n<td><span data-path-to-node=\"3,1,3,0\">Dep\u00f3sito \u00fanico<\/span><\/td>\n<\/tr>\n<tr>\n<td><span data-path-to-node=\"3,2,0,0\"><b data-path-to-node=\"3,2,0,0\" data-index-in-node=\"0\">8L + 8L<\/b><\/span><\/td>\n<td><span data-path-to-node=\"3,2,1,0\">Plata \/ Plata y Oro<\/span><\/td>\n<td><span data-path-to-node=\"3,2,2,0\">59 * 44 * 30<\/span><\/td>\n<td><span data-path-to-node=\"3,2,3,0\">Dep\u00f3sitos dobles<\/span><\/td>\n<\/tr>\n<tr>\n<td><span data-path-to-node=\"3,3,0,0\"><b data-path-to-node=\"3,3,0,0\" data-index-in-node=\"0\">8L + 8L + 8L<\/b><\/span><\/td>\n<td><span data-path-to-node=\"3,3,1,0\">Plata \/ Plata y Oro<\/span><\/td>\n<td><span data-path-to-node=\"3,3,2,0\">89 * 45 * 33<\/span><\/td>\n<td><span data-path-to-node=\"3,3,3,0\">Tanques triples<\/span><\/td>\n<\/tr>\n<\/tbody>\n<\/table>","protected":false},"featured_media":784,"comment_status":"closed","ping_status":"closed","template":"","meta":{"_acf_changed":false},"product_brand":[],"product_cat":[18],"product_tag":[25],"class_list":{"0":"post-783","1":"product","2":"type-product","3":"status-publish","4":"has-post-thumbnail","6":"product_cat-wholesale-milk-tea-buckets","7":"product_tag-restaurant","9":"first","10":"instock","11":"shipping-taxable","12":"product-type-simple"},"acf":[],"_links":{"self":[{"href":"https:\/\/www.lianmeithermos.com\/es\/wp-json\/wp\/v2\/product\/783","targetHints":{"allow":["GET"]}}],"collection":[{"href":"https:\/\/www.lianmeithermos.com\/es\/wp-json\/wp\/v2\/product"}],"about":[{"href":"https:\/\/www.lianmeithermos.com\/es\/wp-json\/wp\/v2\/types\/product"}],"replies":[{"embeddable":true,"href":"https:\/\/www.lianmeithermos.com\/es\/wp-json\/wp\/v2\/comments?post=783"}],"wp:featuredmedia":[{"embeddable":true,"href":"https:\/\/www.lianmeithermos.com\/es\/wp-json\/wp\/v2\/media\/784"}],"wp:attachment":[{"href":"https:\/\/www.lianmeithermos.com\/es\/wp-json\/wp\/v2\/media?parent=783"}],"wp:term":[{"taxonomy":"product_brand","embeddable":true,"href":"https:\/\/www.lianmeithermos.com\/es\/wp-json\/wp\/v2\/product_brand?post=783"},{"taxonomy":"product_cat","embeddable":true,"href":"https:\/\/www.lianmeithermos.com\/es\/wp-json\/wp\/v2\/product_cat?post=783"},{"taxonomy":"product_tag","embeddable":true,"href":"https:\/\/www.lianmeithermos.com\/es\/wp-json\/wp\/v2\/product_tag?post=783"}],"curies":[{"name":"wp","href":"https:\/\/api.w.org\/{rel}","templated":true}]}}