{"id":786,"date":"2026-03-21T01:58:18","date_gmt":"2026-03-21T01:58:18","guid":{"rendered":"https:\/\/www.lianmeithermos.com\/?post_type=product&#038;p=786"},"modified":"2026-03-21T02:14:43","modified_gmt":"2026-03-21T02:14:43","slug":"wholesale-stainless-steel-coffee-urn-for-hotel-catering","status":"publish","type":"product","link":"https:\/\/www.lianmeithermos.com\/es\/producto\/wholesale-stainless-steel-coffee-urn-for-hotel-catering\/","title":{"rendered":"Mayorista Urna de Caf\u00e9 de Acero Inoxidable para Hosteler\u00eda"},"content":{"rendered":"<h2 class=\"wp-block-heading\">Caracter\u00edsticas de la urna de caf\u00e9 de acero inoxidable al por mayor<\/h2>\n\n\n\n<div class=\"wp-block-columns is-layout-flex wp-container-core-columns-is-layout-9d6595d7 wp-block-columns-is-layout-flex\">\n<div class=\"wp-block-column is-vertically-aligned-center is-layout-flow wp-block-column-is-layout-flow\">\n<div class=\"wp-block-columns is-layout-flex wp-container-core-columns-is-layout-9d6595d7 wp-block-columns-is-layout-flex\">\n<div class=\"wp-block-column is-vertically-aligned-top is-layout-flow wp-block-column-is-layout-flow\">\n<p><strong>Elegante acabado pulido espejo:<\/strong> El sofisticado exterior de alto brillo proporciona una est\u00e9tica de primera calidad, perfecta para buffets de hoteles de lujo, bodas y banquetes profesionales.<\/p>\n\n\n\n<p><strong>Rendimiento t\u00e9rmico con calefacci\u00f3n de combustible:<\/strong> Dise\u00f1ada con una base de soporte de combustible espec\u00edfica para mantener el calor estable, lo que garantiza que el caf\u00e9 y las bebidas calientes se mantengan a la temperatura ideal para servir durante horas.<\/p>\n\n\n\n<p><strong>Grifo antigoteo profesional:<\/strong> Equipado con un grifo de alta calidad resistente al calor que garantiza un vertido suave y sin fugas, manteniendo su \u00e1rea de servicio limpia y eficiente.<\/p>\n\n\n\n<p><strong>Dise\u00f1o de pata estable y resistente:<\/strong> Dispone de una base de tr\u00edpode reforzada para ofrecer la m\u00e1xima estabilidad en mesas de buf\u00e9, proporcionando seguridad y fiabilidad en entornos de catering muy frecuentados.<\/p>\n\n\n\n<p><strong>Disponibilidad al por mayor a gran escala:<\/strong> Como fabricante l\u00edder, Lianmei ofrece precios competitivos a granel y un suministro constante a distribuidores y mayoristas de equipos de catering de todo el mundo.<\/p>\n<\/div>\n\n\n\n<div class=\"wp-block-column is-layout-flow wp-block-column-is-layout-flow\">\n<figure class=\"wp-block-image size-full\"><img decoding=\"async\" width=\"703\" height=\"703\" src=\"https:\/\/www.lianmeithermos.com\/wp-content\/uploads\/2026\/03\/Wholesale-Stainless-Steel-Coffee-Urn.webp\" alt=\"Mayorista Urna de caf\u00e9 de acero inoxidable\" class=\"wp-image-787\" srcset=\"https:\/\/www.lianmeithermos.com\/wp-content\/uploads\/2026\/03\/Wholesale-Stainless-Steel-Coffee-Urn.webp 703w, https:\/\/www.lianmeithermos.com\/wp-content\/uploads\/2026\/03\/Wholesale-Stainless-Steel-Coffee-Urn-300x300.webp 300w, https:\/\/www.lianmeithermos.com\/wp-content\/uploads\/2026\/03\/Wholesale-Stainless-Steel-Coffee-Urn-150x150.webp 150w, https:\/\/www.lianmeithermos.com\/wp-content\/uploads\/2026\/03\/Wholesale-Stainless-Steel-Coffee-Urn-12x12.webp 12w, https:\/\/www.lianmeithermos.com\/wp-content\/uploads\/2026\/03\/Wholesale-Stainless-Steel-Coffee-Urn-600x600.webp 600w, https:\/\/www.lianmeithermos.com\/wp-content\/uploads\/2026\/03\/Wholesale-Stainless-Steel-Coffee-Urn-100x100.webp 100w\" sizes=\"(max-width: 703px) 100vw, 703px\" \/><\/figure>\n<\/div>\n<\/div>\n<\/div>\n<\/div>","protected":false},"excerpt":{"rendered":"<p data-start=\"452\" data-end=\"647\">Nuestra cafetera de acero inoxidable al por mayor est\u00e1 dise\u00f1ada para buffets de hoteles y banquetes de alta gama. Cuenta con un acabado de espejo de alta resistencia y un dise\u00f1o de retenci\u00f3n de calor para garantizar un servicio \u00f3ptimo de bebidas en cualquier entorno de servicio de alimentos comerciales.<\/p>\n<p>&nbsp;<\/p>","protected":false},"featured_media":787,"comment_status":"closed","ping_status":"closed","template":"","meta":{"_acf_changed":false},"product_brand":[],"product_cat":[18],"product_tag":[25],"class_list":{"0":"post-786","1":"product","2":"type-product","3":"status-publish","4":"has-post-thumbnail","6":"product_cat-wholesale-milk-tea-buckets","7":"product_tag-restaurant","9":"first","10":"instock","11":"shipping-taxable","12":"product-type-simple"},"acf":[],"_links":{"self":[{"href":"https:\/\/www.lianmeithermos.com\/es\/wp-json\/wp\/v2\/product\/786","targetHints":{"allow":["GET"]}}],"collection":[{"href":"https:\/\/www.lianmeithermos.com\/es\/wp-json\/wp\/v2\/product"}],"about":[{"href":"https:\/\/www.lianmeithermos.com\/es\/wp-json\/wp\/v2\/types\/product"}],"replies":[{"embeddable":true,"href":"https:\/\/www.lianmeithermos.com\/es\/wp-json\/wp\/v2\/comments?post=786"}],"wp:featuredmedia":[{"embeddable":true,"href":"https:\/\/www.lianmeithermos.com\/es\/wp-json\/wp\/v2\/media\/787"}],"wp:attachment":[{"href":"https:\/\/www.lianmeithermos.com\/es\/wp-json\/wp\/v2\/media?parent=786"}],"wp:term":[{"taxonomy":"product_brand","embeddable":true,"href":"https:\/\/www.lianmeithermos.com\/es\/wp-json\/wp\/v2\/product_brand?post=786"},{"taxonomy":"product_cat","embeddable":true,"href":"https:\/\/www.lianmeithermos.com\/es\/wp-json\/wp\/v2\/product_cat?post=786"},{"taxonomy":"product_tag","embeddable":true,"href":"https:\/\/www.lianmeithermos.com\/es\/wp-json\/wp\/v2\/product_tag?post=786"}],"curies":[{"name":"wp","href":"https:\/\/api.w.org\/{rel}","templated":true}]}}