{"id":792,"date":"2026-03-21T03:27:45","date_gmt":"2026-03-21T03:27:45","guid":{"rendered":"https:\/\/www.lianmeithermos.com\/?post_type=product&#038;p=792"},"modified":"2026-04-02T01:37:04","modified_gmt":"2026-04-02T01:37:04","slug":"wholesale-commercial-water-boiler-stainless-steel-electric-water-heater","status":"publish","type":"product","link":"https:\/\/www.lianmeithermos.com\/es\/producto\/wholesale-commercial-water-boiler-stainless-steel-electric-water-heater\/","title":{"rendered":"Mayorista Calentador de Agua Comercial | Calentador de Agua El\u00e9ctrico de Acero Inoxidable"},"content":{"rendered":"<h2 class=\"wp-block-heading\">Caracter\u00edsticas del calentador de agua comercial al por mayor<\/h2>\n\n\n\n<div class=\"wp-block-columns is-layout-flex wp-container-core-columns-is-layout-9d6595d7 wp-block-columns-is-layout-flex\">\n<div class=\"wp-block-column is-vertically-aligned-center is-layout-flow wp-block-column-is-layout-flow\">\n<div class=\"wp-block-columns is-layout-flex wp-container-core-columns-is-layout-9d6595d7 wp-block-columns-is-layout-flex\">\n<div class=\"wp-block-column is-vertically-aligned-top is-layout-flow wp-block-column-is-layout-flow\">\n<p><strong>Calentamiento el\u00e9ctrico r\u00e1pido de alta capacidad:<\/strong> Equipado con una potente resistencia enchufable (hasta 2800W) para garantizar que grandes vol\u00famenes de agua o caldo alcancen r\u00e1pidamente el punto de ebullici\u00f3n, minimizando los tiempos de espera durante las horas punta de servicio.<\/p>\n\n\n\n<p><strong>Dise\u00f1o vers\u00e1til de doble uso (hervir y cocinar):<\/strong> Dise\u00f1ada para un uso profesional polivalente, la carcasa reforzada de alta resistencia es perfecta tanto para hervir agua r\u00e1pidamente como para cocer a fuego lento grandes cantidades de sopa, respondiendo as\u00ed a las diversas necesidades de las cocinas comerciales.<\/p>\n\n\n\n<p><strong>Amplia gama de especificaciones:<\/strong> Disponible en varios tama\u00f1os <strong>19L a 60L<\/strong> para adaptarse a cualquier operaci\u00f3n, desde peque\u00f1as cafeter\u00edas hasta eventos de catering de gran volumen. Elija la capacidad y potencia perfectas (1800 W-2800 W) para sus requisitos espec\u00edficos.<\/p>\n\n\n\n<p><strong>Construcci\u00f3n de acero inoxidable duradera y segura:<\/strong> Fabricado con un cuerpo de acero inoxidable apto para uso alimentario y robustas asas antiquemaduras. Caracter\u00edsticas <strong>Protecci\u00f3n contra el secado por ebullici\u00f3n<\/strong> con sensores de seguridad que cortan autom\u00e1ticamente la alimentaci\u00f3n cuando los niveles son bajos, garantizando un funcionamiento duradero y seguro.<\/p>\n\n\n\n<p><strong>Alto caudal profesional y f\u00e1cil limpieza:<\/strong> Dise\u00f1ado con un grifo antigoteo de gran caudal para una dispensaci\u00f3n r\u00e1pida y un dep\u00f3sito interior liso y de gran apertura que permite una limpieza y un mantenimiento higi\u00e9nico sin esfuerzo, algo esencial para el cumplimiento de las normas de los servicios alimentarios profesionales.<\/p>\n<\/div>\n\n\n\n<div class=\"wp-block-column is-layout-flow wp-block-column-is-layout-flow\">\n<figure class=\"wp-block-image size-full\"><img decoding=\"async\" width=\"705\" height=\"705\" src=\"https:\/\/www.lianmeithermos.com\/wp-content\/uploads\/2026\/03\/Wholesale-Commercial-Water-Boiler.webp\" alt=\"Mayorista Caldera de agua comercial\" class=\"wp-image-794\" srcset=\"https:\/\/www.lianmeithermos.com\/wp-content\/uploads\/2026\/03\/Wholesale-Commercial-Water-Boiler.webp 705w, https:\/\/www.lianmeithermos.com\/wp-content\/uploads\/2026\/03\/Wholesale-Commercial-Water-Boiler-300x300.webp 300w, https:\/\/www.lianmeithermos.com\/wp-content\/uploads\/2026\/03\/Wholesale-Commercial-Water-Boiler-150x150.webp 150w, https:\/\/www.lianmeithermos.com\/wp-content\/uploads\/2026\/03\/Wholesale-Commercial-Water-Boiler-12x12.webp 12w, https:\/\/www.lianmeithermos.com\/wp-content\/uploads\/2026\/03\/Wholesale-Commercial-Water-Boiler-600x600.webp 600w, https:\/\/www.lianmeithermos.com\/wp-content\/uploads\/2026\/03\/Wholesale-Commercial-Water-Boiler-100x100.webp 100w\" sizes=\"(max-width: 705px) 100vw, 705px\" \/><\/figure>\n<\/div>\n<\/div>\n<\/div>\n<\/div>","protected":false},"excerpt":{"rendered":"<p data-start=\"452\" data-end=\"647\">Nuestros hervidores de agua comerciales al por mayor est\u00e1n dise\u00f1ados para grandes vol\u00famenes de uso en hosteler\u00eda y restauraci\u00f3n. Ofrecen un calentamiento r\u00e1pido, una construcci\u00f3n duradera de acero inoxidable y un rendimiento fiable para el funcionamiento diario.<\/p>\n<h2>Especificaciones de la caldera de agua comercial al por mayor<\/h2>\n<table data-path-to-node=\"3\">\n<thead>\n<tr>\n<td><strong>Capacidad real<\/strong><\/td>\n<td><strong>Potencia<\/strong><\/td>\n<td><strong>Di\u00e1metro interior<\/strong><\/td>\n<td><strong>Altura interior<\/strong><\/td>\n<td><strong>Di\u00e1metro exterior<\/strong><\/td>\n<td><strong>Altura exterior<\/strong><\/td>\n<td><strong>Tipo de enchufe<\/strong><\/td>\n<\/tr>\n<\/thead>\n<tbody>\n<tr>\n<td><span data-path-to-node=\"3,1,0,0\"><b data-path-to-node=\"3,1,0,0\" data-index-in-node=\"0\">19L<\/b><\/span><\/td>\n<td><span data-path-to-node=\"3,1,1,0\">1800W<\/span><\/td>\n<td><span data-path-to-node=\"3,1,2,0\">30 cm<\/span><\/td>\n<td><span data-path-to-node=\"3,1,3,0\">29 cm<\/span><\/td>\n<td><span data-path-to-node=\"3,1,4,0\">32,5 cm<\/span><\/td>\n<td><span data-path-to-node=\"3,1,5,0\">40 cm<\/span><\/td>\n<td><span data-path-to-node=\"3,1,6,0\">10A<\/span><\/td>\n<\/tr>\n<tr>\n<td><span data-path-to-node=\"3,2,0,0\"><b data-path-to-node=\"3,2,0,0\" data-index-in-node=\"0\">26L<\/b><\/span><\/td>\n<td><span data-path-to-node=\"3,2,1,0\">1800W<\/span><\/td>\n<td><span data-path-to-node=\"3,2,2,0\">30 cm<\/span><\/td>\n<td><span data-path-to-node=\"3,2,3,0\">38 cm<\/span><\/td>\n<td><span data-path-to-node=\"3,2,4,0\">32,5 cm<\/span><\/td>\n<td><span data-path-to-node=\"3,2,5,0\">49 cm<\/span><\/td>\n<td><span data-path-to-node=\"3,2,6,0\">10A<\/span><\/td>\n<\/tr>\n<tr>\n<td><span data-path-to-node=\"3,3,0,0\"><b data-path-to-node=\"3,3,0,0\" data-index-in-node=\"0\">41L<\/b><\/span><\/td>\n<td><span data-path-to-node=\"3,3,1,0\">2800W<\/span><\/td>\n<td><span data-path-to-node=\"3,3,2,0\">35 cm<\/span><\/td>\n<td><span data-path-to-node=\"3,3,3,0\">43 cm<\/span><\/td>\n<td><span data-path-to-node=\"3,3,4,0\">37,5 cm<\/span><\/td>\n<td><span data-path-to-node=\"3,3,5,0\">53 cm<\/span><\/td>\n<td><span data-path-to-node=\"3,3,6,0\">10A<\/span><\/td>\n<\/tr>\n<tr>\n<td><span data-path-to-node=\"3,4,0,0\"><b data-path-to-node=\"3,4,0,0\" data-index-in-node=\"0\">54L<\/b><\/span><\/td>\n<td><span data-path-to-node=\"3,4,1,0\">2800W<\/span><\/td>\n<td><span data-path-to-node=\"3,4,2,0\">40 cm<\/span><\/td>\n<td><span data-path-to-node=\"3,4,3,0\">44 cm<\/span><\/td>\n<td><span data-path-to-node=\"3,4,4,0\">42,5 cm<\/span><\/td>\n<td><span data-path-to-node=\"3,4,5,0\">53 cm<\/span><\/td>\n<td><span data-path-to-node=\"3,4,6,0\">10A<\/span><\/td>\n<\/tr>\n<tr>\n<td><span data-path-to-node=\"3,5,0,0\"><b data-path-to-node=\"3,5,0,0\" data-index-in-node=\"0\">60L<\/b><\/span><\/td>\n<td><span data-path-to-node=\"3,5,1,0\">2800W<\/span><\/td>\n<td><span data-path-to-node=\"3,5,2,0\">40 cm<\/span><\/td>\n<td><span data-path-to-node=\"3,5,3,0\">48 cm<\/span><\/td>\n<td><span data-path-to-node=\"3,5,4,0\">42,5 cm<\/span><\/td>\n<td><span data-path-to-node=\"3,5,5,0\">58 cm<\/span><\/td>\n<td><span data-path-to-node=\"3,5,6,0\">10A<\/span><\/td>\n<\/tr>\n<\/tbody>\n<\/table>","protected":false},"featured_media":794,"comment_status":"closed","ping_status":"closed","template":"","meta":{"_acf_changed":false},"product_brand":[],"product_cat":[28],"product_tag":[25],"class_list":{"0":"post-792","1":"product","2":"type-product","3":"status-publish","4":"has-post-thumbnail","6":"product_cat-wholesale-commercial-water-boilers","7":"product_tag-restaurant","9":"first","10":"instock","11":"shipping-taxable","12":"product-type-simple"},"acf":[],"_links":{"self":[{"href":"https:\/\/www.lianmeithermos.com\/es\/wp-json\/wp\/v2\/product\/792","targetHints":{"allow":["GET"]}}],"collection":[{"href":"https:\/\/www.lianmeithermos.com\/es\/wp-json\/wp\/v2\/product"}],"about":[{"href":"https:\/\/www.lianmeithermos.com\/es\/wp-json\/wp\/v2\/types\/product"}],"replies":[{"embeddable":true,"href":"https:\/\/www.lianmeithermos.com\/es\/wp-json\/wp\/v2\/comments?post=792"}],"wp:featuredmedia":[{"embeddable":true,"href":"https:\/\/www.lianmeithermos.com\/es\/wp-json\/wp\/v2\/media\/794"}],"wp:attachment":[{"href":"https:\/\/www.lianmeithermos.com\/es\/wp-json\/wp\/v2\/media?parent=792"}],"wp:term":[{"taxonomy":"product_brand","embeddable":true,"href":"https:\/\/www.lianmeithermos.com\/es\/wp-json\/wp\/v2\/product_brand?post=792"},{"taxonomy":"product_cat","embeddable":true,"href":"https:\/\/www.lianmeithermos.com\/es\/wp-json\/wp\/v2\/product_cat?post=792"},{"taxonomy":"product_tag","embeddable":true,"href":"https:\/\/www.lianmeithermos.com\/es\/wp-json\/wp\/v2\/product_tag?post=792"}],"curies":[{"name":"wp","href":"https:\/\/api.w.org\/{rel}","templated":true}]}}