{"id":795,"date":"2026-03-21T03:42:20","date_gmt":"2026-03-21T03:42:20","guid":{"rendered":"https:\/\/www.lianmeithermos.com\/?post_type=product&#038;p=795"},"modified":"2026-04-04T08:53:36","modified_gmt":"2026-04-04T08:53:36","slug":"wholesale-stainless-steel-gn-pan-with-lid","status":"publish","type":"product","link":"https:\/\/www.lianmeithermos.com\/es\/producto\/wholesale-stainless-steel-gn-pan-with-lid\/","title":{"rendered":"Mayorista Sart\u00e9n GN de Acero Inoxidable con Tapa"},"content":{"rendered":"<h2 class=\"wp-block-heading\">Caracter\u00edsticas de la sart\u00e9n GN de acero inoxidable con tapa para mayoristas<\/h2>\n\n\n\n<div class=\"wp-block-columns is-layout-flex wp-container-core-columns-is-layout-9d6595d7 wp-block-columns-is-layout-flex\">\n<div class=\"wp-block-column is-vertically-aligned-center is-layout-flow wp-block-column-is-layout-flow\">\n<div class=\"wp-block-columns is-layout-flex wp-container-core-columns-is-layout-9d6595d7 wp-block-columns-is-layout-flex\">\n<div class=\"wp-block-column is-vertically-aligned-top is-layout-flow wp-block-column-is-layout-flow\">\n<p><strong>Dimensionamiento GN est\u00e1ndar internacional:<\/strong> Fabricados con precisi\u00f3n seg\u00fan las normas internacionales de tama\u00f1o GN (Gastronorm) para una total compatibilidad con los equipos de cocinas comerciales y estaciones de calentamiento de alimentos de todo el mundo.<\/p>\n\n\n\n<p><strong>Acero inoxidable de calidad alimentaria:<\/strong> Fabricado en acero inoxidable duradero de alta calidad para una manipulaci\u00f3n segura y no reactiva de los alimentos, una resistencia superior a la corrosi\u00f3n y un uso comercial duradero.<\/p>\n\n\n\n<p><strong>Incluye tapa de seguridad:<\/strong> Incorpora una tapa de acero inoxidable a juego con asa integrada para proteger los alimentos de la contaminaci\u00f3n, reducir la p\u00e9rdida de temperatura y facilitar un transporte seguro y a prueba de derrames.<\/p>\n\n\n\n<p><strong>Esquinas y bordes lisos y redondeados:<\/strong> Dise\u00f1ado con esquinas perfectamente redondeadas para evitar que los alimentos queden atrapados, lo que garantiza una limpieza sin esfuerzo y un estricto cumplimiento profesional de la seguridad alimentaria.<\/p>\n\n\n\n<p><strong>Nido antiatascos para almacenamiento:<\/strong> Tanto la bandeja como la tapa est\u00e1n dise\u00f1adas para encajarlas y apilarlas de forma eficiente cuando no se utilizan, optimizando as\u00ed el valioso espacio de almacenamiento en las cocinas profesionales.<\/p>\n<\/div>\n\n\n\n<div class=\"wp-block-column is-layout-flow wp-block-column-is-layout-flow\">\n<figure class=\"wp-block-image size-full\"><img decoding=\"async\" width=\"704\" height=\"704\" src=\"https:\/\/www.lianmeithermos.com\/wp-content\/uploads\/2026\/03\/Wholesale-Stainless-Steel-GN-Pan-with-Lid.webp\" alt=\"Mayorista Sart\u00e9n GN de Acero Inoxidable con Tapa\" class=\"wp-image-799\" srcset=\"https:\/\/www.lianmeithermos.com\/wp-content\/uploads\/2026\/03\/Wholesale-Stainless-Steel-GN-Pan-with-Lid.webp 704w, https:\/\/www.lianmeithermos.com\/wp-content\/uploads\/2026\/03\/Wholesale-Stainless-Steel-GN-Pan-with-Lid-300x300.webp 300w, https:\/\/www.lianmeithermos.com\/wp-content\/uploads\/2026\/03\/Wholesale-Stainless-Steel-GN-Pan-with-Lid-150x150.webp 150w, https:\/\/www.lianmeithermos.com\/wp-content\/uploads\/2026\/03\/Wholesale-Stainless-Steel-GN-Pan-with-Lid-12x12.webp 12w, https:\/\/www.lianmeithermos.com\/wp-content\/uploads\/2026\/03\/Wholesale-Stainless-Steel-GN-Pan-with-Lid-600x600.webp 600w, https:\/\/www.lianmeithermos.com\/wp-content\/uploads\/2026\/03\/Wholesale-Stainless-Steel-GN-Pan-with-Lid-100x100.webp 100w\" sizes=\"(max-width: 704px) 100vw, 704px\" \/><\/figure>\n<\/div>\n<\/div>\n<\/div>\n<\/div>","protected":false},"excerpt":{"rendered":"<p data-start=\"452\" data-end=\"647\">Nuestra cacerola gn de acero inoxidable al por mayor con tapa para el almacenamiento y servicio comercial de alimentos. El tama\u00f1o GN est\u00e1ndar garantiza la compatibilidad con buffets, mesas de vapor y refrigeraci\u00f3n, con una tapa segura para una manipulaci\u00f3n e higiene seguras.<\/p>\n<h2 data-start=\"452\" data-end=\"647\">Especificaciones de la sart\u00e9n y la tapa GN<\/h2>\n<table>\n<thead>\n<tr>\n<th>Tipo<\/th>\n<th>Talla<\/th>\n<th>Tama\u00f1o exterior (cm)<\/th>\n<th>Espesor<\/th>\n<th>Profundidad (cm)<\/th>\n<\/tr>\n<\/thead>\n<tbody>\n<tr>\n<td>Pan<\/td>\n<td>1\/1 Sart\u00e9n<\/td>\n<td>53.0 \u00d7 32.5<\/td>\n<td>0.7<\/td>\n<td>20<\/td>\n<\/tr>\n<tr>\n<td>Pan<\/td>\n<td>1\/1 Sart\u00e9n<\/td>\n<td>53.0 \u00d7 32.5<\/td>\n<td>0.7<\/td>\n<td>15<\/td>\n<\/tr>\n<tr>\n<td>Pan<\/td>\n<td>1\/1 Sart\u00e9n<\/td>\n<td>53.0 \u00d7 32.5<\/td>\n<td>0.7<\/td>\n<td>10<\/td>\n<\/tr>\n<tr>\n<td>Pan<\/td>\n<td>1\/1 Sart\u00e9n<\/td>\n<td>53.0 \u00d7 32.5<\/td>\n<td>0.7<\/td>\n<td>6.5<\/td>\n<\/tr>\n<tr>\n<td>Pan<\/td>\n<td>1\/1 Sart\u00e9n<\/td>\n<td>53.0 \u00d7 32.5<\/td>\n<td>0.7B<\/td>\n<td>15<\/td>\n<\/tr>\n<tr>\n<td>Pan<\/td>\n<td>1\/1 Sart\u00e9n<\/td>\n<td>53.0 \u00d7 32.5<\/td>\n<td>0.7B<\/td>\n<td>10<\/td>\n<\/tr>\n<tr>\n<td>Pan<\/td>\n<td>1\/1 Sart\u00e9n<\/td>\n<td>53.0 \u00d7 32.5<\/td>\n<td>0.7B<\/td>\n<td>6.5<\/td>\n<\/tr>\n<tr>\n<td>Pan<\/td>\n<td>1\/2 Cacerola<\/td>\n<td>32.5 \u00d7 26.5<\/td>\n<td>0.7B<\/td>\n<td>15<\/td>\n<\/tr>\n<tr>\n<td>Pan<\/td>\n<td>1\/1 Sart\u00e9n<\/td>\n<td>53.0 \u00d7 32.5<\/td>\n<td>1.0<\/td>\n<td>15<\/td>\n<\/tr>\n<tr>\n<td>Pan<\/td>\n<td>1\/1 Sart\u00e9n<\/td>\n<td>53.0 \u00d7 32.5<\/td>\n<td>1.0<\/td>\n<td>10<\/td>\n<\/tr>\n<tr>\n<td>Pan<\/td>\n<td>1\/1 Sart\u00e9n<\/td>\n<td>53.0 \u00d7 32.5<\/td>\n<td>1.0<\/td>\n<td>6.5<\/td>\n<\/tr>\n<tr>\n<td>Pan<\/td>\n<td>1\/2 Cacerola<\/td>\n<td>32.5 \u00d7 26.5<\/td>\n<td>1.0<\/td>\n<td>15<\/td>\n<\/tr>\n<tr>\n<td>Tapa<\/td>\n<td>1\/1 Tapa<\/td>\n<td>\u2014<\/td>\n<td>07<\/td>\n<td>\u2014<\/td>\n<\/tr>\n<tr>\n<td>Tapa<\/td>\n<td>1\/2 tapa<\/td>\n<td>\u2014<\/td>\n<td>07<\/td>\n<td>\u2014<\/td>\n<\/tr>\n<tr>\n<td>Tapa<\/td>\n<td>1\/3 Tapa<\/td>\n<td>\u2014<\/td>\n<td>07<\/td>\n<td>\u2014<\/td>\n<\/tr>\n<tr>\n<td>Tapa<\/td>\n<td>1\/4 Tapa<\/td>\n<td>\u2014<\/td>\n<td>07<\/td>\n<td>\u2014<\/td>\n<\/tr>\n<tr>\n<td>Tapa<\/td>\n<td>1\/6 Tapa<\/td>\n<td>\u2014<\/td>\n<td>05<\/td>\n<td>\u2014<\/td>\n<\/tr>\n<tr>\n<td>Tapa<\/td>\n<td>1\/9 Tapa<\/td>\n<td>\u2014<\/td>\n<td>05<\/td>\n<td>\u2014<\/td>\n<\/tr>\n<\/tbody>\n<\/table>","protected":false},"featured_media":799,"comment_status":"closed","ping_status":"closed","template":"","meta":{"_acf_changed":false},"product_brand":[],"product_cat":[27],"product_tag":[25],"class_list":{"0":"post-795","1":"product","2":"type-product","3":"status-publish","4":"has-post-thumbnail","6":"product_cat-wholesale-gastronorm-pans-trays","7":"product_tag-restaurant","9":"first","10":"instock","11":"shipping-taxable","12":"product-type-simple"},"acf":[],"_links":{"self":[{"href":"https:\/\/www.lianmeithermos.com\/es\/wp-json\/wp\/v2\/product\/795","targetHints":{"allow":["GET"]}}],"collection":[{"href":"https:\/\/www.lianmeithermos.com\/es\/wp-json\/wp\/v2\/product"}],"about":[{"href":"https:\/\/www.lianmeithermos.com\/es\/wp-json\/wp\/v2\/types\/product"}],"replies":[{"embeddable":true,"href":"https:\/\/www.lianmeithermos.com\/es\/wp-json\/wp\/v2\/comments?post=795"}],"wp:featuredmedia":[{"embeddable":true,"href":"https:\/\/www.lianmeithermos.com\/es\/wp-json\/wp\/v2\/media\/799"}],"wp:attachment":[{"href":"https:\/\/www.lianmeithermos.com\/es\/wp-json\/wp\/v2\/media?parent=795"}],"wp:term":[{"taxonomy":"product_brand","embeddable":true,"href":"https:\/\/www.lianmeithermos.com\/es\/wp-json\/wp\/v2\/product_brand?post=795"},{"taxonomy":"product_cat","embeddable":true,"href":"https:\/\/www.lianmeithermos.com\/es\/wp-json\/wp\/v2\/product_cat?post=795"},{"taxonomy":"product_tag","embeddable":true,"href":"https:\/\/www.lianmeithermos.com\/es\/wp-json\/wp\/v2\/product_tag?post=795"}],"curies":[{"name":"wp","href":"https:\/\/api.w.org\/{rel}","templated":true}]}}